{"id":2731,"date":"2016-02-07T19:53:03","date_gmt":"2016-02-07T19:53:03","guid":{"rendered":"http:\/\/blogsaverroes.juntadeandalucia.es\/ceiphermanosarellano\/?page_id=2731"},"modified":"2022-03-08T20:10:43","modified_gmt":"2022-03-08T20:10:43","slug":"plan-de-igualdad","status":"publish","type":"page","link":"https:\/\/blogsaverroes.juntadeandalucia.es\/ceiphermanosarellano\/planes-y-proyectos\/plan-de-igualdad\/plan-de-igualdad\/","title":{"rendered":"Plan de Igualdad"},"content":{"rendered":"<ol>\n<li><strong><a href=\"http:\/\/blogsaverroes.juntadeandalucia.es\/ceiphermanosarellano\/justificacion\/\" target=\"_blank\" rel=\"noopener noreferrer\">JUSTIFICACI\u00d3N.<\/a><\/strong><\/li>\n<li><strong><a href=\"http:\/\/blogsaverroes.juntadeandalucia.es\/ceiphermanosarellano\/objetivos-del-plan-de-igualdad\/\">OBJETIVOS.<\/a><\/strong><\/li>\n<li><strong><a href=\"http:\/\/blogsaverroes.juntadeandalucia.es\/ceiphermanosarellano\/principios-de-actuacion-del-plan-de-igualdad\/\">PRINCIPIOS DE ACTUACI\u00d3N<\/a>.<\/strong><\/li>\n<li><strong><a href=\"http:\/\/blogsaverroes.juntadeandalucia.es\/ceiphermanosarellano\/plan-de-igualdad\/competencias-clave-en-el-plan-de-igualdad\/\">COMPETENCIAS CLAVE.<\/a><\/strong><\/li>\n<li><strong><a href=\"http:\/\/blogsaverroes.juntadeandalucia.es\/ceiphermanosarellano\/plan-de-igualdad\/contenidos-del-plan-de-igualdad-2\/\" target=\"_blank\" rel=\"noopener noreferrer\">CONTENIDOS.<\/a><\/strong><\/li>\n<li><strong><a href=\"http:\/\/blogsaverroes.juntadeandalucia.es\/ceiphermanosarellano\/plan-de-igualdad\/metodologia-del-plan-de-igualdad-2\/\" target=\"_blank\" rel=\"noopener noreferrer\">METODOLOG\u00cdA.<\/a><\/strong><\/li>\n<li><strong><a href=\"http:\/\/blogsaverroes.juntadeandalucia.es\/ceiphermanosarellano\/plan-de-igualdad\/actividades-en-el-centro-del-plan-de-igualdad\/\">ACTIVIDADES EN EL CENTRO<\/a>.<\/strong><\/li>\n<li><strong><a href=\"http:\/\/blogsaverroes.juntadeandalucia.es\/ceiphermanosarellano\/plan-de-igualdad\/evaluacion-del-plan-de-igualdad\/\" target=\"_blank\" rel=\"noopener noreferrer\">&nbsp;EVALUACI\u00d3N.<\/a><\/strong><\/li>\n<li><strong><a href=\"http:\/\/blogsaverroes.juntadeandalucia.es\/ceiphermanosarellano\/curso-escolar\/plan-de-igualdad\/conclusiones-del-plan-de-igualdad\/\" target=\"_blank\" rel=\"noopener noreferrer\">&nbsp;CONCLUSI\u00d3N.<\/a><\/strong><\/li>\n<li><strong><a href=\"http:\/\/blogsaverroes.juntadeandalucia.es\/ceiphermanosarellano\/curso-escolar\/plan-de-igualdad\/propuestas-de-mejora-del-plan-de-igualdad\/\" target=\"_blank\" rel=\"noopener noreferrer\">PROPUESTAS DE MEJORA.<\/a><\/strong><\/li>\n<\/ol>\n","protected":false},"excerpt":{"rendered":"<p>JUSTIFICACI\u00d3N. OBJETIVOS. PRINCIPIOS DE ACTUACI\u00d3N. COMPETENCIAS CLAVE. CONTENIDOS. METODOLOG\u00cdA. ACTIVIDADES EN EL CENTRO. &nbsp;EVALUACI\u00d3N. &nbsp;CONCLUSI\u00d3N. PROPUESTAS DE MEJORA.<\/p>\n","protected":false},"author":2295,"featured_media":0,"parent":5370,"menu_order":0,"comment_status":"open","ping_status":"open","template":"","meta":{"ngg_post_thumbnail":0,"footnotes":"","_mc_calendar":[]},"aioseo_notices":[],"_links":{"self":[{"href":"https:\/\/blogsaverroes.juntadeandalucia.es\/ceiphermanosarellano\/wp-json\/wp\/v2\/pages\/2731"}],"collection":[{"href":"https:\/\/blogsaverroes.juntadeandalucia.es\/ceiphermanosarellano\/wp-json\/wp\/v2\/pages"}],"about":[{"href":"https:\/\/blogsaverroes.juntadeandalucia.es\/ceiphermanosarellano\/wp-json\/wp\/v2\/types\/page"}],"author":[{"embeddable":true,"href":"https:\/\/blogsaverroes.juntadeandalucia.es\/ceiphermanosarellano\/wp-json\/wp\/v2\/users\/2295"}],"replies":[{"embeddable":true,"href":"https:\/\/blogsaverroes.juntadeandalucia.es\/ceiphermanosarellano\/wp-json\/wp\/v2\/comments?post=2731"}],"version-history":[{"count":12,"href":"https:\/\/blogsaverroes.juntadeandalucia.es\/ceiphermanosarellano\/wp-json\/wp\/v2\/pages\/2731\/revisions"}],"predecessor-version":[{"id":5386,"href":"https:\/\/blogsaverroes.juntadeandalucia.es\/ceiphermanosarellano\/wp-json\/wp\/v2\/pages\/2731\/revisions\/5386"}],"up":[{"embeddable":true,"href":"https:\/\/blogsaverroes.juntadeandalucia.es\/ceiphermanosarellano\/wp-json\/wp\/v2\/pages\/5370"}],"wp:attachment":[{"href":"https:\/\/blogsaverroes.juntadeandalucia.es\/ceiphermanosarellano\/wp-json\/wp\/v2\/media?parent=2731"}],"curies":[{"name":"wp","href":"https:\/\/api.w.org\/{rel}","templated":true}]}}