{"id":2978,"date":"2016-02-10T18:48:48","date_gmt":"2016-02-10T18:48:48","guid":{"rendered":"http:\/\/blogsaverroes.juntadeandalucia.es\/ceiphermanosarellano\/?page_id=2978"},"modified":"2016-02-12T19:38:15","modified_gmt":"2016-02-12T19:38:15","slug":"familias-lectoras","status":"publish","type":"page","link":"https:\/\/blogsaverroes.juntadeandalucia.es\/ceiphermanosarellano\/planes-y-proyectos\/familias-lectoras\/","title":{"rendered":"Familias Lectoras"},"content":{"rendered":"<ul>\n<li>\n<h2><a href=\"http:\/\/blogsaverroes.juntadeandalucia.es\/ceiphermanosarellano\/2016\/02\/12\/la-mochila-viajera\/\">La mochila viajera.<\/a><\/h2>\n<\/li>\n<li>\n<h2><a href=\"http:\/\/blogsaverroes.juntadeandalucia.es\/ceiphermanosarellano\/2016\/02\/12\/recomendaciones-a-las-familias-lectoras\/\">Recomendaciones a las familias lectoras.<\/a><\/h2>\n<\/li>\n<li>\n<h2>Materiales de las mochilas:<\/h2>\n<ul>\n<li>Infantil 3 a\u00f1os.<\/li>\n<li>Infantil 4 a\u00f1os.<\/li>\n<li>Infantil 5 a\u00f1os.<\/li>\n<li>Primero Educaci\u00f3n Primaria.<\/li>\n<li>Segundo Educaci\u00f3n Primaria.<\/li>\n<li>Tercero de Educaci\u00f3n Primaria.<\/li>\n<li>Cuarto de Educaci\u00f3n Primaria.<\/li>\n<li>Quinto de Educaci\u00f3n Primaria.<\/li>\n<li>Sexto de Educaci\u00f3n Primaria.<\/li>\n<\/ul>\n<\/li>\n<\/ul>\n","protected":false},"excerpt":{"rendered":"<p>La mochila viajera. Recomendaciones a las familias lectoras. Materiales de las mochilas: Infantil 3 a\u00f1os. Infantil 4 a\u00f1os. Infantil 5 a\u00f1os. Primero Educaci\u00f3n Primaria. Segundo Educaci\u00f3n Primaria. Tercero de Educaci\u00f3n Primaria. Cuarto de Educaci\u00f3n&#46;&#46;&#46;<\/p>\n","protected":false},"author":2295,"featured_media":0,"parent":44,"menu_order":0,"comment_status":"open","ping_status":"open","template":"","meta":{"ngg_post_thumbnail":0,"footnotes":"","_mc_calendar":[]},"aioseo_notices":[],"_links":{"self":[{"href":"https:\/\/blogsaverroes.juntadeandalucia.es\/ceiphermanosarellano\/wp-json\/wp\/v2\/pages\/2978"}],"collection":[{"href":"https:\/\/blogsaverroes.juntadeandalucia.es\/ceiphermanosarellano\/wp-json\/wp\/v2\/pages"}],"about":[{"href":"https:\/\/blogsaverroes.juntadeandalucia.es\/ceiphermanosarellano\/wp-json\/wp\/v2\/types\/page"}],"author":[{"embeddable":true,"href":"https:\/\/blogsaverroes.juntadeandalucia.es\/ceiphermanosarellano\/wp-json\/wp\/v2\/users\/2295"}],"replies":[{"embeddable":true,"href":"https:\/\/blogsaverroes.juntadeandalucia.es\/ceiphermanosarellano\/wp-json\/wp\/v2\/comments?post=2978"}],"version-history":[{"count":7,"href":"https:\/\/blogsaverroes.juntadeandalucia.es\/ceiphermanosarellano\/wp-json\/wp\/v2\/pages\/2978\/revisions"}],"predecessor-version":[{"id":3011,"href":"https:\/\/blogsaverroes.juntadeandalucia.es\/ceiphermanosarellano\/wp-json\/wp\/v2\/pages\/2978\/revisions\/3011"}],"up":[{"embeddable":true,"href":"https:\/\/blogsaverroes.juntadeandalucia.es\/ceiphermanosarellano\/wp-json\/wp\/v2\/pages\/44"}],"wp:attachment":[{"href":"https:\/\/blogsaverroes.juntadeandalucia.es\/ceiphermanosarellano\/wp-json\/wp\/v2\/media?parent=2978"}],"curies":[{"name":"wp","href":"https:\/\/api.w.org\/{rel}","templated":true}]}}