{"id":330,"date":"2015-03-18T07:11:43","date_gmt":"2015-03-18T07:11:43","guid":{"rendered":"http:\/\/blogsaverroes.juntadeandalucia.es\/pre\/ceip\/?page_id=330"},"modified":"2016-02-19T19:45:49","modified_gmt":"2016-02-19T19:45:49","slug":"bibliop","status":"publish","type":"page","link":"https:\/\/blogsaverroes.juntadeandalucia.es\/ceiphermanosarellano\/bibliop\/","title":{"rendered":"Cat\u00e1logo"},"content":{"rendered":"<p><img loading=\"lazy\" decoding=\"async\" class=\"  wp-image-551 alignright\" src=\"http:\/\/blogsaverroes.juntadeandalucia.es\/ceiphermanosarellano\/files\/2014\/12\/libros1-300x246.png\" alt=\"libros1\" width=\"207\" height=\"170\" srcset=\"https:\/\/blogsaverroes.juntadeandalucia.es\/ceiphermanosarellano\/files\/2014\/12\/libros1-300x246.png 300w, https:\/\/blogsaverroes.juntadeandalucia.es\/ceiphermanosarellano\/files\/2014\/12\/libros1-332x272.png 332w, https:\/\/blogsaverroes.juntadeandalucia.es\/ceiphermanosarellano\/files\/2014\/12\/libros1.png 640w\" sizes=\"(max-width: 207px) 100vw, 207px\" \/>\u00a0Os Invitamos \u00a0a que nos aport\u00e9is ideas, opiniones y sugerencias para mejorar nuestro cat\u00e1logo. \u00a1A leer!<\/p>\n<h1><\/h1>\n<h1><\/h1>\n<h1><\/h1>\n<h1>Libros del segundo ciclo<\/h1>\n<p>Hemos colgado las \u00faltimas adquisiciones de nuestro cat\u00e1logo para el segundo ciclo en Goodreads y en aNobii. Vis\u00edtanos y opina sobre tu lectura.<\/p>\n<h1><\/h1>\n<p><span style=\"color: #382110\">Libros del segundo ciclo en\u00a0<\/span><a title=\"Biblioteca Hermanos's book recommendations, liked quotes, book clubs, book trivia, book lists (libros-del-segundo-ciclo shelf)\" href=\"https:\/\/www.goodreads.com\/review\/list\/52744891?shelf=libros-del-segundo-ciclo\" target=\"_blank\"><img decoding=\"async\" src=\"https:\/\/www.goodreads.com\/images\/badge\/badge1.jpg\" alt=\"Biblioteca Hermanos's book recommendations, liked quotes, book clubs, book trivia, book lists (libros-del-segundo-ciclo shelf)\" border=\"0\" \/><\/a><\/p>\n<p>&nbsp;<\/p>\n<p>Novedades para el segundo ciclo en <a href=\"http:\/\/www.anobii.com\/collections\/5019837\" target=\"_blank\">aNobii<\/a><\/p>\n","protected":false},"excerpt":{"rendered":"<p>\u00a0Os Invitamos \u00a0a que nos aport\u00e9is ideas, opiniones y sugerencias para mejorar nuestro cat\u00e1logo. \u00a1A leer! Libros del segundo ciclo Hemos colgado las \u00faltimas adquisiciones de nuestro cat\u00e1logo para el segundo ciclo en Goodreads&#46;&#46;&#46;<\/p>\n","protected":false},"author":1,"featured_media":0,"parent":0,"menu_order":0,"comment_status":"closed","ping_status":"open","template":"","meta":{"ngg_post_thumbnail":0,"footnotes":"","_mc_calendar":[]},"aioseo_notices":[],"_links":{"self":[{"href":"https:\/\/blogsaverroes.juntadeandalucia.es\/ceiphermanosarellano\/wp-json\/wp\/v2\/pages\/330"}],"collection":[{"href":"https:\/\/blogsaverroes.juntadeandalucia.es\/ceiphermanosarellano\/wp-json\/wp\/v2\/pages"}],"about":[{"href":"https:\/\/blogsaverroes.juntadeandalucia.es\/ceiphermanosarellano\/wp-json\/wp\/v2\/types\/page"}],"author":[{"embeddable":true,"href":"https:\/\/blogsaverroes.juntadeandalucia.es\/ceiphermanosarellano\/wp-json\/wp\/v2\/users\/1"}],"replies":[{"embeddable":true,"href":"https:\/\/blogsaverroes.juntadeandalucia.es\/ceiphermanosarellano\/wp-json\/wp\/v2\/comments?post=330"}],"version-history":[{"count":10,"href":"https:\/\/blogsaverroes.juntadeandalucia.es\/ceiphermanosarellano\/wp-json\/wp\/v2\/pages\/330\/revisions"}],"predecessor-version":[{"id":3024,"href":"https:\/\/blogsaverroes.juntadeandalucia.es\/ceiphermanosarellano\/wp-json\/wp\/v2\/pages\/330\/revisions\/3024"}],"wp:attachment":[{"href":"https:\/\/blogsaverroes.juntadeandalucia.es\/ceiphermanosarellano\/wp-json\/wp\/v2\/media?parent=330"}],"curies":[{"name":"wp","href":"https:\/\/api.w.org\/{rel}","templated":true}]}}