{"id":42,"date":"2015-03-13T08:40:47","date_gmt":"2015-03-13T08:40:47","guid":{"rendered":"http:\/\/blogsaverroes.juntadeandalucia.es\/pre\/ceip\/?page_id=42"},"modified":"2020-11-17T21:40:39","modified_gmt":"2020-11-17T21:40:39","slug":"equipo-directivo","status":"publish","type":"page","link":"https:\/\/blogsaverroes.juntadeandalucia.es\/ceiphermanosarellano\/equipo-directivo\/","title":{"rendered":"Equipo directivo"},"content":{"rendered":"<p>&nbsp;<\/p>\n<p>Direcci\u00f3n: D\u00f1a. <strong>Manuela Blanco Ortega<br \/>\n<\/strong><\/p>\n<p>Jefatura de estudios: D\u00f1a.<strong> Patricia Feria Revilla<br \/>\n<\/strong><\/p>\n<p>Secretar\u00eda: D\u00f1a.<strong><strong> M\u00aa Piedad Mart\u00edn P\u00e9rez<\/strong><br \/>\n<\/strong><\/p>\n","protected":false},"excerpt":{"rendered":"<p>&nbsp; Direcci\u00f3n: D\u00f1a. Manuela Blanco Ortega Jefatura de estudios: D\u00f1a. Patricia Feria Revilla Secretar\u00eda: D\u00f1a. M\u00aa Piedad Mart\u00edn P\u00e9rez<\/p>\n","protected":false},"author":1,"featured_media":0,"parent":0,"menu_order":0,"comment_status":"closed","ping_status":"open","template":"","meta":{"ngg_post_thumbnail":0,"footnotes":"","_mc_calendar":[]},"aioseo_notices":[],"_links":{"self":[{"href":"https:\/\/blogsaverroes.juntadeandalucia.es\/ceiphermanosarellano\/wp-json\/wp\/v2\/pages\/42"}],"collection":[{"href":"https:\/\/blogsaverroes.juntadeandalucia.es\/ceiphermanosarellano\/wp-json\/wp\/v2\/pages"}],"about":[{"href":"https:\/\/blogsaverroes.juntadeandalucia.es\/ceiphermanosarellano\/wp-json\/wp\/v2\/types\/page"}],"author":[{"embeddable":true,"href":"https:\/\/blogsaverroes.juntadeandalucia.es\/ceiphermanosarellano\/wp-json\/wp\/v2\/users\/1"}],"replies":[{"embeddable":true,"href":"https:\/\/blogsaverroes.juntadeandalucia.es\/ceiphermanosarellano\/wp-json\/wp\/v2\/comments?post=42"}],"version-history":[{"count":7,"href":"https:\/\/blogsaverroes.juntadeandalucia.es\/ceiphermanosarellano\/wp-json\/wp\/v2\/pages\/42\/revisions"}],"predecessor-version":[{"id":4600,"href":"https:\/\/blogsaverroes.juntadeandalucia.es\/ceiphermanosarellano\/wp-json\/wp\/v2\/pages\/42\/revisions\/4600"}],"wp:attachment":[{"href":"https:\/\/blogsaverroes.juntadeandalucia.es\/ceiphermanosarellano\/wp-json\/wp\/v2\/media?parent=42"}],"curies":[{"name":"wp","href":"https:\/\/api.w.org\/{rel}","templated":true}]}}