{"id":4692,"date":"2021-01-30T12:11:00","date_gmt":"2021-01-30T12:11:00","guid":{"rendered":"https:\/\/blogsaverroes.juntadeandalucia.es\/ceiphermanosarellano\/?page_id=4692"},"modified":"2021-01-30T12:31:49","modified_gmt":"2021-01-30T12:31:49","slug":"proyecto-steam-investigacion-aeroespacial-aplicada-al-aula","status":"publish","type":"page","link":"https:\/\/blogsaverroes.juntadeandalucia.es\/ceiphermanosarellano\/planes-y-proyectos\/proyecto-steam-investigacion-aeroespacial-aplicada-al-aula\/","title":{"rendered":"Proyecto STEAM: Investigaci\u00f3n Aeroespacial aplicada al aula."},"content":{"rendered":"<p><a href=\"https:\/\/blogsaverroes.juntadeandalucia.es\/ceiphermanosarellano\/files\/2021\/01\/logo_TDE.png\"><img loading=\"lazy\" decoding=\"async\" class=\"alignright size-thumbnail wp-image-4693\" src=\"https:\/\/blogsaverroes.juntadeandalucia.es\/ceiphermanosarellano\/files\/2021\/01\/logo_TDE-150x150.png\" alt=\"\" width=\"150\" height=\"150\" srcset=\"https:\/\/blogsaverroes.juntadeandalucia.es\/ceiphermanosarellano\/files\/2021\/01\/logo_TDE-150x150.png 150w, https:\/\/blogsaverroes.juntadeandalucia.es\/ceiphermanosarellano\/files\/2021\/01\/logo_TDE-300x300.png 300w, https:\/\/blogsaverroes.juntadeandalucia.es\/ceiphermanosarellano\/files\/2021\/01\/logo_TDE-100x100.png 100w, https:\/\/blogsaverroes.juntadeandalucia.es\/ceiphermanosarellano\/files\/2021\/01\/logo_TDE-432x432.png 432w, https:\/\/blogsaverroes.juntadeandalucia.es\/ceiphermanosarellano\/files\/2021\/01\/logo_TDE-268x268.png 268w, https:\/\/blogsaverroes.juntadeandalucia.es\/ceiphermanosarellano\/files\/2021\/01\/logo_TDE-24x24.png 24w, https:\/\/blogsaverroes.juntadeandalucia.es\/ceiphermanosarellano\/files\/2021\/01\/logo_TDE-36x36.png 36w, https:\/\/blogsaverroes.juntadeandalucia.es\/ceiphermanosarellano\/files\/2021\/01\/logo_TDE-48x48.png 48w, https:\/\/blogsaverroes.juntadeandalucia.es\/ceiphermanosarellano\/files\/2021\/01\/logo_TDE.png 462w\" sizes=\"(max-width: 150px) 100vw, 150px\" \/><\/a> <a href=\"https:\/\/blogsaverroes.juntadeandalucia.es\/ceiphermanosarellano\/files\/2021\/01\/Andalucia-se-mueve-copia.png\"><img loading=\"lazy\" decoding=\"async\" class=\"alignright size-full wp-image-4694\" src=\"https:\/\/blogsaverroes.juntadeandalucia.es\/ceiphermanosarellano\/files\/2021\/01\/Andalucia-se-mueve-copia.png\" alt=\"\" width=\"113\" height=\"56\" srcset=\"https:\/\/blogsaverroes.juntadeandalucia.es\/ceiphermanosarellano\/files\/2021\/01\/Andalucia-se-mueve-copia.png 113w, https:\/\/blogsaverroes.juntadeandalucia.es\/ceiphermanosarellano\/files\/2021\/01\/Andalucia-se-mueve-copia-24x12.png 24w, https:\/\/blogsaverroes.juntadeandalucia.es\/ceiphermanosarellano\/files\/2021\/01\/Andalucia-se-mueve-copia-36x18.png 36w, https:\/\/blogsaverroes.juntadeandalucia.es\/ceiphermanosarellano\/files\/2021\/01\/Andalucia-se-mueve-copia-48x24.png 48w\" sizes=\"(max-width: 113px) 100vw, 113px\" \/><\/a>Tenemos el honor de anunciar que nuestro centro ha sido seleccionado para participar en el proyecto que la Consejer\u00eda de Educaci\u00f3n y Deporte de la Junta de Andaluc\u00eda pone en marcha para acercar al profesorado y al alumnado a la investigaci\u00f3n aeroespacial y poder mejorar las competencias del alumnado en ciencia y tecnolog\u00eda, poniendo al mismo en el papel de investigador acerca de los avances en el estudio aeroespacial.<\/p>\n<p><iframe loading=\"lazy\" src=\"\/\/www.youtube.com\/embed\/K3yxgVzqRHc\" width=\"560\" height=\"315\" frameborder=\"0\"><\/iframe><\/p>\n<p>En este curso escolar empezaremos en el <strong>Nivel I:<\/strong> Iniciaci\u00f3n a la Investigaci\u00f3n Aeroespacial, que est\u00e1 dirigido a aquellos centros que, como nosotros, desean iniciarse en esta tem\u00e1tica.<\/p>\n<p>La <strong>coordinadora<\/strong> designada en el centro para poder llevar a cabo el desarrollo de este proyecto es <strong>D\u00f1a. Braulia Vela,<\/strong> tutora de 2\u00ba de Educaci\u00f3n Primaria, maestra que est\u00e1 muy a favor del uso de la tecnolog\u00eda en el aula y concienciada con la necesidad de desarrollo en este campo.<\/p>\n<p>\u00a1Os mantendremos informadas e informados de todo lo que vaya ocurriendo!<\/p>\n<p><a href=\"https:\/\/blogsaverroes.juntadeandalucia.es\/ceiphermanosarellano\/files\/2021\/01\/STEAM.png\"><img loading=\"lazy\" decoding=\"async\" class=\"size-thumbnail wp-image-4695 alignleft\" src=\"https:\/\/blogsaverroes.juntadeandalucia.es\/ceiphermanosarellano\/files\/2021\/01\/STEAM-150x150.png\" alt=\"\" width=\"150\" height=\"150\" srcset=\"https:\/\/blogsaverroes.juntadeandalucia.es\/ceiphermanosarellano\/files\/2021\/01\/STEAM-150x150.png 150w, https:\/\/blogsaverroes.juntadeandalucia.es\/ceiphermanosarellano\/files\/2021\/01\/STEAM-100x100.png 100w, https:\/\/blogsaverroes.juntadeandalucia.es\/ceiphermanosarellano\/files\/2021\/01\/STEAM-432x432.png 432w, https:\/\/blogsaverroes.juntadeandalucia.es\/ceiphermanosarellano\/files\/2021\/01\/STEAM-268x268.png 268w\" sizes=\"(max-width: 150px) 100vw, 150px\" \/><\/a><\/p>\n<p><a href=\"https:\/\/blogsaverroes.juntadeandalucia.es\/tde\/proyecto-steam-investigacion-aeroespacial-aplicada-al-aula\/\">M\u00e1s informaci\u00f3n en la p\u00e1gina de la Consejer\u00eda.<\/a><\/p>\n","protected":false},"excerpt":{"rendered":"<p>Tenemos el honor de anunciar que nuestro centro ha sido seleccionado para participar en el proyecto que la Consejer\u00eda de Educaci\u00f3n y Deporte de la Junta de Andaluc\u00eda pone en marcha para acercar al&#46;&#46;&#46;<\/p>\n","protected":false},"author":2295,"featured_media":4695,"parent":44,"menu_order":0,"comment_status":"open","ping_status":"closed","template":"","meta":{"ngg_post_thumbnail":0,"footnotes":"","_mc_calendar":[]},"aioseo_notices":[],"_links":{"self":[{"href":"https:\/\/blogsaverroes.juntadeandalucia.es\/ceiphermanosarellano\/wp-json\/wp\/v2\/pages\/4692"}],"collection":[{"href":"https:\/\/blogsaverroes.juntadeandalucia.es\/ceiphermanosarellano\/wp-json\/wp\/v2\/pages"}],"about":[{"href":"https:\/\/blogsaverroes.juntadeandalucia.es\/ceiphermanosarellano\/wp-json\/wp\/v2\/types\/page"}],"author":[{"embeddable":true,"href":"https:\/\/blogsaverroes.juntadeandalucia.es\/ceiphermanosarellano\/wp-json\/wp\/v2\/users\/2295"}],"replies":[{"embeddable":true,"href":"https:\/\/blogsaverroes.juntadeandalucia.es\/ceiphermanosarellano\/wp-json\/wp\/v2\/comments?post=4692"}],"version-history":[{"count":2,"href":"https:\/\/blogsaverroes.juntadeandalucia.es\/ceiphermanosarellano\/wp-json\/wp\/v2\/pages\/4692\/revisions"}],"predecessor-version":[{"id":4702,"href":"https:\/\/blogsaverroes.juntadeandalucia.es\/ceiphermanosarellano\/wp-json\/wp\/v2\/pages\/4692\/revisions\/4702"}],"up":[{"embeddable":true,"href":"https:\/\/blogsaverroes.juntadeandalucia.es\/ceiphermanosarellano\/wp-json\/wp\/v2\/pages\/44"}],"wp:featuredmedia":[{"embeddable":true,"href":"https:\/\/blogsaverroes.juntadeandalucia.es\/ceiphermanosarellano\/wp-json\/wp\/v2\/media\/4695"}],"wp:attachment":[{"href":"https:\/\/blogsaverroes.juntadeandalucia.es\/ceiphermanosarellano\/wp-json\/wp\/v2\/media?parent=4692"}],"curies":[{"name":"wp","href":"https:\/\/api.w.org\/{rel}","templated":true}]}}