{"id":49,"date":"2015-03-13T08:47:05","date_gmt":"2015-03-13T08:47:05","guid":{"rendered":"http:\/\/blogsaverroes.juntadeandalucia.es\/pre\/ceip\/?page_id=49"},"modified":"2021-03-16T18:04:00","modified_gmt":"2021-03-16T18:04:00","slug":"proyecto-educativo","status":"publish","type":"page","link":"https:\/\/blogsaverroes.juntadeandalucia.es\/ceiphermanosarellano\/proyecto-educativo\/","title":{"rendered":"Proyecto Educativo"},"content":{"rendered":"<p>Un centro se define en gran medida por su <strong>Proyecto Educativo<\/strong>. En \u00e9l se plasma el modelo educativo y la concreci\u00f3n de la normativa que un centro realiza respecto a las ense\u00f1anzas que imparte. Aspectos tales como las finales educativas, objetivos, atenci\u00f3n a la diversidad, etc.<\/p>\n<p>Que la web de un centro informe de su Proyecto Educativo es una apuesta clara por la <strong>transparencia<\/strong>.<\/p>\n<p>Estamos actualizando todos los documentos del centro, colgaremos aqu\u00ed los que vayan siendo aprobados por nuestro Consejo Escolar.<\/p>\n<table style=\"border-collapse: collapse;width: 100%\">\n<tbody>\n<tr>\n<td style=\"width: 33.3333%\">\n<h3><a href=\"https:\/\/blogsaverroes.juntadeandalucia.es\/ceiphermanosarellano\/files\/2021\/01\/Plan-de-Atenci%C3%B3n-a-la-Diversidad-del-CEIP-Hermanos-Arellano-de-Galaroza.pdf\" target=\"_blank\" rel=\"noopener noreferrer\">PLAN DE ATENCI\u00d3N A LA DIVERSIDAD<\/a><\/h3>\n<\/td>\n<td style=\"width: 33.3333%\">\n<h3><a href=\"https:\/\/blogsaverroes.juntadeandalucia.es\/ceiphermanosarellano\/files\/2021\/01\/Plan-de-Formaci%C3%B3n-del-Profesorado-CEIP-Hermanos-Arellano-Galaroza.pdf\" target=\"_blank\" rel=\"noopener noreferrer\">PLAN DE FORMACI\u00d3N DEL PROFESORADO<\/a><\/h3>\n<\/td>\n<td style=\"width: 33.3333%\">\n<h3><a href=\"https:\/\/blogsaverroes.juntadeandalucia.es\/ceiphermanosarellano\/files\/2021\/01\/Proyecto-TDE-CEIP-Hermanos-Arellano.pdf\" target=\"_blank\" rel=\"noopener noreferrer\">PROYECTO TDE<\/a><\/h3>\n<\/td>\n<\/tr>\n<\/tbody>\n<\/table>\n<table style=\"border-collapse: collapse;width: 100%\">\n<tbody>\n<tr>\n<td style=\"width: 33.3333%\">\n<h3><a href=\"https:\/\/blogsaverroes.juntadeandalucia.es\/ceiphermanosarellano\/files\/2021\/01\/Protocolo-absentismo-CEIP-Hermanos-Arellano-Galaroza.pdf\" target=\"_blank\" rel=\"noopener noreferrer\">PLAN DE ABSENTISMO<\/a><\/h3>\n<\/td>\n<td style=\"width: 33.3333%\">\n<h3><a href=\"https:\/\/blogsaverroes.juntadeandalucia.es\/ceiphermanosarellano\/files\/2021\/03\/Plan-de-Orientaci\u00f3n-y-Acci\u00f3n-Tutorial-HA.pdf\" target=\"_blank\" rel=\"noopener noreferrer\">PLAN DE ORIENTACI\u00d3N Y ACCI\u00d3N TUTORIAL<\/a><\/h3>\n<\/td>\n<td style=\"width: 33.3333%\">\n<h3><a href=\"https:\/\/blogsaverroes.juntadeandalucia.es\/ceiphermanosarellano\/files\/2021\/03\/PLAN-DE-CONVIVENCIA-para-aprobar.pdf\" target=\"_blank\" rel=\"noopener noreferrer\">PLAN DE CONVIVENCIA<\/a><\/h3>\n<\/td>\n<\/tr>\n<\/tbody>\n<\/table>\n<table style=\"border-collapse: collapse;width: 100%\">\n<tbody>\n<tr>\n<td style=\"width: 33.3333%\">\n<h3><a href=\"https:\/\/blogsaverroes.juntadeandalucia.es\/ceiphermanosarellano\/files\/2021\/03\/Programa-de-Tr\u00e1nsito-CEIP-HA.pdf\" target=\"_blank\" rel=\"noopener noreferrer\">PROGRAMA DE TR\u00c1NSITO<\/a><\/h3>\n<\/td>\n<td style=\"width: 33.3333%\">&nbsp;<\/td>\n<td style=\"width: 33.3333%\">&nbsp;<\/td>\n<\/tr>\n<\/tbody>\n<\/table>\n","protected":false},"excerpt":{"rendered":"<p>Un centro se define en gran medida por su Proyecto Educativo. En \u00e9l se plasma el modelo educativo y la concreci\u00f3n de la normativa que un centro realiza respecto a las ense\u00f1anzas que imparte.&#46;&#46;&#46;<\/p>\n","protected":false},"author":1,"featured_media":0,"parent":0,"menu_order":0,"comment_status":"closed","ping_status":"open","template":"","meta":{"ngg_post_thumbnail":0,"footnotes":"","_mc_calendar":[]},"aioseo_notices":[],"_links":{"self":[{"href":"https:\/\/blogsaverroes.juntadeandalucia.es\/ceiphermanosarellano\/wp-json\/wp\/v2\/pages\/49"}],"collection":[{"href":"https:\/\/blogsaverroes.juntadeandalucia.es\/ceiphermanosarellano\/wp-json\/wp\/v2\/pages"}],"about":[{"href":"https:\/\/blogsaverroes.juntadeandalucia.es\/ceiphermanosarellano\/wp-json\/wp\/v2\/types\/page"}],"author":[{"embeddable":true,"href":"https:\/\/blogsaverroes.juntadeandalucia.es\/ceiphermanosarellano\/wp-json\/wp\/v2\/users\/1"}],"replies":[{"embeddable":true,"href":"https:\/\/blogsaverroes.juntadeandalucia.es\/ceiphermanosarellano\/wp-json\/wp\/v2\/comments?post=49"}],"version-history":[{"count":12,"href":"https:\/\/blogsaverroes.juntadeandalucia.es\/ceiphermanosarellano\/wp-json\/wp\/v2\/pages\/49\/revisions"}],"predecessor-version":[{"id":4779,"href":"https:\/\/blogsaverroes.juntadeandalucia.es\/ceiphermanosarellano\/wp-json\/wp\/v2\/pages\/49\/revisions\/4779"}],"wp:attachment":[{"href":"https:\/\/blogsaverroes.juntadeandalucia.es\/ceiphermanosarellano\/wp-json\/wp\/v2\/media?parent=49"}],"curies":[{"name":"wp","href":"https:\/\/api.w.org\/{rel}","templated":true}]}}