{"id":5166,"date":"2021-10-13T20:06:36","date_gmt":"2021-10-13T20:06:36","guid":{"rendered":"https:\/\/blogsaverroes.juntadeandalucia.es\/ceiphermanosarellano\/?page_id=5166"},"modified":"2021-10-13T20:19:04","modified_gmt":"2021-10-13T20:19:04","slug":"ampa","status":"publish","type":"page","link":"https:\/\/blogsaverroes.juntadeandalucia.es\/ceiphermanosarellano\/ampa\/","title":{"rendered":"AMPA"},"content":{"rendered":"<p>En nuestro centro no se ha constituido (a\u00fan) AMPA. Sin embargo, no perdemos la esperanza y queremos que teng\u00e1is acceso a la informaci\u00f3n necesaria para constituir esta asociaci\u00f3n tan necesaria.<\/p>\n<ul>\n<li><a href=\"https:\/\/www.juntadeandalucia.es\/educacion\/portals\/web\/ced\/ampa-y-asociaciones\" target=\"_blank\" rel=\"noopener noreferrer\">AMPA y Asociaciones:<\/a> Esta es la p\u00e1gina web oficial de la Consejer\u00eda de Educaci\u00f3n y Deporte. Aqu\u00ed encontrar\u00e9is gu\u00edas muy \u00fatiles y enlaces que os pueden servir.<\/li>\n<li><a href=\"https:\/\/www.ceapa.es\/somos-ceapa\/\" target=\"_blank\" rel=\"noopener noreferrer\">WEB OFICIAL DE CEAPA <\/a>(Confederaci\u00f3n Espa\u00f1ola de Asociaciones de Madres y Padres de Alumnado). Esta es la mayor confederaci\u00f3n a nivel nacional, aunque existen otras.&nbsp;<\/li>\n<li><a href=\"https:\/\/www.codapa.org\/\" target=\"_blank\" rel=\"noopener noreferrer\">WEB OFICIAL DE CODAPA<\/a> (Confederaci\u00f3n Andaluza de Asociaciones de madres y padres del alumnado por la educaci\u00f3n p\u00fablica). Aqu\u00ed encontrar\u00e9is informaci\u00f3n espec\u00edfica de nuestra comunidad.<\/li>\n<li><a href=\"https:\/\/fampahuelva.org\/\" target=\"_blank\" rel=\"noopener noreferrer\">WEB OFICIAL DE FAMPA<\/a> (Federaci\u00f3n de asociaciones de madres y padres de alumnado). Es la que congrega a la mayor\u00eda de AMPAs de la provincia de Huelva.<\/li>\n<\/ul>\n<p><strong><a title=\"Contactar\" href=\"https:\/\/blogsaverroes.juntadeandalucia.es\/ceiphermanosarellano\/contactar\/\" target=\"_blank\" rel=\"noopener noreferrer\">\u00bfQuieres contactar con nosotros?<\/a><\/strong><\/p>\n","protected":false},"excerpt":{"rendered":"<p>En nuestro centro no se ha constituido (a\u00fan) AMPA. Sin embargo, no perdemos la esperanza y queremos que teng\u00e1is acceso a la informaci\u00f3n necesaria para constituir esta asociaci\u00f3n tan necesaria. AMPA y Asociaciones: Esta&#46;&#46;&#46;<\/p>\n","protected":false},"author":2295,"featured_media":0,"parent":0,"menu_order":0,"comment_status":"closed","ping_status":"closed","template":"","meta":{"ngg_post_thumbnail":0,"footnotes":"","_mc_calendar":[]},"aioseo_notices":[],"_links":{"self":[{"href":"https:\/\/blogsaverroes.juntadeandalucia.es\/ceiphermanosarellano\/wp-json\/wp\/v2\/pages\/5166"}],"collection":[{"href":"https:\/\/blogsaverroes.juntadeandalucia.es\/ceiphermanosarellano\/wp-json\/wp\/v2\/pages"}],"about":[{"href":"https:\/\/blogsaverroes.juntadeandalucia.es\/ceiphermanosarellano\/wp-json\/wp\/v2\/types\/page"}],"author":[{"embeddable":true,"href":"https:\/\/blogsaverroes.juntadeandalucia.es\/ceiphermanosarellano\/wp-json\/wp\/v2\/users\/2295"}],"replies":[{"embeddable":true,"href":"https:\/\/blogsaverroes.juntadeandalucia.es\/ceiphermanosarellano\/wp-json\/wp\/v2\/comments?post=5166"}],"version-history":[{"count":3,"href":"https:\/\/blogsaverroes.juntadeandalucia.es\/ceiphermanosarellano\/wp-json\/wp\/v2\/pages\/5166\/revisions"}],"predecessor-version":[{"id":5171,"href":"https:\/\/blogsaverroes.juntadeandalucia.es\/ceiphermanosarellano\/wp-json\/wp\/v2\/pages\/5166\/revisions\/5171"}],"wp:attachment":[{"href":"https:\/\/blogsaverroes.juntadeandalucia.es\/ceiphermanosarellano\/wp-json\/wp\/v2\/media?parent=5166"}],"curies":[{"name":"wp","href":"https:\/\/api.w.org\/{rel}","templated":true}]}}