{"id":5622,"date":"2022-12-07T07:32:21","date_gmt":"2022-12-07T07:32:21","guid":{"rendered":"https:\/\/blogsaverroes.juntadeandalucia.es\/ceiphermanosarellano\/?page_id=5622"},"modified":"2023-09-03T09:22:30","modified_gmt":"2023-09-03T09:22:30","slug":"carpeta-docente","status":"publish","type":"page","link":"https:\/\/blogsaverroes.juntadeandalucia.es\/ceiphermanosarellano\/carpeta-docente\/","title":{"rendered":"CARPETA DOCENTE"},"content":{"rendered":"<p>Aqu\u00ed vas a encontrar los documentos de uso com\u00fan en el centro. Si echas en falta alguno, av\u00edsame.<\/p>\n<h3><a title=\"TUTORIALES\" href=\"https:\/\/blogsaverroes.juntadeandalucia.es\/ceiphermanosarellano\/tutoriales\/\" target=\"_blank\" rel=\"noopener noreferrer\"><strong>0. TUTORIALES (Clic aqu\u00ed).<\/strong><\/a><\/h3>\n<h3><strong>1. DOCUMENTOS DEL CENTRO<\/strong><\/h3>\n<h4><b>PROYECTO EDUCATIVO<\/b><\/h4>\n<ol>\n<li style=\"list-style-type: none\">\n<ol>\n<li>\n<pre><a title=\"PLAN DE ATENCI\u00d3N A LA DIVERSIDAD\" href=\"https:\/\/blogsaverroes.juntadeandalucia.es\/ceiphermanosarellano\/files\/2022\/12\/Atenci\u00f3n-a-la-Diversidad-del-CEIP-Hermanos-Arellano-de-Galaroza-.pdf\" target=\"_blank\" rel=\"noopener noreferrer\">PLAN DE ATENCI\u00d3N A LA DIVERSIDAD (Aprobado en 2021).<\/a><\/pre>\n<\/li>\n<li>\n<pre><a title=\"PLAN DE CONVIVENCIA\" href=\"https:\/\/blogsaverroes.juntadeandalucia.es\/ceiphermanosarellano\/files\/2022\/12\/Plan-de-Convivencia-HA.pdf\" target=\"_blank\" rel=\"noopener noreferrer\">PLAN DE CONVIVENCIA<\/a> (Aprobado en 2021).<\/pre>\n<\/li>\n<li>\n<pre><a title=\"PLAN DE ORIENTACI\u00d3N Y ACCI\u00d3N TUTORIAL\" href=\"https:\/\/blogsaverroes.juntadeandalucia.es\/ceiphermanosarellano\/files\/2022\/12\/Plan-de-Orientaci\u00f3n-y-Acci\u00f3n-Tutorial-HA.pdf\" target=\"_blank\" rel=\"noopener noreferrer\">PLAN DE ORIENTACI\u00d3N Y ACCI\u00d3N TUTORIAL<\/a>(Aprobado en 2021).<\/pre>\n<\/li>\n<li>\n<pre><a title=\"PROTOCOLO DE ABSENTISMO\" href=\"https:\/\/blogsaverroes.juntadeandalucia.es\/ceiphermanosarellano\/files\/2022\/12\/Protocolo-absentismo-CEIP-hermanos-Arellano.pdf\" target=\"_blank\" rel=\"noopener noreferrer\">PROTOCOLO DE ABSENTISMO<\/a> (Aprobado en 2021).<\/pre>\n<\/li>\n<li>\n<pre><a href=\"https:\/\/blogsaverroes.juntadeandalucia.es\/ceiphermanosarellano\/files\/2022\/12\/Plan-de-mejora-con-propuestas-22-23-1.pdf\">PLAN DE MEJORA 22-23 (Noviembre 2022).<\/a><\/pre>\n<\/li>\n<li>\n<pre><a href=\"https:\/\/blogsaverroes.juntadeandalucia.es\/ceiphermanosarellano\/files\/2022\/12\/Plan-de-Formaci\u00f3n-del-Profesorado-22.23.pdf\">PLAN DE FORMACI\u00d3N DEL PROFESORADO 22-23<\/a><\/pre>\n<\/li>\n<li>\n<pre><a href=\"https:\/\/blogsaverroes.juntadeandalucia.es\/ceiphermanosarellano\/files\/2022\/12\/Plan-de-Actuaci\u00f3n-Digital-2022-2023.pdf\">PLAN DE ACTUACI\u00d3N DIGITAL 22-23<\/a><\/pre>\n<\/li>\n<\/ol>\n<\/li>\n<\/ol>\n<h4><a href=\"https:\/\/blogsaverroes.juntadeandalucia.es\/ceiphermanosarellano\/files\/2022\/12\/Proyecto-de-gesti\u00f3n-HA-1.pdf\">PROYECTO DE GESTI\u00d3N<\/a><\/h4>\n<h3><strong>2. CALENDARIOS Y HORARIOS<\/strong><\/h3>\n<ol>\n<li style=\"list-style-type: none\">\n<ol>\n<li>\n<pre><a href=\"https:\/\/drive.google.com\/file\/d\/1J-Zx79snkQRNeeJ8f33La0XO251vRqKM\/view?usp=drive_link\">CALENDARIO ESCOLAR 23-24 libre disposici\u00f3n<\/a><\/pre>\n<\/li>\n<li>\n<pre>TODO HORARIOS 2023-2024 (EN OBRAS)<\/pre>\n<\/li>\n<li>\n<pre>CUADRANTE DE SUSTITUCIONES 2023-2024 (EN OBRAS)<\/pre>\n<\/li>\n<li>\n<pre>RECREOS (EN OBRAS)<\/pre>\n<\/li>\n<\/ol>\n<\/li>\n<\/ol>\n<h3><strong>3. DESCARGABLES Y RELLENABLES<\/strong><\/h3>\n<ol>\n<li style=\"list-style-type: none\">\n<ol style=\"list-style-type: lower-alpha\">\n<li>\n<pre><a href=\"https:\/\/docs.google.com\/document\/d\/12hW08ifWJKTFfcIvCOmvPKyhIyqQvWnamuhzwPs5Sm8\/edit?usp=sharing\" target=\"_blank\" rel=\"noopener noreferrer\">MODELO ACTA EVALUACI\u00d3N OFICIAL 22-23 (RECUERDA HACERTE UNA COPIA PARA EDITAR)<\/a><\/pre>\n<\/li>\n<li>\n<pre><a href=\"https:\/\/docs.google.com\/document\/d\/14RO8ZofG3TgxHT_JhotGTyHaOVBsxIoV\/edit?usp=sharing&amp;ouid=103315531334990323241&amp;rtpof=true&amp;sd=true\" target=\"_blank\" rel=\"noopener noreferrer\">MODELO ACTA EQUIPO DOCENTE\/EQUIPO DE CICLO\/ETCP (Hazte una copia antes de editar)<\/a><\/pre>\n<\/li>\n<li>\n<pre>\r\n<a href=\"https:\/\/docs.google.com\/document\/d\/1aMPMaCtn-GSo4qLia2RkEqwYPbcaMVdkMpVWWEWyQ7A\/edit?usp=sharing\" target=\"_blank\" rel=\"noopener noreferrer\">MODELO REGISTRO DE TUTOR\u00cdAS <\/a><a href=\"https:\/\/docs.google.com\/document\/d\/12hW08ifWJKTFfcIvCOmvPKyhIyqQvWnamuhzwPs5Sm8\/edit?usp=sharing\" target=\"_blank\" rel=\"noopener noreferrer\"> (RECUERDA HACERTE UNA COPIA PARA EDITAR)<\/a>\r\n\r\n<a style=\"font-family: Monaco, Consolas, 'Lucida Console', 'Bitstream Vera Sans Mono', monospace;font-size: 12px\" href=\"https:\/\/docs.google.com\/document\/d\/1jfNUKXpNGQb0ZR3kHBdfFuqkiCbrg2hBilxoVTxvWKA\/edit?usp=sharing\" target=\"_blank\" rel=\"noopener noreferrer\">MODELO REGISTRO DE REFUERZOS EDUCATIVOS 22-23<\/a><\/pre>\n<\/li>\n<\/ol>\n<\/li>\n<\/ol>\n<h3>&nbsp;<\/h3>\n<h3 style=\"text-align: left\"><a href=\"https:\/\/drive.google.com\/drive\/folders\/1c55jwsxjHyliwPmto1IrXduuE5La2tdN?usp=sharing\"><strong>4. EVALUACI\u00d3N<\/strong><\/a><\/h3>\n<ol style=\"list-style-type: lower-alpha\">\n<li><a href=\"https:\/\/drive.google.com\/drive\/folders\/1ODvJYzNJ_fhvVqvyhzI5vFzp4x2EHQfy?usp=drive_link\">Criterios de evaluaci\u00f3n y calificaci\u00f3n<\/a><\/li>\n<li><a href=\"https:\/\/drive.google.com\/drive\/folders\/1IbnEzsfJ_tL-4stYQFbeARHjfsa9Ew6w?usp=drive_link\">Evaluaciones iniciales<\/a><\/li>\n<\/ol>\n<p>5.&nbsp;<\/p>\n<ol>\n<li style=\"list-style-type: none\">\n<ol>\n<li style=\"list-style-type: none\">\n<ol>\n<li style=\"list-style-type: none\">&nbsp;<\/li>\n<\/ol>\n<\/li>\n<\/ol>\n<\/li>\n<\/ol>\n","protected":false},"excerpt":{"rendered":"<p>Aqu\u00ed vas a encontrar los documentos de uso com\u00fan en el centro. Si echas en falta alguno, av\u00edsame. 0. TUTORIALES (Clic aqu\u00ed). 1. DOCUMENTOS DEL CENTRO PROYECTO EDUCATIVO PLAN DE ATENCI\u00d3N A LA DIVERSIDAD&#46;&#46;&#46;<\/p>\n","protected":false},"author":2295,"featured_media":0,"parent":0,"menu_order":0,"comment_status":"closed","ping_status":"closed","template":"","meta":{"ngg_post_thumbnail":0,"footnotes":"","_mc_calendar":[]},"aioseo_notices":[],"_links":{"self":[{"href":"https:\/\/blogsaverroes.juntadeandalucia.es\/ceiphermanosarellano\/wp-json\/wp\/v2\/pages\/5622"}],"collection":[{"href":"https:\/\/blogsaverroes.juntadeandalucia.es\/ceiphermanosarellano\/wp-json\/wp\/v2\/pages"}],"about":[{"href":"https:\/\/blogsaverroes.juntadeandalucia.es\/ceiphermanosarellano\/wp-json\/wp\/v2\/types\/page"}],"author":[{"embeddable":true,"href":"https:\/\/blogsaverroes.juntadeandalucia.es\/ceiphermanosarellano\/wp-json\/wp\/v2\/users\/2295"}],"replies":[{"embeddable":true,"href":"https:\/\/blogsaverroes.juntadeandalucia.es\/ceiphermanosarellano\/wp-json\/wp\/v2\/comments?post=5622"}],"version-history":[{"count":15,"href":"https:\/\/blogsaverroes.juntadeandalucia.es\/ceiphermanosarellano\/wp-json\/wp\/v2\/pages\/5622\/revisions"}],"predecessor-version":[{"id":5781,"href":"https:\/\/blogsaverroes.juntadeandalucia.es\/ceiphermanosarellano\/wp-json\/wp\/v2\/pages\/5622\/revisions\/5781"}],"wp:attachment":[{"href":"https:\/\/blogsaverroes.juntadeandalucia.es\/ceiphermanosarellano\/wp-json\/wp\/v2\/media?parent=5622"}],"curies":[{"name":"wp","href":"https:\/\/api.w.org\/{rel}","templated":true}]}}