{"id":869,"date":"2022-09-01T07:03:52","date_gmt":"2022-09-01T07:03:52","guid":{"rendered":"http:\/\/blogsaverroes.juntadeandalucia.es\/pre\/ceip\/?page_id=84"},"modified":"2024-09-13T18:46:36","modified_gmt":"2024-09-13T18:46:36","slug":"calendario-escolar","status":"publish","type":"page","link":"https:\/\/blogsaverroes.juntadeandalucia.es\/ceiphermanosarellano\/calendario-escolar\/","title":{"rendered":"Calendario escolar 2024\/25"},"content":{"rendered":"<h4 style=\"text-align: center\">&nbsp;<\/h4>\n<p><a href=\"https:\/\/blogsaverroes.juntadeandalucia.es\/ceiphermanosarellano\/files\/2024\/09\/Calendario-escolar-24_25_page-0001-1.jpg\"><img loading=\"lazy\" decoding=\"async\" class=\"aligncenter size-large wp-image-5982\" src=\"https:\/\/blogsaverroes.juntadeandalucia.es\/ceiphermanosarellano\/files\/2024\/09\/Calendario-escolar-24_25_page-0001-1-1024x725.jpg\" alt=\"\" width=\"1024\" height=\"725\" srcset=\"https:\/\/blogsaverroes.juntadeandalucia.es\/ceiphermanosarellano\/files\/2024\/09\/Calendario-escolar-24_25_page-0001-1-1024x725.jpg 1024w, https:\/\/blogsaverroes.juntadeandalucia.es\/ceiphermanosarellano\/files\/2024\/09\/Calendario-escolar-24_25_page-0001-1-300x212.jpg 300w, https:\/\/blogsaverroes.juntadeandalucia.es\/ceiphermanosarellano\/files\/2024\/09\/Calendario-escolar-24_25_page-0001-1-768x543.jpg 768w, https:\/\/blogsaverroes.juntadeandalucia.es\/ceiphermanosarellano\/files\/2024\/09\/Calendario-escolar-24_25_page-0001-1-1536x1087.jpg 1536w, https:\/\/blogsaverroes.juntadeandalucia.es\/ceiphermanosarellano\/files\/2024\/09\/Calendario-escolar-24_25_page-0001-1.jpg 1600w\" sizes=\"(max-width: 1024px) 100vw, 1024px\" \/><\/a><\/p>\n<p><a href=\"https:\/\/www.juntadeandalucia.es\/educacion\/portals\/delegate\/content\/461868d3-3838-40e4-a132-dd843b631d17\/Calendario%2024_25\">Aqu\u00ed puedes encontrar el calendario oficial para la provincia de Huelva.<\/a><\/p>\n<h6>Recuerda que tambi\u00e9n puedes encontrarlo en la agenda de S\u00e9neca\/iS\u00e9n y de Pasen\/iPas<\/h6>\n","protected":false},"excerpt":{"rendered":"<p>&nbsp; Aqu\u00ed puedes encontrar el calendario oficial para la provincia de Huelva. Recuerda que tambi\u00e9n puedes encontrarlo en la agenda de S\u00e9neca\/iS\u00e9n y de Pasen\/iPas<\/p>\n","protected":false},"author":1,"featured_media":0,"parent":0,"menu_order":0,"comment_status":"closed","ping_status":"open","template":"","meta":{"ngg_post_thumbnail":0,"footnotes":"","_mc_calendar":[]},"aioseo_notices":[],"_links":{"self":[{"href":"https:\/\/blogsaverroes.juntadeandalucia.es\/ceiphermanosarellano\/wp-json\/wp\/v2\/pages\/869"}],"collection":[{"href":"https:\/\/blogsaverroes.juntadeandalucia.es\/ceiphermanosarellano\/wp-json\/wp\/v2\/pages"}],"about":[{"href":"https:\/\/blogsaverroes.juntadeandalucia.es\/ceiphermanosarellano\/wp-json\/wp\/v2\/types\/page"}],"author":[{"embeddable":true,"href":"https:\/\/blogsaverroes.juntadeandalucia.es\/ceiphermanosarellano\/wp-json\/wp\/v2\/users\/1"}],"replies":[{"embeddable":true,"href":"https:\/\/blogsaverroes.juntadeandalucia.es\/ceiphermanosarellano\/wp-json\/wp\/v2\/comments?post=869"}],"version-history":[{"count":22,"href":"https:\/\/blogsaverroes.juntadeandalucia.es\/ceiphermanosarellano\/wp-json\/wp\/v2\/pages\/869\/revisions"}],"predecessor-version":[{"id":5983,"href":"https:\/\/blogsaverroes.juntadeandalucia.es\/ceiphermanosarellano\/wp-json\/wp\/v2\/pages\/869\/revisions\/5983"}],"wp:attachment":[{"href":"https:\/\/blogsaverroes.juntadeandalucia.es\/ceiphermanosarellano\/wp-json\/wp\/v2\/media?parent=869"}],"curies":[{"name":"wp","href":"https:\/\/api.w.org\/{rel}","templated":true}]}}