{"id":99,"date":"2024-10-01T07:22:54","date_gmt":"2024-10-01T07:22:54","guid":{"rendered":"http:\/\/blogsaverroes.juntadeandalucia.es\/pre\/ceip\/?page_id=99"},"modified":"2024-10-01T19:39:04","modified_gmt":"2024-10-01T19:39:04","slug":"comedor-escolar","status":"publish","type":"page","link":"https:\/\/blogsaverroes.juntadeandalucia.es\/ceiphermanosarellano\/comedor-escolar\/","title":{"rendered":"Comedor escolar"},"content":{"rendered":"<h4><a href=\"https:\/\/blogsaverroes.juntadeandalucia.es\/ceiphermanosarellano\/files\/2024\/03\/cropped-LOGO_CEIP-HERM-ARELLANO-A4-3.png\"><img loading=\"lazy\" decoding=\"async\" class=\"wp-image-5850 size-thumbnail alignright\" title=\"Logo CEIP\" src=\"https:\/\/blogsaverroes.juntadeandalucia.es\/ceiphermanosarellano\/files\/2024\/03\/cropped-LOGO_CEIP-HERM-ARELLANO-A4-3-150x150.png\" alt=\"\" width=\"150\" height=\"150\" srcset=\"https:\/\/blogsaverroes.juntadeandalucia.es\/ceiphermanosarellano\/files\/2024\/03\/cropped-LOGO_CEIP-HERM-ARELLANO-A4-3-150x150.png 150w, https:\/\/blogsaverroes.juntadeandalucia.es\/ceiphermanosarellano\/files\/2024\/03\/cropped-LOGO_CEIP-HERM-ARELLANO-A4-3-80x80.png 80w, https:\/\/blogsaverroes.juntadeandalucia.es\/ceiphermanosarellano\/files\/2024\/03\/cropped-LOGO_CEIP-HERM-ARELLANO-A4-3-320x320.png 320w\" sizes=\"(max-width: 150px) 100vw, 150px\" \/><\/a><a href=\"http:\/\/blogsaverroes.juntadeandalucia.es\/ceiphermanosarellano\/files\/2015\/03\/comida.jpg\"><br \/>\n<img loading=\"lazy\" decoding=\"async\" class=\"wp-image-238 alignleft\" src=\"http:\/\/blogsaverroes.juntadeandalucia.es\/ceiphermanosarellano\/files\/2015\/03\/comida.jpg\" alt=\"\" width=\"345\" height=\"200\" srcset=\"https:\/\/blogsaverroes.juntadeandalucia.es\/ceiphermanosarellano\/files\/2015\/03\/comida.jpg 709w, https:\/\/blogsaverroes.juntadeandalucia.es\/ceiphermanosarellano\/files\/2015\/03\/comida-300x174.jpg 300w, https:\/\/blogsaverroes.juntadeandalucia.es\/ceiphermanosarellano\/files\/2015\/03\/comida-700x406.jpg 700w, https:\/\/blogsaverroes.juntadeandalucia.es\/ceiphermanosarellano\/files\/2015\/03\/comida-332x192.jpg 332w\" sizes=\"(max-width: 345px) 100vw, 345px\" \/><\/a><\/h4>\n<h2 style=\"text-align: center\">CURSO 2024\/2025<\/h2>\n<p><a href=\"https:\/\/blogsaverroes.juntadeandalucia.es\/ceiphermanosarellano\/files\/2024\/10\/Circular-a-Familias-Curso-2024-2025-COMERTEL.pdf\">CIRCULAR CON INSTRUCCIONES PARA EL USO DEL COMEDOR DE LA EMPRESA DE CATERING COMERTEL<\/a><\/p>\n<p><strong>\u00bfCu\u00e1ndo empieza el servicio de comedor?&nbsp; <\/strong><\/p>\n<p>El comienzo del servicio de comedor empieza el pr\u00f3ximo lunes 23 de septiembre de 2024.<\/p>\n<p>Tras finalizar la jornada escolar, las monitoras del servicio recogen a los usuarios en sus aulas y los llevan hasta el comedor a fin de desarrollar las&nbsp; tareas previas antes del inicio de la comida (lavado de manos, organizaci\u00f3n de enseres en perchas, &#8230;).<\/p>\n<p><strong>\u00bfCu\u00e1ndo finaliza el servicio de comedor? <\/strong><\/p>\n<p>Las familias&nbsp;podr\u00e1n ir recogiendo a sus hijos\/as a partir de las 15 horas, siempre y cuando hayan finalizado de comer y hayan desarrollado las tareas obligatorias posteriores a la comida. A este respecto el centro tiene establecido un <strong>programa educativo para el per\u00edodo del comedor<\/strong> del que recibir\u00e1n informaci\u00f3n oportuna las familias de los usuarios. La hora l\u00edmite para recoger a los usuarios es las 15:45 horas.<\/p>\n<p><strong>\u00bfC\u00f3mo puedo solicitar el servicio de comedor?&nbsp;<\/strong><\/p>\n<p>Todo el procedimiento queda debidamente explicado en la <a href=\"https:\/\/www.juntadeandalucia.es\/servicios\/sede\/tramites\/procedimientos\/detalle\/10459.html#toc-c-mo-realizar-el-tr-mite\" target=\"_blank\" rel=\"noopener\">sede electr\u00f3nica virtual de la Junta de Andaluc\u00eda.<\/a><\/p>\n<h3 class=\"mb-0 pb-2 pl-2\">Formularios<\/h3>\n<div class=\"block pl-2\">\n<div class=\"item-list\">\n<ul class=\"list-group\">\n<li class=\"list-group-item\"><a class=\"mb-0\" title=\"Anexo III. Resoluci\u00f3n provisional de admitidos\/as y suplentes. Servicio de aula matinal, comedor escolar o actividades extraescolares.\" href=\"https:\/\/www.juntadeandalucia.es\/haciendayadministracionpublica\/rpa-icms-doc\/icmsDescargaDoc.do?tipo=4b40ba71bf0bae77c7a9e6765035191a&amp;id=ae8351c1e5b08aea3724d9823ef54ec3\">Anexo III. Resoluci\u00f3n provisional de admitidos\/as y suplentes. Servicio de aula matinal, comedor escolar o actividades extraescolares.<\/a>&nbsp;N\u00ba: 002563\/2\/A03 (Obligatorio)<\/li>\n<li class=\"list-group-item\"><a class=\"mb-0\" title=\"Anexo IV. Resoluci\u00f3n definitiva de admitidos\/as y suplentes. Servicio de aula matinal, comedor escolar o actividades extraescolares.\" href=\"https:\/\/www.juntadeandalucia.es\/haciendayadministracionpublica\/rpa-icms-doc\/icmsDescargaDoc.do?tipo=4b40ba71bf0bae77c7a9e6765035191a&amp;id=f5aa163d93b0883c09823d762edf4faf\">Anexo IV. Resoluci\u00f3n definitiva de admitidos\/as y suplentes. Servicio de aula matinal, comedor escolar o actividades extraescolares.<\/a>&nbsp;N\u00ba: 002563\/2\/A04 (Obligatorio)<\/li>\n<li class=\"list-group-item\"><a class=\"mb-0\" title=\"Anexo II. Solicitud de Servicio de aula matinal, comedor escolar o actividades extraescolares.\" href=\"https:\/\/www.juntadeandalucia.es\/haciendayadministracionpublica\/rpa-icms-doc\/icmsDescargaDoc.do?tipo=4b40ba71bf0bae77c7a9e6765035191a&amp;id=7c5af407ff29a88f5bf204fd72c5dfeb\">Anexo II. Solicitud de Servicio de aula matinal, comedor escolar o actividades extraescolares.<\/a>&nbsp;N\u00ba: 002563\/3 (Obligatorio)<\/li>\n<\/ul>\n<\/div>\n<\/div>\n<h3 class=\"field__label\">Documentaci\u00f3n<\/h3>\n<div class=\"field__item\">\n<p>Para acreditar la situaci\u00f3n de quienes ostenten la guarda y custodia del alumno o alumna en situaci\u00f3n de dependencia, ser\u00e1 necesaria la certificaci\u00f3n expedida por la Consejer\u00eda competente en materia de dependencia y servicios sociales.<\/p>\n<p>Para acreditar la situaci\u00f3n de v\u00edctima de terrorismo, ser\u00e1 necesaria la certificaci\u00f3n expedida por la Administraci\u00f3n p\u00fablica que corresponda.<\/p>\n<p>En el caso de hijos o hijas de mujeres atendidas en centros de acogida para mujeres v\u00edctimas de la violencia de g\u00e9nero, ser\u00e1 necesaria la certificaci\u00f3n de la entidad titular del centro de acogida.<\/p>\n<p>En el caso del alumno o alumna en situaci\u00f3n de tutela o guarda de la Administraci\u00f3n de la Junta de Andaluc\u00eda, ser\u00e1 necesaria la certificaci\u00f3n expedida por la Consejer\u00eda competente en materia de protecci\u00f3n de menores.<\/p>\n<p>Para acreditar la situaci\u00f3n de dificultad social extrema o riesgo de exclusi\u00f3n, ser\u00e1 necesario presentar una certificaci\u00f3n expedida al efecto por los servicios sociales comunitarios del municipio&nbsp;donde resida la persona solicitante.<\/p>\n<p>Para acreditar la situaci\u00f3n de cursar estudios conducentes a titulaciones acad\u00e9micas oficiales de las personas que ostenten la guarda y custodia del alumnado, ser\u00e1 necesario presentar certificado expedido por el centro docente donde figure estar matriculado y el horario lectivo.<\/p>\n<p>Para acreditar la actividad laboral o profesional de las personas que ostentan la guarda y custodia del alumnado, ser\u00e1 necesario presentar, por cada uno de ellos, los documentos que se enumeran en el apartado 2 del art\u00edculo 20 de la Orden de 17 de abril de 2017.<\/p>\n<p>Cuando la guarda y custodia sea ejercida por solo uno de los representantes legales deber\u00e1 presentar una copia del libro de familia o el documento judicial acreditativo de esa circunstancia.<\/p>\n<\/div>\n<h3 class=\"field__label\">Requisitos<\/h3>\n<div class=\"field__item\">\n<p>Una vez garantizada la admisi\u00f3n del alumnado al que se refieren los art\u00edculos 11.2 y 15.2 del Decreto 6\/2017, 16 de enero, para la adjudicaci\u00f3n, en su caso, del resto de plazas cuando existan m\u00e1s solicitudes que plazas vacantes, se tendr\u00e1&nbsp;prioridad en la admisi\u00f3n de acuerdo con los criterios fijados en el art\u00edculo 19 de la Orden de 17 de abril de 2017.<\/p>\n<p>El alumnado causar\u00e1 baja cuando se produzca el impago de dos recibos del mismo, cuando no se utilice el servicio durante cinco d\u00edas consecutivos sin causa justificada o en los supuestos que as\u00ed se prevean en el Reglamento de Organizaci\u00f3n y Funcionamiento del centro, previa comunicaci\u00f3n a la direcci\u00f3n del mismo a los guardadores del alumnado, concedi\u00e9ndoles un plazo de diez d\u00edas para presentar las alegaciones que estimen oportunas, conforme a lo previsto en los apartados 2 y 3 del art\u00edculo 22 de la Orden de 17 de abril de 2017.<\/p>\n<p>Es necesario estar al corriente de pago de todos los recibos de los servicios complementarios de los que fuera usuario o usuaria el curso escolar anterior.<\/p>\n<\/div>\n<div class=\"views-field views-field-nothing-11 block\">\n<div class=\"field-content field__item\">\n<h2 class=\"field__label\">Cu\u00e1ndo realizar el tramite<\/h2>\n<div class=\"block pl-2\">\n<div class=\"field__item font-weight-bold\">\n<p><a title=\"Enlace a la ayuda Informaci\u00f3n de un procedimiento\" href=\"https:\/\/www.juntadeandalucia.es\/servicios\/tramites\/conoce-mas-cts.html#toc-c-mo-calcular-los-plazos-de-un-tr-mite\"><i>Para el c\u00f3mputo del plazo se tienen en cuenta los d\u00edas inh\u00e1biles en el \u00e1mbito de la Comunidad Aut\u00f3noma de Andaluc\u00eda.<\/i><\/a><\/p>\n<\/div>\n<\/div>\n<\/div>\n<\/div>\n<div class=\"block pl-2 mb-0\">\n<h3 class=\"field__label pb-1\">Plazo de Inicio<\/h3>\n<div class=\"field__item\">\n<div class=\"item-list\">\n<ul class=\"list-group\">\n<li class=\"list-group-item\">01\/06\/2025 &#8211; 10\/06\/2025 (Plazo de presentaci\u00f3n de solicitudes de admisi\u00f3n en los servicios complementarios en los centros de educaci\u00f3n infantil, centros de educaci\u00f3n primaria, centros de educaci\u00f3n infantil y primaria, centros p\u00fablicos rurales y centros espec\u00edficos de educaci\u00f3n especial (Anexo II de la Orden de 17 de abril de 2017).)<\/li>\n<li class=\"list-group-item\">01\/07\/2025 &#8211; 10\/07\/2025 (Plazo de presentaci\u00f3n de solicitudes de admisi\u00f3n en los servicios complementarios en los Institutos de Educaci\u00f3n Secundaria (Anexo II de la Orden de 17 de abril de 2017).)<\/li>\n<\/ul>\n<\/div>\n<\/div>\n<\/div>\n<p><strong>\u00bfC\u00f3mo puedo darme de baja en este servicio?<\/strong><\/p>\n<p>La baja en este servicio podr\u00e1 solicitarse&nbsp; con una semana de antelaci\u00f3n.<\/p>\n<p>&nbsp;<\/p>\n<p><strong><a href=\"http:\/\/blogsaverroes.juntadeandalucia.es\/ceiphermanosarellano\/files\/2015\/03\/comedor_escolar.jpg\"><img loading=\"lazy\" decoding=\"async\" class=\" size-full wp-image-2243 alignleft\" src=\"http:\/\/blogsaverroes.juntadeandalucia.es\/ceiphermanosarellano\/files\/2015\/03\/comedor_escolar.jpg\" alt=\"comedor_escolar\" width=\"318\" height=\"429\" srcset=\"https:\/\/blogsaverroes.juntadeandalucia.es\/ceiphermanosarellano\/files\/2015\/03\/comedor_escolar.jpg 318w, https:\/\/blogsaverroes.juntadeandalucia.es\/ceiphermanosarellano\/files\/2015\/03\/comedor_escolar-222x300.jpg 222w\" sizes=\"(max-width: 318px) 100vw, 318px\" \/><\/a>\u00bfC\u00f3mo recibe toda esta informaci\u00f3n las familias?<\/strong><\/p>\n<p>En primer lugar, remitimos directamente a la <a href=\"https:\/\/www.juntadeandalucia.es\/servicios\/sede\/tramites\/procedimientos\/detalle\/10459.html#toc-c-mo-realizar-el-tr-mite\">p\u00e1gina de la sede electr\u00f3nica de la Junta de Andaluc\u00eda<\/a> donde tienen toda la informaci\u00f3n al completo.<\/p>\n<p>Tambi\u00e9n, recibir\u00e1n informaci\u00f3n actualizada a trav\u00e9s del servicio PASEN y la aplicaci\u00f3n m\u00f3vil iPasen.<\/p>\n<p>Por supuesto, <a href=\"https:\/\/blogsaverroes.juntadeandalucia.es\/ceiphermanosarellano\/contactar\/\" target=\"_blank\" rel=\"noopener noreferrer\">tambi\u00e9n pod\u00e9is informaros llamando al centro o escribiendo a su correo electr\u00f3nico.<\/a><\/p>\n<p>&nbsp;<\/p>\n<p><strong>\u00bfEste servicio ofrece men\u00fas alternativos?<\/strong><\/p>\n<p>Seg\u00fan <a href=\"https:\/\/www.adideandalucia.es\/normas\/ordenes\/Orden17abril2017ActividadesExtraescolares.pdf\" target=\"_blank\" rel=\"noopener noreferrer\">la Orden de 17 abril de 2017<\/a>, en el dise\u00f1o y programaci\u00f3n de los men\u00fas deber\u00e1 tenerse en cuenta las recomendaciones y orientaciones diet\u00e9ticas conforme a lo dispuesto en la normativa vigente sobre seguridad alimentaria y nutrici\u00f3n para que la organizaci\u00f3n de los mismos responda a una alimentaci\u00f3n equilibrada y saludable.<\/p>\n<p>El men\u00fa ser\u00e1 el mismo para todos los comensales que hagan uso del servicio. No obstante, se ofrecer\u00e1n men\u00fas alternativos para aquel alumnado del centro que, por problemas de salud, intolerancia a algunos alimentos u otras <strong>circunstancias debidamente justificadas,<\/strong> lo requieran.<\/p>\n<p>Con la finalidad de que las familias puedan completar el r\u00e9gimen alimenticio de sus hijos e hijas, de acuerdo con los criterios de una alimentaci\u00f3n equilibrada y saludable, la programaci\u00f3n de los men\u00fas se expondr\u00e1 mensualmente en el tabl\u00f3n de anuncios del centro, y en esta p\u00e1gina web y se dar\u00e1 a conocer a los guardadores del alumnado usuario del comedor escolar.<\/p>\n<p><a href=\"https:\/\/blogsaverroes.juntadeandalucia.es\/ceiphermanosarellano\/2021\/04\/01\/menu_comedor\/\" target=\"_blank\" rel=\"noopener noreferrer\">MEN\u00daS<\/a><\/p>\n<p>Para el alumnado del centro que, por problemas de salud, intolerancia a algunos alimentos u otras circunstancias debidamente justificadas requiera un men\u00fa especial, es obligatorio que lo comuniquen al centro y a la empresa por escrito.<\/p>\n<p><strong>\u00bfQui\u00e9n gestiona el servicio de comedor en nuestro CEIP?<\/strong><\/p>\n<p>Est\u00e1 establecido que la empresa que gestiona el servicio para el curso escolar actual (2024-2025) sea <a href=\"https:\/\/comertel.es\/comertel-en-la-actualidad\/\" target=\"_blank\" rel=\"noopener\">Comertel<\/a><strong><em>.&nbsp;<\/em><\/strong><\/p>\n<p>&nbsp;<\/p>\n<h4>Normativa de inter\u00e9s:<\/h4>\n<ul>\n<li class=\"list-group-item\"><a href=\"https:\/\/www.juntadeandalucia.es\/eboja\/2024\/81\/BOJA24-081-00019-43709-01_00300658.pdf\" target=\"_blank\" rel=\"noopener\">Resoluci\u00f3n de 16 de abril de 2024, de la Direcci\u00f3n General de Planificaci\u00f3n, Centros y Ense\u00f1anza Concertada, por la que se aprueba y da publicidad a los formularios normalizados de la Orden de 17 de abril de 2017, por la que se regula la organizaci\u00f3n y el funcionamiento de los servicios complementarios de aula matinal, comedor escolar y actividades extraescolares, as\u00ed como el uso de las instalaciones de los centros docentes p\u00fablicos de la Comunidad Aut\u00f3noma de Andaluc\u00eda fuera del horario escolar.<\/a><\/li>\n<li class=\"list-group-item\"><a href=\"https:\/\/www.juntadeandalucia.es\/boja\/2024\/50\/BOJA24-050-00002-41689-01_00298356.pdf\" target=\"_blank\" rel=\"noopener\">Resoluci\u00f3n de 5 de marzo de 2024, de la Direcci\u00f3n General de Planificaci\u00f3n, Centros y Ense\u00f1anza Concertada, por la que se establece el calendario de actuaciones en el procedimiento de admisi\u00f3n del alumnado en los servicios complementarios de aula matinal, comedor escolar y actividades extraescolares para el curso escolar 2024\/25.<\/a><\/li>\n<li class=\"list-group-item\"><a href=\"https:\/\/www.juntadeandalucia.es\/boja\/2024\/45\/BOJA24-045-00101-41412-01_00297983.pdf\" target=\"_blank\" rel=\"noopener\">Resoluci\u00f3n de 27 de febrero de 2024, de la Direcci\u00f3n General de Planificaci\u00f3n, Centros y Ense\u00f1anza Concertada, por la que se actualizan los centros docentes p\u00fablicos que tienen autorizados y en funcionamiento los servicios complementarios de aula matinal, comedor escolar y actividades extraescolares<\/a><\/li>\n<li class=\"list-group-item\"><a href=\"https:\/\/www.juntadeandalucia.es\/eboja\/2024\/34\/s51.html\" target=\"_blank\" rel=\"noopener\">Decreto-ley 3\/2024, de 6 de febrero, por el que se adoptan medidas de simplificaci\u00f3n y racionalizaci\u00f3n administrativa para la mejora de las relaciones de los ciudadanos con la Administraci\u00f3n de la Junta de Andaluc\u00eda y el impulso de la actividad econ\u00f3mica en Andaluc\u00eda.<\/a><\/li>\n<li class=\"list-group-item\"><a href=\"https:\/\/www.juntadeandalucia.es\/boja\/2019\/250\/1\" target=\"_blank\" rel=\"noopener\">Decreto 622\/2019, de 27 de diciembre, de administraci\u00f3n electr\u00f3nica, simplificaci\u00f3n de procedimientos y racionalizaci\u00f3n organizativa de la Junta de Andaluc\u00eda<\/a><\/li>\n<li class=\"list-group-item\"><a href=\"https:\/\/www.juntadeandalucia.es\/eboja\/2019\/94\/BOJA19-094-00003-7200-01_00155556.pdf\" target=\"_blank\" rel=\"noopener\">Correcci\u00f3n de errores de la Orden de 27 de marzo de 2019, por la que se modifica la Orden de 17 de abril de 2017, por la que se regula la organizaci\u00f3n y el funcionamiento de los servicios complementarios de aula matinal, comedor escolar y actividades extraescolares, as\u00ed como el uso de las instalaciones de los centros docentes p\u00fablicos de la Comunidad Aut\u00f3noma de Andaluc\u00eda fuera del horario escolar (BOJA n\u00fam. 70, de 11.4.2019).<\/a><\/li>\n<li class=\"list-group-item\"><a href=\"http:\/\/juntadeandalucia.es\/boja\/2017\/78\/BOJA17-078-00027-7095-01_00112396.pdf\" target=\"_blank\" rel=\"noopener\">Orden de 17 abril de 2017, por la que se regula la organizaci\u00f3n y el funcionamiento de los servicios complementarios de aula matinal, comedor escolar y actividades extraescolares, as\u00ed como el uso de las instalaciones de los centros docentes p\u00fablicos de la Comunidad Aut\u00f3noma de Andaluc\u00eda fuera del horario escolar.<\/a><\/li>\n<li class=\"list-group-item\"><a href=\"http:\/\/juntadeandalucia.es\/boja\/2017\/20\/BOJA17-020-00009-1424-01_00106823.pdf\" target=\"_blank\" rel=\"noopener\">Decreto 6\/2017, de 16 de enero, por el que se regulan los servicios complementarios de aula matinal, comedor escolar y actividades extraescolares,as\u00ed como el uso de las instalaciones de los centros docentes p\u00fablicos de la Comunidad Aut\u00f3noma de Andaluc\u00eda fuera del horario escolar.<\/a><\/li>\n<li class=\"list-group-item\"><a href=\"https:\/\/www.juntadeandalucia.es\/boja\/2024\/150\/33\" target=\"_blank\" rel=\"noopener\">Acuerdo de 30 de julio de 2024, del Consejo de Gobierno, por el que se revisa la cuant\u00eda del precio p\u00fablico del servicio complementario de comedor escolar en los centros docentes p\u00fablicos de Andaluc\u00eda, establecido en el apartado A) del Anexo I del Acuerdo del Consejo de Gobierno, de 27 de marzo de 2018, por el que se fija la cuant\u00eda de los precios p\u00fablicos por los servicios complementarios de aula matinal, comedor escolar y actividades extraescolares en los centros docentes p\u00fablicos y por el servicio de residencia en las residencias escolares de Andaluc\u00eda.<\/a><\/li>\n<\/ul>\n","protected":false},"excerpt":{"rendered":"<p>CURSO 2024\/2025 CIRCULAR CON INSTRUCCIONES PARA EL USO DEL COMEDOR DE LA EMPRESA DE CATERING COMERTEL \u00bfCu\u00e1ndo empieza el servicio de comedor?&nbsp; El comienzo del servicio de comedor empieza el pr\u00f3ximo lunes 23 de&#46;&#46;&#46;<\/p>\n","protected":false},"author":1,"featured_media":0,"parent":0,"menu_order":0,"comment_status":"closed","ping_status":"open","template":"","meta":{"ngg_post_thumbnail":0,"footnotes":"","_mc_calendar":[]},"aioseo_notices":[],"_links":{"self":[{"href":"https:\/\/blogsaverroes.juntadeandalucia.es\/ceiphermanosarellano\/wp-json\/wp\/v2\/pages\/99"}],"collection":[{"href":"https:\/\/blogsaverroes.juntadeandalucia.es\/ceiphermanosarellano\/wp-json\/wp\/v2\/pages"}],"about":[{"href":"https:\/\/blogsaverroes.juntadeandalucia.es\/ceiphermanosarellano\/wp-json\/wp\/v2\/types\/page"}],"author":[{"embeddable":true,"href":"https:\/\/blogsaverroes.juntadeandalucia.es\/ceiphermanosarellano\/wp-json\/wp\/v2\/users\/1"}],"replies":[{"embeddable":true,"href":"https:\/\/blogsaverroes.juntadeandalucia.es\/ceiphermanosarellano\/wp-json\/wp\/v2\/comments?post=99"}],"version-history":[{"count":18,"href":"https:\/\/blogsaverroes.juntadeandalucia.es\/ceiphermanosarellano\/wp-json\/wp\/v2\/pages\/99\/revisions"}],"predecessor-version":[{"id":5995,"href":"https:\/\/blogsaverroes.juntadeandalucia.es\/ceiphermanosarellano\/wp-json\/wp\/v2\/pages\/99\/revisions\/5995"}],"wp:attachment":[{"href":"https:\/\/blogsaverroes.juntadeandalucia.es\/ceiphermanosarellano\/wp-json\/wp\/v2\/media?parent=99"}],"curies":[{"name":"wp","href":"https:\/\/api.w.org\/{rel}","templated":true}]}}