{"id":200,"date":"2015-03-17T10:04:24","date_gmt":"2015-03-17T10:04:24","guid":{"rendered":"http:\/\/blogsaverroes.juntadeandalucia.es\/pre\/ceip\/?page_id=200"},"modified":"2024-10-17T08:23:51","modified_gmt":"2024-10-17T08:23:51","slug":"quienes-formamos-el-ampa","status":"publish","type":"page","link":"https:\/\/blogsaverroes.juntadeandalucia.es\/ceiphermanosgilmuniz\/quienes-formamos-el-ampa\/","title":{"rendered":"\u00bfQuienes somos en el AMPA?"},"content":{"rendered":"<header class=\"entry-header\">ngg_shortcode_0_placeholder<\/header>\n<div class=\"entry-content clearfix\">\n<h1 style=\"text-align: center\">Junta directiva<\/h1>\n<p style=\"text-align: center\"><strong>Presidenta:<\/strong> Pilar S\u00e1nchez Garc\u00eda<\/p>\n<p style=\"text-align: center\"><strong>Secretaria: <\/strong>Yolanda Melgar<\/p>\n<p style=\"text-align: center\"><strong>Tesorera:<\/strong> Ana Mar\u00eda Alba Robledo<\/p>\n<p style=\"text-align: center\"><strong>Vocal<\/strong>: Liurlys Rosario Romero<\/p>\n<p style=\"text-align: center\"><strong>Vocal<\/strong>: Carmen Urbano<\/p>\n<p style=\"text-align: center\"><strong>Vocal<\/strong>: Ana Mar\u00eda L\u00f3pez<\/p>\n<p>&nbsp;<\/p>\n<h1>Funciones del AMPA<\/h1>\n<p><strong>Representar y defender los derechos e intereses de los padres y madres del alumnado<\/strong>&nbsp;de los centros educativos sostenidos con fondos p\u00fablicos que impartan ense\u00f1anzas de Infantil, Primaria, Secundaria, Bachilleratos, Formaci\u00f3n de Grado Medio y las Ense\u00f1anzas Especiales, de la provincia de M\u00e1laga, para conseguir que todo el alumnado reciba, de forma eficaz, una educaci\u00f3n plural, democr\u00e1tica, integradora, solidaria y compensadora de desigualdades.<\/p>\n<p>Potenciar la&nbsp;<strong>igualdad de g\u00e9nero<\/strong>.<\/p>\n<p>Potenciar y coordinar e<strong>sfuerzos, inquietudes y aspiraciones de todas las familias.<\/strong><\/p>\n<p>Promocionar toda clase de&nbsp;<strong>actividades educativas y culturales<\/strong>&nbsp;que sirvan para mejorar la formaci\u00f3n c\u00edvica e intelectual de todas las personas que integran el proceso educativo.<\/p>\n<p>Dirigir todos los intereses de sus miembros hacia una real&nbsp;<strong>participaci\u00f3n, gesti\u00f3n y control<\/strong>&nbsp;para conseguir una Escuela de Calidad y contribuir al progreso y mejora en la calidad de la misma.<\/p>\n<p>Promocionar el c<strong>onocimiento y la defensa del medio ambiente<\/strong>.<\/p>\n<p>Que el alumnado reciba una&nbsp;<strong>educaci\u00f3n humanista y cient\u00edfica, de alta calidad<\/strong>, orientada al pleno desarrollo de su personalidad, al fomento de h\u00e1bitos intelectuales, trabajo en equipo, esp\u00edritu cr\u00edtico y democr\u00e1tico.<\/p>\n<p><strong>Colaborar<\/strong>&nbsp;con las&nbsp;<strong>Administraciones P\u00fablicas<\/strong>&nbsp;con competencia en materia educativa para desarrollar y transmitir la Cultura Andaluza, tanto al alumnado como a los padres y madres.<\/p>\n<p><strong>Promover<\/strong>&nbsp;en el sistema educativo andaluz&nbsp;<strong>la igualdad de oportunidades<\/strong>&nbsp;sin ning\u00fan tipo de condicionamiento, compensando las desigualdades entre hombre y mujer, entre las razas y las clases sociales, prestando la atenci\u00f3n adecuada a las discapacidades f\u00edsicas, ps\u00edquicas y sensoriales.<\/p>\n<p>Una escuela laica y carente de todo tipo de adoctrinamiento.<\/p>\n<p><strong>Participar<\/strong>&nbsp;en el Consejo Escolar, Consejos de Participaci\u00f3n Ciudadana del Ayuntamiento.<\/p>\n<p><strong>Promocionar<\/strong>&nbsp;y fomentar,&nbsp; las Escuelas de Padres y Madres.<\/p>\n<p>&nbsp;<\/p>\n<h1>Datos de la asociaci\u00f3n<\/h1>\n<p>Raz\u00f3n social:&nbsp;<strong>AMPA LEGANITOS<\/strong><\/p>\n<p>Direcci\u00f3n:&nbsp;<strong>C\/SAN FRANCISCO 3, 29601, MARBELLA, M\u00c1LAGA<\/strong><\/p>\n<p>CIF: G 29727682<\/p>\n<p>Correo: ampaleganitosmarbella@gmail.com<\/p>\n<\/div>\n","protected":false},"excerpt":{"rendered":"<p>Junta directiva Presidenta: Pilar S\u00e1nchez Garc\u00eda Secretaria: Yolanda Melgar Tesorera: Ana Mar\u00eda Alba Robledo Vocal: Liurlys Rosario Romero Vocal: Carmen Urbano Vocal: Ana Mar\u00eda L\u00f3pez &nbsp; Funciones del AMPA Representar y defender los derechos&#46;&#46;&#46;<\/p>\n","protected":false},"author":1,"featured_media":0,"parent":0,"menu_order":0,"comment_status":"closed","ping_status":"open","template":"page-cs.php","meta":{"ngg_post_thumbnail":0,"footnotes":"","_mc_calendar":[]},"aioseo_notices":[],"_links":{"self":[{"href":"https:\/\/blogsaverroes.juntadeandalucia.es\/ceiphermanosgilmuniz\/wp-json\/wp\/v2\/pages\/200"}],"collection":[{"href":"https:\/\/blogsaverroes.juntadeandalucia.es\/ceiphermanosgilmuniz\/wp-json\/wp\/v2\/pages"}],"about":[{"href":"https:\/\/blogsaverroes.juntadeandalucia.es\/ceiphermanosgilmuniz\/wp-json\/wp\/v2\/types\/page"}],"author":[{"embeddable":true,"href":"https:\/\/blogsaverroes.juntadeandalucia.es\/ceiphermanosgilmuniz\/wp-json\/wp\/v2\/users\/1"}],"replies":[{"embeddable":true,"href":"https:\/\/blogsaverroes.juntadeandalucia.es\/ceiphermanosgilmuniz\/wp-json\/wp\/v2\/comments?post=200"}],"version-history":[{"count":8,"href":"https:\/\/blogsaverroes.juntadeandalucia.es\/ceiphermanosgilmuniz\/wp-json\/wp\/v2\/pages\/200\/revisions"}],"predecessor-version":[{"id":2786,"href":"https:\/\/blogsaverroes.juntadeandalucia.es\/ceiphermanosgilmuniz\/wp-json\/wp\/v2\/pages\/200\/revisions\/2786"}],"wp:attachment":[{"href":"https:\/\/blogsaverroes.juntadeandalucia.es\/ceiphermanosgilmuniz\/wp-json\/wp\/v2\/media?parent=200"}],"curies":[{"name":"wp","href":"https:\/\/api.w.org\/{rel}","templated":true}]}}