{"id":2559,"date":"2021-10-13T15:56:09","date_gmt":"2021-10-13T15:56:09","guid":{"rendered":"https:\/\/blogsaverroes.juntadeandalucia.es\/ceiphermanosgilmuniz\/?page_id=2559"},"modified":"2021-10-13T18:05:16","modified_gmt":"2021-10-13T18:05:16","slug":"erasmus","status":"publish","type":"page","link":"https:\/\/blogsaverroes.juntadeandalucia.es\/ceiphermanosgilmuniz\/erasmus\/","title":{"rendered":"ERASMUS+"},"content":{"rendered":"<h3><strong>\u00bfQu\u00e9 es Erasmus+?<br \/>\n<\/strong><\/h3>\n<p>Erasmus + es el programa de la UE para apoyar la educaci\u00f3n, la formaci\u00f3n, la juventud y el deporte en Europa.<br \/>\nEl programa 2021-2027 pone un fuerte \u00e9nfasis en la inclusi\u00f3n social, las transiciones verde y digital y la promoci\u00f3n de la participaci\u00f3n de los j\u00f3venes en la vida democr\u00e1tica.<\/p>\n<h3><img loading=\"lazy\" decoding=\"async\" class=\"size-medium wp-image-2585 aligncenter\" src=\"https:\/\/blogsaverroes.juntadeandalucia.es\/ceiphermanosgilmuniz\/files\/2021\/10\/juegos-cooperacion-300x200.jpg\" alt=\"\" width=\"300\" height=\"200\" srcset=\"https:\/\/blogsaverroes.juntadeandalucia.es\/ceiphermanosgilmuniz\/files\/2021\/10\/juegos-cooperacion-300x200.jpg 300w, https:\/\/blogsaverroes.juntadeandalucia.es\/ceiphermanosgilmuniz\/files\/2021\/10\/juegos-cooperacion-768x512.jpg 768w, https:\/\/blogsaverroes.juntadeandalucia.es\/ceiphermanosgilmuniz\/files\/2021\/10\/juegos-cooperacion-24x16.jpg 24w, https:\/\/blogsaverroes.juntadeandalucia.es\/ceiphermanosgilmuniz\/files\/2021\/10\/juegos-cooperacion-36x24.jpg 36w, https:\/\/blogsaverroes.juntadeandalucia.es\/ceiphermanosgilmuniz\/files\/2021\/10\/juegos-cooperacion-48x32.jpg 48w, https:\/\/blogsaverroes.juntadeandalucia.es\/ceiphermanosgilmuniz\/files\/2021\/10\/juegos-cooperacion.jpg 800w\" sizes=\"(max-width: 300px) 100vw, 300px\" \/><\/h3>\n<h3><strong>Oportunidades para nuestro alumnado.<br \/>\n<\/strong><\/h3>\n<p>Erasmus + ofrece oportunidades de movilidad y cooperaci\u00f3n en:<\/p>\n<ul>\n<li>Educaci\u00f3n superior<\/li>\n<li>Salud.<\/li>\n<li>Educaci\u00f3n escolar (incluida la educaci\u00f3n y el cuidado de la primera infancia)<\/li>\n<li>Deporte<\/li>\n<li>Etc.<\/li>\n<\/ul>\n<h3><strong>Nuestro Proyecto.<\/strong><\/h3>\n<p>De forma resumida, 4 son los objetivos esenciales que se pretende conseguir con este<br \/>\nproyecto:<\/p>\n<ul>\n<li><strong>Objetivo 1 : SALUD<\/strong><br \/>\nMejorar la autonom\u00eda personal y las habilidades sociales del alumnado para favorecer la<br \/>\ninclusi\u00f3n y beneficiarnos de la multiculturalidad de nuestro centro.<\/li>\n<li><strong>Objetivo 2 : EDUCACI\u00d3N EMOCIONAL<\/strong><br \/>\nDesarrollar habilidades para el conocimiento y la gesti\u00f3n de emociones mediante<br \/>\nestrategias orientadas a fomentar las fortalezas, aptitudes, procesos de aprendizaje y<br \/>\ncrecimiento personal.<\/li>\n<li><strong>Objetivo 3 : CUIDADO DEL MEDIO AMBIENTE<\/strong><br \/>\nValorar el entorno y desarrollar actitudes de cuidado, respeto y conservaci\u00f3n del mismo<br \/>\nconociendo los beneficios que el entorno aporta al ser humano.<\/li>\n<li><strong>Objetivo 4 : HABILIDADES COMUNICATIVAS<\/strong><br \/>\nConocer y utilizar distintas formas de comunicaci\u00f3n -tanto anal\u00f3gicos como digitales- para<br \/>\npoder expresar su mundo interior, entender el mundo que les rodea y crear un sentimiento<br \/>\nde pertenencia com\u00fan dentro de la pluralidad europea.<\/li>\n<\/ul>\n<p><a href=\"https:\/\/blogsaverroes.juntadeandalucia.es\/ceiphermanosgilmuniz\/files\/2021\/10\/es_cofinanciado_por_la_union_europea_pos.png\"><img loading=\"lazy\" decoding=\"async\" class=\"alignnone size-medium wp-image-2586\" src=\"https:\/\/blogsaverroes.juntadeandalucia.es\/ceiphermanosgilmuniz\/files\/2021\/10\/es_cofinanciado_por_la_union_europea_pos-300x63.png\" alt=\"\" width=\"300\" height=\"63\" srcset=\"https:\/\/blogsaverroes.juntadeandalucia.es\/ceiphermanosgilmuniz\/files\/2021\/10\/es_cofinanciado_por_la_union_europea_pos-300x63.png 300w, https:\/\/blogsaverroes.juntadeandalucia.es\/ceiphermanosgilmuniz\/files\/2021\/10\/es_cofinanciado_por_la_union_europea_pos-1024x215.png 1024w, https:\/\/blogsaverroes.juntadeandalucia.es\/ceiphermanosgilmuniz\/files\/2021\/10\/es_cofinanciado_por_la_union_europea_pos-768x161.png 768w, https:\/\/blogsaverroes.juntadeandalucia.es\/ceiphermanosgilmuniz\/files\/2021\/10\/es_cofinanciado_por_la_union_europea_pos-1536x322.png 1536w, https:\/\/blogsaverroes.juntadeandalucia.es\/ceiphermanosgilmuniz\/files\/2021\/10\/es_cofinanciado_por_la_union_europea_pos-2048x429.png 2048w, https:\/\/blogsaverroes.juntadeandalucia.es\/ceiphermanosgilmuniz\/files\/2021\/10\/es_cofinanciado_por_la_union_europea_pos-24x5.png 24w, https:\/\/blogsaverroes.juntadeandalucia.es\/ceiphermanosgilmuniz\/files\/2021\/10\/es_cofinanciado_por_la_union_europea_pos-36x8.png 36w, https:\/\/blogsaverroes.juntadeandalucia.es\/ceiphermanosgilmuniz\/files\/2021\/10\/es_cofinanciado_por_la_union_europea_pos-48x10.png 48w, https:\/\/blogsaverroes.juntadeandalucia.es\/ceiphermanosgilmuniz\/files\/2021\/10\/es_cofinanciado_por_la_union_europea_pos.png 1600w\" sizes=\"(max-width: 300px) 100vw, 300px\" \/><\/a><\/p>\n","protected":false},"excerpt":{"rendered":"<p>\u00bfQu\u00e9 es Erasmus+? Erasmus + es el programa de la UE para apoyar la educaci\u00f3n, la formaci\u00f3n, la juventud y el deporte en Europa. El programa 2021-2027 pone un fuerte \u00e9nfasis en la inclusi\u00f3n&#46;&#46;&#46;<\/p>\n","protected":false},"author":11089,"featured_media":2586,"parent":0,"menu_order":0,"comment_status":"closed","ping_status":"closed","template":"page-c.php","meta":{"ngg_post_thumbnail":0,"footnotes":"","_mc_calendar":[]},"aioseo_notices":[],"_links":{"self":[{"href":"https:\/\/blogsaverroes.juntadeandalucia.es\/ceiphermanosgilmuniz\/wp-json\/wp\/v2\/pages\/2559"}],"collection":[{"href":"https:\/\/blogsaverroes.juntadeandalucia.es\/ceiphermanosgilmuniz\/wp-json\/wp\/v2\/pages"}],"about":[{"href":"https:\/\/blogsaverroes.juntadeandalucia.es\/ceiphermanosgilmuniz\/wp-json\/wp\/v2\/types\/page"}],"author":[{"embeddable":true,"href":"https:\/\/blogsaverroes.juntadeandalucia.es\/ceiphermanosgilmuniz\/wp-json\/wp\/v2\/users\/11089"}],"replies":[{"embeddable":true,"href":"https:\/\/blogsaverroes.juntadeandalucia.es\/ceiphermanosgilmuniz\/wp-json\/wp\/v2\/comments?post=2559"}],"version-history":[{"count":5,"href":"https:\/\/blogsaverroes.juntadeandalucia.es\/ceiphermanosgilmuniz\/wp-json\/wp\/v2\/pages\/2559\/revisions"}],"predecessor-version":[{"id":2638,"href":"https:\/\/blogsaverroes.juntadeandalucia.es\/ceiphermanosgilmuniz\/wp-json\/wp\/v2\/pages\/2559\/revisions\/2638"}],"wp:featuredmedia":[{"embeddable":true,"href":"https:\/\/blogsaverroes.juntadeandalucia.es\/ceiphermanosgilmuniz\/wp-json\/wp\/v2\/media\/2586"}],"wp:attachment":[{"href":"https:\/\/blogsaverroes.juntadeandalucia.es\/ceiphermanosgilmuniz\/wp-json\/wp\/v2\/media?parent=2559"}],"curies":[{"name":"wp","href":"https:\/\/api.w.org\/{rel}","templated":true}]}}