{"id":2858,"date":"2024-11-18T11:17:49","date_gmt":"2024-11-18T11:17:49","guid":{"rendered":"https:\/\/blogsaverroes.juntadeandalucia.es\/ceiphermanosgilmuniz\/?page_id=2858"},"modified":"2024-11-19T13:02:02","modified_gmt":"2024-11-19T13:02:02","slug":"ensenanzas-ofertadas","status":"publish","type":"page","link":"https:\/\/blogsaverroes.juntadeandalucia.es\/ceiphermanosgilmuniz\/ensenanzas-ofertadas\/","title":{"rendered":"Ense\u00f1anzas ofertadas"},"content":{"rendered":"<p>En nuestro centro educativo, ofrecemos dos etapas clave en el desarrollo de los ni\u00f1os: <strong>Educaci\u00f3n Infantil<\/strong> y <strong>Educaci\u00f3n Primaria<\/strong>, adaptadas a las necesidades y caracter\u00edsticas de cada etapa.<\/p>\n<h3><strong>Educaci\u00f3n Infantil (3 a 5 a\u00f1os)<\/strong><\/h3>\n<p>La <strong>Educaci\u00f3n Infantil<\/strong> es una etapa fundamental en el desarrollo de los m\u00e1s peque\u00f1os. En nuestro centro, los ni\u00f1os y ni\u00f1as de 3 a 5 a\u00f1os comienzan a explorar el mundo que les rodea a trav\u00e9s del juego, la creatividad y actividades que fomentan su desarrollo emocional, social y cognitivo. El objetivo principal es que los ni\u00f1os adquieran habilidades b\u00e1sicas en \u00e1reas como la comunicaci\u00f3n, la motricidad, la relaci\u00f3n con otros y el descubrimiento de s\u00ed mismos, en un entorno seguro y estimulante.<\/p>\n<h3><strong>Educaci\u00f3n Primaria (6 a 12 a\u00f1os)<\/strong><\/h3>\n<p>La <strong>Educaci\u00f3n Primaria<\/strong> cubre los cursos de 1\u00ba a 6\u00ba y es crucial para sentar las bases del aprendizaje formal. Durante esta etapa, los alumnos desarrollan competencias en \u00e1reas como lengua, matem\u00e1ticas, ciencias, sociales, y art\u00edstica, entre otras. El enfoque educativo en esta etapa es integral, promoviendo tanto el desarrollo acad\u00e9mico como la formaci\u00f3n en valores y habilidades sociales, preparando a los ni\u00f1os para enfrentar los retos de la sociedad moderna.<\/p>\n<hr>\n<p>Ambas etapas se imparten en un ambiente de aprendizaje colaborativo, donde el trabajo en equipo, la participaci\u00f3n y el respeto son fundamentales. Nuestro objetivo es acompa\u00f1ar a cada alumno en su crecimiento, asegur\u00e1ndonos de que desarrollen su m\u00e1ximo potencial.<\/p>\n","protected":false},"excerpt":{"rendered":"<p>En nuestro centro educativo, ofrecemos dos etapas clave en el desarrollo de los ni\u00f1os: Educaci\u00f3n Infantil y Educaci\u00f3n Primaria, adaptadas a las necesidades y caracter\u00edsticas de cada etapa. Educaci\u00f3n Infantil (3 a 5 a\u00f1os)&#46;&#46;&#46;<\/p>\n","protected":false},"author":11089,"featured_media":0,"parent":0,"menu_order":0,"comment_status":"closed","ping_status":"closed","template":"","meta":{"ngg_post_thumbnail":0,"footnotes":"","_mc_calendar":[]},"aioseo_notices":[],"_links":{"self":[{"href":"https:\/\/blogsaverroes.juntadeandalucia.es\/ceiphermanosgilmuniz\/wp-json\/wp\/v2\/pages\/2858"}],"collection":[{"href":"https:\/\/blogsaverroes.juntadeandalucia.es\/ceiphermanosgilmuniz\/wp-json\/wp\/v2\/pages"}],"about":[{"href":"https:\/\/blogsaverroes.juntadeandalucia.es\/ceiphermanosgilmuniz\/wp-json\/wp\/v2\/types\/page"}],"author":[{"embeddable":true,"href":"https:\/\/blogsaverroes.juntadeandalucia.es\/ceiphermanosgilmuniz\/wp-json\/wp\/v2\/users\/11089"}],"replies":[{"embeddable":true,"href":"https:\/\/blogsaverroes.juntadeandalucia.es\/ceiphermanosgilmuniz\/wp-json\/wp\/v2\/comments?post=2858"}],"version-history":[{"count":3,"href":"https:\/\/blogsaverroes.juntadeandalucia.es\/ceiphermanosgilmuniz\/wp-json\/wp\/v2\/pages\/2858\/revisions"}],"predecessor-version":[{"id":2922,"href":"https:\/\/blogsaverroes.juntadeandalucia.es\/ceiphermanosgilmuniz\/wp-json\/wp\/v2\/pages\/2858\/revisions\/2922"}],"wp:attachment":[{"href":"https:\/\/blogsaverroes.juntadeandalucia.es\/ceiphermanosgilmuniz\/wp-json\/wp\/v2\/media?parent=2858"}],"curies":[{"name":"wp","href":"https:\/\/api.w.org\/{rel}","templated":true}]}}