{"id":2873,"date":"2024-11-19T08:22:30","date_gmt":"2024-11-19T08:22:30","guid":{"rendered":"https:\/\/blogsaverroes.juntadeandalucia.es\/ceiphermanosgilmuniz\/?page_id=2873"},"modified":"2024-11-19T08:30:14","modified_gmt":"2024-11-19T08:30:14","slug":"lengua","status":"publish","type":"page","link":"https:\/\/blogsaverroes.juntadeandalucia.es\/ceiphermanosgilmuniz\/lengua\/","title":{"rendered":"Lengua"},"content":{"rendered":"<p>Os compartimos las programaciones did\u00e1cticas de Lengua Castellana y Literatura.<\/p>\n<p><a href=\"https:\/\/drive.google.com\/file\/d\/10dvRVfk92H4_LOxwPAck_AMuPzUwhrU0\/view?usp=drive_link\" target=\"_blank\" rel=\"noopener\">Programaci\u00f3n Did\u00e1ctica Lengua 1\u00ba<\/a><\/p>\n<p><a href=\"https:\/\/drive.google.com\/file\/d\/1OvpOH0qkpKRMDfmXjR8nj9fBPzEq9q9y\/view?usp=drive_link\" target=\"_blank\" rel=\"noopener\">Programaci\u00f3n Did\u00e1ctica Lengua 2\u00ba<\/a><\/p>\n<p><a href=\"https:\/\/drive.google.com\/file\/d\/1znnA-NPP0hC-aCtG_O_DwD6vLyR1Kzik\/view?usp=drive_link\" target=\"_blank\" rel=\"noopener\">Programaci\u00f3n Did\u00e1ctica Lengua 3\u00ba<\/a><\/p>\n<p><a href=\"https:\/\/drive.google.com\/file\/d\/1-HkkJXBJATn2Wf4awlCXLgoUdzySwiFE\/view?usp=drive_link\" target=\"_blank\" rel=\"noopener\">Programaci\u00f3n Did\u00e1ctica Lengua 4\u00ba<\/a><\/p>\n<p><a href=\"https:\/\/drive.google.com\/file\/d\/1tYjKk2Y3J9qPUZHomiL55q3-dj9xXqBj\/view?usp=drive_link\" target=\"_blank\" rel=\"noopener\">Programaci\u00f3n Did\u00e1ctica Lengua 5\u00ba<\/a><\/p>\n<p><a href=\"https:\/\/drive.google.com\/file\/d\/1S3YqJyA36mwrZyeXUNRWHlX-A50uzsNv\/view?usp=drive_link\" target=\"_blank\" rel=\"noopener\">Programaci\u00f3n Did\u00e1ctica Lengua 6\u00ba<\/a><\/p>\n","protected":false},"excerpt":{"rendered":"<p>Os compartimos las programaciones did\u00e1cticas de Lengua Castellana y Literatura. Programaci\u00f3n Did\u00e1ctica Lengua 1\u00ba Programaci\u00f3n Did\u00e1ctica Lengua 2\u00ba Programaci\u00f3n Did\u00e1ctica Lengua 3\u00ba Programaci\u00f3n Did\u00e1ctica Lengua 4\u00ba Programaci\u00f3n Did\u00e1ctica Lengua 5\u00ba Programaci\u00f3n Did\u00e1ctica Lengua 6\u00ba<\/p>\n","protected":false},"author":11089,"featured_media":0,"parent":0,"menu_order":0,"comment_status":"closed","ping_status":"closed","template":"","meta":{"ngg_post_thumbnail":0,"footnotes":"","_mc_calendar":[]},"aioseo_notices":[],"_links":{"self":[{"href":"https:\/\/blogsaverroes.juntadeandalucia.es\/ceiphermanosgilmuniz\/wp-json\/wp\/v2\/pages\/2873"}],"collection":[{"href":"https:\/\/blogsaverroes.juntadeandalucia.es\/ceiphermanosgilmuniz\/wp-json\/wp\/v2\/pages"}],"about":[{"href":"https:\/\/blogsaverroes.juntadeandalucia.es\/ceiphermanosgilmuniz\/wp-json\/wp\/v2\/types\/page"}],"author":[{"embeddable":true,"href":"https:\/\/blogsaverroes.juntadeandalucia.es\/ceiphermanosgilmuniz\/wp-json\/wp\/v2\/users\/11089"}],"replies":[{"embeddable":true,"href":"https:\/\/blogsaverroes.juntadeandalucia.es\/ceiphermanosgilmuniz\/wp-json\/wp\/v2\/comments?post=2873"}],"version-history":[{"count":3,"href":"https:\/\/blogsaverroes.juntadeandalucia.es\/ceiphermanosgilmuniz\/wp-json\/wp\/v2\/pages\/2873\/revisions"}],"predecessor-version":[{"id":2900,"href":"https:\/\/blogsaverroes.juntadeandalucia.es\/ceiphermanosgilmuniz\/wp-json\/wp\/v2\/pages\/2873\/revisions\/2900"}],"wp:attachment":[{"href":"https:\/\/blogsaverroes.juntadeandalucia.es\/ceiphermanosgilmuniz\/wp-json\/wp\/v2\/media?parent=2873"}],"curies":[{"name":"wp","href":"https:\/\/api.w.org\/{rel}","templated":true}]}}