{"id":2874,"date":"2024-11-19T08:22:30","date_gmt":"2024-11-19T08:22:30","guid":{"rendered":"https:\/\/blogsaverroes.juntadeandalucia.es\/ceiphermanosgilmuniz\/?page_id=2874"},"modified":"2024-11-19T08:36:16","modified_gmt":"2024-11-19T08:36:16","slug":"matematicas","status":"publish","type":"page","link":"https:\/\/blogsaverroes.juntadeandalucia.es\/ceiphermanosgilmuniz\/matematicas\/","title":{"rendered":"Matem\u00e1ticas"},"content":{"rendered":"<p>Os compartimos las programaciones did\u00e1cticas de Matem\u00e1ticas.<\/p>\n<p><a href=\"https:\/\/drive.google.com\/file\/d\/1FW-nmBT1JrPXaAwhGMvHhDHazkBy8PnP\/view?usp=drive_link\" target=\"_blank\" rel=\"noopener\">Programaci\u00f3n Did\u00e1ctica Matem\u00e1ticas 1\u00ba<\/a><\/p>\n<p><a href=\"https:\/\/drive.google.com\/file\/d\/1OyRCey1TaaOBYD6RR0mCfOfYoLN8jbUw\/view?usp=drive_link\" target=\"_blank\" rel=\"noopener\">Programaci\u00f3n Did\u00e1ctica Matem\u00e1ticas 2\u00ba<\/a><\/p>\n<p><a href=\"https:\/\/drive.google.com\/file\/d\/1bu_b27akrGxxMsvmJAi8EGNRG_mRa8PA\/view?usp=drive_link\" target=\"_blank\" rel=\"noopener\">Programaci\u00f3n Did\u00e1ctica Matem\u00e1ticas 3\u00ba<\/a><\/p>\n<p><a href=\"https:\/\/drive.google.com\/file\/d\/1BtvyedJnCrluMyhk33xU6XxJhiYzZooa\/view?usp=drive_link\" target=\"_blank\" rel=\"noopener\">Programaci\u00f3n Did\u00e1ctica Matem\u00e1ticas 4\u00ba<\/a><\/p>\n<p><a href=\"https:\/\/drive.google.com\/file\/d\/1rgP7OoCdE2bfBQtLWVgLTxLkIsBCOPpw\/view?usp=drive_link\">Programaci\u00f3n Did\u00e1ctica Matem\u00e1ticas 5\u00ba<\/a><\/p>\n<p><a href=\"https:\/\/drive.google.com\/file\/d\/1PPsucFKeQ-3g9IAi03kr7JRJPkcC8WXI\/view?usp=drive_link\" target=\"_blank\" rel=\"noopener\">Programaci\u00f3n Did\u00e1ctica Matem\u00e1ticas 6\u00ba<\/a><\/p>\n","protected":false},"excerpt":{"rendered":"<p>Os compartimos las programaciones did\u00e1cticas de Matem\u00e1ticas. Programaci\u00f3n Did\u00e1ctica Matem\u00e1ticas 1\u00ba Programaci\u00f3n Did\u00e1ctica Matem\u00e1ticas 2\u00ba Programaci\u00f3n Did\u00e1ctica Matem\u00e1ticas 3\u00ba Programaci\u00f3n Did\u00e1ctica Matem\u00e1ticas 4\u00ba Programaci\u00f3n Did\u00e1ctica Matem\u00e1ticas 5\u00ba Programaci\u00f3n Did\u00e1ctica Matem\u00e1ticas 6\u00ba<\/p>\n","protected":false},"author":11089,"featured_media":0,"parent":0,"menu_order":0,"comment_status":"closed","ping_status":"closed","template":"","meta":{"ngg_post_thumbnail":0,"footnotes":"","_mc_calendar":[]},"aioseo_notices":[],"_links":{"self":[{"href":"https:\/\/blogsaverroes.juntadeandalucia.es\/ceiphermanosgilmuniz\/wp-json\/wp\/v2\/pages\/2874"}],"collection":[{"href":"https:\/\/blogsaverroes.juntadeandalucia.es\/ceiphermanosgilmuniz\/wp-json\/wp\/v2\/pages"}],"about":[{"href":"https:\/\/blogsaverroes.juntadeandalucia.es\/ceiphermanosgilmuniz\/wp-json\/wp\/v2\/types\/page"}],"author":[{"embeddable":true,"href":"https:\/\/blogsaverroes.juntadeandalucia.es\/ceiphermanosgilmuniz\/wp-json\/wp\/v2\/users\/11089"}],"replies":[{"embeddable":true,"href":"https:\/\/blogsaverroes.juntadeandalucia.es\/ceiphermanosgilmuniz\/wp-json\/wp\/v2\/comments?post=2874"}],"version-history":[{"count":3,"href":"https:\/\/blogsaverroes.juntadeandalucia.es\/ceiphermanosgilmuniz\/wp-json\/wp\/v2\/pages\/2874\/revisions"}],"predecessor-version":[{"id":2902,"href":"https:\/\/blogsaverroes.juntadeandalucia.es\/ceiphermanosgilmuniz\/wp-json\/wp\/v2\/pages\/2874\/revisions\/2902"}],"wp:attachment":[{"href":"https:\/\/blogsaverroes.juntadeandalucia.es\/ceiphermanosgilmuniz\/wp-json\/wp\/v2\/media?parent=2874"}],"curies":[{"name":"wp","href":"https:\/\/api.w.org\/{rel}","templated":true}]}}