{"id":2875,"date":"2024-11-19T08:22:30","date_gmt":"2024-11-19T08:22:30","guid":{"rendered":"https:\/\/blogsaverroes.juntadeandalucia.es\/ceiphermanosgilmuniz\/?page_id=2875"},"modified":"2024-11-19T08:45:12","modified_gmt":"2024-11-19T08:45:12","slug":"conocimiento-del-medio","status":"publish","type":"page","link":"https:\/\/blogsaverroes.juntadeandalucia.es\/ceiphermanosgilmuniz\/conocimiento-del-medio\/","title":{"rendered":"Conocimiento del Medio"},"content":{"rendered":"<p>Os compartimos las programaciones did\u00e1cticas de Conocimiento del Medio.&nbsp;<\/p>\n<p><a href=\"https:\/\/drive.google.com\/file\/d\/1O1BHlDYcNpd4tfdB3T-dPe7zcwEzocAf\/view?usp=drive_link\" target=\"_blank\" rel=\"noopener\">Programaci\u00f3n Did\u00e1ctica Conocimiento del Medio 1\u00ba<\/a><\/p>\n<p><a href=\"https:\/\/drive.google.com\/file\/d\/14FutrWzSM-FbKDLRQkIMuvnxEbBK8jwy\/view?usp=drive_link\" target=\"_blank\" rel=\"noopener\">Programaci\u00f3n Did\u00e1ctica Conocimiento del Medio 2\u00ba<\/a><\/p>\n<p><a href=\"https:\/\/drive.google.com\/file\/d\/1nUqNq2KPF7I9MFs2tRIElLAWLTJdYAhv\/view?usp=drive_link\" target=\"_blank\" rel=\"noopener\">Programaci\u00f3n Did\u00e1ctica Conocimiento del Medio 3\u00ba<\/a><\/p>\n<p><a href=\"https:\/\/drive.google.com\/file\/d\/1TMMmIrb8fVy9NdtUy-0TRa4O4Ei0iYbF\/view?usp=drive_link\" target=\"_blank\" rel=\"noopener\">Programaci\u00f3n Did\u00e1ctica Conocimiento del Medio 4\u00ba<\/a><\/p>\n<p><a href=\"https:\/\/drive.google.com\/file\/d\/1tfoJuZwAZ96wsnRJN7MYfnFQObxMVgKG\/view?usp=drive_link\" target=\"_blank\" rel=\"noopener\">Programaci\u00f3n Did\u00e1ctica Conocimiento del Medio 5\u00ba<\/a><\/p>\n<p><a href=\"https:\/\/drive.google.com\/file\/d\/1Imjkfqo04YwUebZp3OXAflx_UjZGWrPf\/view?usp=drive_link\">Programaci\u00f3n Did\u00e1ctica Conocimiento del Medio 6\u00ba<\/a><\/p>\n<p>&nbsp;<\/p>\n","protected":false},"excerpt":{"rendered":"<p>Os compartimos las programaciones did\u00e1cticas de Conocimiento del Medio.&nbsp; Programaci\u00f3n Did\u00e1ctica Conocimiento del Medio 1\u00ba Programaci\u00f3n Did\u00e1ctica Conocimiento del Medio 2\u00ba Programaci\u00f3n Did\u00e1ctica Conocimiento del Medio 3\u00ba Programaci\u00f3n Did\u00e1ctica Conocimiento del Medio 4\u00ba Programaci\u00f3n&#46;&#46;&#46;<\/p>\n","protected":false},"author":11089,"featured_media":0,"parent":0,"menu_order":0,"comment_status":"closed","ping_status":"closed","template":"","meta":{"ngg_post_thumbnail":0,"footnotes":"","_mc_calendar":[]},"aioseo_notices":[],"_links":{"self":[{"href":"https:\/\/blogsaverroes.juntadeandalucia.es\/ceiphermanosgilmuniz\/wp-json\/wp\/v2\/pages\/2875"}],"collection":[{"href":"https:\/\/blogsaverroes.juntadeandalucia.es\/ceiphermanosgilmuniz\/wp-json\/wp\/v2\/pages"}],"about":[{"href":"https:\/\/blogsaverroes.juntadeandalucia.es\/ceiphermanosgilmuniz\/wp-json\/wp\/v2\/types\/page"}],"author":[{"embeddable":true,"href":"https:\/\/blogsaverroes.juntadeandalucia.es\/ceiphermanosgilmuniz\/wp-json\/wp\/v2\/users\/11089"}],"replies":[{"embeddable":true,"href":"https:\/\/blogsaverroes.juntadeandalucia.es\/ceiphermanosgilmuniz\/wp-json\/wp\/v2\/comments?post=2875"}],"version-history":[{"count":3,"href":"https:\/\/blogsaverroes.juntadeandalucia.es\/ceiphermanosgilmuniz\/wp-json\/wp\/v2\/pages\/2875\/revisions"}],"predecessor-version":[{"id":2904,"href":"https:\/\/blogsaverroes.juntadeandalucia.es\/ceiphermanosgilmuniz\/wp-json\/wp\/v2\/pages\/2875\/revisions\/2904"}],"wp:attachment":[{"href":"https:\/\/blogsaverroes.juntadeandalucia.es\/ceiphermanosgilmuniz\/wp-json\/wp\/v2\/media?parent=2875"}],"curies":[{"name":"wp","href":"https:\/\/api.w.org\/{rel}","templated":true}]}}