{"id":2876,"date":"2024-11-19T08:22:30","date_gmt":"2024-11-19T08:22:30","guid":{"rendered":"https:\/\/blogsaverroes.juntadeandalucia.es\/ceiphermanosgilmuniz\/?page_id=2876"},"modified":"2024-11-19T11:47:09","modified_gmt":"2024-11-19T11:47:09","slug":"ingles","status":"publish","type":"page","link":"https:\/\/blogsaverroes.juntadeandalucia.es\/ceiphermanosgilmuniz\/ingles\/","title":{"rendered":"Ingl\u00e9s"},"content":{"rendered":"<p>Os compartimos las programaciones did\u00e1cticas de Ingl\u00e9s.<br \/>\n<a href=\"https:\/\/drive.google.com\/file\/d\/167vDSB0Hj4oThXs-NMfnx_68D8LtVqEZ\/view?usp=drive_link\" target=\"_blank\" rel=\"noopener\">Programaci\u00f3n Did\u00e1ctica Ingl\u00e9s 1\u00ba<\/a><\/p>\n<p><a href=\"https:\/\/drive.google.com\/file\/d\/1yxKn07aNZVGcvVXgMkUCLoiV9Lm8ESow\/view?usp=drive_link\" target=\"_blank\" rel=\"noopener\">Programaci\u00f3n Did\u00e1ctica Ingl\u00e9s 2\u00ba<\/a><\/p>\n<p><a href=\"https:\/\/drive.google.com\/file\/d\/1OlyCXoCytMFF4qvd4eZUP5v8mVMM_WfB\/view?usp=drive_link\" target=\"_blank\" rel=\"noopener\">Programaci\u00f3n Did\u00e1ctica Ingl\u00e9s 3\u00ba<\/a><\/p>\n<p><a href=\"https:\/\/drive.google.com\/file\/d\/1xy9Nzj_MEflFO9_4gfGSWtFtZHFJ6dPJ\/view?usp=drive_link\" target=\"_blank\" rel=\"noopener\">Programaci\u00f3n Did\u00e1ctica Ingl\u00e9s 4\u00ba<\/a><\/p>\n<p><a href=\"https:\/\/drive.google.com\/file\/d\/1tlyUGOpH1OAe-Pdeu2J7UgloAOF9NnGM\/view?usp=drive_link\" target=\"_blank\" rel=\"noopener\">Programaci\u00f3n Did\u00e1ctica Ingl\u00e9s 5\u00ba<\/a><\/p>\n<p><a href=\"https:\/\/drive.google.com\/file\/d\/1Ln3Mq6OY-f3VNYVcHio992vDdJUG6cuq\/view?usp=drive_link\" target=\"_blank\" rel=\"noopener\">Programaci\u00f3n Did\u00e1ctica Ingl\u00e9s 6\u00ba<\/a><\/p>\n","protected":false},"excerpt":{"rendered":"<p>Os compartimos las programaciones did\u00e1cticas de Ingl\u00e9s. Programaci\u00f3n Did\u00e1ctica Ingl\u00e9s 1\u00ba Programaci\u00f3n Did\u00e1ctica Ingl\u00e9s 2\u00ba Programaci\u00f3n Did\u00e1ctica Ingl\u00e9s 3\u00ba Programaci\u00f3n Did\u00e1ctica Ingl\u00e9s 4\u00ba Programaci\u00f3n Did\u00e1ctica Ingl\u00e9s 5\u00ba Programaci\u00f3n Did\u00e1ctica Ingl\u00e9s 6\u00ba<\/p>\n","protected":false},"author":11089,"featured_media":0,"parent":0,"menu_order":0,"comment_status":"closed","ping_status":"closed","template":"","meta":{"ngg_post_thumbnail":0,"footnotes":"","_mc_calendar":[]},"aioseo_notices":[],"_links":{"self":[{"href":"https:\/\/blogsaverroes.juntadeandalucia.es\/ceiphermanosgilmuniz\/wp-json\/wp\/v2\/pages\/2876"}],"collection":[{"href":"https:\/\/blogsaverroes.juntadeandalucia.es\/ceiphermanosgilmuniz\/wp-json\/wp\/v2\/pages"}],"about":[{"href":"https:\/\/blogsaverroes.juntadeandalucia.es\/ceiphermanosgilmuniz\/wp-json\/wp\/v2\/types\/page"}],"author":[{"embeddable":true,"href":"https:\/\/blogsaverroes.juntadeandalucia.es\/ceiphermanosgilmuniz\/wp-json\/wp\/v2\/users\/11089"}],"replies":[{"embeddable":true,"href":"https:\/\/blogsaverroes.juntadeandalucia.es\/ceiphermanosgilmuniz\/wp-json\/wp\/v2\/comments?post=2876"}],"version-history":[{"count":3,"href":"https:\/\/blogsaverroes.juntadeandalucia.es\/ceiphermanosgilmuniz\/wp-json\/wp\/v2\/pages\/2876\/revisions"}],"predecessor-version":[{"id":2906,"href":"https:\/\/blogsaverroes.juntadeandalucia.es\/ceiphermanosgilmuniz\/wp-json\/wp\/v2\/pages\/2876\/revisions\/2906"}],"wp:attachment":[{"href":"https:\/\/blogsaverroes.juntadeandalucia.es\/ceiphermanosgilmuniz\/wp-json\/wp\/v2\/media?parent=2876"}],"curies":[{"name":"wp","href":"https:\/\/api.w.org\/{rel}","templated":true}]}}