{"id":2878,"date":"2024-11-19T08:22:30","date_gmt":"2024-11-19T08:22:30","guid":{"rendered":"https:\/\/blogsaverroes.juntadeandalucia.es\/ceiphermanosgilmuniz\/?page_id=2878"},"modified":"2024-11-19T11:54:49","modified_gmt":"2024-11-19T11:54:49","slug":"frances","status":"publish","type":"page","link":"https:\/\/blogsaverroes.juntadeandalucia.es\/ceiphermanosgilmuniz\/frances\/","title":{"rendered":"Franc\u00e9s"},"content":{"rendered":"<p>Os compartimos las programaciones did\u00e1cticas de Franc\u00e9s.<\/p>\n<p><a href=\"https:\/\/drive.google.com\/file\/d\/1AAYAs2MKRRZICk7gDjZKv8sTVcmLy_qb\/view?usp=drive_link\" target=\"_blank\" rel=\"noopener\">Programaci\u00f3n Did\u00e1ctica Franc\u00e9s 5\u00ba<\/a><\/p>\n<p><a href=\"https:\/\/drive.google.com\/file\/d\/1yJOAXhXfEflyLeDR06YeGSpAAKJd2ayR\/view?usp=drive_link\" target=\"_blank\" rel=\"noopener\">Programaci\u00f3n Did\u00e1ctica Franc\u00e9s 6\u00ba<\/a><\/p>\n","protected":false},"excerpt":{"rendered":"<p>Os compartimos las programaciones did\u00e1cticas de Franc\u00e9s. Programaci\u00f3n Did\u00e1ctica Franc\u00e9s 5\u00ba Programaci\u00f3n Did\u00e1ctica Franc\u00e9s 6\u00ba<\/p>\n","protected":false},"author":11089,"featured_media":0,"parent":0,"menu_order":0,"comment_status":"closed","ping_status":"closed","template":"","meta":{"ngg_post_thumbnail":0,"footnotes":"","_mc_calendar":[]},"aioseo_notices":[],"_links":{"self":[{"href":"https:\/\/blogsaverroes.juntadeandalucia.es\/ceiphermanosgilmuniz\/wp-json\/wp\/v2\/pages\/2878"}],"collection":[{"href":"https:\/\/blogsaverroes.juntadeandalucia.es\/ceiphermanosgilmuniz\/wp-json\/wp\/v2\/pages"}],"about":[{"href":"https:\/\/blogsaverroes.juntadeandalucia.es\/ceiphermanosgilmuniz\/wp-json\/wp\/v2\/types\/page"}],"author":[{"embeddable":true,"href":"https:\/\/blogsaverroes.juntadeandalucia.es\/ceiphermanosgilmuniz\/wp-json\/wp\/v2\/users\/11089"}],"replies":[{"embeddable":true,"href":"https:\/\/blogsaverroes.juntadeandalucia.es\/ceiphermanosgilmuniz\/wp-json\/wp\/v2\/comments?post=2878"}],"version-history":[{"count":3,"href":"https:\/\/blogsaverroes.juntadeandalucia.es\/ceiphermanosgilmuniz\/wp-json\/wp\/v2\/pages\/2878\/revisions"}],"predecessor-version":[{"id":2911,"href":"https:\/\/blogsaverroes.juntadeandalucia.es\/ceiphermanosgilmuniz\/wp-json\/wp\/v2\/pages\/2878\/revisions\/2911"}],"wp:attachment":[{"href":"https:\/\/blogsaverroes.juntadeandalucia.es\/ceiphermanosgilmuniz\/wp-json\/wp\/v2\/media?parent=2878"}],"curies":[{"name":"wp","href":"https:\/\/api.w.org\/{rel}","templated":true}]}}