{"id":2880,"date":"2024-11-19T08:22:31","date_gmt":"2024-11-19T08:22:31","guid":{"rendered":"https:\/\/blogsaverroes.juntadeandalucia.es\/ceiphermanosgilmuniz\/?page_id=2880"},"modified":"2024-11-19T12:25:28","modified_gmt":"2024-11-19T12:25:28","slug":"educacion-infantil-2","status":"publish","type":"page","link":"https:\/\/blogsaverroes.juntadeandalucia.es\/ceiphermanosgilmuniz\/educacion-infantil-2\/","title":{"rendered":"Educaci\u00f3n Infantil"},"content":{"rendered":"<h3>Importancia de la Educaci\u00f3n Infantil<\/h3>\n<p>La educaci\u00f3n infantil es fundamental para el desarrollo integral de los ni\u00f1os de 0 a 6 a\u00f1os. En esta etapa se sientan las bases para el aprendizaje futuro, promoviendo el desarrollo cognitivo, emocional, social y f\u00edsico. La educaci\u00f3n infantil fomenta la curiosidad, la creatividad y el amor por el aprendizaje, preparando a los ni\u00f1os para su ingreso en la educaci\u00f3n primaria.<\/p>\n<h3>Elementos Clave en las Programaciones Did\u00e1cticas de Educaci\u00f3n Infantil<\/h3>\n<ol>\n<li><strong>Objetivos<\/strong>: Metas educativas centradas en el desarrollo integral del ni\u00f1o.<\/li>\n<li><strong>Saberes b\u00e1sicos<\/strong>: Temas y actividades adecuadas a la edad y al desarrollo de los ni\u00f1os.<\/li>\n<li><strong>Competencias Espec\u00edficas<\/strong>: Habilidades y capacidades que los ni\u00f1os deben desarrollar, como la comunicaci\u00f3n, la autonom\u00eda, y las habilidades sociales.<\/li>\n<li><strong>Criterios de Evaluaci\u00f3n<\/strong>: Est\u00e1ndares para medir el progreso y el desarrollo de los ni\u00f1os.<\/li>\n<li><strong>Metodolog\u00eda<\/strong>: Estrategias pedag\u00f3gicas que facilitan el aprendizaje a trav\u00e9s del juego y la exploraci\u00f3n.<\/li>\n<li><strong>Actividades<\/strong>: Tareas y juegos dise\u00f1ados para estimular el desarrollo en todas las \u00e1reas.<\/li>\n<\/ol>\n<h3>Normativa que Regula las Programaciones Did\u00e1cticas en Andaluc\u00eda<\/h3>\n<ol>\n<li><strong>Ley Org\u00e1nica 3\/2020, de 29 de diciembre, de Educaci\u00f3n (LOMLOE)<\/strong>: Introduce cambios en la estructura y organizaci\u00f3n del sistema educativo, incluyendo la educaci\u00f3n infantil.<\/li>\n<li><strong>Real Decreto 95\/2022, de 1 de febrero, por el que se establece la ordenaci\u00f3n y las ense\u00f1anzas m\u00ednimas del primer ciclo de Educaci\u00f3n Infantil<\/strong>: Regula los aspectos b\u00e1sicos de la educaci\u00f3n infantil a nivel nacional.<\/li>\n<li><strong>Decreto 100\/2023, de 9 de mayo, por el que se establece la ordenaci\u00f3n y el curr\u00edculo de la etapa de Educaci\u00f3n Infantil en la Comunidad Aut\u00f3noma de Andaluc\u00eda. <\/strong>Adapta y concreta el curr\u00edculo nacional a la realidad educativa de Andaluc\u00eda.<\/li>\n<li><strong>Orden de 30 de mayo de 2023, por la que se desarrolla el curr\u00edculo de Educaci\u00f3n Infantil en Andaluc\u00eda<\/strong>: Detalla los contenidos, objetivos y criterios de evaluaci\u00f3n para esta etapa educativa.<\/li>\n<\/ol>\n<p>Os compartimos las programaciones did\u00e1cticas de Educaci\u00f3n Infantil.<\/p>\n<p><strong>DESCUBRIMIENTO Y EXPLORACI\u00d3N DEL ENTORNO.<\/strong><\/p>\n<p><a href=\"https:\/\/drive.google.com\/file\/d\/1XioIBnwiDfjBT5QAOiCcypGe7WFKmfZ2\/view?usp=drive_link\" target=\"_blank\" rel=\"noopener\">DEE 3 a\u00f1os.<\/a><\/p>\n<p><a href=\"https:\/\/drive.google.com\/file\/d\/1iOiHYteilw805lq94DLHjTD4DBFqS2x2\/view?usp=drive_link\" target=\"_blank\" rel=\"noopener\">DEE 4 a\u00f1os.<\/a><\/p>\n<p><a href=\"https:\/\/drive.google.com\/file\/d\/1UVE9u1_Z8ItG24HBdn0bdF_Mb6gmOQae\/view?usp=drive_link\" target=\"_blank\" rel=\"noopener\">DEE 5 a\u00f1os.<\/a><\/p>\n<p><strong>CRECIENDO EN ARMON\u00cdA.<\/strong><\/p>\n<p><a href=\"https:\/\/drive.google.com\/file\/d\/1viwpP9AaqhEm9BY-udghgeQkSihSPWEi\/view?usp=drive_link\" target=\"_blank\" rel=\"noopener\">CA 3 a\u00f1os.<\/a><\/p>\n<p><a href=\"https:\/\/drive.google.com\/file\/d\/1eDr1lbyCSAwnuEj0Mc88aVF6j1kQQDyQ\/view?usp=drive_link\" target=\"_blank\" rel=\"noopener\">CA 4 a\u00f1os.<\/a><\/p>\n<p><a href=\"https:\/\/drive.google.com\/file\/d\/1ABloYQFpRyyChzxgnzX04HVyW5Soc0FK\/view?usp=drive_link\">CA 5 a\u00f1os.<\/a><\/p>\n<p><strong>COMUNICACI\u00d3N Y REPRESENTACI\u00d3N DE LA REALIDAD.<\/strong><\/p>\n<p><a href=\"https:\/\/drive.google.com\/file\/d\/1kF1zSQwS7XiDWCcZu6QnAKH9KVM-E7LF\/view?usp=drive_link\" target=\"_blank\" rel=\"noopener\">CRR 3 a\u00f1os.<\/a><\/p>\n<p><a href=\"https:\/\/drive.google.com\/file\/d\/13236AzWganNOnKwSQ25RSPtT7g5oaZ6f\/view?usp=drive_link\" target=\"_blank\" rel=\"noopener\">CRR 4 a\u00f1os.<\/a><\/p>\n<p><a href=\"https:\/\/drive.google.com\/file\/d\/1dTUkW7lFXrjjM3wy0dnEyDv1VnogSKIC\/view?usp=drive_link\" target=\"_blank\" rel=\"noopener\">CRR 5 a\u00f1os.<\/a><\/p>\n","protected":false},"excerpt":{"rendered":"<p>Importancia de la Educaci\u00f3n Infantil La educaci\u00f3n infantil es fundamental para el desarrollo integral de los ni\u00f1os de 0 a 6 a\u00f1os. En esta etapa se sientan las bases para el aprendizaje futuro, promoviendo&#46;&#46;&#46;<\/p>\n","protected":false},"author":11089,"featured_media":0,"parent":0,"menu_order":0,"comment_status":"closed","ping_status":"closed","template":"","meta":{"ngg_post_thumbnail":0,"footnotes":"","_mc_calendar":[]},"aioseo_notices":[],"_links":{"self":[{"href":"https:\/\/blogsaverroes.juntadeandalucia.es\/ceiphermanosgilmuniz\/wp-json\/wp\/v2\/pages\/2880"}],"collection":[{"href":"https:\/\/blogsaverroes.juntadeandalucia.es\/ceiphermanosgilmuniz\/wp-json\/wp\/v2\/pages"}],"about":[{"href":"https:\/\/blogsaverroes.juntadeandalucia.es\/ceiphermanosgilmuniz\/wp-json\/wp\/v2\/types\/page"}],"author":[{"embeddable":true,"href":"https:\/\/blogsaverroes.juntadeandalucia.es\/ceiphermanosgilmuniz\/wp-json\/wp\/v2\/users\/11089"}],"replies":[{"embeddable":true,"href":"https:\/\/blogsaverroes.juntadeandalucia.es\/ceiphermanosgilmuniz\/wp-json\/wp\/v2\/comments?post=2880"}],"version-history":[{"count":4,"href":"https:\/\/blogsaverroes.juntadeandalucia.es\/ceiphermanosgilmuniz\/wp-json\/wp\/v2\/pages\/2880\/revisions"}],"predecessor-version":[{"id":2918,"href":"https:\/\/blogsaverroes.juntadeandalucia.es\/ceiphermanosgilmuniz\/wp-json\/wp\/v2\/pages\/2880\/revisions\/2918"}],"wp:attachment":[{"href":"https:\/\/blogsaverroes.juntadeandalucia.es\/ceiphermanosgilmuniz\/wp-json\/wp\/v2\/media?parent=2880"}],"curies":[{"name":"wp","href":"https:\/\/api.w.org\/{rel}","templated":true}]}}