{"id":35,"date":"2015-03-13T08:21:43","date_gmt":"2015-03-13T08:21:43","guid":{"rendered":"http:\/\/blogsaverroes.juntadeandalucia.es\/pre\/ceip\/?page_id=35"},"modified":"2023-01-26T08:26:14","modified_gmt":"2023-01-26T08:26:14","slug":"el-centro-2","status":"publish","type":"page","link":"https:\/\/blogsaverroes.juntadeandalucia.es\/ceiphermanosgilmuniz\/el-centro-2\/","title":{"rendered":"Datos del centro"},"content":{"rendered":"<p>&nbsp;<\/p>\n<h4><strong>Datos de contacto<\/strong><\/h4>\n<p><strong>Direcci\u00f3n:<\/strong> &nbsp;Calle San Francisco, 3 29601, Marbella, M\u00e1laga<\/p>\n<p><strong>Tel\u00e9fono: <\/strong>951270950<br \/>\n<strong>Email:<\/strong> 29006714.edu@juntadeandalucia.es<\/p>\n<h4><strong><a href=\"https:\/\/www.google.es\/maps\/place\/Colegio+P%C3%BAblico+Hermanos+Gil+Mu%C3%B1iz\/@36.5125595,-4.8865161,17.75z\/data=!4m13!1m7!3m6!1s0xd72d80652e7ee83:0x2debf3ccb46da7d1!2sCalle+San+Francisco,+3,+29601+Marbella,+M%C3%A1laga!3b1!8m2!3d36.5124127!4d-4.8852321!3m4!1s0x0:0x780367bbc2d51a47!8m2!3d36.5127071!4d-4.885181\">Mapa<\/a><\/strong><\/h4>\n<h4><strong>Horarios<\/strong><\/h4>\n<p>El centro permanece abierto de 8:50 a 14:00<\/p>\n<p><strong>Horario de&nbsp;<\/strong><b>secretar\u00eda<\/b>: 9:00 a 13:30<\/p>\n<p><strong>Horario de direcci\u00f3n:&nbsp;<\/strong>9:15 a 13:45<\/p>\n<p>&nbsp;<\/p>\n","protected":false},"excerpt":{"rendered":"<p>&nbsp; Datos de contacto Direcci\u00f3n: &nbsp;Calle San Francisco, 3 29601, Marbella, M\u00e1laga Tel\u00e9fono: 951270950 Email: 29006714.edu@juntadeandalucia.es Mapa Horarios El centro permanece abierto de 8:50 a 14:00 Horario de&nbsp;secretar\u00eda: 9:00 a 13:30 Horario de direcci\u00f3n:&nbsp;9:15&#46;&#46;&#46;<\/p>\n","protected":false},"author":1,"featured_media":0,"parent":0,"menu_order":0,"comment_status":"closed","ping_status":"open","template":"page-cs.php","meta":{"ngg_post_thumbnail":0,"footnotes":"","_mc_calendar":[]},"aioseo_notices":[],"_links":{"self":[{"href":"https:\/\/blogsaverroes.juntadeandalucia.es\/ceiphermanosgilmuniz\/wp-json\/wp\/v2\/pages\/35"}],"collection":[{"href":"https:\/\/blogsaverroes.juntadeandalucia.es\/ceiphermanosgilmuniz\/wp-json\/wp\/v2\/pages"}],"about":[{"href":"https:\/\/blogsaverroes.juntadeandalucia.es\/ceiphermanosgilmuniz\/wp-json\/wp\/v2\/types\/page"}],"author":[{"embeddable":true,"href":"https:\/\/blogsaverroes.juntadeandalucia.es\/ceiphermanosgilmuniz\/wp-json\/wp\/v2\/users\/1"}],"replies":[{"embeddable":true,"href":"https:\/\/blogsaverroes.juntadeandalucia.es\/ceiphermanosgilmuniz\/wp-json\/wp\/v2\/comments?post=35"}],"version-history":[{"count":27,"href":"https:\/\/blogsaverroes.juntadeandalucia.es\/ceiphermanosgilmuniz\/wp-json\/wp\/v2\/pages\/35\/revisions"}],"predecessor-version":[{"id":2721,"href":"https:\/\/blogsaverroes.juntadeandalucia.es\/ceiphermanosgilmuniz\/wp-json\/wp\/v2\/pages\/35\/revisions\/2721"}],"wp:attachment":[{"href":"https:\/\/blogsaverroes.juntadeandalucia.es\/ceiphermanosgilmuniz\/wp-json\/wp\/v2\/media?parent=35"}],"curies":[{"name":"wp","href":"https:\/\/api.w.org\/{rel}","templated":true}]}}