{"id":42,"date":"2015-03-13T08:40:47","date_gmt":"2015-03-13T08:40:47","guid":{"rendered":"http:\/\/blogsaverroes.juntadeandalucia.es\/pre\/ceip\/?page_id=42"},"modified":"2024-10-14T10:09:09","modified_gmt":"2024-10-14T10:09:09","slug":"equipo-directivo","status":"publish","type":"page","link":"https:\/\/blogsaverroes.juntadeandalucia.es\/ceiphermanosgilmuniz\/equipo-directivo\/","title":{"rendered":"\u00d3rganos de gobierno y Claustro"},"content":{"rendered":"<h1 style=\"text-align: center\">EQUIPO DIRECTIVO<\/h1>\n<ul>\n<li><strong>Direcci\u00f3n:<\/strong>\n<ul>\n<li>Gonz\u00e1lez Morales, Elisabeth<\/li>\n<\/ul>\n<\/li>\n<li><strong>Jefatura de Estudios<\/strong>:\n<ul>\n<li>Porras Chinchilla, Ana<\/li>\n<\/ul>\n<\/li>\n<li><strong>Secretario<\/strong>:\n<ul>\n<li>Saborido Osorio, Genoveva<\/li>\n<\/ul>\n<\/li>\n<\/ul>\n<h1 style=\"text-align: center\">CLAUSTRO<\/h1>\n<ul>\n<li><strong>Maestra Educaci\u00f3n Infantil 3 a\u00f1os:<\/strong>\n<ul>\n<li>Delgado Valdivia, Yolanda (Titular: Vega Ca\u00f1adas, Teresa)<\/li>\n<\/ul>\n<\/li>\n<li><strong>Maestra Educaci\u00f3n Infantil 4 a\u00f1os:&nbsp;<\/strong>\n<ul>\n<li>Colmenero Morata, Luc\u00eda<\/li>\n<\/ul>\n<\/li>\n<li><strong>Maestras Educaci\u00f3n Infantil 5 a\u00f1os:&nbsp;<\/strong>\n<ul>\n<li>Pareja Pareja, Catalina<\/li>\n<\/ul>\n<\/li>\n<li><strong>Maestra Educaci\u00f3n Primaria 1\u00ba:<\/strong>\n<ul>\n<li>D\u00edaz Ciruelo, Patricia<\/li>\n<\/ul>\n<\/li>\n<li><strong>Maestro Educaci\u00f3n Primaria 2\u00ba:<\/strong>\n<ul>\n<li>Mancera Miranda, Ana<\/li>\n<\/ul>\n<\/li>\n<li><strong>Maestra Educaci\u00f3n Primaria 3\u00baA y Esp. Franc\u00e9s:<\/strong>\n<ul>\n<li>Aroca Herrera, Mar\u00eda<\/li>\n<\/ul>\n<\/li>\n<li><strong>Maestra Educaci\u00f3n Primaria 3\u00baB:&nbsp;<\/strong>\n<ul>\n<li>Vivas Mart\u00edn, Juan Iv\u00e1n (Titular: Ruz Campos, Alba)<\/li>\n<\/ul>\n<\/li>\n<li><strong>Maestra Educaci\u00f3n Primaria 4\u00baA:<\/strong>\n<ul>\n<li>Mu\u00f1oz Perdomo, Mar\u00eda Mercedes<\/li>\n<\/ul>\n<\/li>\n<li><strong>Maestro Educaci\u00f3n Primaria 4\u00baB:&nbsp;<\/strong>\n<ul>\n<li>Gonz\u00e1lez \u00c1lvarez, Catalina<\/li>\n<\/ul>\n<\/li>\n<li><strong>Maestra Educaci\u00f3n Primaria 5\u00baA y Esp. Ingl\u00e9s:<\/strong>\n<ul>\n<li>Mac\u00edas Jover, Isabel Mar\u00eda<\/li>\n<\/ul>\n<\/li>\n<li><strong>Maestro Educaci\u00f3n Primaria 5\u00baB y Esp. M\u00fasica:&nbsp;<\/strong>\n<ul>\n<li>Ram\u00edrez Serrano, Isabel Mar\u00eda<\/li>\n<\/ul>\n<\/li>\n<li><strong>Maestra Educaci\u00f3n Primaria 6\u00baA:<\/strong>\n<ul>\n<li>Aldeguer Pons, Mar\u00eda Mercedes<\/li>\n<\/ul>\n<\/li>\n<li><strong>Maestra Educaci\u00f3n Primaria 6\u00baB y Esp. E.F:&nbsp;<\/strong>\n<ul>\n<li>Garc\u00eda Mart\u00edn, Alejandro<\/li>\n<\/ul>\n<\/li>\n<li><strong>Especialista de Ingl\u00e9s:&nbsp;<\/strong>\n<ul>\n<li>Fern\u00e1ndez Bernal, Rodrigo<\/li>\n<\/ul>\n<\/li>\n<li><strong>Especialista de EF:<\/strong>\n<ul>\n<li>Porras Chinchilla, Ana.<\/li>\n<li>Saborido Osorio, Genoveva<\/li>\n<\/ul>\n<\/li>\n<li><strong>Especialistas de Religi\u00f3n:<\/strong>\n<ul>\n<li>Lanza Jim\u00e9nez, Isabel Mar\u00eda.<\/li>\n<\/ul>\n<\/li>\n<li><strong>Especialistas Pedagog\u00eda Terape\u00fatica:<\/strong>\n<ul>\n<li>Gal\u00e1n Toledo, Luc\u00eda<\/li>\n<li>Gonz\u00e1lez Morales, Elisabeth.<\/li>\n<\/ul>\n<\/li>\n<li><strong>Especialistas Audici\u00f3n y Lenguaje:&nbsp;<\/strong>\n<ul>\n<li>Fern\u00e1ndez Laguna, Laura<\/li>\n<\/ul>\n<\/li>\n<li><strong>Especialista Apoyo Compensaci\u00f3n:&nbsp;<\/strong>\n<ul>\n<li>Rivera Cabaleiro, Mar\u00eda del Mar.&nbsp;<\/li>\n<\/ul>\n<\/li>\n<li><strong>Especialistas Interculturalidad:<\/strong>\n<ul>\n<li>Moreno Gonz\u00e1lez, Mar\u00eda del Carmen<\/li>\n<\/ul>\n<\/li>\n<\/ul>\n<h1 style=\"text-align: center\">EQUIPO T\u00c9CNICO DE COORDINACI\u00d3N PEDAG\u00d3GICA<\/h1>\n<ul>\n<li><strong>Coordinadora de Educaci\u00f3n Infantil:<\/strong>\n<ul>\n<li>Pareja Pareja, Catalina<\/li>\n<\/ul>\n<\/li>\n<li><strong>Coordinador del ciclo 1\u00ba de Educaci\u00f3n Primaria:<\/strong>\n<ul>\n<li>D\u00edaz Ciruelo, Patricia<\/li>\n<\/ul>\n<\/li>\n<li><strong>Coordinador del ciclo 2\u00ba de Educaci\u00f3n Primaria:<\/strong>\n<ul>\n<li>Mu\u00f1oz Perdomo, Mar\u00eda Mercedes<\/li>\n<\/ul>\n<\/li>\n<li><strong>Coordinadora del ciclo 3\u00ba de Educaci\u00f3n Primaria:<\/strong>\n<ul>\n<li>Aldeguer Pons, Mar\u00eda Mercedes<\/li>\n<\/ul>\n<\/li>\n<li><strong>Coordinadora del Equipo de Orientaci\u00f3n:<\/strong>\n<ul>\n<li>Rivera Cabaleiro, Mar\u00eda del Mar.<\/li>\n<\/ul>\n<\/li>\n<\/ul>\n<p>&nbsp;<\/p>\n<section id=\"h.3fca7bfb0b29def5_1060\" class=\"yaqOZd\">\n<div class=\"mYVXT\">\n<div class=\"LS81yb VICjCf\">\n<div class=\"hJDwNd-AhqUyc-II5mzb purZT-AhqUyc-II5mzb pSzOP-AhqUyc-qWD73c JNdkSc\">\n<div class=\"JNdkSc-SmKAyb\">\n<div class=\"\">\n<div class=\"oKdM2c Kzv0Me\">\n<div id=\"h.3fca7bfb0b29def5_1066\" class=\"hJDwNd-AhqUyc-II5mzb pSzOP-AhqUyc-qWD73c jXK9ad D2fZ2 OjCsFc wHaque GNzUNc\">\n<div class=\"jXK9ad-SmKAyb\">\n<div class=\"tyJCtd mGzaTb baZpAe\">\n<h1 style=\"text-align: center\">PLANES Y PROGRAMAS<\/h1>\n<ul style=\"list-style-type: disc\">\n<li class=\"CjVfdc\">Plan de Lectura y biblioteca:&nbsp;Gonz\u00e1lez Morales, Elisabeth<\/li>\n<li id=\"h.p_kjHP6_sNr6Pd\" class=\"GV3q8e aP9Z7e\">Plan de Igualdad de G\u00e9nero en Educaci\u00f3n y Coeducaci\u00f3n: Gonz\u00e1lez \u00c1lvarez, Catalina<\/li>\n<li class=\"GV3q8e aP9Z7e\">Pr\u00e1cticum Grado de Maestro y PROA: Gonz\u00e1lez Morales, Elisabeth<\/li>\n<li>Plan CIMA: Gonz\u00e1lez Morales, Elisabeth<\/li>\n<li>Escuela Espacio de Paz:&nbsp;Mancera Miranda, Ana<\/li>\n<li class=\"GV3q8e aP9Z7e\">Plan de Salud Laboral y PRL: Saborido Osorio, Genoveva<\/li>\n<li class=\"GV3q8e aP9Z7e\">TDE: Porras Chinchilla, Ana<\/li>\n<li>Erasmus +: Porras Chinchilla, Ana<\/li>\n<li>Plan de convivencia y bienestar emocional: Porras Chinchilla, Ana&nbsp;<\/li>\n<li>Plan de Apertura: Gonz\u00e1lez Morales, Elisabeth<\/li>\n<\/ul>\n<\/div>\n<\/div>\n<\/div>\n<\/div>\n<\/div>\n<\/div>\n<\/div>\n<\/div>\n<\/div>\n<\/section>\n<section id=\"h.3fca7bfb0b29def5_1090\" class=\"yaqOZd\">\n<div class=\"mYVXT\">\n<div class=\"LS81yb VICjCf\">\n<div class=\"hJDwNd-AhqUyc-c5RTEf purZT-AhqUyc-II5mzb pSzOP-AhqUyc-qWD73c JNdkSc\">\n<div class=\"JNdkSc-SmKAyb\">\n<div class=\"\">\n<div class=\"oKdM2c Kzv0Me\">\n<div id=\"h.3fca7bfb0b29def5_1096\" class=\"hJDwNd-AhqUyc-c5RTEf purZT-AhqUyc-II5mzb pSzOP-AhqUyc-qWD73c jXK9ad D2fZ2 OjCsFc wHaque GNzUNc\">\n<div class=\"jXK9ad-SmKAyb\">\n<div class=\"tyJCtd mGzaTb baZpAe\">&nbsp;<\/div>\n<\/div>\n<\/div>\n<\/div>\n<\/div>\n<\/div>\n<\/div>\n<\/div>\n<\/div>\n<\/section>\n<h1>CONSEJO ESCOLAR<\/h1>\n<ul>\n<li><strong>Direcci\u00f3n:<\/strong> Horques Fern\u00e1ndez, Mar\u00eda Amelia.<\/li>\n<li><strong>Jefatura de Estudios<\/strong>: Porras Chinchilla, Ana.<\/li>\n<li><strong>Secretar\u00eda<\/strong>: Saborido Osorio, Genoveva<\/li>\n<\/ul>\n<ul>\n<li>PENDIENTE DE CONSTITUCI\u00d3N.<\/li>\n<\/ul>\n<p><a href=\"https:\/\/blogsaverroes.juntadeandalucia.es\/ceiphermanosgilmuniz\/files\/2024\/10\/WhatsApp-Image-2024-10-14-at-12.08.38.jpeg\"><img loading=\"lazy\" decoding=\"async\" class=\"size-medium wp-image-2752 aligncenter\" src=\"https:\/\/blogsaverroes.juntadeandalucia.es\/ceiphermanosgilmuniz\/files\/2024\/10\/WhatsApp-Image-2024-10-14-at-12.08.38-300x225.jpeg\" alt=\"\" width=\"300\" height=\"225\" srcset=\"https:\/\/blogsaverroes.juntadeandalucia.es\/ceiphermanosgilmuniz\/files\/2024\/10\/WhatsApp-Image-2024-10-14-at-12.08.38-300x225.jpeg 300w, https:\/\/blogsaverroes.juntadeandalucia.es\/ceiphermanosgilmuniz\/files\/2024\/10\/WhatsApp-Image-2024-10-14-at-12.08.38-1024x768.jpeg 1024w, https:\/\/blogsaverroes.juntadeandalucia.es\/ceiphermanosgilmuniz\/files\/2024\/10\/WhatsApp-Image-2024-10-14-at-12.08.38-768x576.jpeg 768w, https:\/\/blogsaverroes.juntadeandalucia.es\/ceiphermanosgilmuniz\/files\/2024\/10\/WhatsApp-Image-2024-10-14-at-12.08.38-1536x1152.jpeg 1536w, https:\/\/blogsaverroes.juntadeandalucia.es\/ceiphermanosgilmuniz\/files\/2024\/10\/WhatsApp-Image-2024-10-14-at-12.08.38.jpeg 1600w\" sizes=\"(max-width: 300px) 100vw, 300px\" \/><\/a><\/p>\n<p>&nbsp;<\/p>\n","protected":false},"excerpt":{"rendered":"<p>EQUIPO DIRECTIVO Direcci\u00f3n: Gonz\u00e1lez Morales, Elisabeth Jefatura de Estudios: Porras Chinchilla, Ana Secretario: Saborido Osorio, Genoveva CLAUSTRO Maestra Educaci\u00f3n Infantil 3 a\u00f1os: Delgado Valdivia, Yolanda (Titular: Vega Ca\u00f1adas, Teresa) Maestra Educaci\u00f3n Infantil 4 a\u00f1os:&nbsp;&#46;&#46;&#46;<\/p>\n","protected":false},"author":1,"featured_media":2741,"parent":0,"menu_order":0,"comment_status":"closed","ping_status":"open","template":"","meta":{"ngg_post_thumbnail":0,"footnotes":"","_mc_calendar":[]},"aioseo_notices":[],"_links":{"self":[{"href":"https:\/\/blogsaverroes.juntadeandalucia.es\/ceiphermanosgilmuniz\/wp-json\/wp\/v2\/pages\/42"}],"collection":[{"href":"https:\/\/blogsaverroes.juntadeandalucia.es\/ceiphermanosgilmuniz\/wp-json\/wp\/v2\/pages"}],"about":[{"href":"https:\/\/blogsaverroes.juntadeandalucia.es\/ceiphermanosgilmuniz\/wp-json\/wp\/v2\/types\/page"}],"author":[{"embeddable":true,"href":"https:\/\/blogsaverroes.juntadeandalucia.es\/ceiphermanosgilmuniz\/wp-json\/wp\/v2\/users\/1"}],"replies":[{"embeddable":true,"href":"https:\/\/blogsaverroes.juntadeandalucia.es\/ceiphermanosgilmuniz\/wp-json\/wp\/v2\/comments?post=42"}],"version-history":[{"count":20,"href":"https:\/\/blogsaverroes.juntadeandalucia.es\/ceiphermanosgilmuniz\/wp-json\/wp\/v2\/pages\/42\/revisions"}],"predecessor-version":[{"id":2753,"href":"https:\/\/blogsaverroes.juntadeandalucia.es\/ceiphermanosgilmuniz\/wp-json\/wp\/v2\/pages\/42\/revisions\/2753"}],"wp:featuredmedia":[{"embeddable":true,"href":"https:\/\/blogsaverroes.juntadeandalucia.es\/ceiphermanosgilmuniz\/wp-json\/wp\/v2\/media\/2741"}],"wp:attachment":[{"href":"https:\/\/blogsaverroes.juntadeandalucia.es\/ceiphermanosgilmuniz\/wp-json\/wp\/v2\/media?parent=42"}],"curies":[{"name":"wp","href":"https:\/\/api.w.org\/{rel}","templated":true}]}}