{"id":871,"date":"2015-03-16T07:25:46","date_gmt":"2015-03-16T07:25:46","guid":{"rendered":"http:\/\/blogsaverroes.juntadeandalucia.es\/pre\/ceip\/?page_id=106"},"modified":"2024-10-15T11:18:23","modified_gmt":"2024-10-15T11:18:23","slug":"actividades-extraescolares","status":"publish","type":"page","link":"https:\/\/blogsaverroes.juntadeandalucia.es\/ceiphermanosgilmuniz\/actividades-extraescolares\/","title":{"rendered":"Actividades extraescolares"},"content":{"rendered":"<p>A continuaci\u00f3n se muestra el horario de las actividades extraescolares del centro.<\/p>\n<p>Si quiere inscribir a su hijo\/a, deber\u00e1 pasarse por el centro para rellenar el formulario.<\/p>\n<p><a href=\"https:\/\/blogsaverroes.juntadeandalucia.es\/ceiphermanosgilmuniz\/files\/2024\/10\/WhatsApp-Image-2024-10-14-at-11.31.34.jpeg\"><img loading=\"lazy\" decoding=\"async\" class=\"alignnone size-full wp-image-2766\" src=\"https:\/\/blogsaverroes.juntadeandalucia.es\/ceiphermanosgilmuniz\/files\/2024\/10\/WhatsApp-Image-2024-10-14-at-11.31.34.jpeg\" alt=\"\" width=\"1080\" height=\"1080\" srcset=\"https:\/\/blogsaverroes.juntadeandalucia.es\/ceiphermanosgilmuniz\/files\/2024\/10\/WhatsApp-Image-2024-10-14-at-11.31.34.jpeg 1080w, https:\/\/blogsaverroes.juntadeandalucia.es\/ceiphermanosgilmuniz\/files\/2024\/10\/WhatsApp-Image-2024-10-14-at-11.31.34-300x300.jpeg 300w, https:\/\/blogsaverroes.juntadeandalucia.es\/ceiphermanosgilmuniz\/files\/2024\/10\/WhatsApp-Image-2024-10-14-at-11.31.34-1024x1024.jpeg 1024w, https:\/\/blogsaverroes.juntadeandalucia.es\/ceiphermanosgilmuniz\/files\/2024\/10\/WhatsApp-Image-2024-10-14-at-11.31.34-150x150.jpeg 150w, https:\/\/blogsaverroes.juntadeandalucia.es\/ceiphermanosgilmuniz\/files\/2024\/10\/WhatsApp-Image-2024-10-14-at-11.31.34-768x768.jpeg 768w\" sizes=\"(max-width: 1080px) 100vw, 1080px\" \/><\/a><\/p>\n<p>Para participar ser\u00e1 necesario rellenar la autorizaci\u00f3n correspondiente en el centro.<\/p>\n<p>&nbsp;<\/p>\n","protected":false},"excerpt":{"rendered":"<p>A continuaci\u00f3n se muestra el horario de las actividades extraescolares del centro. Si quiere inscribir a su hijo\/a, deber\u00e1 pasarse por el centro para rellenar el formulario. Para participar ser\u00e1 necesario rellenar la autorizaci\u00f3n&#46;&#46;&#46;<\/p>\n","protected":false},"author":1,"featured_media":0,"parent":0,"menu_order":0,"comment_status":"closed","ping_status":"open","template":"page-cs.php","meta":{"ngg_post_thumbnail":0,"footnotes":"","_mc_calendar":[]},"aioseo_notices":[],"_links":{"self":[{"href":"https:\/\/blogsaverroes.juntadeandalucia.es\/ceiphermanosgilmuniz\/wp-json\/wp\/v2\/pages\/871"}],"collection":[{"href":"https:\/\/blogsaverroes.juntadeandalucia.es\/ceiphermanosgilmuniz\/wp-json\/wp\/v2\/pages"}],"about":[{"href":"https:\/\/blogsaverroes.juntadeandalucia.es\/ceiphermanosgilmuniz\/wp-json\/wp\/v2\/types\/page"}],"author":[{"embeddable":true,"href":"https:\/\/blogsaverroes.juntadeandalucia.es\/ceiphermanosgilmuniz\/wp-json\/wp\/v2\/users\/1"}],"replies":[{"embeddable":true,"href":"https:\/\/blogsaverroes.juntadeandalucia.es\/ceiphermanosgilmuniz\/wp-json\/wp\/v2\/comments?post=871"}],"version-history":[{"count":9,"href":"https:\/\/blogsaverroes.juntadeandalucia.es\/ceiphermanosgilmuniz\/wp-json\/wp\/v2\/pages\/871\/revisions"}],"predecessor-version":[{"id":2772,"href":"https:\/\/blogsaverroes.juntadeandalucia.es\/ceiphermanosgilmuniz\/wp-json\/wp\/v2\/pages\/871\/revisions\/2772"}],"wp:attachment":[{"href":"https:\/\/blogsaverroes.juntadeandalucia.es\/ceiphermanosgilmuniz\/wp-json\/wp\/v2\/media?parent=871"}],"curies":[{"name":"wp","href":"https:\/\/api.w.org\/{rel}","templated":true}]}}