{"id":99,"date":"2015-03-16T07:22:54","date_gmt":"2015-03-16T07:22:54","guid":{"rendered":"http:\/\/blogsaverroes.juntadeandalucia.es\/pre\/ceip\/?page_id=99"},"modified":"2024-10-14T10:30:41","modified_gmt":"2024-10-14T10:30:41","slug":"comedor-escolar","status":"publish","type":"page","link":"https:\/\/blogsaverroes.juntadeandalucia.es\/ceiphermanosgilmuniz\/comedor-escolar\/","title":{"rendered":"Comedor escolar"},"content":{"rendered":"<h4>Ejemplo de informaci\u00f3n sobre el comedor escolar<\/h4>\n<p>Los comedores escolares son un servicio complementario que resulta de gran utilidad a padres y madres para ayudarles a&nbsp;conciliar la vida laboral y familiar. Tienen una duraci\u00f3n de hasta dos horas desde que acaba la jornada escolar de la ma\u00f1ana (de 14.00 a 16.00 horas).<\/p>\n<h1>Fecha de comienzo:<\/h1>\n<p><strong>10 de septiembre de 2024.<\/strong><\/p>\n<h1>Listado de admitidos.<\/h1>\n<ul>\n<li>Publicado el pasado 30 de junio de 2024.<\/li>\n<li>Puede consultarse en la Secretar\u00eda Virtual. Para ello necesitar\u00e1 la clave&nbsp;<em><strong>iAnde<\/strong>&nbsp;<\/em>su hijo\/a, que puede consultarla en el servicio de mensajer\u00eda de&nbsp;<em>iPasen<\/em>.<\/li>\n<li>Acceso para consulta en la Secretar\u00eda Virtual:&nbsp;&nbsp;<a href=\"https:\/\/www.juntadeandalucia.es\/educacion\/secretariavirtual\/consultas\/\">https:\/\/www.juntadeandalucia.es\/educacion\/secretariavirtual\/consultas\/<\/a><\/li>\n<\/ul>\n<h1>Formulario para nuevas solicitudes (presentaci\u00f3n presencial en el centro).<\/h1>\n<p><a href=\"https:\/\/drive.google.com\/file\/d\/1CDnEai_3wbY0Vaf5TOdF7f_lE9xr2Odk\/view?usp=sharing\"><img loading=\"lazy\" decoding=\"async\" class=\"alignnone size-full wp-image-2154\" src=\"https:\/\/rafaelfernandezmayoralas.es\/wp-content\/uploads\/2020\/03\/logoPDF.gif\" alt=\"\" width=\"20\" height=\"20\"><\/a>&nbsp;<a href=\"https:\/\/www.juntadeandalucia.es\/haciendayadministracionpublica\/rpa-icms-doc\/icmsDescargaDoc.do?tipo=4b40ba71bf0bae77c7a9e6765035191a&amp;id=7398742ec1c4291728dacb1565ee2f65\" target=\"_blank\" rel=\"noopener\">Formulario de solicitud para los servicios de aula matinal, comedor escolar y actividades extraescolares.<\/a><\/p>\n<p><strong>Empresa catering: <\/strong>Mediterr\u00e1nea.<\/p>\n<p><strong>Men\u00fas: <\/strong>Se env\u00eda semanalmente a los usuarios\/as del comedor.<\/p>\n<h1>Bonificaciones:<\/h1>\n<h1>Solicitudes.<\/h1>\n<p><b>Del 1 al 7 de septiembre, ambos incluidos. TR\u00c1MITE EXLUSIVO ONLINE.<\/b><\/p>\n<h1>Tutorial de ayuda.<\/h1>\n<p>1.Acceda a la&nbsp;<strong>Secretar\u00eda Virtual \\Solicitudes \\Serv. complementarios.<\/strong><\/p>\n<p>2.Reg\u00edstrese con su&nbsp;<strong>clave IAnde<\/strong>, la encontrar\u00e1 en las comunicaciones de&nbsp;<em>iPasen<\/em>.<\/p>\n<p>No olvide&nbsp;<strong>adjuntar<\/strong>&nbsp;y revisar la&nbsp;<strong>documentaci\u00f3n<\/strong>&nbsp;necesaria para realizar el tr\u00e1mite, de este modo evitar\u00e1 incidencias posteriores.<\/p>\n<p>El siguiente v\u00eddeo explica paso a paso el modo de solicitar las bonificaciones.<\/p>\n<p><iframe loading=\"lazy\" title=\"Solicitud de BONIFICACIONES del Plan de Apertura en ANDALUC\u00cdA\" width=\"500\" height=\"281\" src=\"https:\/\/www.youtube.com\/embed\/0gkPSOMvkFU?feature=oembed&#038;wmode=opaque\" frameborder=\"0\" allow=\"accelerometer; autoplay; clipboard-write; encrypted-media; gyroscope; picture-in-picture; web-share\" referrerpolicy=\"strict-origin-when-cross-origin\" allowfullscreen><\/iframe><\/p>\n<p>&nbsp;<\/p>\n<h1>Documentos marco para la adjudicaci\u00f3n de las bonificaciones.<\/h1>\n<p data-wp-editing=\"1\"><img loading=\"lazy\" decoding=\"async\" class=\"alignnone size-full wp-image-2154\" src=\"https:\/\/rafaelfernandezmayoralas.es\/wp-content\/uploads\/2020\/03\/logoPDF.gif\" alt=\"\" width=\"20\" height=\"20\">&nbsp;<a href=\"https:\/\/drive.google.com\/file\/d\/1vyglKoECHSr7yf-3T8Gdhi7AniJaf4PE\/view?usp=sharing\" target=\"_blank\" rel=\"noopener\">Tabla de referencia para la asignaci\u00f3n de bonificaciones y documentos acreditativos.<\/a><br \/>\n<img loading=\"lazy\" decoding=\"async\" class=\"alignnone size-full wp-image-2154\" src=\"https:\/\/rafaelfernandezmayoralas.es\/wp-content\/uploads\/2020\/03\/logoPDF.gif\" alt=\"\" width=\"20\" height=\"20\">&nbsp;<a href=\"https:\/\/www.juntadeandalucia.es\/boja\/2023\/147\/37\" target=\"_blank\" rel=\"noopener\">Acuerdo de 27 de julio de 2023, del Consejo de Gobierno, por el que se revisan las cuant\u00edas de los precios p\u00fablicos de los servicios de aula matinal, comedor escolar y actividades extraescolares en los centros docentes p\u00fablicos de Andaluc\u00eda, establecidos en el apartado A) del Anexo I del Acuerdo del Consejo de Gobierno, de 27 de marzo de 2018, por el que se fija la cuant\u00eda de los precios p\u00fablicos por los servicios complementarios de aula matinal, comedor escolar y actividades extraescolares en los centros docentes p\u00fablicos y por el servicio de residencia en las residencias escolares de Andaluc\u00eda.<\/a><br \/>\n<img loading=\"lazy\" decoding=\"async\" class=\"alignnone size-full wp-image-2154\" src=\"https:\/\/rafaelfernandezmayoralas.es\/wp-content\/uploads\/2020\/03\/logoPDF.gif\" alt=\"\" width=\"20\" height=\"20\">&nbsp;<a href=\"https:\/\/www.juntadeandalucia.es\/boja\/2017\/78\/1\" target=\"_blank\" rel=\"noopener\">Orden de 17 abril de 2017, por la que se regula la organizaci\u00f3n y el funcionamiento de los servicios complementarios de aula matinal, comedor escolar y actividades extraescolares, as\u00ed como el uso de las instalaciones de los centros docentes p\u00fablicos de la Comunidad Aut\u00f3noma de Andaluc\u00eda fuera del horario escolar. (juntadeandalucia.es)<\/a><\/p>\n","protected":false},"excerpt":{"rendered":"<p>Ejemplo de informaci\u00f3n sobre el comedor escolar Los comedores escolares son un servicio complementario que resulta de gran utilidad a padres y madres para ayudarles a&nbsp;conciliar la vida laboral y familiar. Tienen una duraci\u00f3n&#46;&#46;&#46;<\/p>\n","protected":false},"author":1,"featured_media":0,"parent":0,"menu_order":0,"comment_status":"closed","ping_status":"open","template":"page-cs.php","meta":{"ngg_post_thumbnail":0,"footnotes":"","_mc_calendar":[]},"aioseo_notices":[],"_links":{"self":[{"href":"https:\/\/blogsaverroes.juntadeandalucia.es\/ceiphermanosgilmuniz\/wp-json\/wp\/v2\/pages\/99"}],"collection":[{"href":"https:\/\/blogsaverroes.juntadeandalucia.es\/ceiphermanosgilmuniz\/wp-json\/wp\/v2\/pages"}],"about":[{"href":"https:\/\/blogsaverroes.juntadeandalucia.es\/ceiphermanosgilmuniz\/wp-json\/wp\/v2\/types\/page"}],"author":[{"embeddable":true,"href":"https:\/\/blogsaverroes.juntadeandalucia.es\/ceiphermanosgilmuniz\/wp-json\/wp\/v2\/users\/1"}],"replies":[{"embeddable":true,"href":"https:\/\/blogsaverroes.juntadeandalucia.es\/ceiphermanosgilmuniz\/wp-json\/wp\/v2\/comments?post=99"}],"version-history":[{"count":6,"href":"https:\/\/blogsaverroes.juntadeandalucia.es\/ceiphermanosgilmuniz\/wp-json\/wp\/v2\/pages\/99\/revisions"}],"predecessor-version":[{"id":2760,"href":"https:\/\/blogsaverroes.juntadeandalucia.es\/ceiphermanosgilmuniz\/wp-json\/wp\/v2\/pages\/99\/revisions\/2760"}],"wp:attachment":[{"href":"https:\/\/blogsaverroes.juntadeandalucia.es\/ceiphermanosgilmuniz\/wp-json\/wp\/v2\/media?parent=99"}],"curies":[{"name":"wp","href":"https:\/\/api.w.org\/{rel}","templated":true}]}}