{"id":2361,"date":"2020-12-16T09:40:10","date_gmt":"2020-12-16T09:40:10","guid":{"rendered":"https:\/\/blogsaverroes.juntadeandalucia.es\/ceiphipolitolobato\/?page_id=2361"},"modified":"2022-11-15T07:57:36","modified_gmt":"2022-11-15T07:57:36","slug":"proyecto-de-gestion","status":"publish","type":"page","link":"https:\/\/blogsaverroes.juntadeandalucia.es\/ceiphipolitolobato\/proyecto-educativo\/proyecto-de-gestion\/","title":{"rendered":"PROYECTO DE GESTI\u00d3N"},"content":{"rendered":"<p><a href=\"https:\/\/blogsaverroes.juntadeandalucia.es\/ceiphipolitolobato\/files\/2022\/11\/0.-\u00cdNDICE.pdf\">0. \u00cdNDICE<\/a><\/p>\n<p><a href=\"https:\/\/blogsaverroes.juntadeandalucia.es\/ceiphipolitolobato\/files\/2022\/11\/A.-Criterios-para-la-elaboraci\u00f3n-del-presupuesto-anual-del-curso-y-para-la-distribuci\u00f3n-de-los-ingresos-entre-las-di.pdf\">A. Criterios para la elaboraci\u00f3n del presupuesto anual del curso y para la distribuci\u00f3n de los ingresos entre las di<\/a><\/p>\n<p><a href=\"https:\/\/blogsaverroes.juntadeandalucia.es\/ceiphipolitolobato\/files\/2022\/11\/B.-CRITERIOS-PARA-LA-GESTI\u00d3N-DE-LAS-SUSTITUCIONES-DE-LAS-AUSENCIAS-DE-PROFESORADO.pdf\">B. CRITERIOS PARA LA GESTI\u00d3N DE LAS SUSTITUCIONES DE LAS AUSENCIAS DE PROFESORADO<\/a><\/p>\n<p><a href=\"https:\/\/blogsaverroes.juntadeandalucia.es\/ceiphipolitolobato\/files\/2022\/11\/C.-MEDIDAS-PARA-LA-CONSERVACI\u00d3N-Y-RENOVACI\u00d3N-DE-LAS-INSTALACIONES-Y-DEL-EQUIPAMIENTO-ESCOLAR.pdf\">C. MEDIDAS PARA LA CONSERVACI\u00d3N Y RENOVACI\u00d3N DE LAS INSTALACIONES Y DEL EQUIPAMIENTO ESCOLAR<\/a><\/p>\n<p><a href=\"https:\/\/blogsaverroes.juntadeandalucia.es\/ceiphipolitolobato\/files\/2022\/11\/D.-CRITERIOS-PARA-LA-OBTENCI\u00d3N-DE-INGRESOS-Y-OTROS-FONDOS.pdf\">D. CRITERIOS PARA LA OBTENCI\u00d3N DE INGRESOS Y OTROS FONDOS<\/a><\/p>\n<p><a href=\"https:\/\/blogsaverroes.juntadeandalucia.es\/ceiphipolitolobato\/files\/2022\/11\/E.-PROCEDIMIENTOS-PARA-LA-ELABORACI\u00d3N-DEL-INVENTARIO-ANUAL-GENERAL-DEL-CENTRO.pdf\">E. PROCEDIMIENTOS PARA LA ELABORACI\u00d3N DEL INVENTARIO ANUAL GENERAL DEL CENTRO<\/a><\/p>\n<p><a href=\"https:\/\/blogsaverroes.juntadeandalucia.es\/ceiphipolitolobato\/files\/2022\/11\/F.-CRITERIOS-PARA-UNA-GESTI\u00d3N-SOSTENIBLE-DE-LOS-RECURSOS-DEL-CENTRO-Y-DE-LOS-RESIDUOS-QUE-GENERE.pdf\">F. CRITERIOS PARA UNA GESTI\u00d3N SOSTENIBLE DE LOS RECURSOS DEL CENTRO Y DE LOS RESIDUOS QUE GENERE<\/a><\/p>\n<p><a href=\"https:\/\/blogsaverroes.juntadeandalucia.es\/ceiphipolitolobato\/files\/2022\/11\/G.-PRESUPUESTOS-ANUALES-Y-CUENTAS-DE-GESTI\u00d3N.pdf\">G. PRESUPUESTOS ANUALES Y CUENTAS DE GESTI\u00d3N<\/a><\/p>\n<p><a href=\"https:\/\/blogsaverroes.juntadeandalucia.es\/ceiphipolitolobato\/files\/2022\/11\/h.anexos.pdf\">h.anexos<\/a><\/p>\n","protected":false},"excerpt":{"rendered":"<p>0. \u00cdNDICE A. Criterios para la elaboraci\u00f3n del presupuesto anual del curso y para la distribuci\u00f3n de los ingresos entre las di B. CRITERIOS PARA LA GESTI\u00d3N DE LAS SUSTITUCIONES DE LAS AUSENCIAS DE PROFESORADO C. MEDIDAS PARA LA CONSERVACI\u00d3N Y RENOVACI\u00d3N DE LAS INSTALACIONES Y DEL EQUIPAMIENTO ESCOLAR D. CRITERIOS PARA LA OBTENCI\u00d3N DE [&hellip;]<\/p>\n","protected":false},"author":10181,"featured_media":0,"parent":49,"menu_order":0,"comment_status":"closed","ping_status":"closed","template":"","meta":{"ngg_post_thumbnail":0,"footnotes":"","_mc_calendar":[]},"aioseo_notices":[],"_links":{"self":[{"href":"https:\/\/blogsaverroes.juntadeandalucia.es\/ceiphipolitolobato\/wp-json\/wp\/v2\/pages\/2361"}],"collection":[{"href":"https:\/\/blogsaverroes.juntadeandalucia.es\/ceiphipolitolobato\/wp-json\/wp\/v2\/pages"}],"about":[{"href":"https:\/\/blogsaverroes.juntadeandalucia.es\/ceiphipolitolobato\/wp-json\/wp\/v2\/types\/page"}],"author":[{"embeddable":true,"href":"https:\/\/blogsaverroes.juntadeandalucia.es\/ceiphipolitolobato\/wp-json\/wp\/v2\/users\/10181"}],"replies":[{"embeddable":true,"href":"https:\/\/blogsaverroes.juntadeandalucia.es\/ceiphipolitolobato\/wp-json\/wp\/v2\/comments?post=2361"}],"version-history":[{"count":2,"href":"https:\/\/blogsaverroes.juntadeandalucia.es\/ceiphipolitolobato\/wp-json\/wp\/v2\/pages\/2361\/revisions"}],"predecessor-version":[{"id":2679,"href":"https:\/\/blogsaverroes.juntadeandalucia.es\/ceiphipolitolobato\/wp-json\/wp\/v2\/pages\/2361\/revisions\/2679"}],"up":[{"embeddable":true,"href":"https:\/\/blogsaverroes.juntadeandalucia.es\/ceiphipolitolobato\/wp-json\/wp\/v2\/pages\/49"}],"wp:attachment":[{"href":"https:\/\/blogsaverroes.juntadeandalucia.es\/ceiphipolitolobato\/wp-json\/wp\/v2\/media?parent=2361"}],"curies":[{"name":"wp","href":"https:\/\/api.w.org\/{rel}","templated":true}]}}