{"id":2364,"date":"2020-12-16T09:44:25","date_gmt":"2020-12-16T09:44:25","guid":{"rendered":"https:\/\/blogsaverroes.juntadeandalucia.es\/ceiphipolitolobato\/?page_id=2364"},"modified":"2024-11-19T12:17:43","modified_gmt":"2024-11-19T12:17:43","slug":"reglamento-de-organizacion-y-funcionamiento","status":"publish","type":"page","link":"https:\/\/blogsaverroes.juntadeandalucia.es\/ceiphipolitolobato\/proyecto-educativo\/reglamento-de-organizacion-y-funcionamiento\/","title":{"rendered":"REGLAMENTO DE ORGANIZACI\u00d3N Y FUNCIONAMIENTO"},"content":{"rendered":"<p><a href=\"https:\/\/blogsaverroes.juntadeandalucia.es\/ceiphipolitolobato\/files\/2022\/11\/0.\u00cdNDICE-ROF.pdf\">0.\u00cdNDICE ROF<\/a><\/p>\n<p><a href=\"https:\/\/blogsaverroes.juntadeandalucia.es\/ceiphipolitolobato\/files\/2022\/11\/0b.-PRE\u00c1MBULO.pdf\">0b. PRE\u00c1MBULO<\/a><\/p>\n<p><a href=\"https:\/\/blogsaverroes.juntadeandalucia.es\/ceiphipolitolobato\/files\/2022\/11\/1.-CAP\u00cdTULOS.pdf\">1. CAP\u00cdTULOS<\/a><\/p>\n<p><a href=\"https:\/\/blogsaverroes.juntadeandalucia.es\/ceiphipolitolobato\/files\/2024\/11\/2.-ANEXOS-MODIFI-NOV-2024.pdf\">2. ANEXOS <\/a><\/p>\n","protected":false},"excerpt":{"rendered":"<p>0.\u00cdNDICE ROF 0b. PRE\u00c1MBULO 1. CAP\u00cdTULOS 2. ANEXOS<\/p>\n","protected":false},"author":10181,"featured_media":0,"parent":49,"menu_order":0,"comment_status":"closed","ping_status":"closed","template":"","meta":{"ngg_post_thumbnail":0,"footnotes":"","_mc_calendar":[]},"aioseo_notices":[],"_links":{"self":[{"href":"https:\/\/blogsaverroes.juntadeandalucia.es\/ceiphipolitolobato\/wp-json\/wp\/v2\/pages\/2364"}],"collection":[{"href":"https:\/\/blogsaverroes.juntadeandalucia.es\/ceiphipolitolobato\/wp-json\/wp\/v2\/pages"}],"about":[{"href":"https:\/\/blogsaverroes.juntadeandalucia.es\/ceiphipolitolobato\/wp-json\/wp\/v2\/types\/page"}],"author":[{"embeddable":true,"href":"https:\/\/blogsaverroes.juntadeandalucia.es\/ceiphipolitolobato\/wp-json\/wp\/v2\/users\/10181"}],"replies":[{"embeddable":true,"href":"https:\/\/blogsaverroes.juntadeandalucia.es\/ceiphipolitolobato\/wp-json\/wp\/v2\/comments?post=2364"}],"version-history":[{"count":5,"href":"https:\/\/blogsaverroes.juntadeandalucia.es\/ceiphipolitolobato\/wp-json\/wp\/v2\/pages\/2364\/revisions"}],"predecessor-version":[{"id":3029,"href":"https:\/\/blogsaverroes.juntadeandalucia.es\/ceiphipolitolobato\/wp-json\/wp\/v2\/pages\/2364\/revisions\/3029"}],"up":[{"embeddable":true,"href":"https:\/\/blogsaverroes.juntadeandalucia.es\/ceiphipolitolobato\/wp-json\/wp\/v2\/pages\/49"}],"wp:attachment":[{"href":"https:\/\/blogsaverroes.juntadeandalucia.es\/ceiphipolitolobato\/wp-json\/wp\/v2\/media?parent=2364"}],"curies":[{"name":"wp","href":"https:\/\/api.w.org\/{rel}","templated":true}]}}