{"id":2572,"date":"2022-01-21T15:39:59","date_gmt":"2022-01-21T15:39:59","guid":{"rendered":"https:\/\/blogsaverroes.juntadeandalucia.es\/ceiphipolitolobato\/?page_id=2572"},"modified":"2022-04-29T17:04:13","modified_gmt":"2022-04-29T17:04:13","slug":"tutoriales-ipasen","status":"publish","type":"page","link":"https:\/\/blogsaverroes.juntadeandalucia.es\/ceiphipolitolobato\/documentacion\/tutoriales-ipasen\/","title":{"rendered":"TUTORIALES PASEN"},"content":{"rendered":"<p style=\"text-align: left\">Aqu\u00ed pod\u00e9is encontrar tutoriales en PDF y enlaces a videotutoriales sobre los aspectos m\u00e1s relevantes de la plataforma Pasen e Ipasen.<\/p>\n<p style=\"text-align: center\"><a title=\"TUTORIAL ACCESO A PASEN\" href=\"https:\/\/blogsaverroes.juntadeandalucia.es\/ceiphipolitolobato\/files\/2022\/01\/tutorial-acceso-pasen.pdf\">TUTORIAL ACCESO PASEN PDF<\/a><\/p>\n<div class=\"post-video\"><iframe loading=\"lazy\" title=\"iPASEN 1: Instalaci\u00f3n y Primer Acceso\" width=\"1165\" height=\"655\" src=\"https:\/\/www.youtube.com\/embed\/Gywfd_XncSA?feature=oembed\" frameborder=\"0\" allow=\"accelerometer; autoplay; clipboard-write; encrypted-media; gyroscope; picture-in-picture; web-share\" referrerpolicy=\"strict-origin-when-cross-origin\" allowfullscreen><\/iframe><\/div>\n<p>&nbsp;<\/p>\n<p style=\"text-align: center\"><a href=\"https:\/\/blogsaverroes.juntadeandalucia.es\/ceiphipolitolobato\/files\/2022\/04\/recuperaci\u00f3n-contrase\u00f1a-classroom.pdf\">RECUPERACI\u00d3N CONTRASE\u00d1A CLASSROOM\/PASEN\/MOODLE<\/a><\/p>\n<div class=\"post-video\"><iframe loading=\"lazy\" title=\"iPASEN 2: Recuperar Acceso\" width=\"1165\" height=\"655\" src=\"https:\/\/www.youtube.com\/embed\/OR7r9OcG8sE?feature=oembed\" frameborder=\"0\" allow=\"accelerometer; autoplay; clipboard-write; encrypted-media; gyroscope; picture-in-picture; web-share\" referrerpolicy=\"strict-origin-when-cross-origin\" allowfullscreen><\/iframe><\/div>\n<p>&nbsp;<\/p>\n<p>&nbsp;<\/p>\n<p style=\"text-align: center\"><a href=\"https:\/\/blogsaverroes.juntadeandalucia.es\/ceiphipolitolobato\/files\/2022\/04\/tutorial-actualizaci\u00f3n-foto-alumnado.pdf\">TUTORIAL ACTUALIZACI\u00d3N FOTO ALUMNADO PASEN<\/a><\/p>\n<div class=\"post-video\"><iframe loading=\"lazy\" title=\"Cambiar foto de ipasen\" width=\"1165\" height=\"655\" src=\"https:\/\/www.youtube.com\/embed\/saOH24H8Cmg?feature=oembed\" frameborder=\"0\" allow=\"accelerometer; autoplay; clipboard-write; encrypted-media; gyroscope; picture-in-picture; web-share\" referrerpolicy=\"strict-origin-when-cross-origin\" allowfullscreen><\/iframe><\/div>\n<p>&nbsp;<\/p>\n<p style=\"text-align: center\"><a href=\"https:\/\/blogsaverroes.juntadeandalucia.es\/ceiphipolitolobato\/files\/2022\/04\/tutorial-Autorizaciones-recogida.pdf\">TUTORIAL AUTORIZACIONES RECOGIDA PASEN<\/a><\/p>\n<p>&nbsp;<\/p>\n<p>[youtube https:\/\/www.youtube.com\/watch?v=RMzSKrq15fU]<\/p>\n<p>&nbsp;<\/p>\n<p style=\"text-align: center\"><a href=\"https:\/\/blogsaverroes.juntadeandalucia.es\/ceiphipolitolobato\/files\/2022\/04\/tutorial-MODIFICACION-DATOS.pdf\">TUTORIAL MODIFICACI\u00d3N DATOS PERSONALES PASEN<\/a><\/p>\n<p>&nbsp;<\/p>\n<p>&nbsp;<\/p>\n<p>&nbsp;<\/p>\n","protected":false},"excerpt":{"rendered":"<p>Aqu\u00ed pod\u00e9is encontrar tutoriales en PDF y enlaces a videotutoriales sobre los aspectos m\u00e1s relevantes de la plataforma Pasen e Ipasen. TUTORIAL ACCESO PASEN PDF &nbsp; RECUPERACI\u00d3N CONTRASE\u00d1A CLASSROOM\/PASEN\/MOODLE &nbsp; &nbsp; TUTORIAL ACTUALIZACI\u00d3N FOTO ALUMNADO PASEN &nbsp; TUTORIAL AUTORIZACIONES RECOGIDA PASEN &nbsp; [youtube https:\/\/www.youtube.com\/watch?v=RMzSKrq15fU] &nbsp; TUTORIAL MODIFICACI\u00d3N DATOS PERSONALES PASEN &nbsp; &nbsp; &nbsp;<\/p>\n","protected":false},"author":10181,"featured_media":0,"parent":2569,"menu_order":1,"comment_status":"closed","ping_status":"closed","template":"","meta":{"ngg_post_thumbnail":0,"footnotes":"","_mc_calendar":[]},"aioseo_notices":[],"_links":{"self":[{"href":"https:\/\/blogsaverroes.juntadeandalucia.es\/ceiphipolitolobato\/wp-json\/wp\/v2\/pages\/2572"}],"collection":[{"href":"https:\/\/blogsaverroes.juntadeandalucia.es\/ceiphipolitolobato\/wp-json\/wp\/v2\/pages"}],"about":[{"href":"https:\/\/blogsaverroes.juntadeandalucia.es\/ceiphipolitolobato\/wp-json\/wp\/v2\/types\/page"}],"author":[{"embeddable":true,"href":"https:\/\/blogsaverroes.juntadeandalucia.es\/ceiphipolitolobato\/wp-json\/wp\/v2\/users\/10181"}],"replies":[{"embeddable":true,"href":"https:\/\/blogsaverroes.juntadeandalucia.es\/ceiphipolitolobato\/wp-json\/wp\/v2\/comments?post=2572"}],"version-history":[{"count":6,"href":"https:\/\/blogsaverroes.juntadeandalucia.es\/ceiphipolitolobato\/wp-json\/wp\/v2\/pages\/2572\/revisions"}],"predecessor-version":[{"id":2607,"href":"https:\/\/blogsaverroes.juntadeandalucia.es\/ceiphipolitolobato\/wp-json\/wp\/v2\/pages\/2572\/revisions\/2607"}],"up":[{"embeddable":true,"href":"https:\/\/blogsaverroes.juntadeandalucia.es\/ceiphipolitolobato\/wp-json\/wp\/v2\/pages\/2569"}],"wp:attachment":[{"href":"https:\/\/blogsaverroes.juntadeandalucia.es\/ceiphipolitolobato\/wp-json\/wp\/v2\/media?parent=2572"}],"curies":[{"name":"wp","href":"https:\/\/api.w.org\/{rel}","templated":true}]}}