{"id":49,"date":"2015-03-13T08:47:05","date_gmt":"2015-03-13T08:47:05","guid":{"rendered":"http:\/\/blogsaverroes.juntadeandalucia.es\/pre\/ceip\/?page_id=49"},"modified":"2020-12-16T09:45:08","modified_gmt":"2020-12-16T09:45:08","slug":"proyecto-educativo","status":"publish","type":"page","link":"https:\/\/blogsaverroes.juntadeandalucia.es\/ceiphipolitolobato\/proyecto-educativo\/","title":{"rendered":"Plan de Centro"},"content":{"rendered":"<p><img loading=\"lazy\" decoding=\"async\" class=\"size-medium wp-image-1662 aligncenter\" src=\"http:\/\/blogsaverroes.juntadeandalucia.es\/temahueman\/files\/2015\/03\/proyecto-300x266.png\" alt=\"proyecto\" width=\"300\" height=\"266\" srcset=\"https:\/\/blogsaverroes.juntadeandalucia.es\/ceiphipolitolobato\/files\/2015\/03\/proyecto-300x266.png 300w, https:\/\/blogsaverroes.juntadeandalucia.es\/ceiphipolitolobato\/files\/2015\/03\/proyecto.png 640w\" sizes=\"(max-width: 300px) 100vw, 300px\" \/><\/p>\n<p>Un centro se define en gran medida por su Plan de Centro. El Plan de Centro est\u00e1 formado por el Proyecto Educativo, el Proyecto de Gesti\u00f3n y el Reglamento de Organizaci\u00f3n y Funcionamiento<\/p>\n<p>Que la web de un centro informe de su Proyecto Educativo es una apuesta clara por la <strong>transparencia<\/strong>.<\/p>\n<p>Aqu\u00ed os dejamos el Plan de Centro de nuestro colegio.&nbsp;<\/p>\n<p style=\"text-align: center\"><a href=\"https:\/\/blogsaverroes.juntadeandalucia.es\/ceiphipolitolobato\/proyecto-educativo\/proyecto-educativo\/\">PROYECTO EDUCATIVO<\/a><\/p>\n<p style=\"text-align: center\"><a href=\"https:\/\/blogsaverroes.juntadeandalucia.es\/ceiphipolitolobato\/proyecto-de-gestion\/\">PROYECTO DE GESTI\u00d3N<\/a><\/p>\n<p style=\"text-align: center\"><a href=\"https:\/\/blogsaverroes.juntadeandalucia.es\/ceiphipolitolobato\/proyecto-educativo\/reglamento-de-organizacion-y-funcionamiento\/\">REGLAMENTO DE ORGANIZACI\u00d3N Y FUNCIONAMIENTO<\/a>&nbsp;<\/p>\n<p>&nbsp;<\/p>\n","protected":false},"excerpt":{"rendered":"<p>Un centro se define en gran medida por su Plan de Centro. El Plan de Centro est\u00e1 formado por el Proyecto Educativo, el Proyecto de Gesti\u00f3n y el Reglamento de Organizaci\u00f3n y Funcionamiento Que la web de un centro informe de su Proyecto Educativo es una apuesta clara por la transparencia. Aqu\u00ed os dejamos el [&hellip;]<\/p>\n","protected":false},"author":1,"featured_media":0,"parent":0,"menu_order":0,"comment_status":"open","ping_status":"open","template":"page-templates\/child-menu.php","meta":{"ngg_post_thumbnail":0,"footnotes":"","_mc_calendar":[]},"aioseo_notices":[],"_links":{"self":[{"href":"https:\/\/blogsaverroes.juntadeandalucia.es\/ceiphipolitolobato\/wp-json\/wp\/v2\/pages\/49"}],"collection":[{"href":"https:\/\/blogsaverroes.juntadeandalucia.es\/ceiphipolitolobato\/wp-json\/wp\/v2\/pages"}],"about":[{"href":"https:\/\/blogsaverroes.juntadeandalucia.es\/ceiphipolitolobato\/wp-json\/wp\/v2\/types\/page"}],"author":[{"embeddable":true,"href":"https:\/\/blogsaverroes.juntadeandalucia.es\/ceiphipolitolobato\/wp-json\/wp\/v2\/users\/1"}],"replies":[{"embeddable":true,"href":"https:\/\/blogsaverroes.juntadeandalucia.es\/ceiphipolitolobato\/wp-json\/wp\/v2\/comments?post=49"}],"version-history":[{"count":12,"href":"https:\/\/blogsaverroes.juntadeandalucia.es\/ceiphipolitolobato\/wp-json\/wp\/v2\/pages\/49\/revisions"}],"predecessor-version":[{"id":2366,"href":"https:\/\/blogsaverroes.juntadeandalucia.es\/ceiphipolitolobato\/wp-json\/wp\/v2\/pages\/49\/revisions\/2366"}],"wp:attachment":[{"href":"https:\/\/blogsaverroes.juntadeandalucia.es\/ceiphipolitolobato\/wp-json\/wp\/v2\/media?parent=49"}],"curies":[{"name":"wp","href":"https:\/\/api.w.org\/{rel}","templated":true}]}}