{"id":77,"date":"2015-03-16T06:54:56","date_gmt":"2015-03-16T06:54:56","guid":{"rendered":"http:\/\/blogsaverroes.juntadeandalucia.es\/pre\/ceip\/?page_id=77"},"modified":"2021-10-18T15:30:15","modified_gmt":"2021-10-18T15:30:15","slug":"secretaria","status":"publish","type":"page","link":"https:\/\/blogsaverroes.juntadeandalucia.es\/ceiphipolitolobato\/secretaria\/","title":{"rendered":"Secretar\u00eda"},"content":{"rendered":"<p>La Secretar\u00eda del centro es un espacio de vital importancia para la realizaci\u00f3n de cualquier tr\u00e1mite administrativo en el centro.<\/p>\n<p>Nuestro horario de Secretar\u00eda es de 9:30 a 11:30 y de 12:30 a 13:30 de lunes a viernes.<\/p>\n<p>Preferentemente, las cuestiones de secretar\u00eda se resolver\u00e1n a trav\u00e9s del correo electr\u00f3nico secretariahipolitolobato@gmail.com<\/p>\n<p>&nbsp;<\/p>\n","protected":false},"excerpt":{"rendered":"<p>La Secretar\u00eda del centro es un espacio de vital importancia para la realizaci\u00f3n de cualquier tr\u00e1mite administrativo en el centro. Nuestro horario de Secretar\u00eda es de 9:30 a 11:30 y de 12:30 a 13:30 de lunes a viernes. Preferentemente, las cuestiones de secretar\u00eda se resolver\u00e1n a trav\u00e9s del correo electr\u00f3nico secretariahipolitolobato@gmail.com &nbsp;<\/p>\n","protected":false},"author":1,"featured_media":0,"parent":0,"menu_order":0,"comment_status":"open","ping_status":"open","template":"page-templates\/child-menu.php","meta":{"ngg_post_thumbnail":0,"footnotes":"","_mc_calendar":[]},"aioseo_notices":[],"_links":{"self":[{"href":"https:\/\/blogsaverroes.juntadeandalucia.es\/ceiphipolitolobato\/wp-json\/wp\/v2\/pages\/77"}],"collection":[{"href":"https:\/\/blogsaverroes.juntadeandalucia.es\/ceiphipolitolobato\/wp-json\/wp\/v2\/pages"}],"about":[{"href":"https:\/\/blogsaverroes.juntadeandalucia.es\/ceiphipolitolobato\/wp-json\/wp\/v2\/types\/page"}],"author":[{"embeddable":true,"href":"https:\/\/blogsaverroes.juntadeandalucia.es\/ceiphipolitolobato\/wp-json\/wp\/v2\/users\/1"}],"replies":[{"embeddable":true,"href":"https:\/\/blogsaverroes.juntadeandalucia.es\/ceiphipolitolobato\/wp-json\/wp\/v2\/comments?post=77"}],"version-history":[{"count":7,"href":"https:\/\/blogsaverroes.juntadeandalucia.es\/ceiphipolitolobato\/wp-json\/wp\/v2\/pages\/77\/revisions"}],"predecessor-version":[{"id":2525,"href":"https:\/\/blogsaverroes.juntadeandalucia.es\/ceiphipolitolobato\/wp-json\/wp\/v2\/pages\/77\/revisions\/2525"}],"wp:attachment":[{"href":"https:\/\/blogsaverroes.juntadeandalucia.es\/ceiphipolitolobato\/wp-json\/wp\/v2\/media?parent=77"}],"curies":[{"name":"wp","href":"https:\/\/api.w.org\/{rel}","templated":true}]}}