{"id":99,"date":"2015-03-16T07:22:54","date_gmt":"2015-03-16T07:22:54","guid":{"rendered":"http:\/\/blogsaverroes.juntadeandalucia.es\/pre\/ceip\/?page_id=99"},"modified":"2023-08-31T14:37:18","modified_gmt":"2023-08-31T14:37:18","slug":"comedor-escolar","status":"publish","type":"page","link":"https:\/\/blogsaverroes.juntadeandalucia.es\/ceiphipolitolobato\/comedor-escolar\/","title":{"rendered":"Comedor escolar"},"content":{"rendered":"<h4>Ejemplo de informaci\u00f3n sobre el comedor escolar<\/h4>\n<p>El comedor escolar tiene un \u00fanico turno de 14-16 horas. El alumnado puede ser recogido del mismo desde las 15:30 horas hasta las 16:00.<\/p>\n<p>Os dejamos enlace a la documentaci\u00f3n m\u00e1s relevante en torno al comedor:<\/p>\n<p style=\"text-align: center\"><strong>NORMATIVA<\/strong><\/p>\n<p style=\"text-align: center\"><strong><a href=\"\/Users\/Satellite\/Downloads\/0025632DR.pdf\">SOLICITUD<\/a><\/strong><\/p>\n<p style=\"text-align: center\"><a href=\"https:\/\/blogsaverroes.juntadeandalucia.es\/ceiphipolitolobato\/files\/2022\/09\/Anexo_V_Solicitud_de_bonificacion_AM_CE_y_AAEX.pdf\">IMPRESO PARA LA BONIFICACI\u00d3N AULA MATINAL Y\/O COMEDOR<\/a><\/p>\n<p style=\"text-align: center\"><strong><a href=\"https:\/\/blogsaverroes.juntadeandalucia.es\/ceiphipolitolobato\/files\/2021\/09\/IMPRESO-BAJA-SERVICIOS-COMPLEMENTARIOS-autorrellenable.pdf\">IMPRESO BAJA SERVICIOS COMPLEMENTARIOS autorrellenable<\/a><\/strong><\/p>\n<p style=\"text-align: center\"><strong><a href=\"https:\/\/blogsaverroes.juntadeandalucia.es\/ceiphipolitolobato\/files\/2021\/09\/circular-comedor.pdf\">CIRCULAR COMEDOR<\/a><\/strong><\/p>\n<p style=\"text-align: center\"><a href=\"https:\/\/blogsaverroes.juntadeandalucia.es\/ceiphipolitolobato\/files\/2023\/08\/AUTORIZACIONES-Y-ALERGIAS-COMEDOR-AUTORRELLENABLE.pdf\">AUTORIZACIONES Y ALERGIAS COMEDOR AUTORRELLENABLE<\/a><\/p>\n<p style=\"text-align: center\">&nbsp;<\/p>\n<p>&nbsp;<\/p>\n<p>&nbsp;<\/p>\n","protected":false},"excerpt":{"rendered":"<p>Ejemplo de informaci\u00f3n sobre el comedor escolar El comedor escolar tiene un \u00fanico turno de 14-16 horas. El alumnado puede ser recogido del mismo desde las 15:30 horas hasta las 16:00. Os dejamos enlace a la documentaci\u00f3n m\u00e1s relevante en torno al comedor: NORMATIVA SOLICITUD IMPRESO PARA LA BONIFICACI\u00d3N AULA MATINAL Y\/O COMEDOR IMPRESO BAJA [&hellip;]<\/p>\n","protected":false},"author":1,"featured_media":0,"parent":0,"menu_order":0,"comment_status":"open","ping_status":"open","template":"page-templates\/child-menu.php","meta":{"ngg_post_thumbnail":0,"footnotes":"","_mc_calendar":[]},"aioseo_notices":[],"_links":{"self":[{"href":"https:\/\/blogsaverroes.juntadeandalucia.es\/ceiphipolitolobato\/wp-json\/wp\/v2\/pages\/99"}],"collection":[{"href":"https:\/\/blogsaverroes.juntadeandalucia.es\/ceiphipolitolobato\/wp-json\/wp\/v2\/pages"}],"about":[{"href":"https:\/\/blogsaverroes.juntadeandalucia.es\/ceiphipolitolobato\/wp-json\/wp\/v2\/types\/page"}],"author":[{"embeddable":true,"href":"https:\/\/blogsaverroes.juntadeandalucia.es\/ceiphipolitolobato\/wp-json\/wp\/v2\/users\/1"}],"replies":[{"embeddable":true,"href":"https:\/\/blogsaverroes.juntadeandalucia.es\/ceiphipolitolobato\/wp-json\/wp\/v2\/comments?post=99"}],"version-history":[{"count":9,"href":"https:\/\/blogsaverroes.juntadeandalucia.es\/ceiphipolitolobato\/wp-json\/wp\/v2\/pages\/99\/revisions"}],"predecessor-version":[{"id":2779,"href":"https:\/\/blogsaverroes.juntadeandalucia.es\/ceiphipolitolobato\/wp-json\/wp\/v2\/pages\/99\/revisions\/2779"}],"wp:attachment":[{"href":"https:\/\/blogsaverroes.juntadeandalucia.es\/ceiphipolitolobato\/wp-json\/wp\/v2\/media?parent=99"}],"curies":[{"name":"wp","href":"https:\/\/api.w.org\/{rel}","templated":true}]}}