{"id":1062,"date":"2021-10-01T09:11:30","date_gmt":"2021-10-01T08:11:30","guid":{"rendered":"https:\/\/blogsaverroes.juntadeandalucia.es\/ceiphispalis\/?page_id=1062"},"modified":"2023-01-31T08:01:47","modified_gmt":"2023-01-31T07:01:47","slug":"datos-del-centro","status":"publish","type":"page","link":"https:\/\/blogsaverroes.juntadeandalucia.es\/ceiphispalis\/datos-del-centro\/","title":{"rendered":"Datos del centro"},"content":{"rendered":"<p style=\"text-align: center\"><span style=\"font-family: verdana, geneva, sans-serif;font-size: 12pt\"><strong><img loading=\"lazy\" decoding=\"async\" class=\"alignnone size-full wp-image-1242\" src=\"https:\/\/blogsaverroes.juntadeandalucia.es\/ceiphispalis\/files\/2022\/01\/EscudoHispalis_Red.jpg\" alt=\"\" width=\"188\" height=\"200\"><\/strong><\/span><\/p>\n<p style=\"text-align: center\"><span style=\"font-family: verdana, geneva, sans-serif;font-size: 14pt;color: #008000\">Direcci\u00f3n<\/span><\/p>\n<p style=\"text-align: center\"><span style=\"font-family: verdana, geneva, sans-serif;font-size: 12pt\">c\/. Alhami n\u00ba 10, 41020 &#8211; Sevilla<\/span><\/p>\n<p style=\"text-align: center\">&nbsp;<\/p>\n<p style=\"text-align: center\"><span style=\"font-family: verdana, geneva, sans-serif;font-size: 12pt;color: #008000\"><span style=\"font-size: 14pt\">Tel\u00e9fonos<\/span> <\/span><\/p>\n<p style=\"text-align: center\"><span style=\"font-family: verdana, geneva, sans-serif;font-size: 12pt\">955 623 415<br \/>\n<\/span><\/p>\n<p>&nbsp;<\/p>\n<p style=\"text-align: center\"><span style=\"font-family: verdana, geneva, sans-serif;font-size: 14pt;color: #008000\">Tel\u00e9fonos para solicitar cita previa<\/span><\/p>\n<p style=\"text-align: center\"><span style=\"font-family: verdana, geneva, sans-serif;font-size: 12pt\">Secretar\u00eda 671591408<\/span><\/p>\n<p style=\"text-align: center\"><span style=\"font-family: verdana, geneva, sans-serif;font-size: 12pt\">Centro 955623415<\/span><\/p>\n<p>&nbsp;<\/p>\n<p style=\"text-align: center\"><span style=\"font-family: verdana, geneva, sans-serif;font-size: 14pt;color: #008000\">C\u00f3digo del Centro<\/span><\/p>\n<p style=\"text-align: center\"><span style=\"font-family: verdana, geneva, sans-serif;font-size: 12pt\">41602004<\/span><\/p>\n<p style=\"text-align: center\">&nbsp;<\/p>\n<p style=\"text-align: center\"><span style=\"font-family: verdana, geneva, sans-serif;font-size: 14pt;color: #008000\">Correo electr\u00f3nico<\/span><\/p>\n<p style=\"text-align: center\"><span style=\"font-family: verdana, geneva, sans-serif;font-size: 12pt\">41602004.edu@juntadeandalucia.es<\/span><\/p>\n<p><img loading=\"lazy\" decoding=\"async\" class=\"alignnone size-medium wp-image-1703 aligncenter\" src=\"https:\/\/blogsaverroes.juntadeandalucia.es\/ceiphispalis\/files\/2022\/04\/IMAGEN-NI\u00d1O-Y-NI\u00d1A-H\u00cdSPALIS-300x214.jpg\" alt=\"\" width=\"300\" height=\"214\" srcset=\"https:\/\/blogsaverroes.juntadeandalucia.es\/ceiphispalis\/files\/2022\/04\/IMAGEN-NI\u00d1O-Y-NI\u00d1A-H\u00cdSPALIS-300x214.jpg 300w, https:\/\/blogsaverroes.juntadeandalucia.es\/ceiphispalis\/files\/2022\/04\/IMAGEN-NI\u00d1O-Y-NI\u00d1A-H\u00cdSPALIS-768x548.jpg 768w, https:\/\/blogsaverroes.juntadeandalucia.es\/ceiphispalis\/files\/2022\/04\/IMAGEN-NI\u00d1O-Y-NI\u00d1A-H\u00cdSPALIS-400x284.jpg 400w, https:\/\/blogsaverroes.juntadeandalucia.es\/ceiphispalis\/files\/2022\/04\/IMAGEN-NI\u00d1O-Y-NI\u00d1A-H\u00cdSPALIS-480x342.jpg 480w, https:\/\/blogsaverroes.juntadeandalucia.es\/ceiphispalis\/files\/2022\/04\/IMAGEN-NI\u00d1O-Y-NI\u00d1A-H\u00cdSPALIS.jpg 826w\" sizes=\"(max-width: 300px) 100vw, 300px\" \/><\/p>\n","protected":false},"excerpt":{"rendered":"<p>Direcci\u00f3n c\/. Alhami n\u00ba 10, 41020 &#8211; Sevilla &nbsp; Tel\u00e9fonos 955 623 415 &nbsp; Tel\u00e9fonos para solicitar cita previa Secretar\u00eda 671591408 Centro 955623415 &nbsp; C\u00f3digo del Centro 41602004 &nbsp; Correo electr\u00f3nico 41602004.edu@juntadeandalucia.es<\/p>\n","protected":false},"author":4831,"featured_media":0,"parent":0,"menu_order":0,"comment_status":"closed","ping_status":"closed","template":"","meta":{"_et_pb_use_builder":"","_et_pb_old_content":"","_et_gb_content_width":"","ngg_post_thumbnail":0,"footnotes":""},"aioseo_notices":[],"_links":{"self":[{"href":"https:\/\/blogsaverroes.juntadeandalucia.es\/ceiphispalis\/wp-json\/wp\/v2\/pages\/1062"}],"collection":[{"href":"https:\/\/blogsaverroes.juntadeandalucia.es\/ceiphispalis\/wp-json\/wp\/v2\/pages"}],"about":[{"href":"https:\/\/blogsaverroes.juntadeandalucia.es\/ceiphispalis\/wp-json\/wp\/v2\/types\/page"}],"author":[{"embeddable":true,"href":"https:\/\/blogsaverroes.juntadeandalucia.es\/ceiphispalis\/wp-json\/wp\/v2\/users\/4831"}],"replies":[{"embeddable":true,"href":"https:\/\/blogsaverroes.juntadeandalucia.es\/ceiphispalis\/wp-json\/wp\/v2\/comments?post=1062"}],"version-history":[{"count":5,"href":"https:\/\/blogsaverroes.juntadeandalucia.es\/ceiphispalis\/wp-json\/wp\/v2\/pages\/1062\/revisions"}],"predecessor-version":[{"id":2068,"href":"https:\/\/blogsaverroes.juntadeandalucia.es\/ceiphispalis\/wp-json\/wp\/v2\/pages\/1062\/revisions\/2068"}],"wp:attachment":[{"href":"https:\/\/blogsaverroes.juntadeandalucia.es\/ceiphispalis\/wp-json\/wp\/v2\/media?parent=1062"}],"curies":[{"name":"wp","href":"https:\/\/api.w.org\/{rel}","templated":true}]}}