{"id":1070,"date":"2021-10-02T11:29:29","date_gmt":"2021-10-02T10:29:29","guid":{"rendered":"https:\/\/blogsaverroes.juntadeandalucia.es\/ceiphispalis\/?page_id=1070"},"modified":"2022-05-26T12:18:02","modified_gmt":"2022-05-26T11:18:02","slug":"ampa","status":"publish","type":"page","link":"https:\/\/blogsaverroes.juntadeandalucia.es\/ceiphispalis\/ampa\/","title":{"rendered":"AMPA"},"content":{"rendered":"<p><a href=\"http:\/\/ampalaspalmeras.blogspot.com\/\"><img loading=\"lazy\" decoding=\"async\" class=\"alignnone wp-image-1071 alignleft\" src=\"https:\/\/blogsaverroes.juntadeandalucia.es\/ceiphispalis\/files\/2021\/10\/Titulo-blog-ampa-ret-9-2-11-300x80.jpg\" alt=\"\" width=\"293\" height=\"78\"><\/a><\/p>\n<p>&nbsp;<\/p>\n<p>&nbsp;<\/p>\n<p>&nbsp;<\/p>\n<p>CARTA DE BIENVENIDA A LAS FAMILIAS \u2013 CURSO 2022\/2023<\/p>\n<p>Desde el <strong>AMPA Las Palmeras <\/strong>damos la <strong>bienvenida <\/strong>a todas las familias que van a estar en nuestro centro el pr\u00f3ximo <strong>curso escolar 2022\/2023, <\/strong>y en especial, a aquellas que se incorporan por primera vez con muchas ganas y tambi\u00e9n nervios.<\/p>\n<p>Somos una asociaci\u00f3n sin \u00e1nimo de lucro, formada por padres y madres del <strong>CEIP <\/strong><strong>HISPALIS <\/strong>cuyo objetivo es colaborar con el centro y atender a las familias en todo lo concerniente a la etapa del alumnado de infantil y primaria. Nos movemos por y para el centro, buscando financiaci\u00f3n, subvenciones, gestionando diferentes actividades, organizando eventos l\u00fadico-festivos, etc.<\/p>\n<p>El AMPA es una parte integrante de la comunidad educativa ya que da la oportunidad a las familias de participar colaboraci\u00f3n activamente en la vida escolar de sus hij@s aportando su colaboraci\u00f3n.<\/p>\n<p>En los \u00faltimos cursos hemos instalado aire acondicionado en las aulas, hemos ayudado en la reposici\u00f3n de proyectores as\u00ed como en la mejora de algunas dependencias tales como la biblioteca y la sala de usos m\u00faltiples (SUM). Tambi\u00e9n organizamos otras actividades did\u00e1cticas y de convivencia a lo largo del curso como son las fotos de navidad, la visita de los Reyes Magos, el desayuno andaluz en el d\u00eda de Andaluc\u00eda, la organizaci\u00f3n de las orlas de fin de etapa de Infantil y Primaria, la Feria del Libro con actividades de animaci\u00f3n a la lectura y la fiesta de fin de curso con su montaje y realizaci\u00f3n.<\/p>\n<p>Tambi\u00e9n nos encargamos de gestionar nuestro <strong>Huerto ecol\u00f3gico <\/strong>suministrando el material necesario y trabajando conjuntamente con el Ayuntamiento porque consideramos el cuidado del entorno como parte fundamental en la educaci\u00f3n de nuestros hij@s.<\/p>\n<p>Asimismo, organizamos&nbsp; &nbsp;<strong>actividades&nbsp; &nbsp;extraescolares&nbsp; &nbsp;<\/strong>fuera&nbsp; &nbsp;del&nbsp; &nbsp;horario&nbsp; &nbsp;lectivo ayudando a la conciliaci\u00f3n de las familias. La informaci\u00f3n sobre estas actividades se facilita a principios de curso: horarios, inscripciones y precios.<\/p>\n<p>Adem\u00e1s, contamos con el servicio de <strong>\u201c<\/strong><strong>Aula de Buenas Tardes\u201d <\/strong>ofreciendo una alternativa al servicio de comedor.<\/p>\n<p>Por todo esto, os animamos a participar activamente con nosotros. Os iremos informando de pr\u00f3ximas reuniones para dar a conocer nuestra labor y que pod\u00e1is inscribiros.<\/p>\n<p>Para cualquier duda, pod\u00e9is contactar con nosotros a trav\u00e9s del siguiente email:<\/p>\n<p><a href=\"mailto:ampalaspalmeras@gmail.com\">ampalaspalmeras@gmail.com<\/a><\/p>\n<p><a href=\"http:\/\/www.ceiphispalis-ampalaspalmeras.com\/\">www.ceiphispalis-ampalaspalmeras.com<\/a><\/p>\n<p>Propuesta de actividades extraescolares para el pr\u00f3ximo curso 2002-2023.<\/p>\n<p>&nbsp;<\/p>\n<p>&nbsp;<\/p>\n<p>&nbsp;<\/p>\n<table>\n<tbody>\n<tr>\n<td width=\"231\"><strong>BALONCESTO <\/strong>LUNES Y MI\u00c9RCOLES 18:00 A 19:30<\/p>\n<p><a href=\"mailto:c.d.sideral@hotmail.com\">c.d.sideral@hotmail.com<\/a><\/td>\n<td width=\"155\"><strong>VOLEYBOL <\/strong>MARTES Y JUEVES 18:00 A 19:30<\/td>\n<td width=\"160\"><strong>HAPKIDO <\/strong>MARTES Y JUEVES 17:30 A 19:30<\/p>\n<p><a href=\"mailto:cdhwarang@gmail.com\">cdhwarang@gmail.com<\/a> Tlf.: 658 63 80 06<\/td>\n<td width=\"177\"><strong>PATINAJE <\/strong>VIERNES 16:00 A 18:00<\/p>\n<p>patinadoresdesevilla.es Tlf.: 617 21 63 21<\/td>\n<\/tr>\n<tr>\n<td width=\"231\"><strong>NATACI\u00d3N<\/strong><\/p>\n<p>C.D. SAN PABLO Y C.D.ALCOSA <a href=\"mailto:actividadessevilla2004@gmail.com\">actividadessevilla2004@gmail.com<\/a><\/p>\n<p>PROMOCIONES Y DESCUENTOS<\/td>\n<td width=\"155\"><strong>ROB\u00d3TICA <\/strong>MARTES 18:00 A 19:30<\/p>\n<p>experimenta-sevilla.es<\/td>\n<td width=\"160\"><strong>ATLETISMO<\/strong><\/p>\n<p>JUEVES 18:00 A 19:30<\/p>\n<p>clubatletismohispalis.es<\/td>\n<td width=\"177\"><strong>PINTURA <\/strong>VIERNES 16:00 A 18:00<\/p>\n<p><a href=\"mailto:msalgueiro@hotmail.com\">msalgueiro@hotmail.com<\/a><\/td>\n<\/tr>\n<tr>\n<td width=\"231\">Tlf. 660 27 72 54<\/p>\n<p><a href=\"http:\/\/www.gnatacionsevilla2004.es\/\">www.gnatacionsevilla2004.es<\/a><\/td>\n<td width=\"155\">655777574 (Rafa)<\/td>\n<td width=\"160\">655777574 (Rafa)<\/td>\n<td width=\"177\">&nbsp;<\/td>\n<\/tr>\n<\/tbody>\n<\/table>\n<p>&nbsp;<\/p>\n<p>Cuota de actividades:<\/p>\n<p>20\u20ac\/mes socios AMPA (*) 25\u20ac\/mes NO socios AMPA<\/p>\n<p>(*) Excepto Baloncesto y Nataci\u00f3n, que tiene cuota espec\u00edfica<\/p>\n","protected":false},"excerpt":{"rendered":"<p>&nbsp; &nbsp; &nbsp; CARTA DE BIENVENIDA A LAS FAMILIAS \u2013 CURSO 2022\/2023 Desde el AMPA Las Palmeras damos la bienvenida a todas las familias que van a estar en nuestro centro el pr\u00f3ximo curso escolar 2022\/2023, y en especial, a aquellas que se incorporan por primera vez con muchas ganas y tambi\u00e9n nervios. Somos una [&hellip;]<\/p>\n","protected":false},"author":4831,"featured_media":0,"parent":0,"menu_order":0,"comment_status":"closed","ping_status":"closed","template":"","meta":{"_et_pb_use_builder":"","_et_pb_old_content":"","_et_gb_content_width":"","ngg_post_thumbnail":0,"footnotes":""},"aioseo_notices":[],"_links":{"self":[{"href":"https:\/\/blogsaverroes.juntadeandalucia.es\/ceiphispalis\/wp-json\/wp\/v2\/pages\/1070"}],"collection":[{"href":"https:\/\/blogsaverroes.juntadeandalucia.es\/ceiphispalis\/wp-json\/wp\/v2\/pages"}],"about":[{"href":"https:\/\/blogsaverroes.juntadeandalucia.es\/ceiphispalis\/wp-json\/wp\/v2\/types\/page"}],"author":[{"embeddable":true,"href":"https:\/\/blogsaverroes.juntadeandalucia.es\/ceiphispalis\/wp-json\/wp\/v2\/users\/4831"}],"replies":[{"embeddable":true,"href":"https:\/\/blogsaverroes.juntadeandalucia.es\/ceiphispalis\/wp-json\/wp\/v2\/comments?post=1070"}],"version-history":[{"count":9,"href":"https:\/\/blogsaverroes.juntadeandalucia.es\/ceiphispalis\/wp-json\/wp\/v2\/pages\/1070\/revisions"}],"predecessor-version":[{"id":1780,"href":"https:\/\/blogsaverroes.juntadeandalucia.es\/ceiphispalis\/wp-json\/wp\/v2\/pages\/1070\/revisions\/1780"}],"wp:attachment":[{"href":"https:\/\/blogsaverroes.juntadeandalucia.es\/ceiphispalis\/wp-json\/wp\/v2\/media?parent=1070"}],"curies":[{"name":"wp","href":"https:\/\/api.w.org\/{rel}","templated":true}]}}