{"id":1192,"date":"2022-01-25T19:44:35","date_gmt":"2022-01-25T18:44:35","guid":{"rendered":"https:\/\/blogsaverroes.juntadeandalucia.es\/ceiphispalis\/?page_id=1192"},"modified":"2022-01-31T12:41:15","modified_gmt":"2022-01-31T11:41:15","slug":"servicios-del-centro","status":"publish","type":"page","link":"https:\/\/blogsaverroes.juntadeandalucia.es\/ceiphispalis\/servicios-del-centro\/","title":{"rendered":"Servicios del centro"},"content":{"rendered":"<p style=\"text-align: left\"><span style=\"font-family: verdana, geneva, sans-serif;font-size: 14pt\">Nuestro colegio cuenta con una amplia variedad de servicios que tiene como fin ayudar a las familias en su conciliaci\u00f3n laboral y familiar adem\u00e1s de dar la oportunidad a nuestro alumnado de elegir una serie de actividades extraescolares que le ayudar\u00e1 a madurar a nivel deportivo y cognitivo.<\/span><\/p>\n<p style=\"text-align: left\"><span style=\"font-family: verdana, geneva, sans-serif;font-size: 14pt\">A continuaci\u00f3n numeramos los servicios que ofertamos:<\/span><\/p>\n<ol style=\"text-align: left\">\n<li><span style=\"font-family: verdana, geneva, sans-serif;font-size: 14pt\"><span style=\"color: #0000ff\">Aula Matinal<\/span>: de 7.30 a 9.00 horas de lunes a viernes.<\/span><\/li>\n<li><span style=\"font-family: verdana, geneva, sans-serif;font-size: 14pt\"><span style=\"color: #0000ff\">Comedor Escolar<\/span>: de 14.00 a 16.00 horas de lunes a viernes.<\/span><\/li>\n<li><span style=\"font-family: verdana, geneva, sans-serif;font-size: 14pt\"><span style=\"color: #0000ff\">Aula de Buenas Tardes<\/span>: de 14.00 a 15.00 horas de lunes a viernes.<\/span><\/li>\n<li><span style=\"font-family: verdana, geneva, sans-serif;font-size: 14pt\"><span style=\"color: #0000ff\">Actividades Extraescolares<\/span> del Plan de Apertura: de 16.00 a 18.00 horas de lunes a jueves.<\/span><\/li>\n<li><span style=\"font-family: verdana, geneva, sans-serif;font-size: 14pt\"><span style=\"color: #0000ff\">Actividades Extraescolares del AMPA &#8220;Las Palmeras&#8221;<\/span> de 18.00 a 19.30 horas de lunes a jueves y de 16.00 a 18.00 horas los viernes<\/span><\/li>\n<\/ol>\n<p>&nbsp;<\/p>\n<p style=\"text-align: left\"><img loading=\"lazy\" decoding=\"async\" class=\"size-medium wp-image-976 aligncenter\" src=\"https:\/\/blogsaverroes.juntadeandalucia.es\/ceiphispalis\/files\/2021\/09\/igualdad-300x214.png\" alt=\"\" width=\"300\" height=\"214\"><\/p>\n","protected":false},"excerpt":{"rendered":"<p>Nuestro colegio cuenta con una amplia variedad de servicios que tiene como fin ayudar a las familias en su conciliaci\u00f3n laboral y familiar adem\u00e1s de dar la oportunidad a nuestro alumnado de elegir una serie de actividades extraescolares que le ayudar\u00e1 a madurar a nivel deportivo y cognitivo. A continuaci\u00f3n numeramos los servicios que ofertamos: [&hellip;]<\/p>\n","protected":false},"author":4831,"featured_media":0,"parent":0,"menu_order":0,"comment_status":"closed","ping_status":"closed","template":"","meta":{"_et_pb_use_builder":"","_et_pb_old_content":"","_et_gb_content_width":"","ngg_post_thumbnail":0,"footnotes":""},"aioseo_notices":[],"_links":{"self":[{"href":"https:\/\/blogsaverroes.juntadeandalucia.es\/ceiphispalis\/wp-json\/wp\/v2\/pages\/1192"}],"collection":[{"href":"https:\/\/blogsaverroes.juntadeandalucia.es\/ceiphispalis\/wp-json\/wp\/v2\/pages"}],"about":[{"href":"https:\/\/blogsaverroes.juntadeandalucia.es\/ceiphispalis\/wp-json\/wp\/v2\/types\/page"}],"author":[{"embeddable":true,"href":"https:\/\/blogsaverroes.juntadeandalucia.es\/ceiphispalis\/wp-json\/wp\/v2\/users\/4831"}],"replies":[{"embeddable":true,"href":"https:\/\/blogsaverroes.juntadeandalucia.es\/ceiphispalis\/wp-json\/wp\/v2\/comments?post=1192"}],"version-history":[{"count":5,"href":"https:\/\/blogsaverroes.juntadeandalucia.es\/ceiphispalis\/wp-json\/wp\/v2\/pages\/1192\/revisions"}],"predecessor-version":[{"id":1380,"href":"https:\/\/blogsaverroes.juntadeandalucia.es\/ceiphispalis\/wp-json\/wp\/v2\/pages\/1192\/revisions\/1380"}],"wp:attachment":[{"href":"https:\/\/blogsaverroes.juntadeandalucia.es\/ceiphispalis\/wp-json\/wp\/v2\/media?parent=1192"}],"curies":[{"name":"wp","href":"https:\/\/api.w.org\/{rel}","templated":true}]}}