{"id":1198,"date":"2022-01-25T19:49:14","date_gmt":"2022-01-25T18:49:14","guid":{"rendered":"https:\/\/blogsaverroes.juntadeandalucia.es\/ceiphispalis\/?page_id=1198"},"modified":"2025-11-12T13:59:58","modified_gmt":"2025-11-12T12:59:58","slug":"proyecto-educativo","status":"publish","type":"page","link":"https:\/\/blogsaverroes.juntadeandalucia.es\/ceiphispalis\/proyecto-educativo\/","title":{"rendered":"Proyecto Educativo"},"content":{"rendered":"<p><span style=\"font-family: verdana, geneva, sans-serif;font-size: 14pt\"><strong>PLAN DE CENTRO<\/strong><\/span><\/p>\n<p>&nbsp;<\/p>\n<p><span style=\"font-family: verdana, geneva, sans-serif;font-size: 14pt\">&nbsp; &nbsp; &nbsp; &nbsp; &nbsp; &nbsp; &nbsp; <a href=\"https:\/\/blogsaverroes.juntadeandalucia.es\/ceiphispalis\/files\/2025\/11\/PROYECTO-EDUCATIVO-25_26.pdf\">PROYECTO EDUCATIVO 25_26<\/a><\/span><\/p>\n<p><span style=\"font-family: verdana, geneva, sans-serif;font-size: 14pt\">&nbsp;&nbsp;&nbsp;&nbsp;&nbsp;&nbsp;&nbsp;&nbsp;&nbsp;&nbsp;&nbsp;&nbsp;&nbsp;&nbsp; <a href=\"https:\/\/blogsaverroes.juntadeandalucia.es\/ceiphispalis\/files\/2024\/02\/PLAN-DE-CONVIVENCIA.pdf\">Plan de Convivencia<\/a><\/span><\/p>\n<p><span style=\"font-family: verdana, geneva, sans-serif;font-size: 14pt\">&nbsp;&nbsp;&nbsp;&nbsp;&nbsp;&nbsp;&nbsp;&nbsp;&nbsp;&nbsp;&nbsp;&nbsp;&nbsp;&nbsp; <a href=\"https:\/\/blogsaverroes.juntadeandalucia.es\/ceiphispalis\/files\/2024\/02\/MEDIDAS-AD.pdf\">Medidas de atenci\u00f3n a la diversidad<\/a><\/span><\/p>\n<p><span style=\"font-family: verdana, geneva, sans-serif;font-size: 14pt\">&nbsp;&nbsp;&nbsp;&nbsp;&nbsp;&nbsp;&nbsp;&nbsp;&nbsp;&nbsp;&nbsp;&nbsp; &nbsp; <a href=\"https:\/\/blogsaverroes.juntadeandalucia.es\/ceiphispalis\/files\/2024\/02\/Proyecto-Biling\u00fce.pdf\">Proyecto biling\u00fce<\/a><\/span><\/p>\n<p><span style=\"font-family: verdana, geneva, sans-serif;font-size: 14pt\">&nbsp; &nbsp; &nbsp; &nbsp; &nbsp; &nbsp;&nbsp;&nbsp;&nbsp; <a href=\"https:\/\/blogsaverroes.juntadeandalucia.es\/ceiphispalis\/files\/2024\/02\/POAT-23-24.pdf\">Plan de orientaci\u00f3n y acci\u00f3n tutorial<\/a><\/span><\/p>\n<p><span style=\"font-family: verdana, geneva, sans-serif;font-size: 14pt\">&nbsp;&nbsp;&nbsp;&nbsp;&nbsp;&nbsp;&nbsp;&nbsp;&nbsp;&nbsp;&nbsp;&nbsp;&nbsp;&nbsp; <a href=\"https:\/\/blogsaverroes.juntadeandalucia.es\/ceiphispalis\/files\/2025\/11\/PROYECTO-RECREO-INCLUSIVO-25-26.docx.pdf\">PROYECTO-RECREO-INCLUSIVO-25-26.docx<\/a><\/span><\/p>\n<p><span style=\"font-family: verdana, geneva, sans-serif;font-size: 14pt\">&nbsp;&nbsp;&nbsp;&nbsp;&nbsp;&nbsp;&nbsp;&nbsp;&nbsp;&nbsp;&nbsp;&nbsp;&nbsp;&nbsp; <a href=\"https:\/\/blogsaverroes.juntadeandalucia.es\/ceiphispalis\/files\/2024\/02\/Plan-Estrat\u00e9gico-de-G\u00e9nero-en-Educaci\u00f3n.pdf\">Plan estrat\u00e9gico de g\u00e9nero en educaci\u00f3n<\/a><\/span><\/p>\n<p><span style=\"font-family: verdana, geneva, sans-serif;font-size: 14pt\">&nbsp;&nbsp;&nbsp;&nbsp;&nbsp;&nbsp;&nbsp;&nbsp;&nbsp;&nbsp;&nbsp;&nbsp;&nbsp;&nbsp; <a href=\"https:\/\/blogsaverroes.juntadeandalucia.es\/ceiphispalis\/files\/2024\/02\/PLAN-DE-LECTURA-H\u00cdSPALIS.pdf\">Plan de lectura<\/a><\/span><\/p>\n<p><span style=\"font-family: verdana, geneva, sans-serif;font-size: 14pt\">&nbsp; &nbsp; &nbsp; &nbsp; &nbsp; &nbsp; &nbsp; <a href=\"https:\/\/blogsaverroes.juntadeandalucia.es\/ceiphispalis\/files\/2025\/11\/PLAN-DE-FORMACION-2025_26.pdf\">PLAN DE FORMACI\u00d3N 2025_26<\/a><\/span><\/p>\n<p><span style=\"font-family: verdana, geneva, sans-serif;font-size: 14pt\">&nbsp; &nbsp; &nbsp; &nbsp; &nbsp; &nbsp; &nbsp; <a href=\"https:\/\/blogsaverroes.juntadeandalucia.es\/ceiphispalis\/files\/2025\/11\/Proyecto-de-Gestion-25-26.pdf\">Proyecto de Gesti\u00f3n 25-26<\/a><\/span><\/p>\n<p>&nbsp; &nbsp; &nbsp; &nbsp; &nbsp; &nbsp; &nbsp; &nbsp; &nbsp; &nbsp;<span style=\"font-family: verdana, geneva, sans-serif;font-size: 14pt\"> &nbsp; <a href=\"https:\/\/blogsaverroes.juntadeandalucia.es\/ceiphispalis\/files\/2025\/11\/ROF-2025_26.pdf\">ROF 2025_26<\/a><\/span><\/p>\n<p>&nbsp; &nbsp; &nbsp; &nbsp; &nbsp; &nbsp; &nbsp; &nbsp; &nbsp; &nbsp; &nbsp; &nbsp; <a href=\"https:\/\/blogsaverroes.juntadeandalucia.es\/ceiphispalis\/files\/2024\/12\/3.-PLAN-DE-ACTUACION-DEL-RAZONAMIENTO-MATEMATICO.pdf\"><span style=\"font-size: 18pt\"><span style=\"font-size: 14pt\"><span style=\"font-family: verdana, geneva, sans-serif\">Plan de actuaci\u00f3n del Razonamiento matem\u00e1tico<\/span><\/span><\/span><\/a><\/p>\n<p><span style=\"font-family: verdana, geneva, sans-serif;font-size: 14pt\">&nbsp; &nbsp; &nbsp; &nbsp; &nbsp; &nbsp; &nbsp; <a href=\"https:\/\/blogsaverroes.juntadeandalucia.es\/ceiphispalis\/files\/2025\/11\/Pad-actualizado-25-26.pdf\">Pad actualizado 25-26<\/a><\/span><\/p>\n<p><img loading=\"lazy\" decoding=\"async\" class=\"alignnone size-medium wp-image-976 aligncenter\" src=\"https:\/\/blogsaverroes.juntadeandalucia.es\/ceiphispalis\/files\/2021\/09\/igualdad-300x214.png\" alt=\"\" width=\"300\" height=\"214\"><\/p>\n","protected":false},"excerpt":{"rendered":"<p>PLAN DE CENTRO &nbsp; &nbsp; &nbsp; &nbsp; &nbsp; &nbsp; &nbsp; &nbsp; PROYECTO EDUCATIVO 25_26 &nbsp;&nbsp;&nbsp;&nbsp;&nbsp;&nbsp;&nbsp;&nbsp;&nbsp;&nbsp;&nbsp;&nbsp;&nbsp;&nbsp; Plan de Convivencia &nbsp;&nbsp;&nbsp;&nbsp;&nbsp;&nbsp;&nbsp;&nbsp;&nbsp;&nbsp;&nbsp;&nbsp;&nbsp;&nbsp; Medidas de atenci\u00f3n a la diversidad &nbsp;&nbsp;&nbsp;&nbsp;&nbsp;&nbsp;&nbsp;&nbsp;&nbsp;&nbsp;&nbsp;&nbsp; &nbsp; Proyecto biling\u00fce &nbsp; &nbsp; &nbsp; &nbsp; &nbsp; &nbsp;&nbsp;&nbsp;&nbsp; Plan de orientaci\u00f3n y acci\u00f3n tutorial &nbsp;&nbsp;&nbsp;&nbsp;&nbsp;&nbsp;&nbsp;&nbsp;&nbsp;&nbsp;&nbsp;&nbsp;&nbsp;&nbsp; PROYECTO-RECREO-INCLUSIVO-25-26.docx &nbsp;&nbsp;&nbsp;&nbsp;&nbsp;&nbsp;&nbsp;&nbsp;&nbsp;&nbsp;&nbsp;&nbsp;&nbsp;&nbsp; Plan estrat\u00e9gico de g\u00e9nero en educaci\u00f3n &nbsp;&nbsp;&nbsp;&nbsp;&nbsp;&nbsp;&nbsp;&nbsp;&nbsp;&nbsp;&nbsp;&nbsp;&nbsp;&nbsp; Plan de lectura &nbsp; [&hellip;]<\/p>\n","protected":false},"author":4831,"featured_media":0,"parent":0,"menu_order":0,"comment_status":"closed","ping_status":"closed","template":"","meta":{"_et_pb_use_builder":"","_et_pb_old_content":"","_et_gb_content_width":"","ngg_post_thumbnail":0,"footnotes":""},"aioseo_notices":[],"_links":{"self":[{"href":"https:\/\/blogsaverroes.juntadeandalucia.es\/ceiphispalis\/wp-json\/wp\/v2\/pages\/1198"}],"collection":[{"href":"https:\/\/blogsaverroes.juntadeandalucia.es\/ceiphispalis\/wp-json\/wp\/v2\/pages"}],"about":[{"href":"https:\/\/blogsaverroes.juntadeandalucia.es\/ceiphispalis\/wp-json\/wp\/v2\/types\/page"}],"author":[{"embeddable":true,"href":"https:\/\/blogsaverroes.juntadeandalucia.es\/ceiphispalis\/wp-json\/wp\/v2\/users\/4831"}],"replies":[{"embeddable":true,"href":"https:\/\/blogsaverroes.juntadeandalucia.es\/ceiphispalis\/wp-json\/wp\/v2\/comments?post=1198"}],"version-history":[{"count":5,"href":"https:\/\/blogsaverroes.juntadeandalucia.es\/ceiphispalis\/wp-json\/wp\/v2\/pages\/1198\/revisions"}],"predecessor-version":[{"id":2935,"href":"https:\/\/blogsaverroes.juntadeandalucia.es\/ceiphispalis\/wp-json\/wp\/v2\/pages\/1198\/revisions\/2935"}],"wp:attachment":[{"href":"https:\/\/blogsaverroes.juntadeandalucia.es\/ceiphispalis\/wp-json\/wp\/v2\/media?parent=1198"}],"curies":[{"name":"wp","href":"https:\/\/api.w.org\/{rel}","templated":true}]}}