{"id":1248,"date":"2022-01-25T21:39:38","date_gmt":"2022-01-25T20:39:38","guid":{"rendered":"https:\/\/blogsaverroes.juntadeandalucia.es\/ceiphispalis\/?page_id=1248"},"modified":"2022-04-26T07:35:08","modified_gmt":"2022-04-26T06:35:08","slug":"equipo-de-orientacion","status":"publish","type":"page","link":"https:\/\/blogsaverroes.juntadeandalucia.es\/ceiphispalis\/equipo-de-orientacion\/","title":{"rendered":"Equipo de Orientaci\u00f3n"},"content":{"rendered":"<p><span style=\"font-family: verdana, geneva, sans-serif;font-size: 36pt\"><a href=\"https:\/\/blogsaverroes.juntadeandalucia.es\/ceiphispalis\/files\/2022\/03\/Autonom\u00eda-y-Responsabilidad.pdf\">Autonom\u00eda y Responsabilidad<\/a><\/span><\/p>\n<p><span style=\"font-family: verdana, geneva, sans-serif\">(pinchar arriba para descargar PDF)<\/span><\/p>\n<p><img loading=\"lazy\" decoding=\"async\" class=\"wp-image-1687 aligncenter\" src=\"https:\/\/blogsaverroes.juntadeandalucia.es\/ceiphispalis\/files\/2022\/03\/portada-212x300.jpg\" alt=\"\" width=\"362\" height=\"512\"><\/p>\n<p><span style=\"color: #00ccff\"><strong><span style=\"font-family: verdana, geneva, sans-serif;font-size: 36pt\">Tarjetas de la Calma<\/span><\/strong><\/span><\/p>\n<p><span style=\"font-family: verdana, geneva, sans-serif;font-size: 14pt\">Queridas familias,<\/span><\/p>\n<p><span style=\"font-family: verdana, geneva, sans-serif;font-size: 14pt\">Os mandamos un enlace muy interesante que nos ha recomendado la orientadora de nuestro centro. Es un libro con tarjetas que ense\u00f1an a nuestros ni\u00f1os y ni\u00f1as a gestionar los momentos de ira.&nbsp;<\/span><\/p>\n<p><span style=\"font-family: verdana, geneva, sans-serif;font-size: 14pt\">Esperamos que os sea de utilidad.<\/span><\/p>\n<p><span style=\"font-family: verdana, geneva, sans-serif;font-size: 14pt\">Un saludo<\/span><\/p>\n<p><span style=\"font-family: verdana, geneva, sans-serif;font-size: 14pt\">El Equipo de Orientaci\u00f3n<\/span><\/p>\n<p><span style=\"font-size: 24pt\"><strong><span style=\"color: #000000\"><a style=\"color: #000000\" href=\"https:\/\/blogsaverroes.juntadeandalucia.es\/ceiphispalis\/files\/2022\/04\/tarjetas-de-la-calma-pictograma.pdf\">tarjetas de la calma pictograma<\/a><\/span><\/strong><\/span><\/p>\n<p>Pinchar arriba&#8230;<\/p>\n","protected":false},"excerpt":{"rendered":"<p>Autonom\u00eda y Responsabilidad (pinchar arriba para descargar PDF) Tarjetas de la Calma Queridas familias, Os mandamos un enlace muy interesante que nos ha recomendado la orientadora de nuestro centro. Es un libro con tarjetas que ense\u00f1an a nuestros ni\u00f1os y ni\u00f1as a gestionar los momentos de ira.&nbsp; Esperamos que os sea de utilidad. Un saludo [&hellip;]<\/p>\n","protected":false},"author":4831,"featured_media":0,"parent":0,"menu_order":0,"comment_status":"closed","ping_status":"closed","template":"","meta":{"_et_pb_use_builder":"","_et_pb_old_content":"","_et_gb_content_width":"","ngg_post_thumbnail":0,"footnotes":""},"aioseo_notices":[],"_links":{"self":[{"href":"https:\/\/blogsaverroes.juntadeandalucia.es\/ceiphispalis\/wp-json\/wp\/v2\/pages\/1248"}],"collection":[{"href":"https:\/\/blogsaverroes.juntadeandalucia.es\/ceiphispalis\/wp-json\/wp\/v2\/pages"}],"about":[{"href":"https:\/\/blogsaverroes.juntadeandalucia.es\/ceiphispalis\/wp-json\/wp\/v2\/types\/page"}],"author":[{"embeddable":true,"href":"https:\/\/blogsaverroes.juntadeandalucia.es\/ceiphispalis\/wp-json\/wp\/v2\/users\/4831"}],"replies":[{"embeddable":true,"href":"https:\/\/blogsaverroes.juntadeandalucia.es\/ceiphispalis\/wp-json\/wp\/v2\/comments?post=1248"}],"version-history":[{"count":4,"href":"https:\/\/blogsaverroes.juntadeandalucia.es\/ceiphispalis\/wp-json\/wp\/v2\/pages\/1248\/revisions"}],"predecessor-version":[{"id":1735,"href":"https:\/\/blogsaverroes.juntadeandalucia.es\/ceiphispalis\/wp-json\/wp\/v2\/pages\/1248\/revisions\/1735"}],"wp:attachment":[{"href":"https:\/\/blogsaverroes.juntadeandalucia.es\/ceiphispalis\/wp-json\/wp\/v2\/media?parent=1248"}],"curies":[{"name":"wp","href":"https:\/\/api.w.org\/{rel}","templated":true}]}}