{"id":1415,"date":"2022-01-31T13:12:32","date_gmt":"2022-01-31T12:12:32","guid":{"rendered":"https:\/\/blogsaverroes.juntadeandalucia.es\/ceiphispalis\/?page_id=1415"},"modified":"2025-05-29T08:34:08","modified_gmt":"2025-05-29T07:34:08","slug":"escolarizacion-2022-2023","status":"publish","type":"page","link":"https:\/\/blogsaverroes.juntadeandalucia.es\/ceiphispalis\/escolarizacion-2022-2023\/","title":{"rendered":"Escolarizaci\u00f3n 2025-2026"},"content":{"rendered":"<p style=\"text-align: center\"><span style=\"font-size: 24pt\"><strong><span style=\"font-family: verdana, geneva, sans-serif;color: #3366ff\">ESCOLARIZACI\u00d3N 2025-2026<\/span><\/strong><\/span><\/p>\n<p>&nbsp;<\/p>\n<p><span style=\"font-size: 14pt;font-family: tahoma, arial, helvetica, sans-serif\">Estimadas familias.<\/span><\/p>\n<p><span style=\"font-size: 14pt;font-family: tahoma, arial, helvetica, sans-serif\">Se aproxima el periodo de matriculaci\u00f3n en todos los centros de Andaluc\u00eda. Desde el 1 hasta el 9 de junio, ambos incluidos, tenemos para formalizar la matr\u00edcula en nuestro centro y solicitar los servicios del Plan de Apertura: aula matinal, comedor y actividades extraescolares (solicitud del 1 al 10 de junio).\u2028\u2028Todo el alumnado que el curso que viene cursa Infantil o Primaria en nuestro centro debe formalizar la matricula en estas fechas. El alumnado que actualmente se en encuentra en 6\u00ba curso de primaria formaliza la matr\u00edcula en el IES de referencia en las fechas del 1 al 10 de julio y siguiendo las indicaciones del instituto.<\/span><br \/>\n<span style=\"font-size: 14pt;font-family: tahoma, arial, helvetica, sans-serif\">Para facilitaros todo el proceso os dejamos una presentaci\u00f3n realizada por el CEIP H\u00edspalis (enlace al final de la informaci\u00f3n) donde pod\u00e9is obtener diferentes interacciones para ayudaros a todos los tr\u00e1mites.<\/span><br \/>\n<span style=\"font-size: 14pt;font-family: tahoma, arial, helvetica, sans-serif\">La matr\u00edcula se realiza a trav\u00e9s de la Secretar\u00eda Virtual (<a href=\"https:\/\/www.juntadeandalucia.es\/educacion\/secretariavirtual\/\">enlace<\/a>), ah\u00ed debemos clicar en ACCESO y pinchar sobre AUTENTICACI\u00d3N: Clave iANDE y acceder a MATR\u00cdCULA (esto no se permitir\u00e1 antes del d\u00eda 1 de junio).\u2028\u2028Nos pedir\u00e1n la fecha de nacimiento (del alumno) y la clave iANDE. Ambos datos se encuentra en vuestro iPASEN, en mensajes, en el primer mensaje recibido: Identificador Andaluz Educativo (iANDE).<\/span><br \/>\n<span style=\"font-size: 14pt;font-family: tahoma, arial, helvetica, sans-serif\">Una vez dentro debemos rellenar todos los campos obligatorios.\u2028\u2028En caso de querer solicitar Aula Matinal, Comedor y Actividades Extraescolares &nbsp;es importante que adem\u00e1s de rellenar todos los campos que se os piden adjunt\u00e9is dos documentos que aseguran poder contar con el servicio aunque no haya plazas. En caso de no incluirse se priorizar\u00e1n las plazas para aquellos que s\u00ed lo hayan presentado:\u2028<\/span><\/p>\n<p><span style=\"font-size: 14pt;font-family: tahoma, arial, helvetica, sans-serif\">&#8211; Certificado de empresa de ambos progenitores (con el horario de trabajo)<\/span><br \/>\n<span style=\"font-size: 14pt;font-family: tahoma, arial, helvetica, sans-serif\">&#8211; Vida laboral de ambos progenitores<\/span><\/p>\n<p><span style=\"font-size: 14pt;font-family: tahoma, arial, helvetica, sans-serif\">Es importante que sea de ambos progenitores, aunque haya r\u00e9gimen de custodia compartida. Tan solo en caso de custodia exclusiva se estima la entrega de la documentaci\u00f3n de un \u00fanico progenitor.<\/span><br \/>\n<span style=\"font-size: 14pt;font-family: tahoma, arial, helvetica, sans-serif\">Estos documentos se pueden adjuntar en el mismo proceso.\u2028\u2028Para cualquier duda al respecto, la secretar\u00eda se encuentra a su disposici\u00f3n para resolver dudas relacionadas con la matricula en el horario habitual de lunes a viernes.\u2028\u2028<\/span><\/p>\n<p><span style=\"font-size: 14pt;font-family: tahoma, arial, helvetica, sans-serif\">Un saludo,<\/span><br \/>\n<span style=\"font-size: 14pt;font-family: tahoma, arial, helvetica, sans-serif\">Jacob<\/span><\/p>\n<p><a href=\"https:\/\/view.genially.com\/6836213d1a5b81dbadee6367\/interactive-content-matriculas-online\"><span style=\"font-size: 18pt;font-family: tahoma, arial, helvetica, sans-serif\">Presentaci\u00f3n<\/span><\/a><\/p>\n<p><img loading=\"lazy\" decoding=\"async\" class=\"aligncenter size-full wp-image-2858\" src=\"https:\/\/blogsaverroes.juntadeandalucia.es\/ceiphispalis\/files\/2025\/05\/WhatsApp-Image-2025-05-29-at-09.31.48.jpeg\" alt=\"\" width=\"1073\" height=\"1600\" srcset=\"https:\/\/blogsaverroes.juntadeandalucia.es\/ceiphispalis\/files\/2025\/05\/WhatsApp-Image-2025-05-29-at-09.31.48.jpeg 1073w, https:\/\/blogsaverroes.juntadeandalucia.es\/ceiphispalis\/files\/2025\/05\/WhatsApp-Image-2025-05-29-at-09.31.48-980x1461.jpeg 980w, https:\/\/blogsaverroes.juntadeandalucia.es\/ceiphispalis\/files\/2025\/05\/WhatsApp-Image-2025-05-29-at-09.31.48-480x716.jpeg 480w\" sizes=\"(min-width: 0px) and (max-width: 480px) 480px, (min-width: 481px) and (max-width: 980px) 980px, (min-width: 981px) 1073px, 100vw\" \/><\/p>\n<p>&nbsp;<\/p>\n","protected":false},"excerpt":{"rendered":"<p>ESCOLARIZACI\u00d3N 2025-2026 &nbsp; Estimadas familias. Se aproxima el periodo de matriculaci\u00f3n en todos los centros de Andaluc\u00eda. Desde el 1 hasta el 9 de junio, ambos incluidos, tenemos para formalizar la matr\u00edcula en nuestro centro y solicitar los servicios del Plan de Apertura: aula matinal, comedor y actividades extraescolares (solicitud del 1 al 10 de [&hellip;]<\/p>\n","protected":false},"author":14197,"featured_media":0,"parent":0,"menu_order":0,"comment_status":"closed","ping_status":"closed","template":"","meta":{"_et_pb_use_builder":"","_et_pb_old_content":"","_et_gb_content_width":"","ngg_post_thumbnail":0,"footnotes":""},"aioseo_notices":[],"_links":{"self":[{"href":"https:\/\/blogsaverroes.juntadeandalucia.es\/ceiphispalis\/wp-json\/wp\/v2\/pages\/1415"}],"collection":[{"href":"https:\/\/blogsaverroes.juntadeandalucia.es\/ceiphispalis\/wp-json\/wp\/v2\/pages"}],"about":[{"href":"https:\/\/blogsaverroes.juntadeandalucia.es\/ceiphispalis\/wp-json\/wp\/v2\/types\/page"}],"author":[{"embeddable":true,"href":"https:\/\/blogsaverroes.juntadeandalucia.es\/ceiphispalis\/wp-json\/wp\/v2\/users\/14197"}],"replies":[{"embeddable":true,"href":"https:\/\/blogsaverroes.juntadeandalucia.es\/ceiphispalis\/wp-json\/wp\/v2\/comments?post=1415"}],"version-history":[{"count":13,"href":"https:\/\/blogsaverroes.juntadeandalucia.es\/ceiphispalis\/wp-json\/wp\/v2\/pages\/1415\/revisions"}],"predecessor-version":[{"id":2859,"href":"https:\/\/blogsaverroes.juntadeandalucia.es\/ceiphispalis\/wp-json\/wp\/v2\/pages\/1415\/revisions\/2859"}],"wp:attachment":[{"href":"https:\/\/blogsaverroes.juntadeandalucia.es\/ceiphispalis\/wp-json\/wp\/v2\/media?parent=1415"}],"curies":[{"name":"wp","href":"https:\/\/api.w.org\/{rel}","templated":true}]}}