{"id":112,"date":"2025-02-11T10:10:15","date_gmt":"2025-02-11T09:10:15","guid":{"rendered":"https:\/\/blogsaverroes.juntadeandalucia.es\/ceiphogarsol\/?page_id=112"},"modified":"2025-05-22T12:44:32","modified_gmt":"2025-05-22T10:44:32","slug":"ipasen","status":"publish","type":"page","link":"https:\/\/blogsaverroes.juntadeandalucia.es\/ceiphogarsol\/familias\/ipasen\/","title":{"rendered":"iPasen"},"content":{"rendered":"\t\t<div data-elementor-type=\"wp-page\" data-elementor-id=\"112\" class=\"elementor elementor-112\">\n\t\t\t\t<div class=\"elementor-element elementor-element-81d7c26 e-flex e-con-boxed e-con e-parent\" data-id=\"81d7c26\" data-element_type=\"container\">\n\t\t\t\t\t<div class=\"e-con-inner\">\n\t\t\t\t<div class=\"elementor-element elementor-element-4eda72b elementor-widget elementor-widget-html\" data-id=\"4eda72b\" data-element_type=\"widget\" data-widget_type=\"html.default\">\n\t\t\t\t<div class=\"elementor-widget-container\">\n\t\t\t\t\t<p>Selecciona tu idioma:<\/p>\r\n<a href=\"https:\/\/translate.google.com\/translate?hl=en&amp;sl=auto&amp;tl=en&amp;u=https:\/\/blogsaverroes.juntadeandalucia.es\/ceiphogarsol\/familias\/ipasen\/\">English<\/a> |\r\n<a href=\"https:\/\/translate.google.com\/translate?hl=fr&amp;sl=auto&amp;tl=fr&amp;u=https:\/\/blogsaverroes.juntadeandalucia.es\/ceiphogarsol\/familias\/ipasen\/\">Fran\u00e7ais<\/a> |\r\n<a href=\"https:\/\/translate.google.com\/translate?hl=de&amp;sl=auto&amp;tl=de&amp;u=https:\/\/blogsaverroes.juntadeandalucia.es\/ceiphogarsol\/familias\/ipasen\/\">Deutsch<\/a> |\r\n<a href=\"https:\/\/translate.google.com\/translate?hl=it&amp;sl=auto&amp;tl=it&amp;u=https:\/\/blogsaverroes.juntadeandalucia.es\/ceiphogarsol\/familias\/ipasen\/\">Italiano<\/a>\t\t\t\t<\/div>\n\t\t\t\t<\/div>\n\t\t<div class=\"elementor-element elementor-element-ef6e44b e-con-full e-flex e-con e-child\" data-id=\"ef6e44b\" data-element_type=\"container\">\n\t\t\t\t<div class=\"elementor-element elementor-element-1da4aa9 elementor-widget elementor-widget-heading\" data-id=\"1da4aa9\" data-element_type=\"widget\" data-widget_type=\"heading.default\">\n\t\t\t\t<div class=\"elementor-widget-container\">\n\t\t\t\t\t<h2 class=\"elementor-heading-title elementor-size-default\">iPasen<\/h2>\t\t\t\t<\/div>\n\t\t\t\t<\/div>\n\t\t\t\t<div class=\"elementor-element elementor-element-dbeda71 elementor-widget-divider--view-line elementor-widget elementor-widget-divider\" data-id=\"dbeda71\" data-element_type=\"widget\" data-widget_type=\"divider.default\">\n\t\t\t\t<div class=\"elementor-widget-container\">\n\t\t\t\t\t\t\t<div class=\"elementor-divider\">\n\t\t\t<span class=\"elementor-divider-separator\">\n\t\t\t\t\t\t<\/span>\n\t\t<\/div>\n\t\t\t\t\t\t<\/div>\n\t\t\t\t<\/div>\n\t\t\t\t<\/div>\n\t\t\t\t\t<\/div>\n\t\t\t\t<\/div>\n\t\t<div class=\"elementor-element elementor-element-13aea4c e-flex e-con-boxed e-con e-parent\" data-id=\"13aea4c\" data-element_type=\"container\">\n\t\t\t\t\t<div class=\"e-con-inner\">\n\t\t\t\t<div class=\"elementor-element elementor-element-49a91b2 elementor-widget elementor-widget-text-editor\" data-id=\"49a91b2\" data-element_type=\"widget\" data-widget_type=\"text-editor.default\">\n\t\t\t\t<div class=\"elementor-widget-container\">\n\t\t\t\t\t\t\t\t\t<p><img fetchpriority=\"high\" decoding=\"async\" class=\" wp-image-379 aligncenter\" src=\"https:\/\/blogsaverroes.juntadeandalucia.es\/ceiphogarsol\/files\/2025\/03\/image_gallery-300x300.png\" alt=\"Logo Ipasen\" width=\"252\" height=\"252\" srcset=\"https:\/\/blogsaverroes.juntadeandalucia.es\/ceiphogarsol\/files\/2025\/03\/image_gallery-300x300.png 300w, https:\/\/blogsaverroes.juntadeandalucia.es\/ceiphogarsol\/files\/2025\/03\/image_gallery-150x150.png 150w, https:\/\/blogsaverroes.juntadeandalucia.es\/ceiphogarsol\/files\/2025\/03\/image_gallery-768x768.png 768w, https:\/\/blogsaverroes.juntadeandalucia.es\/ceiphogarsol\/files\/2025\/03\/image_gallery.png 1024w\" sizes=\"(max-width: 252px) 100vw, 252px\" \/><\/p><p style=\"margin-bottom: 1rem;color: #252525;font-family: system-ui, -apple-system, 'Segoe UI', Roboto, 'Helvetica Neue', 'Noto Sans', 'Liberation Sans', Arial, sans-serif, 'Apple Color Emoji', 'Segoe UI Emoji', 'Segoe UI Symbol', 'Noto Color Emoji';font-size: 16px\">iPasen es la versi\u00f3n para m\u00f3viles y tabletas de PASEN.<\/p><p style=\"margin-bottom: 1rem;color: #252525;font-family: system-ui, -apple-system, 'Segoe UI', Roboto, 'Helvetica Neue', 'Noto Sans', 'Liberation Sans', Arial, sans-serif, 'Apple Color Emoji', 'Segoe UI Emoji', 'Segoe UI Symbol', 'Noto Color Emoji';font-size: 16px;text-align: justify\">PASEN es el m\u00f3dulo de S\u00e9neca que permite la comunicaci\u00f3n entre los centros educativos y las familias, tutores legales y alumnado, ofreciendo\u00a0las siguientes funcionalidades:<\/p><p style=\"margin-bottom: 1rem;color: #252525;font-family: system-ui, -apple-system, 'Segoe UI', Roboto, 'Helvetica Neue', 'Noto Sans', 'Liberation Sans', Arial, sans-serif, 'Apple Color Emoji', 'Segoe UI Emoji', 'Segoe UI Symbol', 'Noto Color Emoji';font-size: 16px;text-align: justify\"><span style=\"font-weight: bolder\">Funcionalidades:<\/span><\/p><p style=\"margin-bottom: 1rem;color: #252525;font-family: system-ui, -apple-system, 'Segoe UI', Roboto, 'Helvetica Neue', 'Noto Sans', 'Liberation Sans', Arial, sans-serif, 'Apple Color Emoji', 'Segoe UI Emoji', 'Segoe UI Symbol', 'Noto Color Emoji';font-size: 16px\">&#8211; Acceso con el mismo usuario\/contrase\u00f1a que a la aplicaci\u00f3n web PASEN.<\/p><p style=\"margin-bottom: 1rem;color: #252525;font-family: system-ui, -apple-system, 'Segoe UI', Roboto, 'Helvetica Neue', 'Noto Sans', 'Liberation Sans', Arial, sans-serif, 'Apple Color Emoji', 'Segoe UI Emoji', 'Segoe UI Symbol', 'Noto Color Emoji';font-size: 16px\">&#8211; Cambio de contrase\u00f1a y acceso a &#8216;Mis datos&#8217; con toda la informaci\u00f3n de usuario relevante para el sistema.<\/p><p style=\"margin-bottom: 1rem;color: #252525;font-family: system-ui, -apple-system, 'Segoe UI', Roboto, 'Helvetica Neue', 'Noto Sans', 'Liberation Sans', Arial, sans-serif, 'Apple Color Emoji', 'Segoe UI Emoji', 'Segoe UI Symbol', 'Noto Color Emoji';font-size: 16px\">&#8211; Acceso a la Mensajer\u00eda interna.<\/p><p style=\"margin-bottom: 1rem;color: #252525;font-family: system-ui, -apple-system, 'Segoe UI', Roboto, 'Helvetica Neue', 'Noto Sans', 'Liberation Sans', Arial, sans-serif, 'Apple Color Emoji', 'Segoe UI Emoji', 'Segoe UI Symbol', 'Noto Color Emoji';font-size: 16px\">&#8211; Acceso a la Agenda personal.<\/p><p style=\"margin-bottom: 1rem;color: #252525;font-family: system-ui, -apple-system, 'Segoe UI', Roboto, 'Helvetica Neue', 'Noto Sans', 'Liberation Sans', Arial, sans-serif, 'Apple Color Emoji', 'Segoe UI Emoji', 'Segoe UI Symbol', 'Noto Color Emoji';font-size: 16px\">&#8211; Consultas de los datos del centro educativo.<\/p><p style=\"margin-bottom: 1rem;color: #252525;font-family: system-ui, -apple-system, 'Segoe UI', Roboto, 'Helvetica Neue', 'Noto Sans', 'Liberation Sans', Arial, sans-serif, 'Apple Color Emoji', 'Segoe UI Emoji', 'Segoe UI Symbol', 'Noto Color Emoji';font-size: 16px\">&#8211; Consulta del Calendario escolar oficial.<\/p><p style=\"margin-bottom: 1rem;color: #252525;font-family: system-ui, -apple-system, 'Segoe UI', Roboto, 'Helvetica Neue', 'Noto Sans', 'Liberation Sans', Arial, sans-serif, 'Apple Color Emoji', 'Segoe UI Emoji', 'Segoe UI Symbol', 'Noto Color Emoji';font-size: 16px\">&#8211; Consulta del Tabl\u00f3n de anuncios.<\/p><p style=\"margin-bottom: 1rem;color: #252525;font-family: system-ui, -apple-system, 'Segoe UI', Roboto, 'Helvetica Neue', 'Noto Sans', 'Liberation Sans', Arial, sans-serif, 'Apple Color Emoji', 'Segoe UI Emoji', 'Segoe UI Symbol', 'Noto Color Emoji';font-size: 16px\">&#8211; Consulta del Horario escolar de sus hijos.<\/p><p style=\"margin-bottom: 1rem;color: #252525;font-family: system-ui, -apple-system, 'Segoe UI', Roboto, 'Helvetica Neue', 'Noto Sans', 'Liberation Sans', Arial, sans-serif, 'Apple Color Emoji', 'Segoe UI Emoji', 'Segoe UI Symbol', 'Noto Color Emoji';font-size: 16px\">&#8211; Consulta, justificaci\u00f3n y comunicaci\u00f3n de ausencias de sus hijos.<\/p><p style=\"margin-bottom: 1rem;color: #252525;font-family: system-ui, -apple-system, 'Segoe UI', Roboto, 'Helvetica Neue', 'Noto Sans', 'Liberation Sans', Arial, sans-serif, 'Apple Color Emoji', 'Segoe UI Emoji', 'Segoe UI Symbol', 'Noto Color Emoji';font-size: 16px\">&#8211; Consulta de las Calificaciones en cualquier materia.<\/p><p style=\"margin-bottom: 1rem;color: #252525;font-family: system-ui, -apple-system, 'Segoe UI', Roboto, 'Helvetica Neue', 'Noto Sans', 'Liberation Sans', Arial, sans-serif, 'Apple Color Emoji', 'Segoe UI Emoji', 'Segoe UI Symbol', 'Noto Color Emoji';font-size: 16px\">&#8211; Consulta de las actividades evaluables, tareas, controles, etc, creados en los Cuadernos de clase del profesorado.<\/p><p style=\"margin-bottom: 1rem;color: #252525;font-family: system-ui, -apple-system, 'Segoe UI', Roboto, 'Helvetica Neue', 'Noto Sans', 'Liberation Sans', Arial, sans-serif, 'Apple Color Emoji', 'Segoe UI Emoji', 'Segoe UI Symbol', 'Noto Color Emoji';font-size: 16px\">&#8211; Consulta de las Observaciones que se hayan introducido por parte del profesorado sobre la marcha de sus hijos.<\/p><p style=\"margin-bottom: 1rem;color: #252525;font-family: system-ui, -apple-system, 'Segoe UI', Roboto, 'Helvetica Neue', 'Noto Sans', 'Liberation Sans', Arial, sans-serif, 'Apple Color Emoji', 'Segoe UI Emoji', 'Segoe UI Symbol', 'Noto Color Emoji';font-size: 16px\">&#8211; Recepci\u00f3n de Notificaciones enviadas desde S\u00e9neca por ausencias de sus hijos o cualquier otro tipo de mensaje.<\/p><p style=\"margin-bottom: 1rem;color: #252525;font-family: system-ui, -apple-system, 'Segoe UI', Roboto, 'Helvetica Neue', 'Noto Sans', 'Liberation Sans', Arial, sans-serif, 'Apple Color Emoji', 'Segoe UI Emoji', 'Segoe UI Symbol', 'Noto Color Emoji';font-size: 16px\">&#8211; Subida de la foto del alumnado a su ficha.<\/p><p style=\"margin-bottom: 1rem;color: #252525;font-family: system-ui, -apple-system, 'Segoe UI', Roboto, 'Helvetica Neue', 'Noto Sans', 'Liberation Sans', Arial, sans-serif, 'Apple Color Emoji', 'Segoe UI Emoji', 'Segoe UI Symbol', 'Noto Color Emoji';font-size: 16px;text-align: justify\"><span style=\"font-weight: bolder\">Videotutorial:<\/span><\/p><p style=\"margin-bottom: 1rem;color: #252525;font-family: system-ui, -apple-system, 'Segoe UI', Roboto, 'Helvetica Neue', 'Noto Sans', 'Liberation Sans', Arial, sans-serif, 'Apple Color Emoji', 'Segoe UI Emoji', 'Segoe UI Symbol', 'Noto Color Emoji';font-size: 16px;text-align: justify\">Descargar iPasen y entrar con usuario y contrase\u00f1a.<\/p>\t\t\t\t\t\t\t\t<\/div>\n\t\t\t\t<\/div>\n\t\t\t\t\t<\/div>\n\t\t\t\t<\/div>\n\t\t<div class=\"elementor-element elementor-element-931d210 e-flex e-con-boxed e-con e-parent\" data-id=\"931d210\" data-element_type=\"container\">\n\t\t\t\t\t<div class=\"e-con-inner\">\n\t\t\t\t<div class=\"elementor-element elementor-element-eed257a elementor-widget elementor-widget-video\" data-id=\"eed257a\" data-element_type=\"widget\" data-settings=\"{&quot;youtube_url&quot;:&quot;https:\\\/\\\/youtu.be\\\/SiGPrsi2Wgc&quot;,&quot;autoplay&quot;:&quot;yes&quot;,&quot;video_type&quot;:&quot;youtube&quot;,&quot;controls&quot;:&quot;yes&quot;}\" data-widget_type=\"video.default\">\n\t\t\t\t<div class=\"elementor-widget-container\">\n\t\t\t\t\t\t\t<div class=\"elementor-wrapper elementor-open-inline\">\n\t\t\t<div class=\"elementor-video\"><\/div>\t\t<\/div>\n\t\t\t\t\t\t<\/div>\n\t\t\t\t<\/div>\n\t\t\t\t\t<\/div>\n\t\t\t\t<\/div>\n\t\t\t\t<\/div>\n\t\t","protected":false},"excerpt":{"rendered":"<p>Selecciona tu idioma: English | Fran\u00e7ais | Deutsch | Italiano iPasen iPasen es la versi\u00f3n para m\u00f3viles y tabletas de PASEN. PASEN es el m\u00f3dulo&hellip;<\/p>\n","protected":false},"author":20684,"featured_media":0,"parent":108,"menu_order":0,"comment_status":"closed","ping_status":"closed","template":"","meta":{"footnotes":""},"aioseo_notices":[],"_links":{"self":[{"href":"https:\/\/blogsaverroes.juntadeandalucia.es\/ceiphogarsol\/wp-json\/wp\/v2\/pages\/112"}],"collection":[{"href":"https:\/\/blogsaverroes.juntadeandalucia.es\/ceiphogarsol\/wp-json\/wp\/v2\/pages"}],"about":[{"href":"https:\/\/blogsaverroes.juntadeandalucia.es\/ceiphogarsol\/wp-json\/wp\/v2\/types\/page"}],"author":[{"embeddable":true,"href":"https:\/\/blogsaverroes.juntadeandalucia.es\/ceiphogarsol\/wp-json\/wp\/v2\/users\/20684"}],"replies":[{"embeddable":true,"href":"https:\/\/blogsaverroes.juntadeandalucia.es\/ceiphogarsol\/wp-json\/wp\/v2\/comments?post=112"}],"version-history":[{"count":21,"href":"https:\/\/blogsaverroes.juntadeandalucia.es\/ceiphogarsol\/wp-json\/wp\/v2\/pages\/112\/revisions"}],"predecessor-version":[{"id":1074,"href":"https:\/\/blogsaverroes.juntadeandalucia.es\/ceiphogarsol\/wp-json\/wp\/v2\/pages\/112\/revisions\/1074"}],"up":[{"embeddable":true,"href":"https:\/\/blogsaverroes.juntadeandalucia.es\/ceiphogarsol\/wp-json\/wp\/v2\/pages\/108"}],"wp:attachment":[{"href":"https:\/\/blogsaverroes.juntadeandalucia.es\/ceiphogarsol\/wp-json\/wp\/v2\/media?parent=112"}],"curies":[{"name":"wp","href":"https:\/\/api.w.org\/{rel}","templated":true}]}}