{"id":118,"date":"2025-02-11T10:12:39","date_gmt":"2025-02-11T09:12:39","guid":{"rendered":"https:\/\/blogsaverroes.juntadeandalucia.es\/ceiphogarsol\/?page_id=118"},"modified":"2025-05-13T09:54:48","modified_gmt":"2025-05-13T07:54:48","slug":"proyectos-de-innovacion","status":"publish","type":"page","link":"https:\/\/blogsaverroes.juntadeandalucia.es\/ceiphogarsol\/planes-y-proyectos\/proyectos-de-innovacion\/","title":{"rendered":"Proyectos de Innovaci\u00f3n"},"content":{"rendered":"\t\t<div data-elementor-type=\"wp-page\" data-elementor-id=\"118\" class=\"elementor elementor-118\">\n\t\t\t\t<div class=\"elementor-element elementor-element-9d72bdf e-flex e-con-boxed e-con e-parent\" data-id=\"9d72bdf\" data-element_type=\"container\">\n\t\t\t\t\t<div class=\"e-con-inner\">\n\t\t\t\t<div class=\"elementor-element elementor-element-7de1d5e elementor-widget elementor-widget-html\" data-id=\"7de1d5e\" data-element_type=\"widget\" data-widget_type=\"html.default\">\n\t\t\t\t<div class=\"elementor-widget-container\">\n\t\t\t\t\t<p>Selecciona tu idioma:<\/p>\r\n<a href=\"https:\/\/translate.google.com\/translate?hl=en&amp;sl=auto&amp;tl=en&amp;u=https:\/\/blogsaverroes.juntadeandalucia.es\/ceiphogarsol\/planes-y-proyectos\/proyectos-de-innovacion\/\">English<\/a> |\r\n<a href=\"https:\/\/translate.google.com\/translate?hl=fr&amp;sl=auto&amp;tl=fr&amp;u=https:\/\/blogsaverroes.juntadeandalucia.es\/ceiphogarsol\/planes-y-proyectos\/proyectos-de-innovacion\/\">Fran\u00e7ais<\/a> |\r\n<a href=\"https:\/\/translate.google.com\/translate?hl=de&amp;sl=auto&amp;tl=de&amp;u=https:\/\/blogsaverroes.juntadeandalucia.es\/ceiphogarsol\/planes-y-proyectos\/proyectos-de-innovacion\/\">Deutsch<\/a> |\r\n<a href=\"https:\/\/translate.google.com\/translate?hl=it&amp;sl=auto&amp;tl=it&amp;u=https:\/\/blogsaverroes.juntadeandalucia.es\/ceiphogarsol\/planes-y-proyectos\/proyectos-de-innovacion\/\">Italiano<\/a>\t\t\t\t<\/div>\n\t\t\t\t<\/div>\n\t\t<div class=\"elementor-element elementor-element-deda4a9 e-con-full e-flex e-con e-child\" data-id=\"deda4a9\" data-element_type=\"container\">\n\t\t\t\t<div class=\"elementor-element elementor-element-7a719de elementor-widget elementor-widget-heading\" data-id=\"7a719de\" data-element_type=\"widget\" data-widget_type=\"heading.default\">\n\t\t\t\t<div class=\"elementor-widget-container\">\n\t\t\t\t\t<h2 class=\"elementor-heading-title elementor-size-default\">Proyectos de Innovaci\u00f3n<\/h2>\t\t\t\t<\/div>\n\t\t\t\t<\/div>\n\t\t\t\t<div class=\"elementor-element elementor-element-6d83ab4 elementor-widget-divider--view-line elementor-widget elementor-widget-divider\" data-id=\"6d83ab4\" data-element_type=\"widget\" data-widget_type=\"divider.default\">\n\t\t\t\t<div class=\"elementor-widget-container\">\n\t\t\t\t\t\t\t<div class=\"elementor-divider\">\n\t\t\t<span class=\"elementor-divider-separator\">\n\t\t\t\t\t\t<\/span>\n\t\t<\/div>\n\t\t\t\t\t\t<\/div>\n\t\t\t\t<\/div>\n\t\t\t\t<\/div>\n\t\t\t\t<div class=\"elementor-element elementor-element-52348f0 elementor-widget elementor-widget-image\" data-id=\"52348f0\" data-element_type=\"widget\" data-widget_type=\"image.default\">\n\t\t\t\t<div class=\"elementor-widget-container\">\n\t\t\t\t\t\t\t\t\t\t\t\t\t\t\t<img fetchpriority=\"high\" decoding=\"async\" width=\"768\" height=\"369\" src=\"https:\/\/blogsaverroes.juntadeandalucia.es\/ceiphogarsol\/files\/2025\/03\/Logo_Innovacin-768x369.png\" class=\"attachment-medium_large size-medium_large wp-image-392\" alt=\"Logo_Innovacin\" srcset=\"https:\/\/blogsaverroes.juntadeandalucia.es\/ceiphogarsol\/files\/2025\/03\/Logo_Innovacin-768x369.png 768w, https:\/\/blogsaverroes.juntadeandalucia.es\/ceiphogarsol\/files\/2025\/03\/Logo_Innovacin-300x144.png 300w, https:\/\/blogsaverroes.juntadeandalucia.es\/ceiphogarsol\/files\/2025\/03\/Logo_Innovacin-1024x492.png 1024w, https:\/\/blogsaverroes.juntadeandalucia.es\/ceiphogarsol\/files\/2025\/03\/Logo_Innovacin.png 1400w\" sizes=\"(max-width: 768px) 100vw, 768px\" \/>\t\t\t\t\t\t\t\t\t\t\t\t\t\t\t<\/div>\n\t\t\t\t<\/div>\n\t\t\t\t\t<\/div>\n\t\t\t\t<\/div>\n\t\t<div class=\"elementor-element elementor-element-5a28e6f e-flex e-con-boxed e-con e-parent\" data-id=\"5a28e6f\" data-element_type=\"container\">\n\t\t\t\t\t<div class=\"e-con-inner\">\n\t\t\t\t<div class=\"elementor-element elementor-element-0e87f99 elementor-widget elementor-widget-text-editor\" data-id=\"0e87f99\" data-element_type=\"widget\" data-widget_type=\"text-editor.default\">\n\t\t\t\t<div class=\"elementor-widget-container\">\n\t\t\t\t\t\t\t\t\t<p style=\"margin-bottom: 1rem;color: #252525;font-family: system-ui, -apple-system, 'Segoe UI', Roboto, 'Helvetica Neue', 'Noto Sans', 'Liberation Sans', Arial, sans-serif, 'Apple Color Emoji', 'Segoe UI Emoji', 'Segoe UI Symbol', 'Noto Color Emoji';font-size: 16px;text-align: justify\"><span style=\"font-size: 12pt\">Nuestro centro apuestas por la\u00a0<span style=\"font-weight: bolder\">Investigaci\u00f3n y la Innovaci\u00f3n<\/span>\u00a0como motor de mejora para ofrecer a nuestro alumnado una formaci\u00f3n integral, acorde con la sociedad actual en la que han de estar preparados para un mercado laboral en continuo cambio. Para ello, el Equipo Docente dise\u00f1a cada a\u00f1o diferentes proyectos que son presentados a la\u00a0<span style=\"color: #339966\"><span style=\"font-weight: bolder\">Direcci\u00f3n General de Formaci\u00f3n del Profesorado e Innovaci\u00f3n Educativa<\/span><\/span>. En los dos \u00faltimos cursos hemos tenido la fortuna de que nos aprobasen\u00a0<span style=\"color: #3366ff\">dos Proyectos de Innovaci\u00f3n<\/span>\u00a0y\u00a0<span style=\"color: #3366ff\">otro m\u00e1s de Investigaci\u00f3n Educativa<\/span>, lo que ha aportado al centro recursos tecnol\u00f3gicos para potenciar enormemente Nuestro\u00a0<span style=\"font-weight: bolder\">Proyecto Digital<\/span>.\u00a0<\/span><\/p><p style=\"margin-bottom: 1rem;color: #252525;font-family: system-ui, -apple-system, 'Segoe UI', Roboto, 'Helvetica Neue', 'Noto Sans', 'Liberation Sans', Arial, sans-serif, 'Apple Color Emoji', 'Segoe UI Emoji', 'Segoe UI Symbol', 'Noto Color Emoji';font-size: 16px;text-align: center\"><span style=\"font-size: 12pt\">Conoce un poco m\u00e1s sobre estos proyectos:\u00a0<\/span><\/p><ul style=\"padding-left: 2rem;margin-bottom: 1rem;color: #252525;font-family: system-ui, -apple-system, 'Segoe UI', Roboto, 'Helvetica Neue', 'Noto Sans', 'Liberation Sans', Arial, sans-serif, 'Apple Color Emoji', 'Segoe UI Emoji', 'Segoe UI Symbol', 'Noto Color Emoji';font-size: 16px\"><li style=\"text-align: justify\"><span style=\"font-size: 12pt\"><a style=\"color: #0345bf\" href=\"https:\/\/ceiphogarsol.com\/2-uncategorised\/21-desarrollo-de-habilidades-digitales-y-lingueisticas-en-primaria\">Desarrollo de Habilidades Digitales y Ling\u00fc\u00edsticas en Primaria<\/a>\u00a0(2018\/19)<\/span><\/li><li style=\"text-align: justify\"><span style=\"font-size: 12pt\"><a style=\"color: #0345bf\" href=\"https:\/\/ceiphogarsol.com\/2-uncategorised\/22-ciencias-bilinguees-en-realidad-aumentada\">Ciencias Biling\u00fces en Realidad Aumentada<\/a>\u00a0(2019\/20)<\/span><\/li><li style=\"text-align: justify\"><span style=\"font-size: 12pt\"><a style=\"color: #0345bf\" href=\"https:\/\/ceiphogarsol.com\/2-uncategorised\/23-el-aprendizaje-colaborativo-a-traves-de-g-suite-for-education-de-google\">El Aprendizaje Colaborativo a trav\u00e9s de G Suite for Education de Google<\/a>\u00a0(2019\/20)<\/span><\/li><li style=\"text-align: justify\"><span style=\"font-size: 12pt\">Aprendemos M\u00fasica con Chrome Music Lab\u00a0<\/span>(2020\/21)<\/li><li>Estimulaci\u00f3n de la Competencia\u00a0 Ling\u00fc\u00edstica a trav\u00e9s de la IA (2024\/25)<\/li><li>Programando metaverso con CoSpaces Edu (2023\/24 &#8211; 2024\/25)<\/li><li>El aprendizaje de la gesti\u00f3n emocional facilitado por un robot educativo en educaci\u00f3n infantil<\/li><\/ul>\t\t\t\t\t\t\t\t<\/div>\n\t\t\t\t<\/div>\n\t\t\t\t\t<\/div>\n\t\t\t\t<\/div>\n\t\t\t\t<\/div>\n\t\t","protected":false},"excerpt":{"rendered":"<p>Selecciona tu idioma: English | Fran\u00e7ais | Deutsch | Italiano Proyectos de Innovaci\u00f3n Nuestro centro apuestas por la\u00a0Investigaci\u00f3n y la Innovaci\u00f3n\u00a0como motor de mejora para&hellip;<\/p>\n","protected":false},"author":20684,"featured_media":0,"parent":116,"menu_order":0,"comment_status":"closed","ping_status":"closed","template":"elementor_header_footer","meta":{"footnotes":""},"aioseo_notices":[],"_links":{"self":[{"href":"https:\/\/blogsaverroes.juntadeandalucia.es\/ceiphogarsol\/wp-json\/wp\/v2\/pages\/118"}],"collection":[{"href":"https:\/\/blogsaverroes.juntadeandalucia.es\/ceiphogarsol\/wp-json\/wp\/v2\/pages"}],"about":[{"href":"https:\/\/blogsaverroes.juntadeandalucia.es\/ceiphogarsol\/wp-json\/wp\/v2\/types\/page"}],"author":[{"embeddable":true,"href":"https:\/\/blogsaverroes.juntadeandalucia.es\/ceiphogarsol\/wp-json\/wp\/v2\/users\/20684"}],"replies":[{"embeddable":true,"href":"https:\/\/blogsaverroes.juntadeandalucia.es\/ceiphogarsol\/wp-json\/wp\/v2\/comments?post=118"}],"version-history":[{"count":14,"href":"https:\/\/blogsaverroes.juntadeandalucia.es\/ceiphogarsol\/wp-json\/wp\/v2\/pages\/118\/revisions"}],"predecessor-version":[{"id":1009,"href":"https:\/\/blogsaverroes.juntadeandalucia.es\/ceiphogarsol\/wp-json\/wp\/v2\/pages\/118\/revisions\/1009"}],"up":[{"embeddable":true,"href":"https:\/\/blogsaverroes.juntadeandalucia.es\/ceiphogarsol\/wp-json\/wp\/v2\/pages\/116"}],"wp:attachment":[{"href":"https:\/\/blogsaverroes.juntadeandalucia.es\/ceiphogarsol\/wp-json\/wp\/v2\/media?parent=118"}],"curies":[{"name":"wp","href":"https:\/\/api.w.org\/{rel}","templated":true}]}}