{"id":120,"date":"2025-02-11T10:13:24","date_gmt":"2025-02-11T09:13:24","guid":{"rendered":"https:\/\/blogsaverroes.juntadeandalucia.es\/ceiphogarsol\/?page_id=120"},"modified":"2025-04-07T12:17:02","modified_gmt":"2025-04-07T10:17:02","slug":"proyecto-bilingue","status":"publish","type":"page","link":"https:\/\/blogsaverroes.juntadeandalucia.es\/ceiphogarsol\/planes-y-proyectos\/proyecto-bilingue\/","title":{"rendered":"Proyecto Biling\u00fce"},"content":{"rendered":"\t\t<div data-elementor-type=\"wp-page\" data-elementor-id=\"120\" class=\"elementor elementor-120\">\n\t\t\t\t<div class=\"elementor-element elementor-element-6e1a66f e-flex e-con-boxed e-con e-parent\" data-id=\"6e1a66f\" data-element_type=\"container\">\n\t\t\t\t\t<div class=\"e-con-inner\">\n\t\t\t\t<div class=\"elementor-element elementor-element-d125a4f elementor-widget elementor-widget-html\" data-id=\"d125a4f\" data-element_type=\"widget\" data-widget_type=\"html.default\">\n\t\t\t\t<div class=\"elementor-widget-container\">\n\t\t\t\t\t<p>Selecciona tu idioma:<\/p>\r\n<a href=\"https:\/\/translate.google.com\/translate?hl=en&amp;sl=auto&amp;tl=en&amp;u=https:\/\/blogsaverroes.juntadeandalucia.es\/ceiphogarsol\/planes-y-proyectos\/proyecto-bilingue\/\">English<\/a> |\r\n<a href=\"https:\/\/translate.google.com\/translate?hl=fr&amp;sl=auto&amp;tl=fr&amp;u=https:\/\/blogsaverroes.juntadeandalucia.es\/ceiphogarsol\/planes-y-proyectos\/proyecto-bilingue\/\">Fran\u00e7ais<\/a> |\r\n<a href=\"https:\/\/translate.google.com\/translate?hl=de&amp;sl=auto&amp;tl=de&amp;u=https:\/\/blogsaverroes.juntadeandalucia.es\/ceiphogarsol\/planes-y-proyectos\/proyecto-bilingue\/\">Deutsch<\/a> |\r\n<a href=\"https:\/\/translate.google.com\/translate?hl=it&amp;sl=auto&amp;tl=it&amp;u=https:\/\/blogsaverroes.juntadeandalucia.es\/ceiphogarsol\/planes-y-proyectos\/proyecto-bilingue\/\">Italiano<\/a>\t\t\t\t<\/div>\n\t\t\t\t<\/div>\n\t\t<div class=\"elementor-element elementor-element-c3224a1 e-con-full e-flex e-con e-child\" data-id=\"c3224a1\" data-element_type=\"container\">\n\t\t\t\t<div class=\"elementor-element elementor-element-5dadbb1 elementor-widget elementor-widget-heading\" data-id=\"5dadbb1\" data-element_type=\"widget\" data-widget_type=\"heading.default\">\n\t\t\t\t<div class=\"elementor-widget-container\">\n\t\t\t\t\t<h2 class=\"elementor-heading-title elementor-size-default\">Proyecto Biling\u00fce<\/h2>\t\t\t\t<\/div>\n\t\t\t\t<\/div>\n\t\t\t\t<div class=\"elementor-element elementor-element-41c2071 elementor-widget-divider--view-line elementor-widget elementor-widget-divider\" data-id=\"41c2071\" data-element_type=\"widget\" data-widget_type=\"divider.default\">\n\t\t\t\t<div class=\"elementor-widget-container\">\n\t\t\t\t\t\t\t<div class=\"elementor-divider\">\n\t\t\t<span class=\"elementor-divider-separator\">\n\t\t\t\t\t\t<\/span>\n\t\t<\/div>\n\t\t\t\t\t\t<\/div>\n\t\t\t\t<\/div>\n\t\t\t\t<\/div>\n\t\t\t\t<div class=\"elementor-element elementor-element-457b3d1 elementor-widget elementor-widget-image\" data-id=\"457b3d1\" data-element_type=\"widget\" data-widget_type=\"image.default\">\n\t\t\t\t<div class=\"elementor-widget-container\">\n\t\t\t\t\t\t\t\t\t\t\t\t\t\t\t<img fetchpriority=\"high\" decoding=\"async\" width=\"843\" height=\"246\" src=\"https:\/\/blogsaverroes.juntadeandalucia.es\/ceiphogarsol\/files\/2025\/03\/centro-bilingue-1024x299.png\" class=\"attachment-large size-large wp-image-396\" alt=\"Logo junta de Andaluc\u00eda y bandera habla inglesa\" srcset=\"https:\/\/blogsaverroes.juntadeandalucia.es\/ceiphogarsol\/files\/2025\/03\/centro-bilingue-1024x299.png 1024w, https:\/\/blogsaverroes.juntadeandalucia.es\/ceiphogarsol\/files\/2025\/03\/centro-bilingue-300x88.png 300w, https:\/\/blogsaverroes.juntadeandalucia.es\/ceiphogarsol\/files\/2025\/03\/centro-bilingue-768x224.png 768w, https:\/\/blogsaverroes.juntadeandalucia.es\/ceiphogarsol\/files\/2025\/03\/centro-bilingue.png 1200w\" sizes=\"(max-width: 843px) 100vw, 843px\" \/>\t\t\t\t\t\t\t\t\t\t\t\t\t\t\t<\/div>\n\t\t\t\t<\/div>\n\t\t\t\t\t<\/div>\n\t\t\t\t<\/div>\n\t\t<div class=\"elementor-element elementor-element-412e8bf e-flex e-con-boxed e-con e-parent\" data-id=\"412e8bf\" data-element_type=\"container\">\n\t\t\t\t\t<div class=\"e-con-inner\">\n\t\t\t\t<div class=\"elementor-element elementor-element-d662074 elementor-widget elementor-widget-text-editor\" data-id=\"d662074\" data-element_type=\"widget\" data-widget_type=\"text-editor.default\">\n\t\t\t\t<div class=\"elementor-widget-container\">\n\t\t\t\t\t\t\t\t\t<p style=\"margin-bottom: 1rem;font-size: 16px;text-align: justify\">Desde el curso 2016\/2017 nuestro centro est\u00e1 inmerso en un proceso de implantaci\u00f3n del&nbsp;<span style=\"font-weight: bolder\"><span>Plan de Biling\u00fcismo<\/span><\/span>&nbsp;establecido por la Junta de Andaluc\u00eda de la&nbsp;<span style=\"font-weight: bolder\">Orden de 28 de junio de 2011<\/span>, por la que se regula la ense\u00f1anza biling\u00fce en los centros docentes de la Comunidad Aut\u00f3noma de Andaluc\u00eda.&nbsp;<\/p>\n<p style=\"margin-bottom: 1rem;font-size: 16px;text-align: justify\">Durante el presente curso 2020\/2021, el proyecto abarcar la etapa de Infantil la de primaria, con la excepci\u00f3n de 6\u00ba de primaria, curso en el que implantar\u00e1 el pr\u00f3ximo curso.&nbsp;<\/p>\n<p style=\"margin-bottom: 1rem;font-size: 16px;text-align: justify\">Dicho plan supone la impartici\u00f3n en dos lenguas de las \u00e1reas de&nbsp;<span><span style=\"font-weight: bolder\"><i>Ciencias<\/i><\/span>&nbsp;<span style=\"font-weight: bolder\"><i>Naturales<\/i><\/span><\/span>&nbsp;y&nbsp;<span><span style=\"font-weight: bolder\"><i>Ciencias Sociales<\/i><\/span><\/span>; y en un incremento del horario del \u00e1rea de&nbsp;<span><span style=\"font-weight: bolder\"><i>Ingl\u00e9s<\/i><\/span><\/span>&nbsp;que pasa una lengua instrumental de aprendizaje, vehicular, paralela a la lengua materna. A este compromiso educativo se le suma el deseo del centro por reforzar estos aprendizajes del \u00e1rea de&nbsp;<span><span style=\"font-weight: bolder\"><i>Pl\u00e1stica<\/i><\/span><\/span>, que se impartir\u00e1 en dos lenguas siempre que los recursos del centro lo permitan.<span style=\"font-size: 16px\">&nbsp;<\/span><\/p><p style=\"margin-bottom: 1rem;font-size: 16px;text-align: justify\">Los diversos aspectos relacionados con el desarrollo del plan, se pueden consultar en el apartado \u201cPlan de Centro\u201d, no obstante, cabe resaltar que nuestro centro apuesta por una&nbsp;<span><span style=\"font-weight: bolder\">metodolog\u00eda activa<\/span><\/span>, en la que la<span><span style=\"font-weight: bolder\">&nbsp;tecnolog\u00eda&nbsp;<\/span><\/span>(uso de Chromebooks, Tablets y Realidad Aumentada) y los&nbsp;<span><span style=\"font-weight: bolder\">experimentos<\/span><\/span>, son un recurso habitual que genera una gran motivaci\u00f3n entre el alumnado y facilita el aprendizaje.<\/p>\t\t\t\t\t\t\t\t<\/div>\n\t\t\t\t<\/div>\n\t\t\t\t\t<\/div>\n\t\t\t\t<\/div>\n\t\t\t\t<\/div>\n\t\t","protected":false},"excerpt":{"rendered":"<p>Selecciona tu idioma: English | Fran\u00e7ais | Deutsch | Italiano Proyecto Biling\u00fce Desde el curso 2016\/2017 nuestro centro est\u00e1 inmerso en un proceso de implantaci\u00f3n&hellip;<\/p>\n","protected":false},"author":20684,"featured_media":0,"parent":116,"menu_order":0,"comment_status":"closed","ping_status":"closed","template":"elementor_header_footer","meta":{"footnotes":""},"aioseo_notices":[],"_links":{"self":[{"href":"https:\/\/blogsaverroes.juntadeandalucia.es\/ceiphogarsol\/wp-json\/wp\/v2\/pages\/120"}],"collection":[{"href":"https:\/\/blogsaverroes.juntadeandalucia.es\/ceiphogarsol\/wp-json\/wp\/v2\/pages"}],"about":[{"href":"https:\/\/blogsaverroes.juntadeandalucia.es\/ceiphogarsol\/wp-json\/wp\/v2\/types\/page"}],"author":[{"embeddable":true,"href":"https:\/\/blogsaverroes.juntadeandalucia.es\/ceiphogarsol\/wp-json\/wp\/v2\/users\/20684"}],"replies":[{"embeddable":true,"href":"https:\/\/blogsaverroes.juntadeandalucia.es\/ceiphogarsol\/wp-json\/wp\/v2\/comments?post=120"}],"version-history":[{"count":11,"href":"https:\/\/blogsaverroes.juntadeandalucia.es\/ceiphogarsol\/wp-json\/wp\/v2\/pages\/120\/revisions"}],"predecessor-version":[{"id":875,"href":"https:\/\/blogsaverroes.juntadeandalucia.es\/ceiphogarsol\/wp-json\/wp\/v2\/pages\/120\/revisions\/875"}],"up":[{"embeddable":true,"href":"https:\/\/blogsaverroes.juntadeandalucia.es\/ceiphogarsol\/wp-json\/wp\/v2\/pages\/116"}],"wp:attachment":[{"href":"https:\/\/blogsaverroes.juntadeandalucia.es\/ceiphogarsol\/wp-json\/wp\/v2\/media?parent=120"}],"curies":[{"name":"wp","href":"https:\/\/api.w.org\/{rel}","templated":true}]}}