{"id":127,"date":"2025-02-11T10:15:27","date_gmt":"2025-02-11T09:15:27","guid":{"rendered":"https:\/\/blogsaverroes.juntadeandalucia.es\/ceiphogarsol\/?page_id=127"},"modified":"2025-04-08T10:35:21","modified_gmt":"2025-04-08T08:35:21","slug":"plan-de-igualdad","status":"publish","type":"page","link":"https:\/\/blogsaverroes.juntadeandalucia.es\/ceiphogarsol\/planes-y-proyectos\/plan-de-igualdad\/","title":{"rendered":"Plan de Igualdad"},"content":{"rendered":"\t\t<div data-elementor-type=\"wp-page\" data-elementor-id=\"127\" class=\"elementor elementor-127\">\n\t\t\t\t<div class=\"elementor-element elementor-element-d9a00d2 e-flex e-con-boxed e-con e-parent\" data-id=\"d9a00d2\" data-element_type=\"container\">\n\t\t\t\t\t<div class=\"e-con-inner\">\n\t\t<div class=\"elementor-element elementor-element-2496db5 e-con-full e-flex e-con e-child\" data-id=\"2496db5\" data-element_type=\"container\">\n\t\t\t\t<div class=\"elementor-element elementor-element-9fc12e5 elementor-widget elementor-widget-html\" data-id=\"9fc12e5\" data-element_type=\"widget\" data-widget_type=\"html.default\">\n\t\t\t\t<div class=\"elementor-widget-container\">\n\t\t\t\t\t<p>Selecciona tu idioma:<\/p>\r\n<a href=\"https:\/\/translate.google.com\/translate?hl=en&amp;sl=auto&amp;tl=en&amp;u=https:\/\/blogsaverroes.juntadeandalucia.es\/ceiphogarsol\/planes-y-proyectos\/plan-de-igualdad\/\">English<\/a> |\r\n<a href=\"https:\/\/translate.google.com\/translate?hl=fr&amp;sl=auto&amp;tl=fr&amp;u=https:\/\/blogsaverroes.juntadeandalucia.es\/ceiphogarsol\/planes-y-proyectos\/plan-de-igualdad\/\">Fran\u00e7ais<\/a> |\r\n<a href=\"https:\/\/translate.google.com\/translate?hl=de&amp;sl=auto&amp;tl=de&amp;u=https:\/\/blogsaverroes.juntadeandalucia.es\/ceiphogarsol\/planes-y-proyectos\/plan-de-igualdad\/\">Deutsch<\/a> |\r\n<a href=\"https:\/\/translate.google.com\/translate?hl=it&amp;sl=auto&amp;tl=it&amp;u=https:\/\/blogsaverroes.juntadeandalucia.es\/ceiphogarsol\/planes-y-proyectos\/plan-de-igualdad\/\">Italiano<\/a>\t\t\t\t<\/div>\n\t\t\t\t<\/div>\n\t\t\t\t<div class=\"elementor-element elementor-element-9be0359 elementor-widget elementor-widget-heading\" data-id=\"9be0359\" data-element_type=\"widget\" data-widget_type=\"heading.default\">\n\t\t\t\t<div class=\"elementor-widget-container\">\n\t\t\t\t\t<h2 class=\"elementor-heading-title elementor-size-default\">Plan de igualdad<\/h2>\t\t\t\t<\/div>\n\t\t\t\t<\/div>\n\t\t\t\t<div class=\"elementor-element elementor-element-2a674ee elementor-widget-divider--view-line elementor-widget elementor-widget-divider\" data-id=\"2a674ee\" data-element_type=\"widget\" data-widget_type=\"divider.default\">\n\t\t\t\t<div class=\"elementor-widget-container\">\n\t\t\t\t\t\t\t<div class=\"elementor-divider\">\n\t\t\t<span class=\"elementor-divider-separator\">\n\t\t\t\t\t\t<\/span>\n\t\t<\/div>\n\t\t\t\t\t\t<\/div>\n\t\t\t\t<\/div>\n\t\t\t\t<\/div>\n\t\t\t\t\t<\/div>\n\t\t\t\t<\/div>\n\t\t<div class=\"elementor-element elementor-element-1dbaed1 e-flex e-con-boxed e-con e-parent\" data-id=\"1dbaed1\" data-element_type=\"container\">\n\t\t\t\t\t<div class=\"e-con-inner\">\n\t\t\t\t<div class=\"elementor-element elementor-element-0ee8bea elementor-widget elementor-widget-image\" data-id=\"0ee8bea\" data-element_type=\"widget\" data-widget_type=\"image.default\">\n\t\t\t\t<div class=\"elementor-widget-container\">\n\t\t\t\t\t\t\t\t\t\t\t\t\t\t\t<img fetchpriority=\"high\" decoding=\"async\" width=\"547\" height=\"280\" src=\"https:\/\/blogsaverroes.juntadeandalucia.es\/ceiphogarsol\/files\/2025\/03\/somos-iguales.png\" class=\"attachment-large size-large wp-image-327\" alt=\"Igualdad de g\u00e9nero\" srcset=\"https:\/\/blogsaverroes.juntadeandalucia.es\/ceiphogarsol\/files\/2025\/03\/somos-iguales.png 547w, https:\/\/blogsaverroes.juntadeandalucia.es\/ceiphogarsol\/files\/2025\/03\/somos-iguales-300x154.png 300w\" sizes=\"(max-width: 547px) 100vw, 547px\" \/>\t\t\t\t\t\t\t\t\t\t\t\t\t\t\t<\/div>\n\t\t\t\t<\/div>\n\t\t\t\t<div class=\"elementor-element elementor-element-5f0eeab elementor-widget elementor-widget-text-editor\" data-id=\"5f0eeab\" data-element_type=\"widget\" data-widget_type=\"text-editor.default\">\n\t\t\t\t<div class=\"elementor-widget-container\">\n\t\t\t\t\t\t\t\t\t<p style=\"text-align: justify\">Nuestro Plan de Igualdad est\u00e1 basado en el\u00a0<strong>II Plan Estrat\u00e9gico de Igualdad de G\u00e9nero en Educaci\u00f3n 2016-2021<\/strong>.<\/p><p style=\"text-align: justify\">El<strong>\u00a0<\/strong><em>II Plan Estrat\u00e9gico de Igualdad de G\u00e9nero en Educaci\u00f3n<\/em>\u00a0propone actuaciones en este mismo sentido a favor de los derechos de las mujeres y adem\u00e1s, incorpora actuaciones que incidan en la cultura real que sustenta la desigualdad, con actuaciones a favor de los hombres y de las mujeres en aquellas desigualdades espec\u00edficas que produce la tradicional socializaci\u00f3n diferenciada.<\/p><p style=\"text-align: justify\">De esta forma tanto las ni\u00f1as como los ni\u00f1os refuerzan los aspectos que, en cada caso, les son favorables y recuperan los que se les hab\u00eda prohibido, posibilitando su pleno desarrollo como personas.<\/p><p style=\"text-align: justify\">El II Plan contribuye a fomentar, desde esta doble mirada a favor de las mujeres y a favor de los hombres, planteamientos cooperativos de \u201cyo gano, t\u00fa ganas\u201d, que configuran los pilares b\u00e1sicos de una sociedad igualitaria y justa.<\/p><p style=\"text-align: justify\">Se sustenta en una estructura de avance sobre la ya existente desde el Decreto 19\/2007, de 23 de enero, por el que se adoptan medidas para la promoci\u00f3n de la cultura de paz y la mejora de la convivencia en los centros docentes sostenidos con fondos p\u00fablicos, asign\u00e1ndoles nuevas funciones en materia de coeducaci\u00f3n, igualdad y prevenci\u00f3n de la violencia de g\u00e9nero.<\/p><p style=\"text-align: justify\">Nuestra prioridad es la de integrar las actuaciones dentro del resto de planes del centro y el desarrollo de las programaciones did\u00e1cticas.\u00a0<\/p><p style=\"text-align: justify\">Desde el curso pasado, este plan est\u00e1 reforzado por el\u00a0<a title=\"Plan de Prevenci\u00f3n contra la Violencia de G\u00e9nero\" href=\"https:\/\/blogsaverroes.juntadeandalucia.es\/ceiphogarsol\/planes-y-proyectos\/plan-de-prevencion-contra-la-violencia-de-genero\/\"><strong>Plan de Prevenci\u00f3n de Violencia de G\u00e9nero<\/strong><\/a>\u00a0que solicitamos a Educaci\u00f3n y se nos ha concedido con una dotaci\u00f3n econ\u00f3mica asignada. El plan se describe en su apartado espec\u00edfico.\u00a0<\/p>\t\t\t\t\t\t\t\t<\/div>\n\t\t\t\t<\/div>\n\t\t\t\t\t<\/div>\n\t\t\t\t<\/div>\n\t\t\t\t<\/div>\n\t\t","protected":false},"excerpt":{"rendered":"<p>Selecciona tu idioma: English | Fran\u00e7ais | Deutsch | Italiano Plan de igualdad Nuestro Plan de Igualdad est\u00e1 basado en el\u00a0II Plan Estrat\u00e9gico de Igualdad&hellip;<\/p>\n","protected":false},"author":20684,"featured_media":0,"parent":116,"menu_order":0,"comment_status":"closed","ping_status":"closed","template":"elementor_header_footer","meta":{"footnotes":""},"aioseo_notices":[],"_links":{"self":[{"href":"https:\/\/blogsaverroes.juntadeandalucia.es\/ceiphogarsol\/wp-json\/wp\/v2\/pages\/127"}],"collection":[{"href":"https:\/\/blogsaverroes.juntadeandalucia.es\/ceiphogarsol\/wp-json\/wp\/v2\/pages"}],"about":[{"href":"https:\/\/blogsaverroes.juntadeandalucia.es\/ceiphogarsol\/wp-json\/wp\/v2\/types\/page"}],"author":[{"embeddable":true,"href":"https:\/\/blogsaverroes.juntadeandalucia.es\/ceiphogarsol\/wp-json\/wp\/v2\/users\/20684"}],"replies":[{"embeddable":true,"href":"https:\/\/blogsaverroes.juntadeandalucia.es\/ceiphogarsol\/wp-json\/wp\/v2\/comments?post=127"}],"version-history":[{"count":14,"href":"https:\/\/blogsaverroes.juntadeandalucia.es\/ceiphogarsol\/wp-json\/wp\/v2\/pages\/127\/revisions"}],"predecessor-version":[{"id":937,"href":"https:\/\/blogsaverroes.juntadeandalucia.es\/ceiphogarsol\/wp-json\/wp\/v2\/pages\/127\/revisions\/937"}],"up":[{"embeddable":true,"href":"https:\/\/blogsaverroes.juntadeandalucia.es\/ceiphogarsol\/wp-json\/wp\/v2\/pages\/116"}],"wp:attachment":[{"href":"https:\/\/blogsaverroes.juntadeandalucia.es\/ceiphogarsol\/wp-json\/wp\/v2\/media?parent=127"}],"curies":[{"name":"wp","href":"https:\/\/api.w.org\/{rel}","templated":true}]}}