{"id":133,"date":"2025-02-11T10:16:47","date_gmt":"2025-02-11T09:16:47","guid":{"rendered":"https:\/\/blogsaverroes.juntadeandalucia.es\/ceiphogarsol\/?page_id=133"},"modified":"2025-05-23T12:17:13","modified_gmt":"2025-05-23T10:17:13","slug":"proa","status":"publish","type":"page","link":"https:\/\/blogsaverroes.juntadeandalucia.es\/ceiphogarsol\/planes-y-proyectos\/proa\/","title":{"rendered":"PROA"},"content":{"rendered":"\t\t<div data-elementor-type=\"wp-page\" data-elementor-id=\"133\" class=\"elementor elementor-133\">\n\t\t\t\t<div class=\"elementor-element elementor-element-2dc5e8a e-flex e-con-boxed e-con e-parent\" data-id=\"2dc5e8a\" data-element_type=\"container\">\n\t\t\t\t\t<div class=\"e-con-inner\">\n\t\t\t\t<div class=\"elementor-element elementor-element-f1f66b2 elementor-widget elementor-widget-html\" data-id=\"f1f66b2\" data-element_type=\"widget\" data-widget_type=\"html.default\">\n\t\t\t\t<div class=\"elementor-widget-container\">\n\t\t\t\t\t<p>Selecciona tu idioma:<\/p>\r\n<a href=\"https:\/\/translate.google.com\/translate?hl=en&amp;sl=auto&amp;tl=en&amp;u=https:\/\/blogsaverroes.juntadeandalucia.es\/ceiphogarsol\/planes-y-proyectos\/proa\/\">English<\/a> |\r\n<a href=\"https:\/\/translate.google.com\/translate?hl=fr&amp;sl=auto&amp;tl=fr&amp;u=https:\/\/blogsaverroes.juntadeandalucia.es\/ceiphogarsol\/planes-y-proyectos\/proa\/\">Fran\u00e7ais<\/a> |\r\n<a href=\"https:\/\/translate.google.com\/translate?hl=de&amp;sl=auto&amp;tl=de&amp;u=https:\/\/blogsaverroes.juntadeandalucia.es\/ceiphogarsol\/planes-y-proyectos\/proa\/\">Deutsch<\/a> |\r\n<a href=\"https:\/\/translate.google.com\/translate?hl=it&amp;sl=auto&amp;tl=it&amp;u=https:\/\/blogsaverroes.juntadeandalucia.es\/ceiphogarsol\/planes-y-proyectos\/proa\/\">Italiano<\/a>\t\t\t\t<\/div>\n\t\t\t\t<\/div>\n\t\t<div class=\"elementor-element elementor-element-c541e99 e-con-full e-flex e-con e-child\" data-id=\"c541e99\" data-element_type=\"container\">\n\t\t\t\t<div class=\"elementor-element elementor-element-4787195 elementor-widget elementor-widget-heading\" data-id=\"4787195\" data-element_type=\"widget\" data-widget_type=\"heading.default\">\n\t\t\t\t<div class=\"elementor-widget-container\">\n\t\t\t\t\t<h2 class=\"elementor-heading-title elementor-size-default\">PROA<\/h2>\t\t\t\t<\/div>\n\t\t\t\t<\/div>\n\t\t\t\t<div class=\"elementor-element elementor-element-014a78b elementor-widget-divider--view-line elementor-widget elementor-widget-divider\" data-id=\"014a78b\" data-element_type=\"widget\" data-widget_type=\"divider.default\">\n\t\t\t\t<div class=\"elementor-widget-container\">\n\t\t\t\t\t\t\t<div class=\"elementor-divider\">\n\t\t\t<span class=\"elementor-divider-separator\">\n\t\t\t\t\t\t<\/span>\n\t\t<\/div>\n\t\t\t\t\t\t<\/div>\n\t\t\t\t<\/div>\n\t\t\t\t<\/div>\n\t\t\t\t<div class=\"elementor-element elementor-element-6cb3ac1 elementor-widget elementor-widget-image\" data-id=\"6cb3ac1\" data-element_type=\"widget\" data-widget_type=\"image.default\">\n\t\t\t\t<div class=\"elementor-widget-container\">\n\t\t\t\t\t\t\t\t\t\t\t\t\t\t\t<img fetchpriority=\"high\" decoding=\"async\" width=\"212\" height=\"300\" src=\"https:\/\/blogsaverroes.juntadeandalucia.es\/ceiphogarsol\/files\/2025\/03\/Cartel-FSE-1-212x300-1.png\" class=\"attachment-large size-large wp-image-350\" alt=\"Cartel Europeo\" \/>\t\t\t\t\t\t\t\t\t\t\t\t\t\t\t<\/div>\n\t\t\t\t<\/div>\n\t\t\t\t\t<\/div>\n\t\t\t\t<\/div>\n\t\t<div class=\"elementor-element elementor-element-a10b170 e-flex e-con-boxed e-con e-parent\" data-id=\"a10b170\" data-element_type=\"container\">\n\t\t\t\t\t<div class=\"e-con-inner\">\n\t\t\t\t<div class=\"elementor-element elementor-element-752894f elementor-widget elementor-widget-text-editor\" data-id=\"752894f\" data-element_type=\"widget\" data-widget_type=\"text-editor.default\">\n\t\t\t\t<div class=\"elementor-widget-container\">\n\t\t\t\t\t\t\t\t\t<p style=\"text-align: center\"><strong>\u00bfQu\u00e9 es el PROA?<\/strong><\/p>\n<p style=\"text-align: justify\">PROA es un Programa de Refuerzo, Orientaci\u00f3n y Apoyo en los centros docentes p\u00fablicos de Andaluc\u00eda. Suponen un conjunto de actuaciones dirigidas a mejorar el grado de adquisici\u00f3n de las competencias b\u00e1sicas por parte del alumnado con necesidades espec\u00edficas de apoyo educativo por precisar acciones de car\u00e1cter compensatorio, conseguir un nivel adecuado de uso del espa\u00f1ol como lengua vehicular en el caso del alumnado extranjero y complementar las acciones encaminadas a la mejora del \u00e9xito escolar que se desarrollan en centros docentes p\u00fablicos de Andaluc\u00eda que escolarizan a un n\u00famero significativo de alumnado perteneciente a entornos culturales y sociales que llevan consigo una clara desventaja desde el punto de vista educativo.<\/p>\n<p style=\"text-align: center\"><strong>\u00bfQu\u00e9 ventajas tiene el PROA?<\/strong><\/p>\n<p>Entre las m\u00faltiples ventajas que proporciona este programa al alumnado de nuestro centro destaca:<\/p>\n<ul>\n<li>Es gratuito, no tiene coste para las familias.<\/li>\n<li>Los docentes que lo imparten son maestros cualificados.<\/li>\n<li>Ayuda al alumnado a desarrollar sus competencias clave y contribuye a su desarrollo \u00edntegro.<\/li>\n<\/ul>\n<p style=\"text-align: center\"><strong>\u00bfPuedo inscribir a mi hijo\/a a PROA?<\/strong><\/p>\n<p style=\"text-align: justify\">La propuesta para que un alumno\/a participe en el programa PROA ser\u00e1 de su tutor\/a y necesitar\u00e1 de la aprobaci\u00f3n por parte de la familia.<\/p>\n<p style=\"text-align: center\"><strong>\u00bfQu\u00e9 horario tiene el PROA en el CEIP Hogarsol?<\/strong><\/p>\n<p>El PROA de 3\u00ba de E. Primaria de 16:00h a 19:00h, los Lunes y Mi\u00e9rcoles.<\/p>\n<p>El PROA de 4\u00ba de E. Primaria de 16:00h a 19:00h, los Lunes y Mi\u00e9rcoles.<\/p>\n<p>El PROA de 5\u00ba de E. Primaria de 16:00h a 19:00h, los Martes y Jueves.<\/p>\n<p>El PROA de 6\u00ba de E. Primaria de 16:00h a 19:00h, los Martes y Jueves.<\/p>\n<p style=\"text-align: center\"><strong>\u00bfQuieres saber m\u00e1s?<br><\/strong><\/p>\n<p style=\"text-align: justify\">Puedes consultar la normativa que lo regula en el siguiente enlace:&nbsp;<\/p>\n<p><a href=\"http:\/\/www.juntadeandalucia.es\/educacion\/portal\/com\/bin\/Contenidos\/PSE\/orientacionyatenciondiversidad\/educacionespecial\/20170930_InstruccionesPROA\/1412080302725_instrucciones_proa_con_firma-29-09-2014.pdf\">INSTRUCCIONES de 29 de septiembre de 2014, de la Direcci\u00f3n General de Participaci\u00f3n y Equidad, por la que se establece la organizaci\u00f3n y funcionamiento del Programa de Refuerzo, Orientaci\u00f3n y Apoyo en los centros docentes p\u00fablicos de Andaluc\u00eda: PROA Andaluc\u00eda.<\/a><\/p>\t\t\t\t\t\t\t\t<\/div>\n\t\t\t\t<\/div>\n\t\t\t\t\t<\/div>\n\t\t\t\t<\/div>\n\t\t\t\t<\/div>\n\t\t","protected":false},"excerpt":{"rendered":"<p>Selecciona tu idioma: English | Fran\u00e7ais | Deutsch | Italiano PROA \u00bfQu\u00e9 es el PROA? PROA es un Programa de Refuerzo, Orientaci\u00f3n y Apoyo en&hellip;<\/p>\n","protected":false},"author":20684,"featured_media":0,"parent":116,"menu_order":0,"comment_status":"closed","ping_status":"closed","template":"elementor_header_footer","meta":{"footnotes":""},"aioseo_notices":[],"_links":{"self":[{"href":"https:\/\/blogsaverroes.juntadeandalucia.es\/ceiphogarsol\/wp-json\/wp\/v2\/pages\/133"}],"collection":[{"href":"https:\/\/blogsaverroes.juntadeandalucia.es\/ceiphogarsol\/wp-json\/wp\/v2\/pages"}],"about":[{"href":"https:\/\/blogsaverroes.juntadeandalucia.es\/ceiphogarsol\/wp-json\/wp\/v2\/types\/page"}],"author":[{"embeddable":true,"href":"https:\/\/blogsaverroes.juntadeandalucia.es\/ceiphogarsol\/wp-json\/wp\/v2\/users\/20684"}],"replies":[{"embeddable":true,"href":"https:\/\/blogsaverroes.juntadeandalucia.es\/ceiphogarsol\/wp-json\/wp\/v2\/comments?post=133"}],"version-history":[{"count":14,"href":"https:\/\/blogsaverroes.juntadeandalucia.es\/ceiphogarsol\/wp-json\/wp\/v2\/pages\/133\/revisions"}],"predecessor-version":[{"id":1105,"href":"https:\/\/blogsaverroes.juntadeandalucia.es\/ceiphogarsol\/wp-json\/wp\/v2\/pages\/133\/revisions\/1105"}],"up":[{"embeddable":true,"href":"https:\/\/blogsaverroes.juntadeandalucia.es\/ceiphogarsol\/wp-json\/wp\/v2\/pages\/116"}],"wp:attachment":[{"href":"https:\/\/blogsaverroes.juntadeandalucia.es\/ceiphogarsol\/wp-json\/wp\/v2\/media?parent=133"}],"curies":[{"name":"wp","href":"https:\/\/api.w.org\/{rel}","templated":true}]}}