{"id":137,"date":"2025-02-11T10:17:42","date_gmt":"2025-02-11T09:17:42","guid":{"rendered":"https:\/\/blogsaverroes.juntadeandalucia.es\/ceiphogarsol\/?page_id=137"},"modified":"2025-05-26T10:09:46","modified_gmt":"2025-05-26T08:09:46","slug":"caixa-pro-infancia","status":"publish","type":"page","link":"https:\/\/blogsaverroes.juntadeandalucia.es\/ceiphogarsol\/planes-y-proyectos\/caixa-pro-infancia\/","title":{"rendered":"Caixa Pro-infancia"},"content":{"rendered":"\t\t<div data-elementor-type=\"wp-page\" data-elementor-id=\"137\" class=\"elementor elementor-137\">\n\t\t\t\t<div class=\"elementor-element elementor-element-99f9c6f e-flex e-con-boxed e-con e-parent\" data-id=\"99f9c6f\" data-element_type=\"container\">\n\t\t\t\t\t<div class=\"e-con-inner\">\n\t\t<div class=\"elementor-element elementor-element-8a39c47 e-con-full e-flex e-con e-child\" data-id=\"8a39c47\" data-element_type=\"container\">\n\t\t\t\t<div class=\"elementor-element elementor-element-67e719f elementor-widget elementor-widget-html\" data-id=\"67e719f\" data-element_type=\"widget\" data-widget_type=\"html.default\">\n\t\t\t\t<div class=\"elementor-widget-container\">\n\t\t\t\t\t<p>Selecciona tu idioma:<\/p>\r\n<a href=\"https:\/\/translate.google.com\/translate?hl=en&amp;sl=auto&amp;tl=en&amp;u=https:\/\/blogsaverroes.juntadeandalucia.es\/ceiphogarsol\/planes-y-proyectos\/caixa-pro-infancia\/\">English<\/a> |\r\n<a href=\"https:\/\/translate.google.com\/translate?hl=fr&amp;sl=auto&amp;tl=fr&amp;u=https:\/\/blogsaverroes.juntadeandalucia.es\/ceiphogarsol\/planes-y-proyectos\/caixa-pro-infancia\/\">Fran\u00e7ais<\/a> |\r\n<a href=\"https:\/\/translate.google.com\/translate?hl=de&amp;sl=auto&amp;tl=de&amp;u=https:\/\/blogsaverroes.juntadeandalucia.es\/ceiphogarsol\/planes-y-proyectos\/caixa-pro-infancia\/\">Deutsch<\/a> |\r\n<a href=\"https:\/\/translate.google.com\/translate?hl=it&amp;sl=auto&amp;tl=it&amp;u=https:\/\/blogsaverroes.juntadeandalucia.es\/ceiphogarsol\/planes-y-proyectos\/caixa-pro-infancia\/\">Italiano<\/a>\t\t\t\t<\/div>\n\t\t\t\t<\/div>\n\t\t\t\t<div class=\"elementor-element elementor-element-ab9e815 elementor-widget elementor-widget-heading\" data-id=\"ab9e815\" data-element_type=\"widget\" data-widget_type=\"heading.default\">\n\t\t\t\t<div class=\"elementor-widget-container\">\n\t\t\t\t\t<h2 class=\"elementor-heading-title elementor-size-default\">Caixa Pro-Infancia<\/h2>\t\t\t\t<\/div>\n\t\t\t\t<\/div>\n\t\t\t\t<div class=\"elementor-element elementor-element-d78692d elementor-widget-divider--view-line elementor-widget elementor-widget-divider\" data-id=\"d78692d\" data-element_type=\"widget\" data-widget_type=\"divider.default\">\n\t\t\t\t<div class=\"elementor-widget-container\">\n\t\t\t\t\t\t\t<div class=\"elementor-divider\">\n\t\t\t<span class=\"elementor-divider-separator\">\n\t\t\t\t\t\t<\/span>\n\t\t<\/div>\n\t\t\t\t\t\t<\/div>\n\t\t\t\t<\/div>\n\t\t\t\t<\/div>\n\t\t\t\t\t<\/div>\n\t\t\t\t<\/div>\n\t\t<div class=\"elementor-element elementor-element-7be7891 e-flex e-con-boxed e-con e-parent\" data-id=\"7be7891\" data-element_type=\"container\">\n\t\t\t\t\t<div class=\"e-con-inner\">\n\t\t\t\t<div class=\"elementor-element elementor-element-af2ec49 elementor-widget elementor-widget-text-editor\" data-id=\"af2ec49\" data-element_type=\"widget\" data-widget_type=\"text-editor.default\">\n\t\t\t\t<div class=\"elementor-widget-container\">\n\t\t\t\t\t\t\t\t\t<p><img fetchpriority=\"high\" decoding=\"async\" class=\"aligncenter wp-image-354\" src=\"https:\/\/blogsaverroes.juntadeandalucia.es\/ceiphogarsol\/files\/2025\/03\/Caixa-pro-infancia-300x255.jpg\" alt=\"Caixa-pro-infancia\" width=\"500\" height=\"425\" srcset=\"https:\/\/blogsaverroes.juntadeandalucia.es\/ceiphogarsol\/files\/2025\/03\/Caixa-pro-infancia-300x255.jpg 300w, https:\/\/blogsaverroes.juntadeandalucia.es\/ceiphogarsol\/files\/2025\/03\/Caixa-pro-infancia.jpg 563w\" sizes=\"(max-width: 500px) 100vw, 500px\" \/><\/p><p style=\"text-align: center\"><strong>\u00bfQu\u00e9 es el refuerzo educativo del Programa CaixaProinfancia?<\/strong><\/p><p style=\"text-align: justify\">La situaci\u00f3n de pobreza que afecta a la poblaci\u00f3n destinataria del Programa CaixaProinfancia suele estar asociada a un conjunto de necesidades educativas que van m\u00e1s all\u00e1 de las problem\u00e1ticas puramente acad\u00e9micas. Las condiciones de entorno, salud, organizaci\u00f3n familiar, red social, historia educativa, etc., influyen directamente sobre los procesos de aprendizaje y la escolarizaci\u00f3n, de modo que los ni\u00f1os, ni\u00f1as y adolescentes que viven en contextos fr\u00e1giles o vulnerables tienen mayor dificultad para con-seguir el \u00e9xito escolar. La escuela no siempre es suficientemente sensible y flexible ante esta realidad personal y social. Antes que adaptarse al con-texto, el sistema educativo tiende a que sean los alumnos y alumnas quienes se adapten, algo que puede resultar extremadamente complejo y dif\u00edcil cuando existen grandes distancias entre la cultura acad\u00e9mica o escolar y la cultura de las familias y grupos de procedencia. De este modo, el fracaso escolar, que en parte se deriva de las situaciones de exclusi\u00f3n de familias y comunidades, deviene tambi\u00e9n un importante factor de exclusi\u00f3n y marginalidad para la infancia y la juventud.<\/p><p style=\"text-align: justify\">El estilo pedag\u00f3gico se basa en una metodolog\u00eda activa, participativa y personalizada. En el centro del proceso se sit\u00faa al sujeto con sus capacidades, conocimientos e intereses para convertirlo en el verdadero protagonista y, de este modo, hacer posible un aprendizaje significativo y funcional. La relaci\u00f3n entre conocimientos previos y nuevos conocimientos adquiridos, as\u00ed como el aprendizaje como respuesta a inquietudes o necesidades de conocimiento, resulta esencial para un aprendizaje aut\u00e9ntico.<\/p><p style=\"text-align: center\"><strong>\u00bfCu\u00e1les son sus objetivos?<\/strong><\/p><p style=\"text-align: justify\">Los objetivos espec\u00edficos que se quieren alcanzar con el refuerzo educativo de los ni\u00f1os, ni\u00f1as y adolescentes que participan son los siguientes:<\/p><ul><li>Afianzar y ampliar el aprendizaje de las competencias b\u00e1sicas.<\/li><li>Mejorar el rendimiento escolar.<\/li><li>Fomentar competencias de organizaci\u00f3n, planificaci\u00f3n y desarrollo en relaci\u00f3n con el estudio y el desempe\u00f1o de tareas educativas diversas.<\/li><li>Estimular el gusto por aprender y por el trabajo bien hecho.<\/li><li>Desarrollar habilidades sociales que mejoren la inclusi\u00f3n en el medio escolar y social.<\/li><li>Ampliar las expectativas de futuro en relaci\u00f3n con la formaci\u00f3n e itinerario personal.<\/li><\/ul><p style=\"text-align: center\"><strong>\u00bfPuedo inscribir a mi hijo\/a en el programa Caixa?<\/strong><\/p><p style=\"text-align: justify\">Para participar en el programa de refuerzo educativo Caixa\u00a0<strong>debes solicitarlo a la entidad<\/strong> colaboradora de nuestro distrito, \u00ab<strong>MIES<\/strong>\u00ab. Para m\u00e1s informaci\u00f3n puedes consultarle a <strong>Sergio<\/strong>, <strong>su coordinador en nuestro colegio.<\/strong><\/p>\t\t\t\t\t\t\t\t<\/div>\n\t\t\t\t<\/div>\n\t\t\t\t\t<\/div>\n\t\t\t\t<\/div>\n\t\t\t\t<\/div>\n\t\t","protected":false},"excerpt":{"rendered":"<p>Selecciona tu idioma: English | Fran\u00e7ais | Deutsch | Italiano Caixa Pro-Infancia \u00bfQu\u00e9 es el refuerzo educativo del Programa CaixaProinfancia? La situaci\u00f3n de pobreza que&hellip;<\/p>\n","protected":false},"author":20684,"featured_media":0,"parent":116,"menu_order":0,"comment_status":"closed","ping_status":"closed","template":"elementor_header_footer","meta":{"footnotes":""},"aioseo_notices":[],"_links":{"self":[{"href":"https:\/\/blogsaverroes.juntadeandalucia.es\/ceiphogarsol\/wp-json\/wp\/v2\/pages\/137"}],"collection":[{"href":"https:\/\/blogsaverroes.juntadeandalucia.es\/ceiphogarsol\/wp-json\/wp\/v2\/pages"}],"about":[{"href":"https:\/\/blogsaverroes.juntadeandalucia.es\/ceiphogarsol\/wp-json\/wp\/v2\/types\/page"}],"author":[{"embeddable":true,"href":"https:\/\/blogsaverroes.juntadeandalucia.es\/ceiphogarsol\/wp-json\/wp\/v2\/users\/20684"}],"replies":[{"embeddable":true,"href":"https:\/\/blogsaverroes.juntadeandalucia.es\/ceiphogarsol\/wp-json\/wp\/v2\/comments?post=137"}],"version-history":[{"count":17,"href":"https:\/\/blogsaverroes.juntadeandalucia.es\/ceiphogarsol\/wp-json\/wp\/v2\/pages\/137\/revisions"}],"predecessor-version":[{"id":1147,"href":"https:\/\/blogsaverroes.juntadeandalucia.es\/ceiphogarsol\/wp-json\/wp\/v2\/pages\/137\/revisions\/1147"}],"up":[{"embeddable":true,"href":"https:\/\/blogsaverroes.juntadeandalucia.es\/ceiphogarsol\/wp-json\/wp\/v2\/pages\/116"}],"wp:attachment":[{"href":"https:\/\/blogsaverroes.juntadeandalucia.es\/ceiphogarsol\/wp-json\/wp\/v2\/media?parent=137"}],"curies":[{"name":"wp","href":"https:\/\/api.w.org\/{rel}","templated":true}]}}