{"id":560,"date":"2025-03-28T10:56:13","date_gmt":"2025-03-28T09:56:13","guid":{"rendered":"https:\/\/blogsaverroes.juntadeandalucia.es\/ceiphogarsol\/?page_id=560"},"modified":"2025-05-26T10:07:58","modified_gmt":"2025-05-26T08:07:58","slug":"exito-educativo","status":"publish","type":"page","link":"https:\/\/blogsaverroes.juntadeandalucia.es\/ceiphogarsol\/exito-educativo\/","title":{"rendered":"Exito Educativo"},"content":{"rendered":"\t\t<div data-elementor-type=\"wp-page\" data-elementor-id=\"560\" class=\"elementor elementor-560\">\n\t\t\t\t<div class=\"elementor-element elementor-element-06df643 e-flex e-con-boxed e-con e-parent\" data-id=\"06df643\" data-element_type=\"container\">\n\t\t\t\t\t<div class=\"e-con-inner\">\n\t\t\t\t<div class=\"elementor-element elementor-element-4ce01ff elementor-widget elementor-widget-html\" data-id=\"4ce01ff\" data-element_type=\"widget\" data-widget_type=\"html.default\">\n\t\t\t\t<div class=\"elementor-widget-container\">\n\t\t\t\t\t<p>Selecciona tu idioma:<\/p>\r\n<a href=\"https:\/\/translate.google.com\/translate?hl=en&amp;sl=auto&amp;tl=en&amp;u=https:\/\/blogsaverroes.juntadeandalucia.es\/ceiphogarsol\/?page_id=560&amp;preview=true\">English<\/a> |\r\n<a href=\"https:\/\/translate.google.com\/translate?hl=fr&amp;sl=auto&amp;tl=fr&amp;u=https:\/\/blogsaverroes.juntadeandalucia.es\/ceiphogarsol\/?page_id=560&amp;preview=true\">Fran\u00e7ais<\/a> |\r\n<a href=\"https:\/\/translate.google.com\/translate?hl=de&amp;sl=auto&amp;tl=de&amp;u=https:\/\/blogsaverroes.juntadeandalucia.es\/ceiphogarsol\/?page_id=560&amp;preview=true\">Deutsch<\/a> |\r\n<a href=\"https:\/\/translate.google.com\/translate?hl=it&amp;sl=auto&amp;tl=it&amp;u=https:\/\/blogsaverroes.juntadeandalucia.es\/ceiphogarsol\/?page_id=560&amp;preview=true\">Italiano<\/a>\t\t\t\t<\/div>\n\t\t\t\t<\/div>\n\t\t\t\t<div class=\"elementor-element elementor-element-c51c39f elementor-widget elementor-widget-heading\" data-id=\"c51c39f\" data-element_type=\"widget\" data-widget_type=\"heading.default\">\n\t\t\t\t<div class=\"elementor-widget-container\">\n\t\t\t\t\t<h2 class=\"elementor-heading-title elementor-size-default\">Experiencias de \u00c9xito Educativo<\/h2>\t\t\t\t<\/div>\n\t\t\t\t<\/div>\n\t\t\t\t<div class=\"elementor-element elementor-element-d4e1d08 elementor-widget-divider--view-line elementor-widget elementor-widget-divider\" data-id=\"d4e1d08\" data-element_type=\"widget\" data-widget_type=\"divider.default\">\n\t\t\t\t<div class=\"elementor-widget-container\">\n\t\t\t\t\t\t\t<div class=\"elementor-divider\">\n\t\t\t<span class=\"elementor-divider-separator\">\n\t\t\t\t\t\t<\/span>\n\t\t<\/div>\n\t\t\t\t\t\t<\/div>\n\t\t\t\t<\/div>\n\t\t\t\t\t<\/div>\n\t\t\t\t<\/div>\n\t\t<div class=\"elementor-element elementor-element-9069631 e-flex e-con-boxed e-con e-parent\" data-id=\"9069631\" data-element_type=\"container\">\n\t\t\t\t\t<div class=\"e-con-inner\">\n\t\t\t\t<div class=\"elementor-element elementor-element-11fb86d elementor-widget elementor-widget-text-editor\" data-id=\"11fb86d\" data-element_type=\"widget\" data-widget_type=\"text-editor.default\">\n\t\t\t\t<div class=\"elementor-widget-container\">\n\t\t\t\t\t\t\t\t\t<p>De todas las investigaciones que conforman la base cient\u00edfica de las Comunidades de Aprendizaje, el que con mucha diferencia ha aportado m\u00e1s a su estudio y puesta en pr\u00e1ctica es el proyecto Integrado\u00a0<a href=\"https:\/\/www.schooleducationgateway.eu\/files\/esl\/downloads\/13_INCLUD-ED_Book_on_SEA.pdf\" target=\"_blank\" rel=\"noopener\">INCLUD-ED, Strategies for inclusion and social cohesion in Europe from Education (Flecha , 2006-2011; 2015)<\/a>, coordinado por el Dr. Ram\u00f3n Flecha Garc\u00eda y financiado por el Sexto Programa Marco de investigaci\u00f3n de la Comisi\u00f3n Europea.<\/p><p>INCLUD-ED es hasta la fecha una de las investigaciones cient\u00edficas sobre educaci\u00f3n de mayor escala, rango cient\u00edfico e impacto social en Europa, siendo la \u00fanica investigaci\u00f3n de ciencias sociales seleccionada por la Comisi\u00f3n Europea entre las 10 historias de \u00e9xito de la investigaci\u00f3n en ese continente. El proyecto tuvo como objetivo analizar qu\u00e9 pr\u00e1cticas educativas contribuyen a perpetuar las desigualdades sociales, y cu\u00e1les, por el contrario, generan \u00e9xito educativo, as\u00ed como mayor inclusi\u00f3n y cohesi\u00f3n social en contextos muy diversos.<\/p><p>La principal contribuci\u00f3n cient\u00edfica de INCLUD-ED fue la identificaci\u00f3n de Actuaciones Educativas de \u00c9xito, las cuales se definen como aquellas actuaciones que aumentan el \u00e9xito escolar y contribuyen a generar cohesi\u00f3n social en cualquier contexto donde se implementan. Las Actuaciones Educativas de \u00c9xito se caracterizan por reorganizar los recursos existentes en el centro educativo y la comunidad para impulsar la mejora acad\u00e9mica de todo el alumnado, en lugar de segregar a algunos de ellos y ellas seg\u00fan sus niveles de aprendizaje o reducir sus oportunidades educativas.<\/p><p>Las Comunidades de Aprendizaje ponen en pr\u00e1ctica todas las Actuaciones Educativas de \u00c9xito, las cuales son:<\/p><ul class=\"ul_orange\"><li>\u00a0<a href=\"https:\/\/www.comunidaddeaprendizaje.com.es\/act_de_exito\/grupos_int\" target=\"_blank\" rel=\"noopener\">Grupos interactivos<\/a><\/li><li>\u00a0<a href=\"https:\/\/www.comunidaddeaprendizaje.com.es\/act_de_exito\/tertulias_dialogicas\" target=\"_blank\" rel=\"noopener\">Tertulias dial\u00f3gicas<\/a><\/li><li>\u00a0<a href=\"https:\/\/www.comunidaddeaprendizaje.com.es\/act_de_exito\/formacion_familiares\" target=\"_blank\" rel=\"noopener\">Formaci\u00f3n de familiares<\/a><\/li><li>\u00a0<a href=\"https:\/\/www.comunidaddeaprendizaje.com.es\/act_de_exito\/participacion_comunidad\" target=\"_blank\" rel=\"noopener\">Participaci\u00f3n educativa de la comunidad<\/a><\/li><li>\u00a0<a href=\"https:\/\/www.comunidaddeaprendizaje.com.es\/act_de_exito\/modelo_dialogico\" target=\"_blank\" rel=\"noopener\">Modelo dial\u00f3gico de prevenci\u00f3n y resoluci\u00f3n de conflictos<\/a><\/li><li>\u00a0<a href=\"https:\/\/www.comunidaddeaprendizaje.com.es\/act_de_exito\/formacion_dialogica_profesorado\" target=\"_blank\" rel=\"noopener\">Formaci\u00f3n dial\u00f3gica del profesorado<\/a><\/li><\/ul><p>Para saber m\u00e1s sobre el proyecto INCLUD-ED y las Actuaciones Educativas de \u00c9xito, te invitamos a consultar la siguiente bibliograf\u00eda:<\/p><section id=\"article_1\" class=\"row card_section other_scientific_publications\" data-article_id=\"1\" data-article_code=\"10\"><div class=\"col-lg-2\"><a href=\"https:\/\/doi.org\/10.1016\/j.edurev.2022.100482\" target=\"_blank\" rel=\"noopener\"><img decoding=\"async\" class=\"otras_pub_img alignleft\" src=\"https:\/\/www.comunidaddeaprendizaje.com.es\/lib\/images\/biblioteca\/otras_publicaciones\/synthesis_of_the_impacts_of_successful_educational_actions_on_student_outcomes.png\" alt=\"Synthesis of the impacts of successful educational actions on student outcomes\" width=\"190\" height=\"259\" \/><\/a><\/div><div class=\"col-lg-8\"><article class=\"art_cientifico\"><h4 class=\"fw-bold\">T Morl\u00e0-Folch, AIR Davis, MP Cuxart, R Valls-Carol (2022)<\/h4><p><a class=\"h2\" href=\"https:\/\/doi.org\/10.1016\/j.edurev.2022.100482\" target=\"_blank\" rel=\"noopener\">Synthesis of the impacts of successful educational actions on student outcomes<\/a><\/p><p class=\"quote fw-light\">Educational Research Review, Volume 37 100482<\/p><\/article><\/div><\/section><section id=\"article_2\" class=\"row card_section other_scientific_publications\" data-article_id=\"2\" data-article_code=\"20\"><div class=\"col-lg-2\"><a href=\"https:\/\/link.springer.com\/book\/10.1007\/978-3-319-11176-6\" target=\"_blank\" rel=\"noopener\"><img fetchpriority=\"high\" decoding=\"async\" class=\"otras_pub_img alignleft\" src=\"https:\/\/www.comunidaddeaprendizaje.com.es\/lib\/images\/biblioteca\/otras_publicaciones\/successful_educational_action_for_inclusion_and_social_cohesion_in_europe.png\" alt=\"Successful Educational Actions for Inclusion and Social Cohesion in Europe.\" width=\"198\" height=\"292\" \/><\/a><\/div><div class=\"col-lg-8\"><article class=\"art_cientifico\"><h4 class=\"fw-bold\">Flecha, R. (2015).<\/h4><p><a class=\"h2\" href=\"https:\/\/link.springer.com\/book\/10.1007\/978-3-319-11176-6\" target=\"_blank\" rel=\"noopener\">Successful Educational Actions for Inclusion and Social Cohesion in Europe.<\/a><\/p><p class=\"quote fw-light\">Springer Publishing Company<\/p><\/article><\/div><\/section><section id=\"article_3\" class=\"row card_section other_scientific_publications\" data-article_id=\"3\" data-article_code=\"30\"><div class=\"col-lg-2\"><a href=\"https:\/\/comunidadesdeaprendizaje.net\/wp-content\/uploads\/2011\/04\/Actuaciones-de-%C3%A9xito-en-las-escuelas-europeas.pdf\" target=\"_blank\" rel=\"noopener\"><img decoding=\"async\" class=\"otras_pub_img alignleft\" src=\"https:\/\/www.comunidaddeaprendizaje.com.es\/lib\/images\/biblioteca\/otras_publicaciones\/actuaciones_de_exito_en_las_escuelas_europeas.png\" alt=\"Actuaciones de \u00e9xito en las escuelas europeas.\" width=\"214\" height=\"262\" \/><\/a><\/div><div class=\"col-lg-8\"><article class=\"art_cientifico\"><h4 class=\"fw-bold\">INCLUD-ED Consortium (2011).<\/h4><p><a class=\"h2\" href=\"https:\/\/comunidadesdeaprendizaje.net\/wp-content\/uploads\/2011\/04\/Actuaciones-de-%C3%A9xito-en-las-escuelas-europeas.pdf\" target=\"_blank\" rel=\"noopener\">Actuaciones de \u00e9xito en las escuelas europeas.<\/a><\/p><\/article><\/div><\/section><section id=\"article_4\" class=\"row card_section other_scientific_publications\" data-article_id=\"4\" data-article_code=\"40\"><div class=\"col-lg-2\"><a href=\"https:\/\/www.step4seas.org\/_files\/ugd\/8957d5_9dec3de640e34c26aa4d63bf9f333963.pdf\" target=\"_blank\" rel=\"noopener\"><img loading=\"lazy\" decoding=\"async\" class=\"otras_pub_img alignleft\" src=\"https:\/\/www.comunidaddeaprendizaje.com.es\/lib\/images\/biblioteca\/otras_publicaciones\/crea_step4_seas_2018_guia_pol%C3%ADtica.png\" alt=\"Gu\u00eda pol\u00edtica: Pol\u00edtica dial\u00f3gica basada en evidencias e incluyendo las voces de todas las personas de la comunidad educativa.\" width=\"198\" height=\"283\" \/><\/a><\/div><div class=\"col-lg-8\"><article class=\"art_cientifico\"><h4 class=\"fw-bold\"><span style=\"font-size: 12pt\">CREA &#8211; STEP4SEAS (2018).<\/span><\/h4><p><span style=\"font-size: 12pt\"><a class=\"h2\" href=\"https:\/\/www.step4seas.org\/_files\/ugd\/8957d5_9dec3de640e34c26aa4d63bf9f333963.pdf\" target=\"_blank\" rel=\"noopener\">Gu\u00eda pol\u00edtica: Pol\u00edtica dial\u00f3gica basada en evidencias e incluyendo las voces de todas las personas de la comunidad educativa.<\/a><\/span><\/p><\/article><\/div><\/section>\t\t\t\t\t\t\t\t<\/div>\n\t\t\t\t<\/div>\n\t\t\t\t\t<\/div>\n\t\t\t\t<\/div>\n\t\t\t\t<\/div>\n\t\t","protected":false},"excerpt":{"rendered":"<p>Selecciona tu idioma: English | Fran\u00e7ais | Deutsch | Italiano Experiencias de \u00c9xito Educativo De todas las investigaciones que conforman la base cient\u00edfica de las&hellip;<\/p>\n","protected":false},"author":20684,"featured_media":0,"parent":0,"menu_order":0,"comment_status":"closed","ping_status":"closed","template":"","meta":{"footnotes":""},"aioseo_notices":[],"_links":{"self":[{"href":"https:\/\/blogsaverroes.juntadeandalucia.es\/ceiphogarsol\/wp-json\/wp\/v2\/pages\/560"}],"collection":[{"href":"https:\/\/blogsaverroes.juntadeandalucia.es\/ceiphogarsol\/wp-json\/wp\/v2\/pages"}],"about":[{"href":"https:\/\/blogsaverroes.juntadeandalucia.es\/ceiphogarsol\/wp-json\/wp\/v2\/types\/page"}],"author":[{"embeddable":true,"href":"https:\/\/blogsaverroes.juntadeandalucia.es\/ceiphogarsol\/wp-json\/wp\/v2\/users\/20684"}],"replies":[{"embeddable":true,"href":"https:\/\/blogsaverroes.juntadeandalucia.es\/ceiphogarsol\/wp-json\/wp\/v2\/comments?post=560"}],"version-history":[{"count":13,"href":"https:\/\/blogsaverroes.juntadeandalucia.es\/ceiphogarsol\/wp-json\/wp\/v2\/pages\/560\/revisions"}],"predecessor-version":[{"id":1144,"href":"https:\/\/blogsaverroes.juntadeandalucia.es\/ceiphogarsol\/wp-json\/wp\/v2\/pages\/560\/revisions\/1144"}],"wp:attachment":[{"href":"https:\/\/blogsaverroes.juntadeandalucia.es\/ceiphogarsol\/wp-json\/wp\/v2\/media?parent=560"}],"curies":[{"name":"wp","href":"https:\/\/api.w.org\/{rel}","templated":true}]}}