{"id":62,"date":"2025-02-11T09:42:39","date_gmt":"2025-02-11T08:42:39","guid":{"rendered":"https:\/\/blogsaverroes.juntadeandalucia.es\/ceiphogarsol\/?page_id=62"},"modified":"2025-04-07T10:56:47","modified_gmt":"2025-04-07T08:56:47","slug":"el-centro","status":"publish","type":"page","link":"https:\/\/blogsaverroes.juntadeandalucia.es\/ceiphogarsol\/el-centro\/","title":{"rendered":"Centro"},"content":{"rendered":"\t\t<div data-elementor-type=\"wp-page\" data-elementor-id=\"62\" class=\"elementor elementor-62\">\n\t\t\t\t<div class=\"elementor-element elementor-element-4a07ae1b e-flex e-con-boxed e-con e-parent\" data-id=\"4a07ae1b\" data-element_type=\"container\">\n\t\t\t\t\t<div class=\"e-con-inner\">\n\t\t<div class=\"elementor-element elementor-element-3888b70 e-con-full e-flex e-con e-child\" data-id=\"3888b70\" data-element_type=\"container\">\n\t\t\t\t<div class=\"elementor-element elementor-element-8bd40ee elementor-widget elementor-widget-heading\" data-id=\"8bd40ee\" data-element_type=\"widget\" data-widget_type=\"heading.default\">\n\t\t\t\t<div class=\"elementor-widget-container\">\n\t\t\t\t\t<h2 class=\"elementor-heading-title elementor-size-default\">Sobre el centro<\/h2>\t\t\t\t<\/div>\n\t\t\t\t<\/div>\n\t\t\t\t<div class=\"elementor-element elementor-element-6a93cf1 elementor-widget-divider--view-line elementor-widget elementor-widget-divider\" data-id=\"6a93cf1\" data-element_type=\"widget\" data-widget_type=\"divider.default\">\n\t\t\t\t<div class=\"elementor-widget-container\">\n\t\t\t\t\t\t\t<div class=\"elementor-divider\">\n\t\t\t<span class=\"elementor-divider-separator\">\n\t\t\t\t\t\t<\/span>\n\t\t<\/div>\n\t\t\t\t\t\t<\/div>\n\t\t\t\t<\/div>\n\t\t\t\t<\/div>\n\t\t\t\t<div class=\"elementor-element elementor-element-9912bcb elementor-widget elementor-widget-html\" data-id=\"9912bcb\" data-element_type=\"widget\" data-widget_type=\"html.default\">\n\t\t\t\t<div class=\"elementor-widget-container\">\n\t\t\t\t\t<p>Selecciona tu idioma:<\/p>\r\n<a href=\"https:\/\/translate.google.com\/translate?hl=en&amp;sl=auto&amp;tl=en&amp;u=https:\/\/blogsaverroes.juntadeandalucia.es\/ceiphogarsol\/el-centro\/\">English<\/a> |\r\n<a href=\"https:\/\/translate.google.com\/translate?hl=fr&amp;sl=auto&amp;tl=fr&amp;u=https:\/\/blogsaverroes.juntadeandalucia.es\/ceiphogarsol\/el-centro\/\">Fran\u00e7ais<\/a> |\r\n<a href=\"https:\/\/translate.google.com\/translate?hl=de&amp;sl=auto&amp;tl=de&amp;u=https:\/\/blogsaverroes.juntadeandalucia.es\/ceiphogarsol\/el-centro\/\">Deutsch<\/a> |\r\n<a href=\"https:\/\/translate.google.com\/translate?hl=it&amp;sl=auto&amp;tl=it&amp;u=https:\/\/blogsaverroes.juntadeandalucia.es\/ceiphogarsol\/el-centro\/\">Italiano<\/a>\t\t\t\t<\/div>\n\t\t\t\t<\/div>\n\t\t\t\t<div class=\"elementor-element elementor-element-46e98294 elementor-widget elementor-widget-text-editor\" data-id=\"46e98294\" data-element_type=\"widget\" data-widget_type=\"text-editor.default\">\n\t\t\t\t<div class=\"elementor-widget-container\">\n\t\t\t\t\t\t\t\t\t<p style=\"text-align: justify\" data-start=\"0\" data-end=\"332\"><strong data-start=\"3\" data-end=\"20\">CEIP Hogarsol<\/strong> es un centro escolar p\u00fablico situado en M\u00e1laga, m\u00e1s concreto en Huelin; que se distingue por su compromiso con la formaci\u00f3n integral de sus estudiantes, fomentando un ambiente de respeto, empat\u00eda y responsabilidad. En este centro, se valora el desarrollo tanto acad\u00e9mico como personal, enfoc\u00e1ndose en la creaci\u00f3n de una comunidad educativa inclusiva y solidaria.<\/p>\n<p style=\"text-align: justify\" data-start=\"334\" data-end=\"690\">Los valores fundamentales que gu\u00edan el d\u00eda a d\u00eda en el CEIP Hogarsol incluyen la <strong data-start=\"415\" data-end=\"429\">integridad<\/strong>, el&nbsp;<strong data-start=\"434\" data-end=\"445\">respeto<\/strong> mutuo y la <strong data-start=\"457\" data-end=\"472\">cooperaci\u00f3n<\/strong>, pilares sobre los cuales se construye una convivencia arm\u00f3nica y enriquecedora. Los estudiantes son incentivados a actuar de manera \u00e9tica y responsable, promoviendo la honestidad, el esfuerzo y el trabajo en equipo.<\/p>\n<p style=\"text-align: justify\" data-start=\"692\" data-end=\"1115\">A trav\u00e9s de una metodolog\u00eda innovadora y participativa, el centro escolar busca cultivar no solo habilidades cognitivas, sino tambi\u00e9n emocionales y sociales, para que los alumnos crezcan como individuos \u00edntegros, con capacidad cr\u00edtica y comprometidos con su entorno. Se promueve una educaci\u00f3n de calidad que fomenta la igualdad de oportunidades, el respeto por la diversidad y la importancia del cuidado del medio ambiente.<\/p>\n<p style=\"text-align: justify\" data-start=\"1117\" data-end=\"1386\">El CEIP Hogarsol tambi\u00e9n pone un \u00e9nfasis particular en la formaci\u00f3n en valores humanos, ense\u00f1ando a los estudiantes a ser conscientes de su responsabilidad como ciudadanos y fomentando el desarrollo de una actitud positiva hacia el aprendizaje y el mundo que les rodea.<\/p>\n<p data-start=\"1117\" data-end=\"1386\"><a href=\"https:\/\/blogsaverroes.juntadeandalucia.es\/ceiphogarsol\/el-centro\/modelo-educativo\/\">Modelo educativo<\/a><\/p>\n<p data-start=\"1117\" data-end=\"1386\"><a href=\"https:\/\/blogsaverroes.juntadeandalucia.es\/ceiphogarsol\/el-centro\/normativa\/\">Normativa<\/a><\/p>\n<p data-start=\"1117\" data-end=\"1386\"><a href=\"https:\/\/blogsaverroes.juntadeandalucia.es\/ceiphogarsol\/el-centro\/plan-de-centro\/\">Plan de centro<\/a><\/p>\n<p data-start=\"1117\" data-end=\"1386\">\n<\/p>\t\t\t\t\t\t\t\t<\/div>\n\t\t\t\t<\/div>\n\t\t\t\t\t<\/div>\n\t\t\t\t<\/div>\n\t\t\t\t<\/div>\n\t\t","protected":false},"excerpt":{"rendered":"<p>Sobre el centro Selecciona tu idioma: English | Fran\u00e7ais | Deutsch | Italiano CEIP Hogarsol es un centro escolar p\u00fablico situado en M\u00e1laga, m\u00e1s concreto&hellip;<\/p>\n","protected":false},"author":20684,"featured_media":0,"parent":0,"menu_order":1,"comment_status":"closed","ping_status":"closed","template":"page-template-full.php","meta":{"footnotes":""},"aioseo_notices":[],"_links":{"self":[{"href":"https:\/\/blogsaverroes.juntadeandalucia.es\/ceiphogarsol\/wp-json\/wp\/v2\/pages\/62"}],"collection":[{"href":"https:\/\/blogsaverroes.juntadeandalucia.es\/ceiphogarsol\/wp-json\/wp\/v2\/pages"}],"about":[{"href":"https:\/\/blogsaverroes.juntadeandalucia.es\/ceiphogarsol\/wp-json\/wp\/v2\/types\/page"}],"author":[{"embeddable":true,"href":"https:\/\/blogsaverroes.juntadeandalucia.es\/ceiphogarsol\/wp-json\/wp\/v2\/users\/20684"}],"replies":[{"embeddable":true,"href":"https:\/\/blogsaverroes.juntadeandalucia.es\/ceiphogarsol\/wp-json\/wp\/v2\/comments?post=62"}],"version-history":[{"count":32,"href":"https:\/\/blogsaverroes.juntadeandalucia.es\/ceiphogarsol\/wp-json\/wp\/v2\/pages\/62\/revisions"}],"predecessor-version":[{"id":852,"href":"https:\/\/blogsaverroes.juntadeandalucia.es\/ceiphogarsol\/wp-json\/wp\/v2\/pages\/62\/revisions\/852"}],"wp:attachment":[{"href":"https:\/\/blogsaverroes.juntadeandalucia.es\/ceiphogarsol\/wp-json\/wp\/v2\/media?parent=62"}],"curies":[{"name":"wp","href":"https:\/\/api.w.org\/{rel}","templated":true}]}}