{"id":64,"date":"2025-02-11T09:43:07","date_gmt":"2025-02-11T08:43:07","guid":{"rendered":"https:\/\/blogsaverroes.juntadeandalucia.es\/ceiphogarsol\/?page_id=64"},"modified":"2025-06-02T10:05:32","modified_gmt":"2025-06-02T08:05:32","slug":"modelo-educativo","status":"publish","type":"page","link":"https:\/\/blogsaverroes.juntadeandalucia.es\/ceiphogarsol\/el-centro\/modelo-educativo\/","title":{"rendered":"Modelo educativo"},"content":{"rendered":"\t\t<div data-elementor-type=\"wp-page\" data-elementor-id=\"64\" class=\"elementor elementor-64\">\n\t\t\t\t<div class=\"elementor-element elementor-element-4928d037 e-flex e-con-boxed e-con e-parent\" data-id=\"4928d037\" data-element_type=\"container\">\n\t\t\t\t\t<div class=\"e-con-inner\">\n\t\t<div class=\"elementor-element elementor-element-404a847 e-con-full e-flex e-con e-child\" data-id=\"404a847\" data-element_type=\"container\">\n\t\t\t\t<div class=\"elementor-element elementor-element-7f6eb54 elementor-widget elementor-widget-html\" data-id=\"7f6eb54\" data-element_type=\"widget\" data-widget_type=\"html.default\">\n\t\t\t\t<div class=\"elementor-widget-container\">\n\t\t\t\t\t<p>Selecciona tu idioma:<\/p>\r\n<a href=\"https:\/\/translate.google.com\/translate?hl=en&amp;sl=auto&amp;tl=en&amp;u=https:\/\/blogsaverroes.juntadeandalucia.es\/ceiphogarsol\/el-centro\/modelo-educativo\/\">English<\/a> |\r\n<a href=\"https:\/\/translate.google.com\/translate?hl=fr&amp;sl=auto&amp;tl=fr&amp;u=https:\/\/blogsaverroes.juntadeandalucia.es\/ceiphogarsol\/el-centro\/modelo-educativo\/\">Fran\u00e7ais<\/a> |\r\n<a href=\"https:\/\/translate.google.com\/translate?hl=de&amp;sl=auto&amp;tl=de&amp;u=https:\/\/blogsaverroes.juntadeandalucia.es\/ceiphogarsol\/el-centro\/modelo-educativo\/\">Deutsch<\/a> |\r\n<a href=\"https:\/\/translate.google.com\/translate?hl=it&amp;sl=auto&amp;tl=it&amp;u=https:\/\/blogsaverroes.juntadeandalucia.es\/ceiphogarsol\/el-centro\/modelo-educativo\/\">Italiano<\/a>\t\t\t\t<\/div>\n\t\t\t\t<\/div>\n\t\t\t\t<div class=\"elementor-element elementor-element-2c6f50d elementor-widget elementor-widget-heading\" data-id=\"2c6f50d\" data-element_type=\"widget\" data-widget_type=\"heading.default\">\n\t\t\t\t<div class=\"elementor-widget-container\">\n\t\t\t\t\t<h2 class=\"elementor-heading-title elementor-size-default\">Modelo educativo<\/h2>\t\t\t\t<\/div>\n\t\t\t\t<\/div>\n\t\t\t\t<div class=\"elementor-element elementor-element-f022e08 elementor-widget-divider--view-line elementor-widget elementor-widget-divider\" data-id=\"f022e08\" data-element_type=\"widget\" data-widget_type=\"divider.default\">\n\t\t\t\t<div class=\"elementor-widget-container\">\n\t\t\t\t\t\t\t<div class=\"elementor-divider\">\n\t\t\t<span class=\"elementor-divider-separator\">\n\t\t\t\t\t\t<\/span>\n\t\t<\/div>\n\t\t\t\t\t\t<\/div>\n\t\t\t\t<\/div>\n\t\t\t\t<\/div>\n\t\t\t\t<div class=\"elementor-element elementor-element-154efba9 elementor-widget elementor-widget-text-editor\" data-id=\"154efba9\" data-element_type=\"widget\" data-widget_type=\"text-editor.default\">\n\t\t\t\t<div class=\"elementor-widget-container\">\n\t\t\t\t\t\t\t\t\t<p><img decoding=\"async\" class=\"aligncenter\" src=\"https:\/\/ceiphogarsol.com\/images\/Imagen_modelo_educativo.jpg\"><\/p>\n<p style=\"text-align: justify\">El&nbsp;<b>CEIP Hogarsol<\/b>&nbsp;es un centro p\u00fablico de educaci\u00f3n infantil y primaria localizado en la barriada de Huelin, M\u00e1laga. Como centro p\u00fablico que somos, asumimos el ideario y proyectos establecidos por la Junta de Andaluc\u00eda, y tratamos de desarrollar un&nbsp;<b>modelo educativo diferenciado y adaptado a la realidad actual.<\/b><\/p>\n<p style=\"text-align: justify\"><b>Desde el curso 2021\/22 <\/b>pasamos a formar parte de la Red Andaluza de <strong>Comunidades de Aprendizaje<\/strong> y como tal, asumimos sus 7 principios b\u00e1sicos: <b>Di\u00e1logo igualitario, inteligencia cultural, transformaci\u00f3n, dimensi\u00f3n instrumental, creaci\u00f3n de sentido, solidaridad e igualdad de diferencias<\/b>&nbsp;.<\/p>\n<p style=\"text-align: justify\">Nuestro profesorado cree firmemente en la renovaci\u00f3n pedag\u00f3gica y trabaja d\u00eda a d\u00eda para ofrecer una formaci\u00f3n acorde con las necesidades que demanda nuestra sociedad.<\/p>\n<p style=\"text-align: justify\">Nuestro m\u00e9todo de ense\u00f1anza se basa en la idea de que&nbsp;<b>en el equilibrio est\u00e1 la virtud<\/b>. Por ello desarrollamos un m\u00e9todo did\u00e1ctico mixto, apoyado en materiales contrastados y reforzado por la realizaci\u00f3n de proyectos integrados que potencian las diferentes \u00e1reas de conocimiento.<\/p>\n<p>Varias son las l\u00edneas que definen nuestro hacer docente:<\/p>\n<ul>\n<li style=\"text-align: justify\">La&nbsp;<i>formaci\u00f3n de ciudadanos para una sociedad democr\u00e1tica<\/i>.<\/li>\n<li>La&nbsp;<i>asunci\u00f3n de que las personas somos seres \u00fanicos con necesidades \u00fanicas<\/i>.<\/li>\n<li>El&nbsp;<i>aprendizaje basado en procesos que favorezca en desarrollo de competencias personales<\/i>.<\/li>\n<li>La&nbsp;<i>capacitaci\u00f3n para el aprendizaje permanente<\/i>.<\/li>\n<li>El&nbsp;<i>convencimiento de que familia y escuela deben trabajar juntas<\/i>&nbsp;con el \u00fanico objetivo de responder a las necesidades de nuestro alumnado.<\/li>\n<li>La&nbsp;<i>apuesta por una escuela que va m\u00e1s all\u00e1 de la formaci\u00f3n y que trata de apoyar a las familias<\/i>&nbsp;en la nada f\u00e1cil misi\u00f3n de acompa\u00f1ar a sus hijos hacia un futuro prometedor.<\/li>\n<li>La&nbsp;<i>firme creencia en la investigaci\u00f3n y la innovaci\u00f3n como motores de mejora educativa<\/i>.<\/li>\n<\/ul>\n<p><b>&nbsp;<\/b><\/p>\n<p style=\"text-align: justify\">Para ello desarrollamos diversos proyectos que pretenden aunar los recursos necesarios para afrontar un reto tan importante.<\/p>\n<p style=\"text-align: justify\">Disponemos de un&nbsp;<b>Proyecto de Convivencia<\/b>&nbsp;y otro de Igualdad de G\u00e9nero que pretenden dotar de aquellos valores y actitudes que posibiliten la integraci\u00f3n positiva de nuestro alumnado en la sociedad.<\/p>\n<p style=\"text-align: justify\">Desarrollamos un<b>&nbsp;Proyecto de Biling\u00fcismo<\/b>&nbsp;y otro&nbsp;<b>Digital<\/b>&nbsp;que buscan capacitar a nuestro alumnado para una realidad personal y laboral de complejidad creciente.<\/p>\n<p style=\"text-align: justify\">Tratamos de acompa\u00f1ar la formaci\u00f3n de nuestro alumnado en su tiempo no lectivo a trav\u00e9s de programas como el PROA o Caixa pro Infancia que tratan de responder a sus necesidades y compensar posibles dificultades familiares.<\/p>\n<p style=\"text-align: justify\">Les invitamos a conocer m\u00e1s en profundidad nuestro centro, del que nos sentimos orgullosos y al que les invitamos a unirse.<\/p>\n<p>Un cordial saludo.<\/p>\n<p><em>V\u00edctor Cordero<\/em><\/p>\n<p>Director<\/p>\t\t\t\t\t\t\t\t<\/div>\n\t\t\t\t<\/div>\n\t\t\t\t\t<\/div>\n\t\t\t\t<\/div>\n\t\t\t\t<\/div>\n\t\t","protected":false},"excerpt":{"rendered":"<p>Selecciona tu idioma: English | Fran\u00e7ais | Deutsch | Italiano Modelo educativo El&nbsp;CEIP Hogarsol&nbsp;es un centro p\u00fablico de educaci\u00f3n infantil y primaria localizado en la&hellip;<\/p>\n","protected":false},"author":20684,"featured_media":0,"parent":62,"menu_order":0,"comment_status":"closed","ping_status":"closed","template":"","meta":{"footnotes":""},"aioseo_notices":[],"_links":{"self":[{"href":"https:\/\/blogsaverroes.juntadeandalucia.es\/ceiphogarsol\/wp-json\/wp\/v2\/pages\/64"}],"collection":[{"href":"https:\/\/blogsaverroes.juntadeandalucia.es\/ceiphogarsol\/wp-json\/wp\/v2\/pages"}],"about":[{"href":"https:\/\/blogsaverroes.juntadeandalucia.es\/ceiphogarsol\/wp-json\/wp\/v2\/types\/page"}],"author":[{"embeddable":true,"href":"https:\/\/blogsaverroes.juntadeandalucia.es\/ceiphogarsol\/wp-json\/wp\/v2\/users\/20684"}],"replies":[{"embeddable":true,"href":"https:\/\/blogsaverroes.juntadeandalucia.es\/ceiphogarsol\/wp-json\/wp\/v2\/comments?post=64"}],"version-history":[{"count":23,"href":"https:\/\/blogsaverroes.juntadeandalucia.es\/ceiphogarsol\/wp-json\/wp\/v2\/pages\/64\/revisions"}],"predecessor-version":[{"id":1155,"href":"https:\/\/blogsaverroes.juntadeandalucia.es\/ceiphogarsol\/wp-json\/wp\/v2\/pages\/64\/revisions\/1155"}],"up":[{"embeddable":true,"href":"https:\/\/blogsaverroes.juntadeandalucia.es\/ceiphogarsol\/wp-json\/wp\/v2\/pages\/62"}],"wp:attachment":[{"href":"https:\/\/blogsaverroes.juntadeandalucia.es\/ceiphogarsol\/wp-json\/wp\/v2\/media?parent=64"}],"curies":[{"name":"wp","href":"https:\/\/api.w.org\/{rel}","templated":true}]}}