{"id":69,"date":"2025-02-11T09:43:32","date_gmt":"2025-02-11T08:43:32","guid":{"rendered":"https:\/\/blogsaverroes.juntadeandalucia.es\/ceiphogarsol\/?page_id=69"},"modified":"2025-04-07T10:58:21","modified_gmt":"2025-04-07T08:58:21","slug":"normativa","status":"publish","type":"page","link":"https:\/\/blogsaverroes.juntadeandalucia.es\/ceiphogarsol\/el-centro\/normativa\/","title":{"rendered":"Normativa"},"content":{"rendered":"\t\t<div data-elementor-type=\"wp-page\" data-elementor-id=\"69\" class=\"elementor elementor-69\">\n\t\t\t\t<div class=\"elementor-element elementor-element-292a833a e-flex e-con-boxed e-con e-parent\" data-id=\"292a833a\" data-element_type=\"container\">\n\t\t\t\t\t<div class=\"e-con-inner\">\n\t\t\t\t<div class=\"elementor-element elementor-element-5fb6e7c elementor-widget elementor-widget-html\" data-id=\"5fb6e7c\" data-element_type=\"widget\" data-widget_type=\"html.default\">\n\t\t\t\t<div class=\"elementor-widget-container\">\n\t\t\t\t\t<p>Selecciona tu idioma:<\/p>\r\n<a href=\"https:\/\/translate.google.com\/translate?hl=en&amp;sl=auto&amp;tl=en&amp;u=https:\/\/blogsaverroes.juntadeandalucia.es\/ceiphogarsol\/el-centro\/normativa\/\">English<\/a> |\r\n<a href=\"https:\/\/translate.google.com\/translate?hl=fr&amp;sl=auto&amp;tl=fr&amp;u=https:\/\/blogsaverroes.juntadeandalucia.es\/ceiphogarsol\/el-centro\/normativa\/\">Fran\u00e7ais<\/a> |\r\n<a href=\"https:\/\/translate.google.com\/translate?hl=de&amp;sl=auto&amp;tl=de&amp;u=https:\/\/blogsaverroes.juntadeandalucia.es\/ceiphogarsol\/el-centro\/normativa\/\">Deutsch<\/a> |\r\n<a href=\"https:\/\/translate.google.com\/translate?hl=it&amp;sl=auto&amp;tl=it&amp;u=https:\/\/blogsaverroes.juntadeandalucia.es\/ceiphogarsol\/el-centro\/normativa\/\">Italiano<\/a>\t\t\t\t<\/div>\n\t\t\t\t<\/div>\n\t\t<div class=\"elementor-element elementor-element-34321e9 e-con-full e-flex e-con e-child\" data-id=\"34321e9\" data-element_type=\"container\">\n\t\t<div class=\"elementor-element elementor-element-af549fc e-con-full e-flex e-con e-child\" data-id=\"af549fc\" data-element_type=\"container\">\n\t\t\t\t<div class=\"elementor-element elementor-element-d087ad5 elementor-widget elementor-widget-heading\" data-id=\"d087ad5\" data-element_type=\"widget\" data-widget_type=\"heading.default\">\n\t\t\t\t<div class=\"elementor-widget-container\">\n\t\t\t\t\t<h2 class=\"elementor-heading-title elementor-size-default\">Normativa<\/h2>\t\t\t\t<\/div>\n\t\t\t\t<\/div>\n\t\t\t\t<div class=\"elementor-element elementor-element-3a6c22b elementor-widget-divider--view-line elementor-widget elementor-widget-divider\" data-id=\"3a6c22b\" data-element_type=\"widget\" data-widget_type=\"divider.default\">\n\t\t\t\t<div class=\"elementor-widget-container\">\n\t\t\t\t\t\t\t<div class=\"elementor-divider\">\n\t\t\t<span class=\"elementor-divider-separator\">\n\t\t\t\t\t\t<\/span>\n\t\t<\/div>\n\t\t\t\t\t\t<\/div>\n\t\t\t\t<\/div>\n\t\t\t\t<\/div>\n\t\t\t\t<\/div>\n\t\t\t\t<div class=\"elementor-element elementor-element-5e34a6cb elementor-widget elementor-widget-text-editor\" data-id=\"5e34a6cb\" data-element_type=\"widget\" data-widget_type=\"text-editor.default\">\n\t\t\t\t<div class=\"elementor-widget-container\">\n\t\t\t\t\t\t\t\t\t<strong>&#8211; Etapa de Infantil: LOMLOE<\/strong>\r\n<ul>\r\n \t<li><a href=\"https:\/\/www.boe.es\/buscar\/act.php?id=BOE-A-2022-1654\">Real Decreto 95\/2022, de 1 de febrero, por el que se establece la ordenaci\u00f3n y las ense\u00f1anzas m\u00ednimas de la Educaci\u00f3n Infantil.<\/a><\/li>\r\n \t<li><a href=\"https:\/\/www.juntadeandalucia.es\/educacion\/portals\/web\/ced\/novedades\/-\/contenidos\/detalle\/orden-de-30-de-mayo-de-2023-por-la-que-se-desarrolla-el-curriculo-correspondiente-a-la-etapa-de-educacion-infantil-en\">Orden de 30 de mayo de 2023, por la que se desarrolla el curr\u00edculo correspondiente a la etapa de Educaci\u00f3n Infantil en la Comunidad Aut\u00f3noma de Andaluc\u00eda, se regulan determinados aspectos de la atenci\u00f3n a la diversidad y a las diferencias individuales, se establece la ordenaci\u00f3n de la evaluaci\u00f3n del proceso de aprendizaje del alumnado y se determinan los procesos de tr\u00e1nsito entre ciclos y con Educaci\u00f3n Primaria.<\/a><\/li>\r\n<\/ul>\r\n<strong>&#8211; Etapa de Primaria: LOMLOE<\/strong>\r\n<ul>\r\n \t<li><a href=\"https:\/\/www.boe.es\/buscar\/act.php?id=BOE-A-2022-3296\">Real Decreto 157\/2022, de 1 de marzo, por el que se establecen la ordenaci\u00f3n y las ense\u00f1anzas m\u00ednimas de la Educaci\u00f3n Primaria.<\/a><\/li>\r\n \t<li><a href=\"https:\/\/www.juntadeandalucia.es\/educacion\/portals\/web\/inspeccion-educativa\/normativa-d\/-\/contenidos\/detalle\/orden-de-30-de-mayo-de-2023-por-la-que-se-desarrolla-el-curriculo-correspondiente-a-la-etapa-de-educacion-primaria-en\">Orden de 30 de mayo de 2023, por la que se desarrolla el curr\u00edculo correspondiente a la etapa de Educaci\u00f3n Primaria en la Comunidad Aut\u00f3noma de Andaluc\u00eda, se regulan determinados aspectos de la atenci\u00f3n a la diversidad y a las diferencias individuales, se establece la ordenaci\u00f3n de la evaluaci\u00f3n del proceso de aprendizaje del alumnado y se determina el proceso de tr\u00e1nsito entre las diferentes etapas educativas.<\/a><\/li>\r\n<\/ul>\t\t\t\t\t\t\t\t<\/div>\n\t\t\t\t<\/div>\n\t\t\t\t\t<\/div>\n\t\t\t\t<\/div>\n\t\t\t\t<\/div>\n\t\t","protected":false},"excerpt":{"rendered":"<p>Selecciona tu idioma: English | Fran\u00e7ais | Deutsch | Italiano Normativa &#8211; Etapa de Infantil: LOMLOE Real Decreto 95\/2022, de 1 de febrero, por el&hellip;<\/p>\n","protected":false},"author":20684,"featured_media":0,"parent":62,"menu_order":0,"comment_status":"closed","ping_status":"closed","template":"page-template-full.php","meta":{"footnotes":""},"aioseo_notices":[],"_links":{"self":[{"href":"https:\/\/blogsaverroes.juntadeandalucia.es\/ceiphogarsol\/wp-json\/wp\/v2\/pages\/69"}],"collection":[{"href":"https:\/\/blogsaverroes.juntadeandalucia.es\/ceiphogarsol\/wp-json\/wp\/v2\/pages"}],"about":[{"href":"https:\/\/blogsaverroes.juntadeandalucia.es\/ceiphogarsol\/wp-json\/wp\/v2\/types\/page"}],"author":[{"embeddable":true,"href":"https:\/\/blogsaverroes.juntadeandalucia.es\/ceiphogarsol\/wp-json\/wp\/v2\/users\/20684"}],"replies":[{"embeddable":true,"href":"https:\/\/blogsaverroes.juntadeandalucia.es\/ceiphogarsol\/wp-json\/wp\/v2\/comments?post=69"}],"version-history":[{"count":9,"href":"https:\/\/blogsaverroes.juntadeandalucia.es\/ceiphogarsol\/wp-json\/wp\/v2\/pages\/69\/revisions"}],"predecessor-version":[{"id":853,"href":"https:\/\/blogsaverroes.juntadeandalucia.es\/ceiphogarsol\/wp-json\/wp\/v2\/pages\/69\/revisions\/853"}],"up":[{"embeddable":true,"href":"https:\/\/blogsaverroes.juntadeandalucia.es\/ceiphogarsol\/wp-json\/wp\/v2\/pages\/62"}],"wp:attachment":[{"href":"https:\/\/blogsaverroes.juntadeandalucia.es\/ceiphogarsol\/wp-json\/wp\/v2\/media?parent=69"}],"curies":[{"name":"wp","href":"https:\/\/api.w.org\/{rel}","templated":true}]}}