{"id":76,"date":"2025-02-11T09:55:23","date_gmt":"2025-02-11T08:55:23","guid":{"rendered":"https:\/\/blogsaverroes.juntadeandalucia.es\/ceiphogarsol\/?page_id=76"},"modified":"2025-05-23T12:43:38","modified_gmt":"2025-05-23T10:43:38","slug":"aula-matinal","status":"publish","type":"page","link":"https:\/\/blogsaverroes.juntadeandalucia.es\/ceiphogarsol\/servicios\/aula-matinal\/","title":{"rendered":"Aula matinal"},"content":{"rendered":"\t\t<div data-elementor-type=\"wp-page\" data-elementor-id=\"76\" class=\"elementor elementor-76\">\n\t\t\t\t<div class=\"elementor-element elementor-element-5ea5b6f3 e-flex e-con-boxed e-con e-parent\" data-id=\"5ea5b6f3\" data-element_type=\"container\">\n\t\t\t\t\t<div class=\"e-con-inner\">\n\t\t\t\t<div class=\"elementor-element elementor-element-e59b669 elementor-widget elementor-widget-html\" data-id=\"e59b669\" data-element_type=\"widget\" data-widget_type=\"html.default\">\n\t\t\t\t<div class=\"elementor-widget-container\">\n\t\t\t\t\t<p>Selecciona tu idioma:<\/p>\r\n<a href=\"https:\/\/translate.google.com\/translate?hl=en&amp;sl=auto&amp;tl=en&amp;u=https:\/\/blogsaverroes.juntadeandalucia.es\/ceiphogarsol\/servicios\/aula-matinal\/\">English<\/a> |\r\n<a href=\"https:\/\/translate.google.com\/translate?hl=fr&amp;sl=auto&amp;tl=fr&amp;u=https:\/\/blogsaverroes.juntadeandalucia.es\/ceiphogarsol\/servicios\/aula-matinal\/\">Fran\u00e7ais<\/a> |\r\n<a href=\"https:\/\/translate.google.com\/translate?hl=de&amp;sl=auto&amp;tl=de&amp;u=https:\/\/blogsaverroes.juntadeandalucia.es\/ceiphogarsol\/servicios\/aula-matinal\/\">Deutsch<\/a> |\r\n<a href=\"https:\/\/translate.google.com\/translate?hl=it&amp;sl=auto&amp;tl=it&amp;u=https:\/\/blogsaverroes.juntadeandalucia.es\/ceiphogarsol\/servicios\/aula-matinal\/\">Italiano<\/a>\t\t\t\t<\/div>\n\t\t\t\t<\/div>\n\t\t<div class=\"elementor-element elementor-element-dcea746 e-con-full e-flex e-con e-child\" data-id=\"dcea746\" data-element_type=\"container\">\n\t\t\t\t<div class=\"elementor-element elementor-element-45419e5 elementor-widget elementor-widget-heading\" data-id=\"45419e5\" data-element_type=\"widget\" data-widget_type=\"heading.default\">\n\t\t\t\t<div class=\"elementor-widget-container\">\n\t\t\t\t\t<h2 class=\"elementor-heading-title elementor-size-default\">Aula matinal<\/h2>\t\t\t\t<\/div>\n\t\t\t\t<\/div>\n\t\t\t\t<div class=\"elementor-element elementor-element-d5a14e1 elementor-widget-divider--view-line elementor-widget elementor-widget-divider\" data-id=\"d5a14e1\" data-element_type=\"widget\" data-widget_type=\"divider.default\">\n\t\t\t\t<div class=\"elementor-widget-container\">\n\t\t\t\t\t\t\t<div class=\"elementor-divider\">\n\t\t\t<span class=\"elementor-divider-separator\">\n\t\t\t\t\t\t<\/span>\n\t\t<\/div>\n\t\t\t\t\t\t<\/div>\n\t\t\t\t<\/div>\n\t\t\t\t<\/div>\n\t\t\t\t<div class=\"elementor-element elementor-element-5034c547 elementor-widget elementor-widget-text-editor\" data-id=\"5034c547\" data-element_type=\"widget\" data-widget_type=\"text-editor.default\">\n\t\t\t\t<div class=\"elementor-widget-container\">\n\t\t\t\t\t\t\t\t\t<ul style=\"list-style-type: disc\"><li><img decoding=\"async\" class=\"aligncenter\" src=\"http:\/\/www.asociaciontrans.org\/trans\/wp-content\/uploads\/2015\/03\/aula-matinal-trans.jpg\" \/><\/li><\/ul><p style=\"text-align: justify\">El Aula Matinal del\u00a0<strong>CEIP Hogarsol<\/strong>.<\/p><p style=\"text-align: justify\">Las Actividades que se llevan a cabo dentro del Programa de Aula Matinal persigue la consecuci\u00f3n de los siguientes objetivos:<\/p><ul><li style=\"text-align: justify\">Desarrollar las habilidades y las relaciones sociales del alumnado en un ambiente educativo motivador y generador de actitudes y valores positivos.<\/li><li>Potenciar la autoestima del alumnado.<\/li><li>Favorecer las relaciones sociales.<\/li><li>Ense\u00f1ar normas de educaci\u00f3n y convivencia en el desarrollo del servicio p\u00fablico.<\/li><li style=\"text-align: justify\">Ense\u00f1ar m\u00e9todos para colaborar entre todos y todas a crear juegos.<\/li><li style=\"text-align: justify\">Realizar manualidades diversas durante todo el curso escolar que versar\u00e1n sobre temas espec\u00edficos en \u00e9pocas de navidades, semana santa, juegos populares o fomento de la lectura.<\/li><\/ul><p>El horario de Aula Matinal es de\u00a0<strong>lunes a viernes de 7:30 a\u00a08:45 horas.\u00a0<\/strong><\/p><p>Tiene un coste de:<\/p><ul style=\"list-style-type: disc\"><li>1,33\u20ac por d\u00eda<\/li><li>17,51\u20ac al mes<\/li><\/ul><p>La<strong>\u00a0entrada\u00a0<\/strong>al Aula Matinal se realizar\u00e1 a trav\u00e9s de la<strong>\u00a0puerta habitual de entrada y salida al centro.<\/strong><\/p><p>Para cualquier duda dir\u00edjanse al\u00a0<strong>coordinador<\/strong>\u00a0del Aula Matinal, Jes\u00fas.<\/p><p>Para m\u00e1s informaci\u00f3n, visite la web que la empresa ofrece:\u00a0<a href=\"https:\/\/www.asociaciontrans.org\/trans\/aula-matinal\/\" target=\"_blank\" rel=\"noopener\">http:\/\/www.aulamatinal.es\/<\/a><\/p>\t\t\t\t\t\t\t\t<\/div>\n\t\t\t\t<\/div>\n\t\t\t\t\t<\/div>\n\t\t\t\t<\/div>\n\t\t\t\t<\/div>\n\t\t","protected":false},"excerpt":{"rendered":"<p>Selecciona tu idioma: English | Fran\u00e7ais | Deutsch | Italiano Aula matinal El Aula Matinal del\u00a0CEIP Hogarsol. Las Actividades que se llevan a cabo dentro&hellip;<\/p>\n","protected":false},"author":20684,"featured_media":0,"parent":73,"menu_order":0,"comment_status":"closed","ping_status":"closed","template":"","meta":{"footnotes":""},"aioseo_notices":[],"_links":{"self":[{"href":"https:\/\/blogsaverroes.juntadeandalucia.es\/ceiphogarsol\/wp-json\/wp\/v2\/pages\/76"}],"collection":[{"href":"https:\/\/blogsaverroes.juntadeandalucia.es\/ceiphogarsol\/wp-json\/wp\/v2\/pages"}],"about":[{"href":"https:\/\/blogsaverroes.juntadeandalucia.es\/ceiphogarsol\/wp-json\/wp\/v2\/types\/page"}],"author":[{"embeddable":true,"href":"https:\/\/blogsaverroes.juntadeandalucia.es\/ceiphogarsol\/wp-json\/wp\/v2\/users\/20684"}],"replies":[{"embeddable":true,"href":"https:\/\/blogsaverroes.juntadeandalucia.es\/ceiphogarsol\/wp-json\/wp\/v2\/comments?post=76"}],"version-history":[{"count":21,"href":"https:\/\/blogsaverroes.juntadeandalucia.es\/ceiphogarsol\/wp-json\/wp\/v2\/pages\/76\/revisions"}],"predecessor-version":[{"id":1115,"href":"https:\/\/blogsaverroes.juntadeandalucia.es\/ceiphogarsol\/wp-json\/wp\/v2\/pages\/76\/revisions\/1115"}],"up":[{"embeddable":true,"href":"https:\/\/blogsaverroes.juntadeandalucia.es\/ceiphogarsol\/wp-json\/wp\/v2\/pages\/73"}],"wp:attachment":[{"href":"https:\/\/blogsaverroes.juntadeandalucia.es\/ceiphogarsol\/wp-json\/wp\/v2\/media?parent=76"}],"curies":[{"name":"wp","href":"https:\/\/api.w.org\/{rel}","templated":true}]}}