{"id":262,"date":"2020-01-23T12:37:13","date_gmt":"2020-01-23T11:37:13","guid":{"rendered":"http:\/\/blogsaverroes.juntadeandalucia.es\/pre\/nuevoies2v2\/?page_id=262"},"modified":"2025-04-10T10:53:32","modified_gmt":"2025-04-10T09:53:32","slug":"nuestra-historia","status":"publish","type":"page","link":"https:\/\/blogsaverroes.juntadeandalucia.es\/ceiphurtadodemendoza\/nuestra-historia\/","title":{"rendered":"Presentaci\u00f3n"},"content":{"rendered":"<p>[et_pb_section fb_built=&#8221;1&#8243; _builder_version=&#8221;4.16&#8243; global_colors_info=&#8221;{}&#8221;][et_pb_row _builder_version=&#8221;4.16&#8243; background_size=&#8221;initial&#8221; background_position=&#8221;top_left&#8221; background_repeat=&#8221;repeat&#8221; global_colors_info=&#8221;{}&#8221;][et_pb_column type=&#8221;4_4&#8243; _builder_version=&#8221;4.16&#8243; custom_padding=&#8221;|||&#8221; global_colors_info=&#8221;{}&#8221; custom_padding__hover=&#8221;|||&#8221;][et_pb_image src=&#8221;https:\/\/blogsaverroes.juntadeandalucia.es\/ceiphurtadodemendoza\/files\/2025\/04\/3.jpg&#8221; title_text=&#8221;3&#8243; force_fullwidth=&#8221;on&#8221; admin_label=&#8221;Imagen de la portada&#8221; _builder_version=&#8221;4.24.2&#8243; vertical_offset_tablet=&#8221;0&#8243; horizontal_offset_tablet=&#8221;0&#8243; max_height=&#8221;468px&#8221; z_index_tablet=&#8221;500&#8243; box_shadow_horizontal_tablet=&#8221;0px&#8221; box_shadow_vertical_tablet=&#8221;0px&#8221; box_shadow_blur_tablet=&#8221;40px&#8221; box_shadow_spread_tablet=&#8221;0px&#8221; global_colors_info=&#8221;{}&#8221;][\/et_pb_image][et_pb_heading title=&#8221;Nuestro Centro&#8221; _builder_version=&#8221;4.24.2&#8243; _module_preset=&#8221;default&#8221; title_level=&#8221;h2&#8243; title_font=&#8221;Arial|700|on||on|on||#000000|&#8221; title_text_align=&#8221;center&#8221; global_colors_info=&#8221;{}&#8221;][\/et_pb_heading][et_pb_text admin_label=&#8221;Texto descriptivo&#8221; _builder_version=&#8221;4.24.2&#8243; text_font=&#8221;Arial||||||||&#8221; text_text_color=&#8221;#000000&#8243; text_font_size=&#8221;16px&#8221; text_line_height=&#8221;1.8em&#8221; z_index_tablet=&#8221;500&#8243; text_text_shadow_horizontal_length_tablet=&#8221;0px&#8221; text_text_shadow_vertical_length_tablet=&#8221;0px&#8221; text_text_shadow_blur_strength_tablet=&#8221;1px&#8221; link_text_shadow_horizontal_length_tablet=&#8221;0px&#8221; link_text_shadow_vertical_length_tablet=&#8221;0px&#8221; link_text_shadow_blur_strength_tablet=&#8221;1px&#8221; ul_text_shadow_horizontal_length_tablet=&#8221;0px&#8221; ul_text_shadow_vertical_length_tablet=&#8221;0px&#8221; ul_text_shadow_blur_strength_tablet=&#8221;1px&#8221; ol_text_shadow_horizontal_length_tablet=&#8221;0px&#8221; ol_text_shadow_vertical_length_tablet=&#8221;0px&#8221; ol_text_shadow_blur_strength_tablet=&#8221;1px&#8221; quote_text_shadow_horizontal_length_tablet=&#8221;0px&#8221; quote_text_shadow_vertical_length_tablet=&#8221;0px&#8221; quote_text_shadow_blur_strength_tablet=&#8221;1px&#8221; header_text_shadow_horizontal_length_tablet=&#8221;0px&#8221; header_text_shadow_vertical_length_tablet=&#8221;0px&#8221; header_text_shadow_blur_strength_tablet=&#8221;1px&#8221; header_2_text_shadow_horizontal_length_tablet=&#8221;0px&#8221; header_2_text_shadow_vertical_length_tablet=&#8221;0px&#8221; header_2_text_shadow_blur_strength_tablet=&#8221;1px&#8221; header_3_text_shadow_horizontal_length_tablet=&#8221;0px&#8221; header_3_text_shadow_vertical_length_tablet=&#8221;0px&#8221; header_3_text_shadow_blur_strength_tablet=&#8221;1px&#8221; header_4_text_shadow_horizontal_length_tablet=&#8221;0px&#8221; header_4_text_shadow_vertical_length_tablet=&#8221;0px&#8221; header_4_text_shadow_blur_strength_tablet=&#8221;1px&#8221; header_5_text_shadow_horizontal_length_tablet=&#8221;0px&#8221; header_5_text_shadow_vertical_length_tablet=&#8221;0px&#8221; header_5_text_shadow_blur_strength_tablet=&#8221;1px&#8221; header_6_text_shadow_horizontal_length_tablet=&#8221;0px&#8221; header_6_text_shadow_vertical_length_tablet=&#8221;0px&#8221; header_6_text_shadow_blur_strength_tablet=&#8221;1px&#8221; box_shadow_horizontal_tablet=&#8221;0px&#8221; box_shadow_vertical_tablet=&#8221;0px&#8221; box_shadow_blur_tablet=&#8221;40px&#8221; box_shadow_spread_tablet=&#8221;0px&#8221; global_colors_info=&#8221;{}&#8221;]<\/p>\n<p><span style=\"color: #000000\">Estimadas familias:<\/span><\/p>\n<p><span style=\"color: #000000\">Desde el CEIP Hurtado de Mendoza nos esforzamos d\u00eda a d\u00eda para dar respuesta a las exigencias que la sociedad, nuestro alumnado y ustedes como familias nos demandan. Estamos convencidos de que una escuela p\u00fablica y de calidad es posible. Nuestro objetivo es el de contribuir al desarrollo de personas competentes no s\u00f3lo acad\u00e9micamente, sino tambi\u00e9n en lo social y lo emocional.<\/span><\/p>\n<p><span style=\"color: #000000\">Sabemos de la importancia que estos a\u00f1os de escuela tienen en la formaci\u00f3n de personas \u00edntegras, y de que educar sin emoci\u00f3n no es educar en absoluto: respetamos las peculiaridades de nuestro alumnado, sus aficiones, sus aptitudes personales, sus inquietudes individuales, en definitiva todo lo que les hace \u00fanicos y \u00fanicas.<\/span><\/p>\n<p><span style=\"color: #000000\">Desde estas l\u00edneas quiero transmitirles nuestro compromiso como profesionales de la ense\u00f1anza por ofrecer lo mejor de nosotros y nosotras a nuestro alumnado. Estamos en la escuela porque nos gusta lo que hacemos y queremos ayudar a los alumnos y a las alumnas a descubrir, mirar y leer la realidad y su entorno desde el conocimiento, la imaginaci\u00f3n y el desarrollo de valores como el esfuerzo, la voluntad, el pensamiento positivo y la responsabilidad, todo ello en un ambiente favorable, lleno de ilusi\u00f3n y creatividad.<\/span><\/p>\n<p><span style=\"color: #000000\">El compromiso que aceptamos es el de que sus hijos e hijas adquieran h\u00e1bitos de trabajo fundamentales en su educaci\u00f3n como personas, sin olvidarnos del esfuerzo personal, la constancia, la solidaridad y el respeto. Para ello les ofrecemos gran cantidad de recursos. El primero y m\u00e1s valioso, nuestro personal docente y no docente que trabajan a diario conscientes de la importancia del reto que tenemos entre manos; adem\u00e1s, ponemos a vuestra disposici\u00f3n multitud de servicios como el plan de apertura del centro: aula matinal, comedor escolar, actividades extraescolares\u2026<\/span><\/p>\n<p><span style=\"color: #000000\">El futuro lo forjamos todos y todas, d\u00eda a d\u00eda, en nuestras aulas con el alumnado y ustedes en sus casas con sus hijos e hijas. S\u00f3lo desde la familia y la escuela, mediante la colaboraci\u00f3n y el di\u00e1logo conseguiremos cambiar la sociedad actual.<\/span><\/p>\n<p><span style=\"color: #000000\">En nombre de toda la Comunidad Educativa del CEIP Hurtado de Mendoza les doy la bienvenida a nuestra p\u00e1gina web, esperando que esta plataforma pueda resultarles de utilidad como herramienta de informaci\u00f3n y comunicaci\u00f3n.<\/span><\/p>\n<p style=\"text-align: center\"><span style=\"color: #000000\">Les env\u00edo un cordial saludo.<\/span><\/p>\n<p style=\"text-align: center\"><span style=\"color: #000000\">Aurelia D\u00edaz Leyva<\/span><\/p>\n<p style=\"text-align: center\"><span style=\"color: #000000\">Directora<\/span><\/p>\n<p>&nbsp;<\/p>\n<p>&nbsp;<\/p>\n<p>[\/et_pb_text][\/et_pb_column][\/et_pb_row][\/et_pb_section]<\/p>\n","protected":false},"excerpt":{"rendered":"<p>Estimadas familias: Desde el CEIP Hurtado de Mendoza nos esforzamos d\u00eda a d\u00eda para dar respuesta a las exigencias que la sociedad, nuestro alumnado y ustedes como familias nos demandan. Estamos convencidos de que una escuela p\u00fablica y de calidad es posible. Nuestro objetivo es el de contribuir al desarrollo de personas competentes no s\u00f3lo [&hellip;]<\/p>\n","protected":false},"author":13997,"featured_media":0,"parent":0,"menu_order":0,"comment_status":"closed","ping_status":"closed","template":"","meta":{"_et_pb_use_builder":"on","_et_pb_old_content":"","_et_gb_content_width":"","ngg_post_thumbnail":0,"footnotes":""},"aioseo_notices":[],"_links":{"self":[{"href":"https:\/\/blogsaverroes.juntadeandalucia.es\/ceiphurtadodemendoza\/wp-json\/wp\/v2\/pages\/262"}],"collection":[{"href":"https:\/\/blogsaverroes.juntadeandalucia.es\/ceiphurtadodemendoza\/wp-json\/wp\/v2\/pages"}],"about":[{"href":"https:\/\/blogsaverroes.juntadeandalucia.es\/ceiphurtadodemendoza\/wp-json\/wp\/v2\/types\/page"}],"author":[{"embeddable":true,"href":"https:\/\/blogsaverroes.juntadeandalucia.es\/ceiphurtadodemendoza\/wp-json\/wp\/v2\/users\/13997"}],"replies":[{"embeddable":true,"href":"https:\/\/blogsaverroes.juntadeandalucia.es\/ceiphurtadodemendoza\/wp-json\/wp\/v2\/comments?post=262"}],"version-history":[{"count":14,"href":"https:\/\/blogsaverroes.juntadeandalucia.es\/ceiphurtadodemendoza\/wp-json\/wp\/v2\/pages\/262\/revisions"}],"predecessor-version":[{"id":831,"href":"https:\/\/blogsaverroes.juntadeandalucia.es\/ceiphurtadodemendoza\/wp-json\/wp\/v2\/pages\/262\/revisions\/831"}],"wp:attachment":[{"href":"https:\/\/blogsaverroes.juntadeandalucia.es\/ceiphurtadodemendoza\/wp-json\/wp\/v2\/media?parent=262"}],"curies":[{"name":"wp","href":"https:\/\/api.w.org\/{rel}","templated":true}]}}