{"id":30,"date":"2020-01-10T08:56:11","date_gmt":"2020-01-10T07:56:11","guid":{"rendered":"http:\/\/blogsaverroes.juntadeandalucia.es\/pre\/nuevoies2v2\/?page_id=30"},"modified":"2025-06-25T09:35:32","modified_gmt":"2025-06-25T08:35:32","slug":"actividades-extraescolares","status":"publish","type":"page","link":"https:\/\/blogsaverroes.juntadeandalucia.es\/ceiphurtadodemendoza\/actividades-extraescolares\/","title":{"rendered":"Actividades extraescolares"},"content":{"rendered":"<p>[et_pb_section fb_built=&#8221;1&#8243; _builder_version=&#8221;4.16&#8243; custom_padding=&#8221;0px||0px|&#8221; z_index_tablet=&#8221;500&#8243; box_shadow_horizontal_tablet=&#8221;0px&#8221; box_shadow_vertical_tablet=&#8221;0px&#8221; box_shadow_blur_tablet=&#8221;40px&#8221; box_shadow_spread_tablet=&#8221;0px&#8221; global_colors_info=&#8221;{}&#8221;][et_pb_row _builder_version=&#8221;4.16&#8243; background_size=&#8221;initial&#8221; background_position=&#8221;top_left&#8221; background_repeat=&#8221;repeat&#8221; global_colors_info=&#8221;{}&#8221;][et_pb_column type=&#8221;4_4&#8243; _builder_version=&#8221;4.16&#8243; custom_padding=&#8221;|||&#8221; global_colors_info=&#8221;{}&#8221; custom_padding__hover=&#8221;|||&#8221;][et_pb_image src=&#8221;https:\/\/blogsaverroes.juntadeandalucia.es\/ceiphurtadodemendoza\/files\/2020\/01\/cabecera-interior-ies-2.png&#8221; admin_label=&#8221;Imagen de la portada&#8221; _builder_version=&#8221;4.16&#8243; vertical_offset_tablet=&#8221;0&#8243; horizontal_offset_tablet=&#8221;0&#8243; z_index_tablet=&#8221;500&#8243; box_shadow_horizontal_tablet=&#8221;0px&#8221; box_shadow_vertical_tablet=&#8221;0px&#8221; box_shadow_blur_tablet=&#8221;40px&#8221; box_shadow_spread_tablet=&#8221;0px&#8221; global_colors_info=&#8221;{}&#8221;][\/et_pb_image][et_pb_text admin_label=&#8221;Texto descriptivo&#8221; _builder_version=&#8221;4.24.2&#8243; hover_enabled=&#8221;0&#8243; z_index_tablet=&#8221;500&#8243; text_text_shadow_horizontal_length_tablet=&#8221;0px&#8221; text_text_shadow_vertical_length_tablet=&#8221;0px&#8221; text_text_shadow_blur_strength_tablet=&#8221;1px&#8221; link_text_shadow_horizontal_length_tablet=&#8221;0px&#8221; link_text_shadow_vertical_length_tablet=&#8221;0px&#8221; link_text_shadow_blur_strength_tablet=&#8221;1px&#8221; ul_text_shadow_horizontal_length_tablet=&#8221;0px&#8221; ul_text_shadow_vertical_length_tablet=&#8221;0px&#8221; ul_text_shadow_blur_strength_tablet=&#8221;1px&#8221; ol_text_shadow_horizontal_length_tablet=&#8221;0px&#8221; ol_text_shadow_vertical_length_tablet=&#8221;0px&#8221; ol_text_shadow_blur_strength_tablet=&#8221;1px&#8221; quote_text_shadow_horizontal_length_tablet=&#8221;0px&#8221; quote_text_shadow_vertical_length_tablet=&#8221;0px&#8221; quote_text_shadow_blur_strength_tablet=&#8221;1px&#8221; header_text_shadow_horizontal_length_tablet=&#8221;0px&#8221; header_text_shadow_vertical_length_tablet=&#8221;0px&#8221; header_text_shadow_blur_strength_tablet=&#8221;1px&#8221; header_2_text_shadow_horizontal_length_tablet=&#8221;0px&#8221; header_2_text_shadow_vertical_length_tablet=&#8221;0px&#8221; header_2_text_shadow_blur_strength_tablet=&#8221;1px&#8221; header_3_text_shadow_horizontal_length_tablet=&#8221;0px&#8221; header_3_text_shadow_vertical_length_tablet=&#8221;0px&#8221; header_3_text_shadow_blur_strength_tablet=&#8221;1px&#8221; header_4_text_shadow_horizontal_length_tablet=&#8221;0px&#8221; header_4_text_shadow_vertical_length_tablet=&#8221;0px&#8221; header_4_text_shadow_blur_strength_tablet=&#8221;1px&#8221; header_5_text_shadow_horizontal_length_tablet=&#8221;0px&#8221; header_5_text_shadow_vertical_length_tablet=&#8221;0px&#8221; header_5_text_shadow_blur_strength_tablet=&#8221;1px&#8221; header_6_text_shadow_horizontal_length_tablet=&#8221;0px&#8221; header_6_text_shadow_vertical_length_tablet=&#8221;0px&#8221; header_6_text_shadow_blur_strength_tablet=&#8221;1px&#8221; box_shadow_horizontal_tablet=&#8221;0px&#8221; box_shadow_vertical_tablet=&#8221;0px&#8221; box_shadow_blur_tablet=&#8221;40px&#8221; box_shadow_spread_tablet=&#8221;0px&#8221; global_colors_info=&#8221;{}&#8221; sticky_enabled=&#8221;0&#8243;]<\/p>\n<h2 style=\"text-align: left\">Actividades extraescolares<\/h2>\n<p><span style=\"font-weight: 400\">En nuestro Centro\u00a0 para el alumnado de segundo ciclo de educaci\u00f3n infantil y educaci\u00f3n primaria\u00a0 mantiene abiertas sus instalaciones hasta las 18:00 horas con la finalidad de programar actividades de apoyo y refuerzo, dirigidas al alumnado que presente dificultades de aprendizaje, y ofrecer actividades extraescolares que aborden aspectos formativos de inter\u00e9s para el alumnado: idiomas, tecnolog\u00edas de la informaci\u00f3n y comunicaci\u00f3n, talleres de lectura y escritura, actividades de estudio dirigido, actividades formativas y de ocio, deportivas, art\u00edsticas, etc.<\/span><\/p>\n<p><span style=\"font-weight: 400\">Las actividades extraescolares tienen un car\u00e1cter voluntario para el alumnado y en ning\u00fan caso forman parte del proceso de evaluaci\u00f3n del alumnado. La atenci\u00f3n a este tipo de alumnado se realiza con personal que cuenta con la formaci\u00f3n y cualificaci\u00f3n adecuada a las actividades a desarrollar.<\/span><\/p>\n<p><b>IMPORTANTE<\/b><span style=\"font-weight: 400\">: Aqu\u00ed les mostramos algunas de las actividades que ha ofertado nuestro centro en los \u00faltimos a\u00f1os. Cada a\u00f1o la oferta de actividades extraescolares y su correspondiente horario est\u00e1 sujeto al n\u00famero de alumnos y alumnas solicitantes, por lo que puede sufrir modificaciones en el curso escolar actual.<\/span><\/p>\n<p><span style=\"font-weight: 400\">En los tablones de anuncio del centro y en secretar\u00eda encontrar\u00e1n m\u00e1s informaci\u00f3n sobre la oferta de actividades extraescolares ofertada para este curso escolar.<\/span><\/p>\n<h3><span style=\"text-decoration: underline\"><b>INFORM\u00c1TICA\u00a0<\/b><\/span><\/h3>\n<p><span style=\"font-weight: 400\">Conoce y aprende a usar las principales aplicaciones inform\u00e1ticas.\u00a0<\/span><\/p>\n<p><span style=\"font-weight: 400\">Aprende de la manera m\u00e1s divertida usando los <\/span><b>ordenadores<\/b><span style=\"font-weight: 400\">.<\/span><\/p>\n<p><span style=\"font-weight: 400\">En clase se trabajar\u00e1 con programas, p\u00e1ginas web y plataformas educativas dise\u00f1adas para l@s m\u00e1s peque\u00f1@s.\u00a0<\/span><\/p>\n<p><b>Familiar\u00edzate<\/b><span style=\"font-weight: 400\"> con los procesadores de textos, bases de datos, hojas de c\u00e1lculo y presentaciones gr\u00e1ficas.<\/span><\/p>\n<p><img loading=\"lazy\" decoding=\"async\" src=\"https:\/\/blogsaverroes.juntadeandalucia.es\/ceiphurtadodemendoza\/files\/2025\/04\/14-1-300x253.jpg\" width=\"300\" height=\"253\" alt=\"\" class=\"wp-image-982 alignnone size-medium\" \/><\/p>\n<p><span style=\"text-decoration: underline\"><strong>FUTBOL<\/strong><\/span><\/p>\n<p>Una actividad en equipo respetando los valores de juego limpio, compa\u00f1erismo y cooperaci\u00f3n.<\/p>\n<p>Practica un deporte<strong> sano y divertido<\/strong> donde se fomentar\u00e1 el respeto por los dem\u00e1s y en el que desarrollar\u00e1s un comportamiento <strong>cooperativo<\/strong> tanto fuera como dentro del campo de juego.<\/p>\n<p>Familiar\u00edzate con el bal\u00f3n a partir de ejercicios de control, conducci\u00f3n y golpeo, pase y recepci\u00f3n del bal\u00f3n, profundidad y desmarques.<strong>\u00a0<\/strong><\/p>\n<p><strong><img loading=\"lazy\" decoding=\"async\" src=\"https:\/\/blogsaverroes.juntadeandalucia.es\/ceiphurtadodemendoza\/files\/2025\/04\/15-300x225.jpg\" width=\"300\" height=\"225\" alt=\"\" class=\"wp-image-983 alignnone size-medium\" \/><\/strong><\/p>\n<p><span style=\"text-decoration: underline\"><strong>ENGLISH<\/strong><\/span><\/p>\n<p>El alumnado asimilar\u00e1 vocabulario y expresiones de la vida cotidiana escolar y familiar. Aprender\u00e1n de forma l\u00fadica y sin darse cuenta.<\/p>\n<p>Vivimos en un <strong>mundo globalizado<\/strong> donde no nos podemos conformar con conocer el idioma de nuestro pa\u00eds.<\/p>\n<p>Gran parte de la <strong>cultura<\/strong> que consumimos est\u00e1 en ingles: pel\u00edculas, p\u00e1ginas de internet, manuales de instrucciones.<\/p>\n<p><strong>Aprovecha esta oportunidad para aprender ingl\u00e9s de la forma m\u00e1s divertida.<\/strong><\/p>\n<p><strong><img loading=\"lazy\" decoding=\"async\" src=\"https:\/\/blogsaverroes.juntadeandalucia.es\/ceiphurtadodemendoza\/files\/2025\/04\/16-300x164.png\" width=\"300\" height=\"164\" alt=\"\" class=\"wp-image-985 alignnone size-medium\" srcset=\"https:\/\/blogsaverroes.juntadeandalucia.es\/ceiphurtadodemendoza\/files\/2025\/04\/16-300x164.png 300w, https:\/\/blogsaverroes.juntadeandalucia.es\/ceiphurtadodemendoza\/files\/2025\/04\/16.png 303w\" sizes=\"(max-width: 300px) 100vw, 300px\" \/><\/strong><\/p>\n<p><span style=\"text-decoration: underline\"><strong>TEATRO<\/strong><\/span><\/p>\n<p>En la actividad extraescolar teatro, los alumnos no solo podr\u00e1n comprender el valor de la puesta en escena, sino que tambi\u00e9n comenzar\u00e1n a comunicarse mediante gestos y movimientos corporales; creando as\u00ed un clima sumamente entretenido y divertido; tanto para quienes les observan, como para ellos mismos.<\/p>\n<p>Por otra parte, tambi\u00e9n se dar\u00e1 a relucir la importancia de la constancia, dedicaci\u00f3n, respeto, uni\u00f3n y solidaridad; pues en dicha actividad extraescolar no solo se les proporcionar\u00e1 informaci\u00f3n de c\u00f3mo llevar una historia al escenario, sino tambi\u00e9n de los pasos que se deben seguir para que sea un \u00e9xito rotundo.<\/p>\n<p><img loading=\"lazy\" decoding=\"async\" src=\"https:\/\/blogsaverroes.juntadeandalucia.es\/ceiphurtadodemendoza\/files\/2025\/04\/18-300x225.jpg\" width=\"300\" height=\"225\" alt=\"\" class=\"wp-image-987 alignnone size-medium\" \/><\/p>\n<p><span style=\"text-decoration: underline\"><strong>MANUALIDADES<\/strong><\/span><\/p>\n<p>Colores, cartulinas, pegamento o materiales reciclados son algunas de las herramientas que los ni\u00f1os utilizar\u00e1n para desarrollar la creatividad y crear divertidas manualidades.<\/p>\n<p>Fomentando la psicomotricidad fina y la imaginaci\u00f3n, \u00a1los peques crear\u00e1n verdaderas obras de arte!<\/p>\n<p><img loading=\"lazy\" decoding=\"async\" src=\"https:\/\/blogsaverroes.juntadeandalucia.es\/ceiphurtadodemendoza\/files\/2025\/04\/19-300x300.jpg\" width=\"300\" height=\"300\" alt=\"\" class=\"wp-image-988 alignnone size-medium\" \/><\/p>\n<p>[\/et_pb_text][\/et_pb_column][\/et_pb_row][\/et_pb_section]<\/p>\n","protected":false},"excerpt":{"rendered":"<p>Actividades extraescolares En nuestro Centro\u00a0 para el alumnado de segundo ciclo de educaci\u00f3n infantil y educaci\u00f3n primaria\u00a0 mantiene abiertas sus instalaciones hasta las 18:00 horas con la finalidad de programar actividades de apoyo y refuerzo, dirigidas al alumnado que presente dificultades de aprendizaje, y ofrecer actividades extraescolares que aborden aspectos formativos de inter\u00e9s para el [&hellip;]<\/p>\n","protected":false},"author":13997,"featured_media":0,"parent":0,"menu_order":0,"comment_status":"closed","ping_status":"closed","template":"","meta":{"_et_pb_use_builder":"on","_et_pb_old_content":"","_et_gb_content_width":"","ngg_post_thumbnail":0,"footnotes":""},"aioseo_notices":[],"_links":{"self":[{"href":"https:\/\/blogsaverroes.juntadeandalucia.es\/ceiphurtadodemendoza\/wp-json\/wp\/v2\/pages\/30"}],"collection":[{"href":"https:\/\/blogsaverroes.juntadeandalucia.es\/ceiphurtadodemendoza\/wp-json\/wp\/v2\/pages"}],"about":[{"href":"https:\/\/blogsaverroes.juntadeandalucia.es\/ceiphurtadodemendoza\/wp-json\/wp\/v2\/types\/page"}],"author":[{"embeddable":true,"href":"https:\/\/blogsaverroes.juntadeandalucia.es\/ceiphurtadodemendoza\/wp-json\/wp\/v2\/users\/13997"}],"replies":[{"embeddable":true,"href":"https:\/\/blogsaverroes.juntadeandalucia.es\/ceiphurtadodemendoza\/wp-json\/wp\/v2\/comments?post=30"}],"version-history":[{"count":3,"href":"https:\/\/blogsaverroes.juntadeandalucia.es\/ceiphurtadodemendoza\/wp-json\/wp\/v2\/pages\/30\/revisions"}],"predecessor-version":[{"id":1094,"href":"https:\/\/blogsaverroes.juntadeandalucia.es\/ceiphurtadodemendoza\/wp-json\/wp\/v2\/pages\/30\/revisions\/1094"}],"wp:attachment":[{"href":"https:\/\/blogsaverroes.juntadeandalucia.es\/ceiphurtadodemendoza\/wp-json\/wp\/v2\/media?parent=30"}],"curies":[{"name":"wp","href":"https:\/\/api.w.org\/{rel}","templated":true}]}}