{"id":715,"date":"2025-02-21T13:37:43","date_gmt":"2025-02-21T12:37:43","guid":{"rendered":"https:\/\/blogsaverroes.juntadeandalucia.es\/ceiphurtadodemendoza\/?page_id=715"},"modified":"2025-04-02T12:12:50","modified_gmt":"2025-04-02T11:12:50","slug":"instalaciones","status":"publish","type":"page","link":"https:\/\/blogsaverroes.juntadeandalucia.es\/ceiphurtadodemendoza\/instalaciones\/","title":{"rendered":"Instalaciones"},"content":{"rendered":"<p>[et_pb_section fb_built=&#8221;1&#8243; _builder_version=&#8221;4.24.2&#8243; _module_preset=&#8221;default&#8221; global_colors_info=&#8221;{}&#8221;][et_pb_row _builder_version=&#8221;4.24.2&#8243; _module_preset=&#8221;default&#8221; hover_enabled=&#8221;0&#8243; global_colors_info=&#8221;{}&#8221; sticky_enabled=&#8221;0&#8243;][et_pb_column type=&#8221;4_4&#8243; _builder_version=&#8221;4.24.2&#8243; _module_preset=&#8221;default&#8221; global_colors_info=&#8221;{}&#8221;][et_pb_heading title=&#8221;Nuestras Instalaciones&#8221; _builder_version=&#8221;4.24.2&#8243; _module_preset=&#8221;default&#8221; title_level=&#8221;h2&#8243; title_font=&#8221;Arial|700|on||on|on|||solid&#8221; title_text_align=&#8221;center&#8221; title_text_color=&#8221;#000000&#8243; global_colors_info=&#8221;{}&#8221;][\/et_pb_heading][et_pb_text _builder_version=&#8221;4.24.2&#8243; _module_preset=&#8221;default&#8221; text_font=&#8221;Arial||||||||&#8221; text_text_color=&#8221;#000000&#8243; text_font_size=&#8221;16px&#8221; text_line_height=&#8221;1.8em&#8221; hover_enabled=&#8221;0&#8243; global_colors_info=&#8221;{}&#8221; sticky_enabled=&#8221;0&#8243;]<\/p>\n<p>Casi la totalidad de aulas est\u00e1 dotada de ca\u00f1\u00f3n y pizarra digital. Disponemos tambi\u00e9n de internet y wifi en todo el centro.<\/p>\n<p><strong>En cuanto al centro, este dispone de tres edificios:<\/strong><\/p>\n<ul>\n<li><strong><u>\u201cEdificio Antiguo\u201d<\/u><\/strong><strong>:<\/strong> donde se ubican las <strong>3 Aulas de Educaci\u00f3n Infantil<\/strong> (3 A\u00f1os, 4 A\u00f1os y 5 A\u00f1os) , el <strong>Primer Ciclo de Primaria<\/strong> y un aula m\u00e1s de usos m\u00faltiples. Adem\u00e1s, cuenta con un aula peque\u00f1a, destinada a la atenci\u00f3n de Alumnos con Necesidades Educativas Especiales, atendidos por la Logopeda, la Orientadora.<\/li>\n<\/ul>\n<p>&nbsp;<\/p>\n<ul>\n<li><strong><u>\u201cEdificio Nuevo\u201d<\/u><\/strong><strong>:<\/strong> donde se encuentran <strong>ubicados el 2\u00ba y 3\u00ba Ciclo de Primaria <\/strong>(planta 1), la Sala de Profesores, Aula de Pedagog\u00eda Terap\u00e9utica, cuarto de material y despacho de Direcci\u00f3n (planta 0), y por \u00faltimo (s\u00f3tano), el peque\u00f1o gimnasio con el cuarto de material deportivo, y una peque\u00f1a habitaci\u00f3n, de almac\u00e9n de libros y expedientes y el espacio dedicado a comedor y aula matinal.<\/li>\n<\/ul>\n<p>&nbsp;<\/p>\n<ul>\n<li><strong><u>\u201cLas Casillas\u201d<\/u><\/strong><strong>:<\/strong> estas son las antiguas casillas de maestros, pertenecientes al Ayuntamiento, pero que son cedidas para su uso al centro. En ellas, tenemos el aula de m\u00fasica en la planta baja, y la Biblioteca, en la planta alta. Adem\u00e1s de estos edificios, contamos con un <strong>patio de recreo<\/strong> de dimensiones extraordinarias, compuesto por dos pistas polideportivas, una zona de tierra, y adem\u00e1s, una parte acotada para los alumnos\/as de Infantil, dividida en dos zonas, una de \u201cchinos\u201d, y otra acolchada.<\/li>\n<\/ul>\n<p>&nbsp;<\/p>\n<p>Si desea conocer de cerca nuestras instalaciones no dude en ponerse en contacto con nosotros y estaremos encantados de atenderle. A continuaci\u00f3n les mostramos parte de las instalaciones del\u00a0 centro.<span style=\"color: #000000\"><\/span><\/p>\n<p>[\/et_pb_text][\/et_pb_column][\/et_pb_row][\/et_pb_section][et_pb_section fb_built=&#8221;1&#8243; _builder_version=&#8221;4.24.2&#8243; _module_preset=&#8221;default&#8221; global_colors_info=&#8221;{}&#8221;][et_pb_row _builder_version=&#8221;4.24.2&#8243; _module_preset=&#8221;default&#8221; global_colors_info=&#8221;{}&#8221;][et_pb_column type=&#8221;4_4&#8243; _builder_version=&#8221;4.24.2&#8243; _module_preset=&#8221;default&#8221; global_colors_info=&#8221;{}&#8221;][\/et_pb_column][\/et_pb_row][\/et_pb_section]<\/p>\n","protected":false},"excerpt":{"rendered":"<p>Casi la totalidad de aulas est\u00e1 dotada de ca\u00f1\u00f3n y pizarra digital. Disponemos tambi\u00e9n de internet y wifi en todo el centro. En cuanto al centro, este dispone de tres edificios: \u201cEdificio Antiguo\u201d: donde se ubican las 3 Aulas de Educaci\u00f3n Infantil (3 A\u00f1os, 4 A\u00f1os y 5 A\u00f1os) , el Primer Ciclo de Primaria [&hellip;]<\/p>\n","protected":false},"author":13997,"featured_media":0,"parent":0,"menu_order":0,"comment_status":"closed","ping_status":"closed","template":"","meta":{"_et_pb_use_builder":"on","_et_pb_old_content":"","_et_gb_content_width":"","ngg_post_thumbnail":0,"footnotes":""},"aioseo_notices":[],"_links":{"self":[{"href":"https:\/\/blogsaverroes.juntadeandalucia.es\/ceiphurtadodemendoza\/wp-json\/wp\/v2\/pages\/715"}],"collection":[{"href":"https:\/\/blogsaverroes.juntadeandalucia.es\/ceiphurtadodemendoza\/wp-json\/wp\/v2\/pages"}],"about":[{"href":"https:\/\/blogsaverroes.juntadeandalucia.es\/ceiphurtadodemendoza\/wp-json\/wp\/v2\/types\/page"}],"author":[{"embeddable":true,"href":"https:\/\/blogsaverroes.juntadeandalucia.es\/ceiphurtadodemendoza\/wp-json\/wp\/v2\/users\/13997"}],"replies":[{"embeddable":true,"href":"https:\/\/blogsaverroes.juntadeandalucia.es\/ceiphurtadodemendoza\/wp-json\/wp\/v2\/comments?post=715"}],"version-history":[{"count":18,"href":"https:\/\/blogsaverroes.juntadeandalucia.es\/ceiphurtadodemendoza\/wp-json\/wp\/v2\/pages\/715\/revisions"}],"predecessor-version":[{"id":791,"href":"https:\/\/blogsaverroes.juntadeandalucia.es\/ceiphurtadodemendoza\/wp-json\/wp\/v2\/pages\/715\/revisions\/791"}],"wp:attachment":[{"href":"https:\/\/blogsaverroes.juntadeandalucia.es\/ceiphurtadodemendoza\/wp-json\/wp\/v2\/media?parent=715"}],"curies":[{"name":"wp","href":"https:\/\/api.w.org\/{rel}","templated":true}]}}