{"id":717,"date":"2025-02-21T13:38:01","date_gmt":"2025-02-21T12:38:01","guid":{"rendered":"https:\/\/blogsaverroes.juntadeandalucia.es\/ceiphurtadodemendoza\/?page_id=717"},"modified":"2025-04-10T10:55:05","modified_gmt":"2025-04-10T09:55:05","slug":"equipo-docente","status":"publish","type":"page","link":"https:\/\/blogsaverroes.juntadeandalucia.es\/ceiphurtadodemendoza\/equipo-docente\/","title":{"rendered":"Organigrama"},"content":{"rendered":"<p>[et_pb_section fb_built=&#8221;1&#8243; _builder_version=&#8221;4.24.2&#8243; _module_preset=&#8221;default&#8221; custom_padding=&#8221;40px|||||&#8221; global_colors_info=&#8221;{}&#8221;][et_pb_row _builder_version=&#8221;4.24.2&#8243; _module_preset=&#8221;default&#8221; global_colors_info=&#8221;{}&#8221;][et_pb_column type=&#8221;4_4&#8243; _builder_version=&#8221;4.24.2&#8243; _module_preset=&#8221;default&#8221; global_colors_info=&#8221;{}&#8221;][et_pb_heading title=&#8221;Organigrama de Nuestro Centro&#8221; _builder_version=&#8221;4.24.2&#8243; _module_preset=&#8221;default&#8221; title_level=&#8221;h2&#8243; title_font=&#8221;Arial|700|on|on|on|||#000000|&#8221; title_text_align=&#8221;center&#8221; global_colors_info=&#8221;{}&#8221;][\/et_pb_heading][et_pb_text _builder_version=&#8221;4.24.2&#8243; _module_preset=&#8221;default&#8221; text_font=&#8221;Arial||||||||&#8221; text_text_color=&#8221;#000000&#8243; text_font_size=&#8221;16px&#8221; global_colors_info=&#8221;{}&#8221;]<\/p>\n<p><strong>EQUIPO DIRECTIVO<\/strong><\/p>\n<ul>\n<li>Director\/a<\/li>\n<\/ul>\n<p><u><a href=\"mailto:18001822.edu@juntadeandalucia.es\">18001822.edu@juntadeandalucia.es<\/a><\/u><\/p>\n<ul>\n<li>Jefe de Estudios<\/li>\n<\/ul>\n<p><u><a href=\"mailto:equipodirectivohurtadomendoza@gmail.com\">equipodirectivohurtadomendoza@gmail.com<\/a><\/u><\/p>\n<ul>\n<li>Secretar\u00edo\/a<\/li>\n<\/ul>\n<p><u><a href=\"mailto:equipodirectivohurtadomendoza@gmail.com\">equipodirectivohurtadomendoza@gmail.com<\/a><\/u><\/p>\n<p><u><\/u><\/p>\n<p><strong>EQUIPO DE ORIENTACI\u00d3N<\/strong><\/p>\n<ul>\n<li>Especialista Pedagog\u00eda Terap\u00e9utica \u2013 (Coord. Equipo Orientaci\u00f3n)<\/li>\n<li>Especialista Audici\u00f3n y Lenguaje<\/li>\n<li>M\u00e9dico\/a Equipo Orientaci\u00f3n Educativa<\/li>\n<li>Orientador\/a Equipo de Orientaci\u00f3n Educativa<\/li>\n<\/ul>\n<p>&nbsp;<\/p>\n<p><strong>PERSONAL DE ADMINISTRACI\u00d3N Y SERVICIOS<\/strong><\/p>\n<ul>\n<li>Monitora Escolar<\/li>\n<\/ul>\n<p><u><a href=\"mailto:18001822.edu@juntadeandalucia.es\">18001822.edu@juntadeandalucia.es<\/a><\/u><\/p>\n<p><u><\/u><\/p>\n<p><strong>PROFESORADO<\/strong><\/p>\n<ul>\n<li>Tutora Ed. Infantil 3 a\u00f1os<\/li>\n<li>Tutora Ed. Infantil 4 a\u00f1os<\/li>\n<li>Tutora Ed. Infantil 5 a\u00f1os<\/li>\n<li>Tutora 1\u00ba Ed. Primaria<\/li>\n<li>Tutora 2\u00ba Ed. Primaria<\/li>\n<li>Tutor 3\u00ba Ed. Primaria<\/li>\n<li>Tutor 4\u00ba Primaria<\/li>\n<li>Tutora 5\u00ba Ed. Primaria<\/li>\n<li>Tutora 6\u00ba Ed. Primaria<\/li>\n<li>Apoyo y Refuerzo<\/li>\n<li>Apoyo y Refuerzo ZTS<\/li>\n<li>Especialista Ingl\u00e9s<\/li>\n<li>Especialista Franc\u00e9s<\/li>\n<li>Especialista Educaci\u00f3n F\u00edsica<\/li>\n<li>Especialista Educaci\u00f3n Art\u00edstica<\/li>\n<li>\u00c1rea de Religi\u00f3n<\/li>\n<\/ul>\n<p>[\/et_pb_text][et_pb_image src=&#8221;https:\/\/blogsaverroes.juntadeandalucia.es\/ceiphurtadodemendoza\/files\/2025\/04\/5.png&#8221; title_text=&#8221;5&#8243; align=&#8221;center&#8221; _builder_version=&#8221;4.24.2&#8243; _module_preset=&#8221;default&#8221; global_colors_info=&#8221;{}&#8221;][\/et_pb_image][\/et_pb_column][\/et_pb_row][\/et_pb_section]<\/p>\n","protected":false},"excerpt":{"rendered":"<p>EQUIPO DIRECTIVO Director\/a 18001822.edu@juntadeandalucia.es Jefe de Estudios equipodirectivohurtadomendoza@gmail.com Secretar\u00edo\/a equipodirectivohurtadomendoza@gmail.com EQUIPO DE ORIENTACI\u00d3N Especialista Pedagog\u00eda Terap\u00e9utica \u2013 (Coord. Equipo Orientaci\u00f3n) Especialista Audici\u00f3n y Lenguaje M\u00e9dico\/a Equipo Orientaci\u00f3n Educativa Orientador\/a Equipo de Orientaci\u00f3n Educativa &nbsp; PERSONAL DE ADMINISTRACI\u00d3N Y SERVICIOS Monitora Escolar 18001822.edu@juntadeandalucia.es PROFESORADO Tutora Ed. Infantil 3 a\u00f1os Tutora Ed. Infantil 4 a\u00f1os Tutora Ed. [&hellip;]<\/p>\n","protected":false},"author":13997,"featured_media":0,"parent":0,"menu_order":0,"comment_status":"closed","ping_status":"closed","template":"","meta":{"_et_pb_use_builder":"on","_et_pb_old_content":"","_et_gb_content_width":"","ngg_post_thumbnail":0,"footnotes":""},"aioseo_notices":[],"_links":{"self":[{"href":"https:\/\/blogsaverroes.juntadeandalucia.es\/ceiphurtadodemendoza\/wp-json\/wp\/v2\/pages\/717"}],"collection":[{"href":"https:\/\/blogsaverroes.juntadeandalucia.es\/ceiphurtadodemendoza\/wp-json\/wp\/v2\/pages"}],"about":[{"href":"https:\/\/blogsaverroes.juntadeandalucia.es\/ceiphurtadodemendoza\/wp-json\/wp\/v2\/types\/page"}],"author":[{"embeddable":true,"href":"https:\/\/blogsaverroes.juntadeandalucia.es\/ceiphurtadodemendoza\/wp-json\/wp\/v2\/users\/13997"}],"replies":[{"embeddable":true,"href":"https:\/\/blogsaverroes.juntadeandalucia.es\/ceiphurtadodemendoza\/wp-json\/wp\/v2\/comments?post=717"}],"version-history":[{"count":15,"href":"https:\/\/blogsaverroes.juntadeandalucia.es\/ceiphurtadodemendoza\/wp-json\/wp\/v2\/pages\/717\/revisions"}],"predecessor-version":[{"id":832,"href":"https:\/\/blogsaverroes.juntadeandalucia.es\/ceiphurtadodemendoza\/wp-json\/wp\/v2\/pages\/717\/revisions\/832"}],"wp:attachment":[{"href":"https:\/\/blogsaverroes.juntadeandalucia.es\/ceiphurtadodemendoza\/wp-json\/wp\/v2\/media?parent=717"}],"curies":[{"name":"wp","href":"https:\/\/api.w.org\/{rel}","templated":true}]}}